{"id":1334,"date":"2019-12-09T19:38:35","date_gmt":"2019-12-09T18:38:35","guid":{"rendered":"http:\/\/www.3tech-dental.fr\/?page_id=1334"},"modified":"2022-04-19T09:59:11","modified_gmt":"2022-04-19T07:59:11","slug":"por-que-elegirnos","status":"publish","type":"page","link":"https:\/\/www.3tech-dental.com\/es\/por-que-elegirnos\/","title":{"rendered":"\u00bfPor qu\u00e9 elegirnos?"},"content":{"rendered":"<div id=\"nous-choisir\">\n<div id=\"banner\">\n<h1><span class=\"span\">TIENES<br>\n<strong><em>3 RAZONES<\/em><\/strong> PARA<br>\nESCOGER<\/span><br><span class=\"orange\"><strong><em>3TECH&nbsp;<\/em><\/strong><\/span><\/h1>\n<\/div>\n<\/div>\n<div id=\"accordion-1\" class=\"accordion no-js\"><br>\n\t\t\t\t\t<h3 role=\"button\" id=\"performance\" class=\"accordion-title js-accordion-controller\" aria-controls=\"content-performance\" aria-expanded=\"false\" tabindex=\"0\" data-initialstate=\"closed\">\n\t\t\t\t<img decoding=\"async\" class=\"size-full wp-image-59 alignright\" src=\"https:\/\/www.3tech-dental.com\/wp-content\/uploads\/2017\/08\/performance@2x.png\" alt=\"\" width=\"93\" srcset=\"https:\/\/www.3tech-dental.com\/wp-content\/uploads\/2017\/08\/performance@2x.png 186w, https:\/\/www.3tech-dental.com\/wp-content\/uploads\/2017\/08\/performance@2x-100x100.png 100w, https:\/\/www.3tech-dental.com\/wp-content\/uploads\/2017\/08\/performance@2x-150x150.png 150w\" sizes=\"(max-width: 186px) 100vw, 186px\" \/><img loading=\"lazy\" decoding=\"async\" class=\"alignnone size-medium wp-image-95\" src=\"https:\/\/www.3tech-dental.com\/wp-content\/uploads\/2017\/08\/1@2x.png\" alt=\"\" width=\"52\" height=\"111\"> GRAN RENDIMIENTO SIN COMPLICACIONES\t\t\t<\/h3>\n\t\t\n\t\t<div id=\"content-performance\" class=\"accordion-content\" aria-hidden=\"true\">\n\t\t\t<br>En el caso de los productos 3TECH, hemos ido al grano:<br><span class=\"span-rouge\">eficacia probada, sin suplementos innecesarios.<\/span><\/p>\n<ul>\n<li>Productos probados por profesionales experimentados.<\/li>\n<li>Cumple con los requisitos de calidad y seguridad del Reglamento UE 2017\/745.<\/li>\n<li>Equ\u00edpese en cantidad y trabaje de acuerdo a los est\u00e1ndares as\u00e9pticos sin arruinarse.<\/li>\n<li>Disfrute de la <strong>mejor relaci\u00f3n calidad\/precio<\/strong> del momento.<\/li>\n<\/ul>\n<p><span class=\"span-orange\">Llegue al meollo de la cuesti\u00f3n con 3TECH, \u00a1seguro que se beneficia!<\/span><\/p>\n<p>\t\t<\/div>\n\n\t\t<\/p>\n<p>\n\t\t\t\t\t<h3 role=\"button\" id=\"sav\" class=\"accordion-title js-accordion-controller\" aria-controls=\"content-sav\" aria-expanded=\"false\" tabindex=\"0\" data-initialstate=\"closed\">\n\t\t\t\t<img loading=\"lazy\" decoding=\"async\" class=\"size-full wp-image-60 alignright\" src=\"https:\/\/www.3tech-dental.com\/wp-content\/uploads\/2017\/08\/sav@2x.png\" alt=\"\" width=\"93\" height=\"93\" srcset=\"https:\/\/www.3tech-dental.com\/wp-content\/uploads\/2017\/08\/sav@2x.png 186w, https:\/\/www.3tech-dental.com\/wp-content\/uploads\/2017\/08\/sav@2x-100x100.png 100w, https:\/\/www.3tech-dental.com\/wp-content\/uploads\/2017\/08\/sav@2x-150x150.png 150w\" sizes=\"(max-width: 93px) 100vw, 93px\" \/><img loading=\"lazy\" decoding=\"async\" class=\"alignnone size-medium wp-image-94\" src=\"https:\/\/www.3tech-dental.com\/wp-content\/uploads\/2017\/08\/2@2x.png\" alt=\"\" width=\"52\" height=\"111\"> ACABA CON LAS PREOCUPACIONES DEL SERVICIO POST-VENTA\t\t\t<\/h3>\n\t\t\n\t\t<div id=\"content-sav\" class=\"accordion-content\" aria-hidden=\"true\">\n\t\t\t<\/p>\n<p>Los productos de la marca 3TECH tienen una garant\u00eda de 12 meses.<br>Adem\u00e1s, <span class=\"span-rouge\">nuestros precios ultra ajustados<\/span> le permiten, si es necesario,<br>\n<span class=\"span-rouge\">reemplazar su equipo con uno nuevo<\/span>.<\/p>\n<div class=\"box-droite\">\n<div class=\"orange-box\"><span class=\"titre-rouge\">GARANT\u00cdA<br>12 MESES<\/span><br><span class=\"stitre-rouge\">en todos nuestros productos<\/span><br>3TECH reparar\u00e1 o reemplazar\u00e1 su<br>equipo durante<br>1 a\u00f1o, en caso de aver\u00eda<br>o rotura*.<\/div>\n<p>* A condici\u00f3n de que se hayan utilizado siguiendo las buenas pr\u00e1cticas en materia de salud bucodental.<\/p>\n<\/div>\n<ul>\n<li><strong>No m\u00e1s p\u00e9rdidas de tiempo<\/strong> en la gesti\u00f3n del servicio postventa.<\/li>\n<li>Se acabaron las molestias debidas a la indisponibilidad de los equipos.<\/li>\n<li>Usted trabaja <strong>todo el a\u00f1o<\/strong> con equipos nuevos.<\/li>\n<\/ul>\n<p><span class=\"span-orange\">Con 3TECH, usted ahorra tiempo<br>y optimice su comodidad de trabajo<\/span><\/p>\n<p>\t\t<\/div>\n\n\t\t<\/p>\n<p>\n\t\t\t\t\t<h3 role=\"button\" id=\"promo\" class=\"accordion-title js-accordion-controller\" aria-controls=\"content-promo\" aria-expanded=\"false\" tabindex=\"0\" data-initialstate=\"closed\">\n\t\t\t\t<img loading=\"lazy\" decoding=\"async\" class=\"size-full wp-image-61 alignright\" src=\"https:\/\/www.3tech-dental.com\/wp-content\/uploads\/2017\/08\/promo@2x.png\" alt=\"\" width=\"93\" height=\"93\" srcset=\"https:\/\/www.3tech-dental.com\/wp-content\/uploads\/2017\/08\/promo@2x.png 186w, https:\/\/www.3tech-dental.com\/wp-content\/uploads\/2017\/08\/promo@2x-100x100.png 100w, https:\/\/www.3tech-dental.com\/wp-content\/uploads\/2017\/08\/promo@2x-150x150.png 150w\" sizes=\"(max-width: 93px) 100vw, 93px\" \/><img decoding=\"async\" class=\"alignnone size-full wp-image-93\" src=\"https:\/\/www.3tech-dental.com\/wp-content\/uploads\/2017\/08\/3@2x.png\" alt=\"\" width=\"52\"> NO ESPERES A LAS OFERTAS\t\t\t<\/h3>\n\t\t\n\t\t<div id=\"content-promo\" class=\"accordion-content\" aria-hidden=\"true\">\n\t\t\t<\/p>\n<div class=\"box-droite\">\n<div class=\"blue-box\">\n<div style=\"font-size: 28px;\">comprados<\/div>\n<div style=\"font-size: 32px;\">por lotes<\/div>\n<p><img decoding=\"async\" class=\"alignnone size-full wp-image-222\" style=\"margin-left: 70px; margin-bottom: 10px;\" src=\"https:\/\/www.3tech-dental.com\/wp-content\/uploads\/2017\/08\/egal@2x.png\" alt=\"\" width=\"32\"><\/p>\n<div style=\"font-size: 85px;\">a\u00fan<\/div>\n<div style=\"font-size: 85px;\">m\u00e1s<\/div>\n<div style=\"font-size: 38px;\">baratos<\/div>\n<p>&nbsp;<\/p>\n<\/div>\n<\/div>\n<p>No hay necesidad de esperar a las promociones, comparar precios, <br>hacer juegos malabares con las ofertas&#8230;.  <br><span class=\"span-rouge\">\u00a1Nuestros precios son bajos y estables durante todo el a\u00f1o!<\/span><\/p>\n<ul>\n<li>Gracias a los altos vol\u00famenes de pedidos, los precios de compra de los productos 3TECH son negociados para darle el beneficio de precios muy competitivos.<\/li>\n<li>No m\u00e1s sorpresas de la subida de los precios<\/li>\n<\/ul>\n<p><span class=\"span-orange\">Ser inteligente con 3TECH es disfrutar de la calidad al mejor precio durante todo el a\u00f1o.<\/span><br>\t\t<\/div>\n\n\t\t<\/p>\n<p><\/div>","protected":false},"excerpt":{"rendered":"<p>TIENES 3 RAZONES PARA ESCOGER3TECH&nbsp;<\/p>\n","protected":false},"author":1,"featured_media":0,"parent":0,"menu_order":13,"comment_status":"closed","ping_status":"closed","template":"","meta":{"_acf_changed":false,"footnotes":""},"class_list":["post-1334","page","type-page","status-publish","hentry"],"acf":[],"yoast_head":"<!-- This site is optimized with the Yoast SEO plugin v23.7 - https:\/\/yoast.com\/wordpress\/plugins\/seo\/ -->\n<title>\u00bfPor qu\u00e9 elegirnos? - 3TECH<\/title>\n<meta name=\"robots\" content=\"index, follow, max-snippet:-1, max-image-preview:large, max-video-preview:-1\" \/>\n<link rel=\"canonical\" href=\"https:\/\/www.3tech-dental.com\/es\/por-que-elegirnos\/\" \/>\n<meta property=\"og:locale\" content=\"es_ES\" \/>\n<meta property=\"og:type\" content=\"article\" \/>\n<meta property=\"og:title\" content=\"\u00bfPor qu\u00e9 elegirnos? - 3TECH\" \/>\n<meta property=\"og:description\" content=\"TIENES 3 RAZONES PARA ESCOGER3TECH&nbsp;\" \/>\n<meta property=\"og:url\" content=\"https:\/\/www.3tech-dental.com\/es\/por-que-elegirnos\/\" \/>\n<meta property=\"og:site_name\" content=\"3TECH\" \/>\n<meta property=\"article:modified_time\" content=\"2022-04-19T07:59:11+00:00\" \/>\n<meta property=\"og:image\" content=\"https:\/\/www.3tech-dental.com\/wp-content\/uploads\/2017\/08\/performance@2x.png\" \/>\n<meta name=\"twitter:card\" content=\"summary_large_image\" \/>\n<meta name=\"twitter:label1\" content=\"Tiempo de lectura\" \/>\n\t<meta name=\"twitter:data1\" content=\"3 minutos\" \/>\n<script type=\"application\/ld+json\" class=\"yoast-schema-graph\">{\"@context\":\"https:\/\/schema.org\",\"@graph\":[{\"@type\":\"WebPage\",\"@id\":\"https:\/\/www.3tech-dental.com\/es\/por-que-elegirnos\/\",\"url\":\"https:\/\/www.3tech-dental.com\/es\/por-que-elegirnos\/\",\"name\":\"\u00bfPor qu\u00e9 elegirnos? - 3TECH\",\"isPartOf\":{\"@id\":\"https:\/\/www.3tech-dental.com\/#website\"},\"primaryImageOfPage\":{\"@id\":\"https:\/\/www.3tech-dental.com\/es\/por-que-elegirnos\/#primaryimage\"},\"image\":{\"@id\":\"https:\/\/www.3tech-dental.com\/es\/por-que-elegirnos\/#primaryimage\"},\"thumbnailUrl\":\"https:\/\/www.3tech-dental.com\/wp-content\/uploads\/2017\/08\/performance@2x.png\",\"datePublished\":\"2019-12-09T18:38:35+00:00\",\"dateModified\":\"2022-04-19T07:59:11+00:00\",\"breadcrumb\":{\"@id\":\"https:\/\/www.3tech-dental.com\/es\/por-que-elegirnos\/#breadcrumb\"},\"inLanguage\":\"es\",\"potentialAction\":[{\"@type\":\"ReadAction\",\"target\":[\"https:\/\/www.3tech-dental.com\/es\/por-que-elegirnos\/\"]}]},{\"@type\":\"ImageObject\",\"inLanguage\":\"es\",\"@id\":\"https:\/\/www.3tech-dental.com\/es\/por-que-elegirnos\/#primaryimage\",\"url\":\"https:\/\/www.3tech-dental.com\/wp-content\/uploads\/2017\/08\/performance@2x.png\",\"contentUrl\":\"https:\/\/www.3tech-dental.com\/wp-content\/uploads\/2017\/08\/performance@2x.png\"},{\"@type\":\"BreadcrumbList\",\"@id\":\"https:\/\/www.3tech-dental.com\/es\/por-que-elegirnos\/#breadcrumb\",\"itemListElement\":[{\"@type\":\"ListItem\",\"position\":1,\"name\":\"Accueil\",\"item\":\"https:\/\/www.3tech-dental.com\/es\/\"},{\"@type\":\"ListItem\",\"position\":2,\"name\":\"\u00bfPor qu\u00e9 elegirnos?\"}]},{\"@type\":\"WebSite\",\"@id\":\"https:\/\/www.3tech-dental.com\/#website\",\"url\":\"https:\/\/www.3tech-dental.com\/\",\"name\":\"3TECH\",\"description\":\"Equipez-vous malin !\",\"publisher\":{\"@id\":\"https:\/\/www.3tech-dental.com\/#organization\"},\"potentialAction\":[{\"@type\":\"SearchAction\",\"target\":{\"@type\":\"EntryPoint\",\"urlTemplate\":\"https:\/\/www.3tech-dental.com\/?s={search_term_string}\"},\"query-input\":{\"@type\":\"PropertyValueSpecification\",\"valueRequired\":true,\"valueName\":\"search_term_string\"}}],\"inLanguage\":\"es\"},{\"@type\":\"Organization\",\"@id\":\"https:\/\/www.3tech-dental.com\/#organization\",\"name\":\"3TECH\",\"url\":\"https:\/\/www.3tech-dental.com\/\",\"logo\":{\"@type\":\"ImageObject\",\"inLanguage\":\"es\",\"@id\":\"https:\/\/www.3tech-dental.com\/#\/schema\/logo\/image\/\",\"url\":\"https:\/\/www.3tech-dental.com\/wp-content\/uploads\/2017\/11\/logo@2x.png\",\"contentUrl\":\"https:\/\/www.3tech-dental.com\/wp-content\/uploads\/2017\/11\/logo@2x.png\",\"width\":736,\"height\":193,\"caption\":\"3TECH\"},\"image\":{\"@id\":\"https:\/\/www.3tech-dental.com\/#\/schema\/logo\/image\/\"}}]}<\/script>\n<!-- \/ Yoast SEO plugin. -->","yoast_head_json":{"title":"\u00bfPor qu\u00e9 elegirnos? - 3TECH","robots":{"index":"index","follow":"follow","max-snippet":"max-snippet:-1","max-image-preview":"max-image-preview:large","max-video-preview":"max-video-preview:-1"},"canonical":"https:\/\/www.3tech-dental.com\/es\/por-que-elegirnos\/","og_locale":"es_ES","og_type":"article","og_title":"\u00bfPor qu\u00e9 elegirnos? - 3TECH","og_description":"TIENES 3 RAZONES PARA ESCOGER3TECH&nbsp;","og_url":"https:\/\/www.3tech-dental.com\/es\/por-que-elegirnos\/","og_site_name":"3TECH","article_modified_time":"2022-04-19T07:59:11+00:00","og_image":[{"url":"https:\/\/www.3tech-dental.com\/wp-content\/uploads\/2017\/08\/performance@2x.png"}],"twitter_card":"summary_large_image","twitter_misc":{"Tiempo de lectura":"3 minutos"},"schema":{"@context":"https:\/\/schema.org","@graph":[{"@type":"WebPage","@id":"https:\/\/www.3tech-dental.com\/es\/por-que-elegirnos\/","url":"https:\/\/www.3tech-dental.com\/es\/por-que-elegirnos\/","name":"\u00bfPor qu\u00e9 elegirnos? - 3TECH","isPartOf":{"@id":"https:\/\/www.3tech-dental.com\/#website"},"primaryImageOfPage":{"@id":"https:\/\/www.3tech-dental.com\/es\/por-que-elegirnos\/#primaryimage"},"image":{"@id":"https:\/\/www.3tech-dental.com\/es\/por-que-elegirnos\/#primaryimage"},"thumbnailUrl":"https:\/\/www.3tech-dental.com\/wp-content\/uploads\/2017\/08\/performance@2x.png","datePublished":"2019-12-09T18:38:35+00:00","dateModified":"2022-04-19T07:59:11+00:00","breadcrumb":{"@id":"https:\/\/www.3tech-dental.com\/es\/por-que-elegirnos\/#breadcrumb"},"inLanguage":"es","potentialAction":[{"@type":"ReadAction","target":["https:\/\/www.3tech-dental.com\/es\/por-que-elegirnos\/"]}]},{"@type":"ImageObject","inLanguage":"es","@id":"https:\/\/www.3tech-dental.com\/es\/por-que-elegirnos\/#primaryimage","url":"https:\/\/www.3tech-dental.com\/wp-content\/uploads\/2017\/08\/performance@2x.png","contentUrl":"https:\/\/www.3tech-dental.com\/wp-content\/uploads\/2017\/08\/performance@2x.png"},{"@type":"BreadcrumbList","@id":"https:\/\/www.3tech-dental.com\/es\/por-que-elegirnos\/#breadcrumb","itemListElement":[{"@type":"ListItem","position":1,"name":"Accueil","item":"https:\/\/www.3tech-dental.com\/es\/"},{"@type":"ListItem","position":2,"name":"\u00bfPor qu\u00e9 elegirnos?"}]},{"@type":"WebSite","@id":"https:\/\/www.3tech-dental.com\/#website","url":"https:\/\/www.3tech-dental.com\/","name":"3TECH","description":"Equipez-vous malin !","publisher":{"@id":"https:\/\/www.3tech-dental.com\/#organization"},"potentialAction":[{"@type":"SearchAction","target":{"@type":"EntryPoint","urlTemplate":"https:\/\/www.3tech-dental.com\/?s={search_term_string}"},"query-input":{"@type":"PropertyValueSpecification","valueRequired":true,"valueName":"search_term_string"}}],"inLanguage":"es"},{"@type":"Organization","@id":"https:\/\/www.3tech-dental.com\/#organization","name":"3TECH","url":"https:\/\/www.3tech-dental.com\/","logo":{"@type":"ImageObject","inLanguage":"es","@id":"https:\/\/www.3tech-dental.com\/#\/schema\/logo\/image\/","url":"https:\/\/www.3tech-dental.com\/wp-content\/uploads\/2017\/11\/logo@2x.png","contentUrl":"https:\/\/www.3tech-dental.com\/wp-content\/uploads\/2017\/11\/logo@2x.png","width":736,"height":193,"caption":"3TECH"},"image":{"@id":"https:\/\/www.3tech-dental.com\/#\/schema\/logo\/image\/"}}]}},"_links":{"self":[{"href":"https:\/\/www.3tech-dental.com\/es\/wp-json\/wp\/v2\/pages\/1334"}],"collection":[{"href":"https:\/\/www.3tech-dental.com\/es\/wp-json\/wp\/v2\/pages"}],"about":[{"href":"https:\/\/www.3tech-dental.com\/es\/wp-json\/wp\/v2\/types\/page"}],"author":[{"embeddable":true,"href":"https:\/\/www.3tech-dental.com\/es\/wp-json\/wp\/v2\/users\/1"}],"replies":[{"embeddable":true,"href":"https:\/\/www.3tech-dental.com\/es\/wp-json\/wp\/v2\/comments?post=1334"}],"version-history":[{"count":16,"href":"https:\/\/www.3tech-dental.com\/es\/wp-json\/wp\/v2\/pages\/1334\/revisions"}],"predecessor-version":[{"id":4503,"href":"https:\/\/www.3tech-dental.com\/es\/wp-json\/wp\/v2\/pages\/1334\/revisions\/4503"}],"wp:attachment":[{"href":"https:\/\/www.3tech-dental.com\/es\/wp-json\/wp\/v2\/media?parent=1334"}],"curies":[{"name":"wp","href":"https:\/\/api.w.org\/{rel}","templated":true}]}}