{"id":1338,"date":"2019-12-09T19:41:59","date_gmt":"2019-12-09T18:41:59","guid":{"rendered":"http:\/\/www.3tech-dental.fr\/?page_id=1338"},"modified":"2020-07-24T18:49:25","modified_gmt":"2020-07-24T16:49:25","slug":"preguntas-y-respuestas","status":"publish","type":"page","link":"https:\/\/www.3tech-dental.com\/es\/preguntas-y-respuestas\/","title":{"rendered":"Preguntas y respuestas"},"content":{"rendered":"<h2>Preguntas y respuestas<\/h2>\n<div class=\"row\">\n<div class=\"w-12\">\n<div class=\"hrf-faq-list\"><article class=\"hrf-entry\" id=\"hrf-entry-1360\">\n                      <h3 class=\"hrf-title close-faq\" data-content-id=\"hrf-content-1360\"><span><\/span>\u00bfLas entregas 3Tech llegan r\u00e1pido una vez hecho el pedido?<\/h3>\n                     <div class=\"hrf-content\" id=\"hrf-content-1360\"><p>Los productos 3TECH est\u00e1n disponibles seg\u00fan las condiciones de entrega de nuestros distribuidores exclusivos.<\/p>\n<\/div>\n                  <\/article><article class=\"hrf-entry\" id=\"hrf-entry-1363\">\n                      <h3 class=\"hrf-title close-faq\" data-content-id=\"hrf-content-1363\"><span><\/span>\u00bfSe va a ampliar la gama 3TECH?<\/h3>\n                     <div class=\"hrf-content\" id=\"hrf-content-1363\"><p>Los productos de la gama 3TECH se desarrollar\u00e1n progresivamente para ofrecerle los mejores productos disponibles en peque\u00f1o equipamiento, siempre con la mejor relaci\u00f3n calidad\/precio.<\/p>\n<\/div>\n                  <\/article><article class=\"hrf-entry\" id=\"hrf-entry-1364\">\n                      <h3 class=\"hrf-title close-faq\" data-content-id=\"hrf-content-1364\"><span><\/span>Ahora que los precios de las grandes marcas ofrecen promociones interesantes de su peque\u00f1o equipamiento, \u00bfpor qu\u00e9 elegir los productos 3TECH?<\/h3>\n                     <div class=\"hrf-content\" id=\"hrf-content-1364\"><p>Porque los productos 3TECH siempre estar\u00e1n disponibles, en cualquier periodo del a\u00f1o, con la misma exigencia de calidad y eficacia de sus productos.<\/p>\n<\/div>\n                  <\/article><article class=\"hrf-entry\" id=\"hrf-entry-1365\">\n                      <h3 class=\"hrf-title close-faq\" data-content-id=\"hrf-content-1365\"><span><\/span>\u00bfA qui\u00e9nes est\u00e1n destinados los productos 3TECH?<\/h3>\n                     <div class=\"hrf-content\" id=\"hrf-content-1365\"><p>Los productos 3TECH est\u00e1n destinados a todos los profesionales de la salud dental sin excepciones.<\/p>\n<\/div>\n                  <\/article><article class=\"hrf-entry\" id=\"hrf-entry-1366\">\n                      <h3 class=\"hrf-title close-faq\" data-content-id=\"hrf-content-1366\"><span><\/span>\u00bfA qu\u00e9 tipo de actividad est\u00e1 orientada esta gama? \u00bfSe dirige a una modalidad de ejercicio en particular?<\/h3>\n                     <div class=\"hrf-content\" id=\"hrf-content-1366\"><p>La gama est\u00e1 orientada a todos los tipos de actividad: omnipr\u00e1ctica, pr\u00f3tesis, endodoncia, ortodoncia, cirug\u00eda&#8230; para un ejercicio eficaz y rentable.<\/p>\n<\/div>\n                  <\/article><article class=\"hrf-entry\" id=\"hrf-entry-1367\">\n                      <h3 class=\"hrf-title close-faq\" data-content-id=\"hrf-content-1367\"><span><\/span>\u00bfC\u00f3mo se pide un producto 3TECH?<\/h3>\n                     <div class=\"hrf-content\" id=\"hrf-content-1367\"><p>Para pedir un producto 3TECH simplemente hay que hacer clic en uno de los logotipos de nuestros distribuidores exclusivos, en la parte inferior derecha de cada p\u00e1gina de producto.<\/p>\n<\/div>\n                  <\/article><article class=\"hrf-entry\" id=\"hrf-entry-1368\">\n                      <h3 class=\"hrf-title close-faq\" data-content-id=\"hrf-content-1368\"><span><\/span>\u00bfC\u00f3mo se seleccionan los productos 3TECH?<\/h3>\n                     <div class=\"hrf-content\" id=\"hrf-content-1368\"><p>Los productos 3TECH se seleccionan entre distintos productos procedentes de diversas f\u00e1bricas del mundo, tras realizar tests comparativos, y teniendo en cuenta la mejor relaci\u00f3n calidad\/precio.<\/p>\n<\/div>\n                  <\/article><\/div>\n<p>&nbsp;<\/p>\n<h3>SERVICIO POST-VENTA<\/h3>\n<div class=\"hrf-faq-list\"><article class=\"hrf-entry\" id=\"hrf-entry-1371\">\n                      <h3 class=\"hrf-title close-faq\" data-content-id=\"hrf-content-1371\"><span><\/span>\u00bfLa gama de productos 3TECH cuenta con un servicio posventa?<\/h3>\n                     <div class=\"hrf-content\" id=\"hrf-content-1371\"><p>Los productos 3TECH tienen una garant\u00eda de 12 meses.<\/p>\n<\/div>\n                  <\/article><article class=\"hrf-entry\" id=\"hrf-entry-1372\">\n                      <h3 class=\"hrf-title close-faq\" data-content-id=\"hrf-content-1372\"><span><\/span>\u00bfPor qu\u00e9 no supera los 12 meses la garant\u00eda?<\/h3>\n                     <div class=\"hrf-content\" id=\"hrf-content-1372\"><p>Una garant\u00eda de 12 meses es muy habitual. Una vez transcurrido este tiempo, nuestros precios superajustados le permiten sustituir su material por otro material nuevo, si es necesario.<\/p>\n<\/div>\n                  <\/article><article class=\"hrf-entry\" id=\"hrf-entry-1373\">\n                      <h3 class=\"hrf-title close-faq\" data-content-id=\"hrf-content-1373\"><span><\/span>Durante el periodo de posventa, \u00bflos productos estropeados son reparados o sustituidos?<\/h3>\n                     <div class=\"hrf-content\" id=\"hrf-content-1373\"><p>Si se trata de un problema leve, los productos se pueden reparar, seg\u00fan la pol\u00edtica de nuestros distribuidores exclusivos. A condici\u00f3n de que se hayan utilizado siguiendo las buenas pr\u00e1cticas en materia de salud bucodental.<\/p>\n<\/div>\n                  <\/article><\/div>\n<p>&nbsp;<\/p>\n<h3>MANTENIMIENTO INSTRUMENTOS ROTATORIOS<\/h3>\n<div class=\"hrf-faq-list\"><article class=\"hrf-entry\" id=\"hrf-entry-2275\">\n                      <h3 class=\"hrf-title close-faq\" data-content-id=\"hrf-content-2275\"><span><\/span>\u00bfComo hacer el mantenimiento de sus instrumentos rotatorios?<\/h3>\n                     <div class=\"hrf-content\" id=\"hrf-content-2275\"><p><img loading=\"lazy\" decoding=\"async\" class=\"alignnone size-full wp-image-2249\" src=\"https:\/\/www.3tech-dental.com\/wp-content\/uploads\/2020\/07\/Capture-d\u2019\u00e9cran-2020-07-24-\u00e0-11.48.20.png\" alt=\"\" width=\"1672\" height=\"1020\" srcset=\"https:\/\/www.3tech-dental.com\/wp-content\/uploads\/2020\/07\/Capture-d\u2019\u00e9cran-2020-07-24-\u00e0-11.48.20.png 1672w, https:\/\/www.3tech-dental.com\/wp-content\/uploads\/2020\/07\/Capture-d\u2019\u00e9cran-2020-07-24-\u00e0-11.48.20-600x366.png 600w, https:\/\/www.3tech-dental.com\/wp-content\/uploads\/2020\/07\/Capture-d\u2019\u00e9cran-2020-07-24-\u00e0-11.48.20-300x183.png 300w, https:\/\/www.3tech-dental.com\/wp-content\/uploads\/2020\/07\/Capture-d\u2019\u00e9cran-2020-07-24-\u00e0-11.48.20-1024x625.png 1024w, https:\/\/www.3tech-dental.com\/wp-content\/uploads\/2020\/07\/Capture-d\u2019\u00e9cran-2020-07-24-\u00e0-11.48.20-768x469.png 768w, https:\/\/www.3tech-dental.com\/wp-content\/uploads\/2020\/07\/Capture-d\u2019\u00e9cran-2020-07-24-\u00e0-11.48.20-1536x937.png 1536w\" sizes=\"(max-width: 1672px) 100vw, 1672px\" \/><\/p>\n<\/div>\n                  <\/article><\/div>\n<p>&nbsp;<\/p>\n<h3>TURBINA<\/h3>\n<div class=\"hrf-faq-list\"><article class=\"hrf-entry\" id=\"hrf-entry-1374\">\n                      <h3 class=\"hrf-title close-faq\" data-content-id=\"hrf-content-1374\"><span><\/span>\u00bfLa turbina de un solo uso se puede esterilizar?<\/h3>\n                     <div class=\"hrf-content\" id=\"hrf-content-1374\"><p>No, la turbina de un solo uso es est\u00e9ril y una vez abierto el bl\u00edster, no se puede volver a esterilizar. Tiene una duraci\u00f3n de uso de 4 horas.<\/p>\n<\/div>\n                  <\/article><article class=\"hrf-entry\" id=\"hrf-entry-1375\">\n                      <h3 class=\"hrf-title close-faq\" data-content-id=\"hrf-content-1375\"><span><\/span>\u00bfA qu\u00e9 acoplamiento se adapta su turbina?<\/h3>\n                     <div class=\"hrf-content\" id=\"hrf-content-1375\"><p>La turbina de uso \u00fanico se adapta al acoplamiento Midwest 4 v\u00edas.<\/p>\n<p>La\u00a0turbina TR-720L se adapta a todos los acoplamientos r\u00e1pidos Multiflex Kavo<\/p>\n<\/div>\n                  <\/article><article class=\"hrf-entry\" id=\"hrf-entry-1376\">\n                      <h3 class=\"hrf-title close-faq\" data-content-id=\"hrf-content-1376\"><span><\/span>\u00bfSe puede comprar la turbina sin el acoplamiento?<\/h3>\n                     <div class=\"hrf-content\" id=\"hrf-content-1376\"><p>Puede comprar las turbinas sin el acoplamiento<\/p>\n<\/div>\n                  <\/article><\/div>\n<p>&nbsp;<\/p>\n<h3>L\u00c1MPARA<\/h3>\n<div class=\"hrf-faq-list\"><article class=\"hrf-entry\" id=\"hrf-entry-1377\">\n                      <h3 class=\"hrf-title close-faq\" data-content-id=\"hrf-content-1377\"><span><\/span>\u00bfSe puede comprar una fibra \u00f3ptica?<\/h3>\n                     <div class=\"hrf-content\" id=\"hrf-content-1377\"><p>La fibra \u00f3ptica est\u00e1 disponible como accesorio.<\/p>\n<\/div>\n                  <\/article><\/div>\n<p>&nbsp;<\/p>\n<h3>CORTADOR DE GUTTAPERCHA<\/h3>\n<div class=\"hrf-faq-list\"><article class=\"hrf-entry\" id=\"hrf-entry-1378\">\n                      <h3 class=\"hrf-title close-faq\" data-content-id=\"hrf-content-1378\"><span><\/span>\u00bfPuedo cambiar la bater\u00eda yo mismo?<\/h3>\n                     <div class=\"hrf-content\" id=\"hrf-content-1378\"><p>Tal como indican las instrucciones, puede cambiar la bater\u00eda de su l\u00e1mpara f\u00e1cilmente, solo tiene que separar en dos el cuerpo de la l\u00e1mpara desenrosc\u00e1ndola para introducir en ella la nueva bater\u00eda.<\/p>\n<\/div>\n                  <\/article><article class=\"hrf-entry\" id=\"hrf-entry-1379\">\n                      <h3 class=\"hrf-title close-faq\" data-content-id=\"hrf-content-1379\"><span><\/span>\u00bfEl Gutta-Cutter es recargable o funciona con pilas?<\/h3>\n                     <div class=\"hrf-content\" id=\"hrf-content-1379\"><p>Este producto contiene una bater\u00eda interna, y puede recargarse enchuf\u00e1ndolo a la red el\u00e9ctrica.<\/p>\n<\/div>\n                  <\/article><\/div>\n<p>&nbsp;<\/p>\n<\/div>\n<\/div>\n","protected":false},"excerpt":{"rendered":"<p>Preguntas y respuestas &nbsp; SERVICIO POST-VENTA &nbsp; MANTENIMIENTO INSTRUMENTOS ROTATORIOS &nbsp; TURBINA &nbsp; L\u00c1MPARA &nbsp; CORTADOR DE GUTTAPERCHA &nbsp;<\/p>\n","protected":false},"author":1,"featured_media":0,"parent":0,"menu_order":30,"comment_status":"closed","ping_status":"closed","template":"","meta":{"_acf_changed":false,"footnotes":""},"class_list":["post-1338","page","type-page","status-publish","hentry"],"acf":[],"yoast_head":"<!-- This site is optimized with the Yoast SEO plugin v23.7 - https:\/\/yoast.com\/wordpress\/plugins\/seo\/ -->\n<title>Preguntas y respuestas - 3TECH<\/title>\n<meta name=\"robots\" content=\"index, follow, max-snippet:-1, max-image-preview:large, max-video-preview:-1\" \/>\n<link rel=\"canonical\" href=\"https:\/\/www.3tech-dental.com\/es\/preguntas-y-respuestas\/\" \/>\n<meta property=\"og:locale\" content=\"es_ES\" \/>\n<meta property=\"og:type\" content=\"article\" \/>\n<meta property=\"og:title\" content=\"Preguntas y respuestas - 3TECH\" \/>\n<meta property=\"og:description\" content=\"Preguntas y respuestas &nbsp; SERVICIO POST-VENTA &nbsp; MANTENIMIENTO INSTRUMENTOS ROTATORIOS &nbsp; TURBINA &nbsp; L\u00c1MPARA &nbsp; CORTADOR DE GUTTAPERCHA &nbsp;\" \/>\n<meta property=\"og:url\" content=\"https:\/\/www.3tech-dental.com\/es\/preguntas-y-respuestas\/\" \/>\n<meta property=\"og:site_name\" content=\"3TECH\" \/>\n<meta property=\"article:modified_time\" content=\"2020-07-24T16:49:25+00:00\" \/>\n<meta name=\"twitter:card\" content=\"summary_large_image\" \/>\n<script type=\"application\/ld+json\" class=\"yoast-schema-graph\">{\"@context\":\"https:\/\/schema.org\",\"@graph\":[{\"@type\":\"WebPage\",\"@id\":\"https:\/\/www.3tech-dental.com\/es\/preguntas-y-respuestas\/\",\"url\":\"https:\/\/www.3tech-dental.com\/es\/preguntas-y-respuestas\/\",\"name\":\"Preguntas y respuestas - 3TECH\",\"isPartOf\":{\"@id\":\"https:\/\/www.3tech-dental.com\/#website\"},\"datePublished\":\"2019-12-09T18:41:59+00:00\",\"dateModified\":\"2020-07-24T16:49:25+00:00\",\"breadcrumb\":{\"@id\":\"https:\/\/www.3tech-dental.com\/es\/preguntas-y-respuestas\/#breadcrumb\"},\"inLanguage\":\"es\",\"potentialAction\":[{\"@type\":\"ReadAction\",\"target\":[\"https:\/\/www.3tech-dental.com\/es\/preguntas-y-respuestas\/\"]}]},{\"@type\":\"BreadcrumbList\",\"@id\":\"https:\/\/www.3tech-dental.com\/es\/preguntas-y-respuestas\/#breadcrumb\",\"itemListElement\":[{\"@type\":\"ListItem\",\"position\":1,\"name\":\"Accueil\",\"item\":\"https:\/\/www.3tech-dental.com\/es\/\"},{\"@type\":\"ListItem\",\"position\":2,\"name\":\"Preguntas y respuestas\"}]},{\"@type\":\"WebSite\",\"@id\":\"https:\/\/www.3tech-dental.com\/#website\",\"url\":\"https:\/\/www.3tech-dental.com\/\",\"name\":\"3TECH\",\"description\":\"Equipez-vous malin !\",\"publisher\":{\"@id\":\"https:\/\/www.3tech-dental.com\/#organization\"},\"potentialAction\":[{\"@type\":\"SearchAction\",\"target\":{\"@type\":\"EntryPoint\",\"urlTemplate\":\"https:\/\/www.3tech-dental.com\/?s={search_term_string}\"},\"query-input\":{\"@type\":\"PropertyValueSpecification\",\"valueRequired\":true,\"valueName\":\"search_term_string\"}}],\"inLanguage\":\"es\"},{\"@type\":\"Organization\",\"@id\":\"https:\/\/www.3tech-dental.com\/#organization\",\"name\":\"3TECH\",\"url\":\"https:\/\/www.3tech-dental.com\/\",\"logo\":{\"@type\":\"ImageObject\",\"inLanguage\":\"es\",\"@id\":\"https:\/\/www.3tech-dental.com\/#\/schema\/logo\/image\/\",\"url\":\"https:\/\/www.3tech-dental.com\/wp-content\/uploads\/2017\/11\/logo@2x.png\",\"contentUrl\":\"https:\/\/www.3tech-dental.com\/wp-content\/uploads\/2017\/11\/logo@2x.png\",\"width\":736,\"height\":193,\"caption\":\"3TECH\"},\"image\":{\"@id\":\"https:\/\/www.3tech-dental.com\/#\/schema\/logo\/image\/\"}}]}<\/script>\n<!-- \/ Yoast SEO plugin. -->","yoast_head_json":{"title":"Preguntas y respuestas - 3TECH","robots":{"index":"index","follow":"follow","max-snippet":"max-snippet:-1","max-image-preview":"max-image-preview:large","max-video-preview":"max-video-preview:-1"},"canonical":"https:\/\/www.3tech-dental.com\/es\/preguntas-y-respuestas\/","og_locale":"es_ES","og_type":"article","og_title":"Preguntas y respuestas - 3TECH","og_description":"Preguntas y respuestas &nbsp; SERVICIO POST-VENTA &nbsp; MANTENIMIENTO INSTRUMENTOS ROTATORIOS &nbsp; TURBINA &nbsp; L\u00c1MPARA &nbsp; CORTADOR DE GUTTAPERCHA &nbsp;","og_url":"https:\/\/www.3tech-dental.com\/es\/preguntas-y-respuestas\/","og_site_name":"3TECH","article_modified_time":"2020-07-24T16:49:25+00:00","twitter_card":"summary_large_image","schema":{"@context":"https:\/\/schema.org","@graph":[{"@type":"WebPage","@id":"https:\/\/www.3tech-dental.com\/es\/preguntas-y-respuestas\/","url":"https:\/\/www.3tech-dental.com\/es\/preguntas-y-respuestas\/","name":"Preguntas y respuestas - 3TECH","isPartOf":{"@id":"https:\/\/www.3tech-dental.com\/#website"},"datePublished":"2019-12-09T18:41:59+00:00","dateModified":"2020-07-24T16:49:25+00:00","breadcrumb":{"@id":"https:\/\/www.3tech-dental.com\/es\/preguntas-y-respuestas\/#breadcrumb"},"inLanguage":"es","potentialAction":[{"@type":"ReadAction","target":["https:\/\/www.3tech-dental.com\/es\/preguntas-y-respuestas\/"]}]},{"@type":"BreadcrumbList","@id":"https:\/\/www.3tech-dental.com\/es\/preguntas-y-respuestas\/#breadcrumb","itemListElement":[{"@type":"ListItem","position":1,"name":"Accueil","item":"https:\/\/www.3tech-dental.com\/es\/"},{"@type":"ListItem","position":2,"name":"Preguntas y respuestas"}]},{"@type":"WebSite","@id":"https:\/\/www.3tech-dental.com\/#website","url":"https:\/\/www.3tech-dental.com\/","name":"3TECH","description":"Equipez-vous malin !","publisher":{"@id":"https:\/\/www.3tech-dental.com\/#organization"},"potentialAction":[{"@type":"SearchAction","target":{"@type":"EntryPoint","urlTemplate":"https:\/\/www.3tech-dental.com\/?s={search_term_string}"},"query-input":{"@type":"PropertyValueSpecification","valueRequired":true,"valueName":"search_term_string"}}],"inLanguage":"es"},{"@type":"Organization","@id":"https:\/\/www.3tech-dental.com\/#organization","name":"3TECH","url":"https:\/\/www.3tech-dental.com\/","logo":{"@type":"ImageObject","inLanguage":"es","@id":"https:\/\/www.3tech-dental.com\/#\/schema\/logo\/image\/","url":"https:\/\/www.3tech-dental.com\/wp-content\/uploads\/2017\/11\/logo@2x.png","contentUrl":"https:\/\/www.3tech-dental.com\/wp-content\/uploads\/2017\/11\/logo@2x.png","width":736,"height":193,"caption":"3TECH"},"image":{"@id":"https:\/\/www.3tech-dental.com\/#\/schema\/logo\/image\/"}}]}},"_links":{"self":[{"href":"https:\/\/www.3tech-dental.com\/es\/wp-json\/wp\/v2\/pages\/1338"}],"collection":[{"href":"https:\/\/www.3tech-dental.com\/es\/wp-json\/wp\/v2\/pages"}],"about":[{"href":"https:\/\/www.3tech-dental.com\/es\/wp-json\/wp\/v2\/types\/page"}],"author":[{"embeddable":true,"href":"https:\/\/www.3tech-dental.com\/es\/wp-json\/wp\/v2\/users\/1"}],"replies":[{"embeddable":true,"href":"https:\/\/www.3tech-dental.com\/es\/wp-json\/wp\/v2\/comments?post=1338"}],"version-history":[{"count":4,"href":"https:\/\/www.3tech-dental.com\/es\/wp-json\/wp\/v2\/pages\/1338\/revisions"}],"predecessor-version":[{"id":2269,"href":"https:\/\/www.3tech-dental.com\/es\/wp-json\/wp\/v2\/pages\/1338\/revisions\/2269"}],"wp:attachment":[{"href":"https:\/\/www.3tech-dental.com\/es\/wp-json\/wp\/v2\/media?parent=1338"}],"curies":[{"name":"wp","href":"https:\/\/api.w.org\/{rel}","templated":true}]}}