{"id":1347,"date":"2019-12-09T19:44:36","date_gmt":"2019-12-09T18:44:36","guid":{"rendered":"http:\/\/www.3tech-dental.fr\/?page_id=1347"},"modified":"2020-07-30T10:25:22","modified_gmt":"2020-07-30T08:25:22","slug":"politica-de-confidencialidad","status":"publish","type":"page","link":"https:\/\/www.3tech-dental.com\/es\/politica-de-confidencialidad\/","title":{"rendered":"Pol\u00edtica de confidencialidad"},"content":{"rendered":"<h2 class=\"wp-block-heading\">Pol\u00edtica de confidencialidad<\/h2><h3 class=\"wp-block-heading\">\u00bfQui\u00e9nes somos?&nbsp;<\/h3><p>La direcci\u00f3n de nuestro sitio web es: <a href=\"https:\/\/www.3tech-dental.com\/es\/\">https:\/\/www.3tech-dental.com\/es\/<\/a>.<\/p><h3 class=\"wp-block-heading\">Uso de los datos personales recogidos<\/h3><h4 class=\"wp-block-heading\">Formularios de contacto<\/h4><p>La informaci\u00f3n recogida a trav\u00e9s del formulario de contacto se utiliza \u00fanicamente para responder mejor a sus solicitudes. Esta informaci\u00f3n s\u00f3lo se transmite por correo electr\u00f3nico a la empresa y no se almacena en una base de datos.<\/p><h4 class=\"wp-block-heading\">Cookies<\/h4><p>Recopilamos informaci\u00f3n sobre las visitas para poder medir nuestra audiencia. Para ello utilizamos los servicios de Google Analytics.<\/p><p>Adem\u00e1s, para evitar que usted se declare profesional de la salud en todas nuestras p\u00e1ginas, almacenamos una cookie a tal efecto.<\/p><h3 class=\"wp-block-heading\">Informaci\u00f3n de contacto<\/h3><p>Puede ejercer su derecho de retractaci\u00f3n poni\u00e9ndose en contacto con nosotros en la siguiente direcci\u00f3n:<\/p><p>DPO<br>MEDICAL TELEMARKETING<br>25 rue Bleue 75009 PARIS<\/p><p><a href=\"mailto:dpo@3tech-dental.fr\">dpo@3tech-dental.fr<\/a><\/p>","protected":false},"excerpt":{"rendered":"<p>Pol\u00edtica de confidencialidad \u00bfQui\u00e9nes somos?&nbsp; La direcci\u00f3n de nuestro sitio web es: https:\/\/www.3tech-dental.com\/es\/. Uso de los datos personales recogidos Formularios de contacto La informaci\u00f3n recogida a trav\u00e9s del formulario de contacto se utiliza \u00fanicamente para responder mejor a sus solicitudes. Esta informaci\u00f3n s\u00f3lo se transmite por correo electr\u00f3nico a la empresa y no se almacena [&hellip;]<\/p>\n","protected":false},"author":1,"featured_media":0,"parent":0,"menu_order":50,"comment_status":"closed","ping_status":"closed","template":"","meta":{"_acf_changed":false,"footnotes":""},"class_list":["post-1347","page","type-page","status-publish","hentry"],"acf":[],"yoast_head":"<!-- This site is optimized with the Yoast SEO plugin v23.7 - https:\/\/yoast.com\/wordpress\/plugins\/seo\/ -->\n<title>Pol\u00edtica de confidencialidad - 3TECH<\/title>\n<meta name=\"robots\" content=\"index, follow, max-snippet:-1, max-image-preview:large, max-video-preview:-1\" \/>\n<link rel=\"canonical\" href=\"https:\/\/www.3tech-dental.com\/es\/politica-de-confidencialidad\/\" \/>\n<meta property=\"og:locale\" content=\"es_ES\" \/>\n<meta property=\"og:type\" content=\"article\" \/>\n<meta property=\"og:title\" content=\"Pol\u00edtica de confidencialidad - 3TECH\" \/>\n<meta property=\"og:description\" content=\"Pol\u00edtica de confidencialidad \u00bfQui\u00e9nes somos?&nbsp; La direcci\u00f3n de nuestro sitio web es: https:\/\/www.3tech-dental.com\/es\/. Uso de los datos personales recogidos Formularios de contacto La informaci\u00f3n recogida a trav\u00e9s del formulario de contacto se utiliza \u00fanicamente para responder mejor a sus solicitudes. Esta informaci\u00f3n s\u00f3lo se transmite por correo electr\u00f3nico a la empresa y no se almacena [&hellip;]\" \/>\n<meta property=\"og:url\" content=\"https:\/\/www.3tech-dental.com\/es\/politica-de-confidencialidad\/\" \/>\n<meta property=\"og:site_name\" content=\"3TECH\" \/>\n<meta property=\"article:modified_time\" content=\"2020-07-30T08:25:22+00:00\" \/>\n<meta name=\"twitter:card\" content=\"summary_large_image\" \/>\n<meta name=\"twitter:label1\" content=\"Tiempo de lectura\" \/>\n\t<meta name=\"twitter:data1\" content=\"1 minuto\" \/>\n<script type=\"application\/ld+json\" class=\"yoast-schema-graph\">{\"@context\":\"https:\/\/schema.org\",\"@graph\":[{\"@type\":\"WebPage\",\"@id\":\"https:\/\/www.3tech-dental.com\/es\/politica-de-confidencialidad\/\",\"url\":\"https:\/\/www.3tech-dental.com\/es\/politica-de-confidencialidad\/\",\"name\":\"Pol\u00edtica de confidencialidad - 3TECH\",\"isPartOf\":{\"@id\":\"https:\/\/www.3tech-dental.com\/#website\"},\"datePublished\":\"2019-12-09T18:44:36+00:00\",\"dateModified\":\"2020-07-30T08:25:22+00:00\",\"breadcrumb\":{\"@id\":\"https:\/\/www.3tech-dental.com\/es\/politica-de-confidencialidad\/#breadcrumb\"},\"inLanguage\":\"es\",\"potentialAction\":[{\"@type\":\"ReadAction\",\"target\":[\"https:\/\/www.3tech-dental.com\/es\/politica-de-confidencialidad\/\"]}]},{\"@type\":\"BreadcrumbList\",\"@id\":\"https:\/\/www.3tech-dental.com\/es\/politica-de-confidencialidad\/#breadcrumb\",\"itemListElement\":[{\"@type\":\"ListItem\",\"position\":1,\"name\":\"Accueil\",\"item\":\"https:\/\/www.3tech-dental.com\/es\/\"},{\"@type\":\"ListItem\",\"position\":2,\"name\":\"Pol\u00edtica de confidencialidad\"}]},{\"@type\":\"WebSite\",\"@id\":\"https:\/\/www.3tech-dental.com\/#website\",\"url\":\"https:\/\/www.3tech-dental.com\/\",\"name\":\"3TECH\",\"description\":\"Equipez-vous malin !\",\"publisher\":{\"@id\":\"https:\/\/www.3tech-dental.com\/#organization\"},\"potentialAction\":[{\"@type\":\"SearchAction\",\"target\":{\"@type\":\"EntryPoint\",\"urlTemplate\":\"https:\/\/www.3tech-dental.com\/?s={search_term_string}\"},\"query-input\":{\"@type\":\"PropertyValueSpecification\",\"valueRequired\":true,\"valueName\":\"search_term_string\"}}],\"inLanguage\":\"es\"},{\"@type\":\"Organization\",\"@id\":\"https:\/\/www.3tech-dental.com\/#organization\",\"name\":\"3TECH\",\"url\":\"https:\/\/www.3tech-dental.com\/\",\"logo\":{\"@type\":\"ImageObject\",\"inLanguage\":\"es\",\"@id\":\"https:\/\/www.3tech-dental.com\/#\/schema\/logo\/image\/\",\"url\":\"https:\/\/www.3tech-dental.com\/wp-content\/uploads\/2017\/11\/logo@2x.png\",\"contentUrl\":\"https:\/\/www.3tech-dental.com\/wp-content\/uploads\/2017\/11\/logo@2x.png\",\"width\":736,\"height\":193,\"caption\":\"3TECH\"},\"image\":{\"@id\":\"https:\/\/www.3tech-dental.com\/#\/schema\/logo\/image\/\"}}]}<\/script>\n<!-- \/ Yoast SEO plugin. -->","yoast_head_json":{"title":"Pol\u00edtica de confidencialidad - 3TECH","robots":{"index":"index","follow":"follow","max-snippet":"max-snippet:-1","max-image-preview":"max-image-preview:large","max-video-preview":"max-video-preview:-1"},"canonical":"https:\/\/www.3tech-dental.com\/es\/politica-de-confidencialidad\/","og_locale":"es_ES","og_type":"article","og_title":"Pol\u00edtica de confidencialidad - 3TECH","og_description":"Pol\u00edtica de confidencialidad \u00bfQui\u00e9nes somos?&nbsp; La direcci\u00f3n de nuestro sitio web es: https:\/\/www.3tech-dental.com\/es\/. Uso de los datos personales recogidos Formularios de contacto La informaci\u00f3n recogida a trav\u00e9s del formulario de contacto se utiliza \u00fanicamente para responder mejor a sus solicitudes. Esta informaci\u00f3n s\u00f3lo se transmite por correo electr\u00f3nico a la empresa y no se almacena [&hellip;]","og_url":"https:\/\/www.3tech-dental.com\/es\/politica-de-confidencialidad\/","og_site_name":"3TECH","article_modified_time":"2020-07-30T08:25:22+00:00","twitter_card":"summary_large_image","twitter_misc":{"Tiempo de lectura":"1 minuto"},"schema":{"@context":"https:\/\/schema.org","@graph":[{"@type":"WebPage","@id":"https:\/\/www.3tech-dental.com\/es\/politica-de-confidencialidad\/","url":"https:\/\/www.3tech-dental.com\/es\/politica-de-confidencialidad\/","name":"Pol\u00edtica de confidencialidad - 3TECH","isPartOf":{"@id":"https:\/\/www.3tech-dental.com\/#website"},"datePublished":"2019-12-09T18:44:36+00:00","dateModified":"2020-07-30T08:25:22+00:00","breadcrumb":{"@id":"https:\/\/www.3tech-dental.com\/es\/politica-de-confidencialidad\/#breadcrumb"},"inLanguage":"es","potentialAction":[{"@type":"ReadAction","target":["https:\/\/www.3tech-dental.com\/es\/politica-de-confidencialidad\/"]}]},{"@type":"BreadcrumbList","@id":"https:\/\/www.3tech-dental.com\/es\/politica-de-confidencialidad\/#breadcrumb","itemListElement":[{"@type":"ListItem","position":1,"name":"Accueil","item":"https:\/\/www.3tech-dental.com\/es\/"},{"@type":"ListItem","position":2,"name":"Pol\u00edtica de confidencialidad"}]},{"@type":"WebSite","@id":"https:\/\/www.3tech-dental.com\/#website","url":"https:\/\/www.3tech-dental.com\/","name":"3TECH","description":"Equipez-vous malin !","publisher":{"@id":"https:\/\/www.3tech-dental.com\/#organization"},"potentialAction":[{"@type":"SearchAction","target":{"@type":"EntryPoint","urlTemplate":"https:\/\/www.3tech-dental.com\/?s={search_term_string}"},"query-input":{"@type":"PropertyValueSpecification","valueRequired":true,"valueName":"search_term_string"}}],"inLanguage":"es"},{"@type":"Organization","@id":"https:\/\/www.3tech-dental.com\/#organization","name":"3TECH","url":"https:\/\/www.3tech-dental.com\/","logo":{"@type":"ImageObject","inLanguage":"es","@id":"https:\/\/www.3tech-dental.com\/#\/schema\/logo\/image\/","url":"https:\/\/www.3tech-dental.com\/wp-content\/uploads\/2017\/11\/logo@2x.png","contentUrl":"https:\/\/www.3tech-dental.com\/wp-content\/uploads\/2017\/11\/logo@2x.png","width":736,"height":193,"caption":"3TECH"},"image":{"@id":"https:\/\/www.3tech-dental.com\/#\/schema\/logo\/image\/"}}]}},"_links":{"self":[{"href":"https:\/\/www.3tech-dental.com\/es\/wp-json\/wp\/v2\/pages\/1347"}],"collection":[{"href":"https:\/\/www.3tech-dental.com\/es\/wp-json\/wp\/v2\/pages"}],"about":[{"href":"https:\/\/www.3tech-dental.com\/es\/wp-json\/wp\/v2\/types\/page"}],"author":[{"embeddable":true,"href":"https:\/\/www.3tech-dental.com\/es\/wp-json\/wp\/v2\/users\/1"}],"replies":[{"embeddable":true,"href":"https:\/\/www.3tech-dental.com\/es\/wp-json\/wp\/v2\/comments?post=1347"}],"version-history":[{"count":3,"href":"https:\/\/www.3tech-dental.com\/es\/wp-json\/wp\/v2\/pages\/1347\/revisions"}],"predecessor-version":[{"id":1633,"href":"https:\/\/www.3tech-dental.com\/es\/wp-json\/wp\/v2\/pages\/1347\/revisions\/1633"}],"wp:attachment":[{"href":"https:\/\/www.3tech-dental.com\/es\/wp-json\/wp\/v2\/media?parent=1347"}],"curies":[{"name":"wp","href":"https:\/\/api.w.org\/{rel}","templated":true}]}}