{"id":2738,"date":"2020-12-23T18:35:20","date_gmt":"2020-12-23T17:35:20","guid":{"rendered":"https:\/\/www.3tech-dental.com\/?page_id=2738"},"modified":"2022-04-20T16:07:06","modified_gmt":"2022-04-20T14:07:06","slug":"prensa-y-noticias","status":"publish","type":"page","link":"https:\/\/www.3tech-dental.com\/es\/prensa-y-noticias\/","title":{"rendered":"Prensa y noticias"},"content":{"rendered":"<h2>Prensa y noticias<\/h2>\n<div class=\"row\">\n<div class=\"w-12\">\n<h3 style=\"text-align: center;\"><em><strong>Le fil dentaire n\u00b0159 &#8211; Marzo de 2020 &#8211; p\u00e1gina 8<\/strong><\/em><span style=\"color: #000000;\"><img loading=\"lazy\" decoding=\"async\" class=\"alignnone wp-image-2699 size-full\" src=\"https:\/\/www.3tech-dental.com\/wp-content\/uploads\/2020\/12\/lefildentaire.png\" alt=\"\" width=\"1520\" height=\"1272\" srcset=\"https:\/\/www.3tech-dental.com\/wp-content\/uploads\/2020\/12\/lefildentaire.png 1520w, https:\/\/www.3tech-dental.com\/wp-content\/uploads\/2020\/12\/lefildentaire-600x502.png 600w\" sizes=\"(max-width: 1520px) 100vw, 1520px\" \/><\/span><\/h3>\n<p><strong>3TECH, RENDIMIENTO <\/strong><strong>A PRECIOS INTELIGENTES<\/strong><\/p>\n<p><strong>\u00a0<\/strong><strong>De hecho, la marca se apoya en 3 pilares:<\/strong><\/p>\n<ul>\n<li>rendimiento con b\u00e1sicos, es decir, productos de eficacia probada, sin extras innecesarios;<\/li>\n<li>no m\u00e1s preocupaciones del servicio post-venta ya que los precios son muy ajustados, la l\u00ednea 3TECH permite reemplazar f\u00e1cilmente el equipo usado por equipo nuevo;<\/li>\n<li>no hay necesidad de esperar a las ofertas ya que 3TECH asegura precios bajos y estables todo el a\u00f1o.<\/li>\n<\/ul>\n<p>La marca tiene mucho \u00e9xito porque satisface las necesidades del odont\u00f3logo y el desarrollo de producto se centra en la calidad de vida del profesional. La gama 3TECH ofrece una amplia selecci\u00f3n de productos, y est\u00e1 constantemente desarrollando y lanzando novedades:<\/p>\n<ul>\n<li><strong>la turbina de titanio Ti-940L<\/strong>, ultraligera por ser considerada la m\u00e1s ligera del mercado (42 g). Ultra silenciosa (\u2264 55 dB) y ergon\u00f3mica, cumple todos los criterios para mejorar la calidad de vida de los profesionales<\/li>\n<li><strong>el calentador HEATER TC-70 <\/strong>para composites y carpules de anestesia<\/li>\n<li>el aparato de <strong>ultrasonidos de sobremesa EASY SCALER L-28 <\/strong>intuitivo y compacto<\/li>\n<li><strong>el contra-\u00e1ngulo de implantolog\u00eda IMPLANT L-2000 <\/strong>con luz, una pieza de mano precisa y completamente extra\u00edble con un solo clic, permite a los odont\u00f3logos o implant\u00f3logos trabajar en las mejores condiciones y al mejor precio.<\/li>\n<\/ul>\n<p>3TECH es una marca del grupo DVD Dental.<\/p>\n<hr \/>\n<h3 style=\"text-align: center;\"><em><strong>Solutions Cabinet Dentaire n\u00b0 25 &#8211;\u00a0Abril de 2020<\/strong><\/em><\/h3>\n<div><img loading=\"lazy\" decoding=\"async\" class=\"alignnone wp-image-2720 size-full\" src=\"https:\/\/www.3tech-dental.com\/wp-content\/uploads\/2020\/12\/Capture-decran-2020-12-23-a-17.20.39-e1609926702992.png\" alt=\"\" width=\"1828\" height=\"1142\" srcset=\"https:\/\/www.3tech-dental.com\/wp-content\/uploads\/2020\/12\/Capture-decran-2020-12-23-a-17.20.39-e1609926702992.png 1828w, https:\/\/www.3tech-dental.com\/wp-content\/uploads\/2020\/12\/Capture-decran-2020-12-23-a-17.20.39-e1609926702992-600x375.png 600w, https:\/\/www.3tech-dental.com\/wp-content\/uploads\/2020\/12\/Capture-decran-2020-12-23-a-17.20.39-e1609926702992-300x187.png 300w, https:\/\/www.3tech-dental.com\/wp-content\/uploads\/2020\/12\/Capture-decran-2020-12-23-a-17.20.39-e1609926702992-1024x640.png 1024w, https:\/\/www.3tech-dental.com\/wp-content\/uploads\/2020\/12\/Capture-decran-2020-12-23-a-17.20.39-e1609926702992-768x480.png 768w, https:\/\/www.3tech-dental.com\/wp-content\/uploads\/2020\/12\/Capture-decran-2020-12-23-a-17.20.39-e1609926702992-1536x960.png 1536w\" sizes=\"(max-width: 1828px) 100vw, 1828px\" \/><\/div>\n<p><strong>3TECH, <\/strong><strong>UNA NUEVA L\u00cdNEA DE PEQUE\u00d1A APARATOLOG\u00cdA<\/strong><\/p>\n<p>3TECH es una marca de peque\u00f1a aparatolog\u00eda cuya misi\u00f3n es ofrecer productos con la mejor relaci\u00f3n calidad-precio.<\/p>\n<p>La marca se apoya en 3 pilares:<\/p>\n<ul>\n<li>rendimiento con b\u00e1sicos, es decir, productos de eficacia probada, sin extras innecesarios<\/li>\n<li>no m\u00e1s preocupaciones del servicio post-venta ya que los precios son muy ajustados, la l\u00ednea 3TECH permite reemplazar f\u00e1cilmente el equipo usado por equipo nuevo.<\/li>\n<li>no hay necesidad de esperar a las ofertas ya que 3TECH asegura precios bajos y estables todo el a\u00f1o<\/li>\n<\/ul>\n<p>La gama 3TECH ofrece una amplia selecci\u00f3n de productos, y est\u00e1 constantemente desarrollando y lanzando nuevos productos:<\/p>\n<ul>\n<li>la turbina de titanio Ti-940L, ultraligera por ser considerada la m\u00e1s ligera del mercado (42 g), ultra silenciosa (\u2264 55 dB) y ergon\u00f3mica<\/li>\n<li>el calentador HEATER TC-70 para composites y carpules de anestesia<\/li>\n<li>el aparato de ultrasonidos de sobremesa EASY SCALER L-28 intuitivo y compacto<\/li>\n<li>el contra-\u00e1ngulo de implantolog\u00eda IMPLANT L-2000 con luz, una pieza de mano precisa y completamente extra\u00edble con un solo clic, permite a los odont\u00f3logos o implant\u00f3logos trabajar en las mejores condiciones y al mejor precio.<\/li>\n<\/ul>\n<p><strong>M\u00e1s informaci\u00f3n: www.dvd-dental.com <br \/><\/strong><\/p>\n<\/div>\n<\/div><h3 class=\"has-text-align-center wp-block-heading\"><strong><em>ADF &#8211; Noviembre 2021<\/em><\/strong><\/h3><p><\/p><p class=\"has-text-align-center\">Nos alegr\u00f3 mucho verle en la exposici\u00f3n del ADF del pasado noviembre.<\/p><figure class=\"wp-block-gallery has-nested-images columns-default is-cropped wp-block-gallery-1 is-layout-flex wp-block-gallery-is-layout-flex\"><figure class=\"wp-block-image size-large\"><img decoding=\"async\" data-id=\"4586\" src=\"https:\/\/www.3tech-dental.com\/wp-content\/uploads\/2022\/04\/MicrosoftTeams-image-6-1-scaled.jpg\" alt=\"\" class=\"wp-image-4586\"\/><\/figure>\n\n<figure class=\"wp-block-image size-large\"><img decoding=\"async\" data-id=\"4580\" src=\"https:\/\/www.3tech-dental.com\/wp-content\/uploads\/2022\/04\/MicrosoftTeams-image-3-1-1-scaled.jpg\" alt=\"\" class=\"wp-image-4580\"\/><\/figure>\n\n<figure class=\"wp-block-image size-large\"><img loading=\"lazy\" decoding=\"async\" width=\"1705\" height=\"2560\" data-id=\"4569\" src=\"https:\/\/www.3tech-dental.com\/wp-content\/uploads\/2022\/04\/MicrosoftTeams-image-15-2-scaled.jpg\" alt=\"\" class=\"wp-image-4569\" srcset=\"https:\/\/www.3tech-dental.com\/wp-content\/uploads\/2022\/04\/MicrosoftTeams-image-15-2-scaled.jpg 1705w, https:\/\/www.3tech-dental.com\/wp-content\/uploads\/2022\/04\/MicrosoftTeams-image-15-2-200x300.jpg 200w, https:\/\/www.3tech-dental.com\/wp-content\/uploads\/2022\/04\/MicrosoftTeams-image-15-2-682x1024.jpg 682w, https:\/\/www.3tech-dental.com\/wp-content\/uploads\/2022\/04\/MicrosoftTeams-image-15-2-768x1153.jpg 768w, https:\/\/www.3tech-dental.com\/wp-content\/uploads\/2022\/04\/MicrosoftTeams-image-15-2-1023x1536.jpg 1023w, https:\/\/www.3tech-dental.com\/wp-content\/uploads\/2022\/04\/MicrosoftTeams-image-15-2-1364x2048.jpg 1364w, https:\/\/www.3tech-dental.com\/wp-content\/uploads\/2022\/04\/MicrosoftTeams-image-15-2-600x901.jpg 600w\" sizes=\"(max-width: 1705px) 100vw, 1705px\" \/><\/figure><\/figure>","protected":false},"excerpt":{"rendered":"<p>Prensa y noticias Le fil dentaire n\u00b0159 &#8211; Marzo de 2020 &#8211; p\u00e1gina 8 3TECH, RENDIMIENTO A PRECIOS INTELIGENTES \u00a0De hecho, la marca se apoya en 3 pilares: rendimiento con b\u00e1sicos, es decir, productos de eficacia probada, sin extras innecesarios; no m\u00e1s preocupaciones del servicio post-venta ya que los precios son muy ajustados, la l\u00ednea [&hellip;]<\/p>\n","protected":false},"author":1,"featured_media":0,"parent":0,"menu_order":43,"comment_status":"closed","ping_status":"closed","template":"","meta":{"_acf_changed":false,"footnotes":""},"class_list":["post-2738","page","type-page","status-publish","hentry"],"acf":[],"yoast_head":"<!-- This site is optimized with the Yoast SEO plugin v23.7 - https:\/\/yoast.com\/wordpress\/plugins\/seo\/ -->\n<title>Prensa y noticias - 3TECH<\/title>\n<meta name=\"robots\" content=\"index, follow, max-snippet:-1, max-image-preview:large, max-video-preview:-1\" \/>\n<link rel=\"canonical\" href=\"https:\/\/www.3tech-dental.com\/es\/prensa-y-noticias\/\" \/>\n<meta property=\"og:locale\" content=\"es_ES\" \/>\n<meta property=\"og:type\" content=\"article\" \/>\n<meta property=\"og:title\" content=\"Prensa y noticias - 3TECH\" \/>\n<meta property=\"og:description\" content=\"Prensa y noticias Le fil dentaire n\u00b0159 &#8211; Marzo de 2020 &#8211; p\u00e1gina 8 3TECH, RENDIMIENTO A PRECIOS INTELIGENTES \u00a0De hecho, la marca se apoya en 3 pilares: rendimiento con b\u00e1sicos, es decir, productos de eficacia probada, sin extras innecesarios; no m\u00e1s preocupaciones del servicio post-venta ya que los precios son muy ajustados, la l\u00ednea [&hellip;]\" \/>\n<meta property=\"og:url\" content=\"https:\/\/www.3tech-dental.com\/es\/prensa-y-noticias\/\" \/>\n<meta property=\"og:site_name\" content=\"3TECH\" \/>\n<meta property=\"article:modified_time\" content=\"2022-04-20T14:07:06+00:00\" \/>\n<meta property=\"og:image\" content=\"https:\/\/www.3tech-dental.com\/wp-content\/uploads\/2020\/12\/lefildentaire.png\" \/>\n<meta name=\"twitter:card\" content=\"summary_large_image\" \/>\n<meta name=\"twitter:label1\" content=\"Tiempo de lectura\" \/>\n\t<meta name=\"twitter:data1\" content=\"4 minutos\" \/>\n<script type=\"application\/ld+json\" class=\"yoast-schema-graph\">{\"@context\":\"https:\/\/schema.org\",\"@graph\":[{\"@type\":\"WebPage\",\"@id\":\"https:\/\/www.3tech-dental.com\/es\/prensa-y-noticias\/\",\"url\":\"https:\/\/www.3tech-dental.com\/es\/prensa-y-noticias\/\",\"name\":\"Prensa y noticias - 3TECH\",\"isPartOf\":{\"@id\":\"https:\/\/www.3tech-dental.com\/#website\"},\"primaryImageOfPage\":{\"@id\":\"https:\/\/www.3tech-dental.com\/es\/prensa-y-noticias\/#primaryimage\"},\"image\":{\"@id\":\"https:\/\/www.3tech-dental.com\/es\/prensa-y-noticias\/#primaryimage\"},\"thumbnailUrl\":\"https:\/\/www.3tech-dental.com\/wp-content\/uploads\/2020\/12\/lefildentaire.png\",\"datePublished\":\"2020-12-23T17:35:20+00:00\",\"dateModified\":\"2022-04-20T14:07:06+00:00\",\"breadcrumb\":{\"@id\":\"https:\/\/www.3tech-dental.com\/es\/prensa-y-noticias\/#breadcrumb\"},\"inLanguage\":\"es\",\"potentialAction\":[{\"@type\":\"ReadAction\",\"target\":[\"https:\/\/www.3tech-dental.com\/es\/prensa-y-noticias\/\"]}]},{\"@type\":\"ImageObject\",\"inLanguage\":\"es\",\"@id\":\"https:\/\/www.3tech-dental.com\/es\/prensa-y-noticias\/#primaryimage\",\"url\":\"https:\/\/www.3tech-dental.com\/wp-content\/uploads\/2020\/12\/lefildentaire.png\",\"contentUrl\":\"https:\/\/www.3tech-dental.com\/wp-content\/uploads\/2020\/12\/lefildentaire.png\"},{\"@type\":\"BreadcrumbList\",\"@id\":\"https:\/\/www.3tech-dental.com\/es\/prensa-y-noticias\/#breadcrumb\",\"itemListElement\":[{\"@type\":\"ListItem\",\"position\":1,\"name\":\"Accueil\",\"item\":\"https:\/\/www.3tech-dental.com\/es\/\"},{\"@type\":\"ListItem\",\"position\":2,\"name\":\"Prensa y noticias\"}]},{\"@type\":\"WebSite\",\"@id\":\"https:\/\/www.3tech-dental.com\/#website\",\"url\":\"https:\/\/www.3tech-dental.com\/\",\"name\":\"3TECH\",\"description\":\"Equipez-vous malin !\",\"publisher\":{\"@id\":\"https:\/\/www.3tech-dental.com\/#organization\"},\"potentialAction\":[{\"@type\":\"SearchAction\",\"target\":{\"@type\":\"EntryPoint\",\"urlTemplate\":\"https:\/\/www.3tech-dental.com\/?s={search_term_string}\"},\"query-input\":{\"@type\":\"PropertyValueSpecification\",\"valueRequired\":true,\"valueName\":\"search_term_string\"}}],\"inLanguage\":\"es\"},{\"@type\":\"Organization\",\"@id\":\"https:\/\/www.3tech-dental.com\/#organization\",\"name\":\"3TECH\",\"url\":\"https:\/\/www.3tech-dental.com\/\",\"logo\":{\"@type\":\"ImageObject\",\"inLanguage\":\"es\",\"@id\":\"https:\/\/www.3tech-dental.com\/#\/schema\/logo\/image\/\",\"url\":\"https:\/\/www.3tech-dental.com\/wp-content\/uploads\/2017\/11\/logo@2x.png\",\"contentUrl\":\"https:\/\/www.3tech-dental.com\/wp-content\/uploads\/2017\/11\/logo@2x.png\",\"width\":736,\"height\":193,\"caption\":\"3TECH\"},\"image\":{\"@id\":\"https:\/\/www.3tech-dental.com\/#\/schema\/logo\/image\/\"}}]}<\/script>\n<!-- \/ Yoast SEO plugin. -->","yoast_head_json":{"title":"Prensa y noticias - 3TECH","robots":{"index":"index","follow":"follow","max-snippet":"max-snippet:-1","max-image-preview":"max-image-preview:large","max-video-preview":"max-video-preview:-1"},"canonical":"https:\/\/www.3tech-dental.com\/es\/prensa-y-noticias\/","og_locale":"es_ES","og_type":"article","og_title":"Prensa y noticias - 3TECH","og_description":"Prensa y noticias Le fil dentaire n\u00b0159 &#8211; Marzo de 2020 &#8211; p\u00e1gina 8 3TECH, RENDIMIENTO A PRECIOS INTELIGENTES \u00a0De hecho, la marca se apoya en 3 pilares: rendimiento con b\u00e1sicos, es decir, productos de eficacia probada, sin extras innecesarios; no m\u00e1s preocupaciones del servicio post-venta ya que los precios son muy ajustados, la l\u00ednea [&hellip;]","og_url":"https:\/\/www.3tech-dental.com\/es\/prensa-y-noticias\/","og_site_name":"3TECH","article_modified_time":"2022-04-20T14:07:06+00:00","og_image":[{"url":"https:\/\/www.3tech-dental.com\/wp-content\/uploads\/2020\/12\/lefildentaire.png"}],"twitter_card":"summary_large_image","twitter_misc":{"Tiempo de lectura":"4 minutos"},"schema":{"@context":"https:\/\/schema.org","@graph":[{"@type":"WebPage","@id":"https:\/\/www.3tech-dental.com\/es\/prensa-y-noticias\/","url":"https:\/\/www.3tech-dental.com\/es\/prensa-y-noticias\/","name":"Prensa y noticias - 3TECH","isPartOf":{"@id":"https:\/\/www.3tech-dental.com\/#website"},"primaryImageOfPage":{"@id":"https:\/\/www.3tech-dental.com\/es\/prensa-y-noticias\/#primaryimage"},"image":{"@id":"https:\/\/www.3tech-dental.com\/es\/prensa-y-noticias\/#primaryimage"},"thumbnailUrl":"https:\/\/www.3tech-dental.com\/wp-content\/uploads\/2020\/12\/lefildentaire.png","datePublished":"2020-12-23T17:35:20+00:00","dateModified":"2022-04-20T14:07:06+00:00","breadcrumb":{"@id":"https:\/\/www.3tech-dental.com\/es\/prensa-y-noticias\/#breadcrumb"},"inLanguage":"es","potentialAction":[{"@type":"ReadAction","target":["https:\/\/www.3tech-dental.com\/es\/prensa-y-noticias\/"]}]},{"@type":"ImageObject","inLanguage":"es","@id":"https:\/\/www.3tech-dental.com\/es\/prensa-y-noticias\/#primaryimage","url":"https:\/\/www.3tech-dental.com\/wp-content\/uploads\/2020\/12\/lefildentaire.png","contentUrl":"https:\/\/www.3tech-dental.com\/wp-content\/uploads\/2020\/12\/lefildentaire.png"},{"@type":"BreadcrumbList","@id":"https:\/\/www.3tech-dental.com\/es\/prensa-y-noticias\/#breadcrumb","itemListElement":[{"@type":"ListItem","position":1,"name":"Accueil","item":"https:\/\/www.3tech-dental.com\/es\/"},{"@type":"ListItem","position":2,"name":"Prensa y noticias"}]},{"@type":"WebSite","@id":"https:\/\/www.3tech-dental.com\/#website","url":"https:\/\/www.3tech-dental.com\/","name":"3TECH","description":"Equipez-vous malin !","publisher":{"@id":"https:\/\/www.3tech-dental.com\/#organization"},"potentialAction":[{"@type":"SearchAction","target":{"@type":"EntryPoint","urlTemplate":"https:\/\/www.3tech-dental.com\/?s={search_term_string}"},"query-input":{"@type":"PropertyValueSpecification","valueRequired":true,"valueName":"search_term_string"}}],"inLanguage":"es"},{"@type":"Organization","@id":"https:\/\/www.3tech-dental.com\/#organization","name":"3TECH","url":"https:\/\/www.3tech-dental.com\/","logo":{"@type":"ImageObject","inLanguage":"es","@id":"https:\/\/www.3tech-dental.com\/#\/schema\/logo\/image\/","url":"https:\/\/www.3tech-dental.com\/wp-content\/uploads\/2017\/11\/logo@2x.png","contentUrl":"https:\/\/www.3tech-dental.com\/wp-content\/uploads\/2017\/11\/logo@2x.png","width":736,"height":193,"caption":"3TECH"},"image":{"@id":"https:\/\/www.3tech-dental.com\/#\/schema\/logo\/image\/"}}]}},"_links":{"self":[{"href":"https:\/\/www.3tech-dental.com\/es\/wp-json\/wp\/v2\/pages\/2738"}],"collection":[{"href":"https:\/\/www.3tech-dental.com\/es\/wp-json\/wp\/v2\/pages"}],"about":[{"href":"https:\/\/www.3tech-dental.com\/es\/wp-json\/wp\/v2\/types\/page"}],"author":[{"embeddable":true,"href":"https:\/\/www.3tech-dental.com\/es\/wp-json\/wp\/v2\/users\/1"}],"replies":[{"embeddable":true,"href":"https:\/\/www.3tech-dental.com\/es\/wp-json\/wp\/v2\/comments?post=2738"}],"version-history":[{"count":7,"href":"https:\/\/www.3tech-dental.com\/es\/wp-json\/wp\/v2\/pages\/2738\/revisions"}],"predecessor-version":[{"id":4611,"href":"https:\/\/www.3tech-dental.com\/es\/wp-json\/wp\/v2\/pages\/2738\/revisions\/4611"}],"wp:attachment":[{"href":"https:\/\/www.3tech-dental.com\/es\/wp-json\/wp\/v2\/media?parent=2738"}],"curies":[{"name":"wp","href":"https:\/\/api.w.org\/{rel}","templated":true}]}}