{"id":3649,"date":"2021-02-13T12:35:34","date_gmt":"2021-02-22T10:04:51","guid":{"rendered":"https:\/\/www.3tech-dental.com\/?post_type=product&#038;p=3649"},"modified":"2026-03-09T17:24:58","modified_gmt":"2026-03-09T16:24:58","slug":"contra-angulo-azul","status":"publish","type":"product","link":"https:\/\/www.3tech-dental.com\/es\/producto\/contra-angulo-azul\/","title":{"rendered":"Contra-\u00e1ngulo azul"},"content":{"rendered":"<div class=\"specs\"><strong>Velocidad:<\/strong> 40 000 rpm<\/div>\n<div class=\"specs\"><strong>Relaci\u00f3n de velocidad:<\/strong> 1:1<\/div>\n<div class=\"specs\"><strong>Fresa:<\/strong> \u00d82,35 mm<\/div>\n<div><strong>Cabeza :<\/strong> \u00d8 9,5 cm<\/div>\n<div><strong>Cabezal extra\u00edble :<\/strong>\u00a0para facilitar la limpieza y desinfecci\u00f3n<\/div>\n<div><strong>Altura de la cabeza : <\/strong>14,1 mm<\/div>\n<div class=\"specs\"><strong>Intensidad luminosa:<\/strong> 24 000 LUX<\/div>\n<div class=\"specs\">Doble spray<\/div>\n<div class=\"specs\"><strong>Peso:<\/strong> 78,4 g<\/div>\n<div class=\"specs\">Bot\u00f3n pulsador<\/div>\n<div class=\"specs\"><strong>Funcionamiento silencioso:<\/strong> 70 dB<\/div>\n<div><\/div>\n<div><strong>Garant\u00eda:<\/strong> 1 a\u00f1o<\/div>\n","protected":false},"excerpt":{"rendered":"<p>Velocidad: 40 000 rpm Relaci\u00f3n de velocidad: 1:1 Fresa: \u00d82,35 mm Cabeza : \u00d8 9,5 cm Cabezal extra\u00edble :\u00a0para facilitar la limpieza y desinfecci\u00f3n Altura de la cabeza : 14,1 mm Intensidad luminosa: 24 000 LUX Doble spray Peso: 78,4 g Bot\u00f3n pulsador Funcionamiento silencioso: 70 dB Garant\u00eda: 1 a\u00f1o<\/p>\n","protected":false},"featured_media":3650,"template":"","meta":{"_acf_changed":false},"product_cat":[87],"product_tag":[],"class_list":{"0":"post-3649","1":"product","2":"type-product","3":"status-publish","4":"has-post-thumbnail","6":"product_cat-contra-angulo-es","8":"first","9":"instock","10":"shipping-taxable","11":"product-type-simple"},"acf":[],"yoast_head":"<!-- This site is optimized with the Yoast SEO plugin v23.7 - https:\/\/yoast.com\/wordpress\/plugins\/seo\/ -->\n<title>Contra-\u00e1ngulo azul - 3TECH<\/title>\n<meta name=\"robots\" content=\"index, follow, max-snippet:-1, max-image-preview:large, max-video-preview:-1\" \/>\n<link rel=\"canonical\" href=\"https:\/\/www.3tech-dental.com\/es\/producto\/contra-angulo-azul\/\" \/>\n<meta property=\"og:locale\" content=\"es_ES\" \/>\n<meta property=\"og:type\" content=\"article\" \/>\n<meta property=\"og:title\" content=\"Contra-\u00e1ngulo azul - 3TECH\" \/>\n<meta property=\"og:description\" content=\"Velocidad: 40 000 rpm Relaci\u00f3n de velocidad: 1:1 Fresa: \u00d82,35 mm Cabeza : \u00d8 9,5 cm Cabezal extra\u00edble :\u00a0para facilitar la limpieza y desinfecci\u00f3n Altura de la cabeza : 14,1 mm Intensidad luminosa: 24 000 LUX Doble spray Peso: 78,4 g Bot\u00f3n pulsador Funcionamiento silencioso: 70 dB Garant\u00eda: 1 a\u00f1o\" \/>\n<meta property=\"og:url\" content=\"https:\/\/www.3tech-dental.com\/es\/producto\/contra-angulo-azul\/\" \/>\n<meta property=\"og:site_name\" content=\"3TECH\" \/>\n<meta property=\"article:modified_time\" content=\"2026-03-09T16:24:58+00:00\" \/>\n<meta property=\"og:image\" content=\"https:\/\/www.3tech-dental.com\/wp-content\/uploads\/2018\/09\/3T0518125_Visuel_Contre-angle-L-40-scaled.jpg\" \/>\n\t<meta property=\"og:image:width\" content=\"604\" \/>\n\t<meta property=\"og:image:height\" content=\"604\" \/>\n\t<meta property=\"og:image:type\" content=\"image\/jpeg\" \/>\n<meta name=\"twitter:card\" content=\"summary_large_image\" \/>\n<meta name=\"twitter:label1\" content=\"Tiempo de lectura\" \/>\n\t<meta name=\"twitter:data1\" content=\"1 minuto\" \/>\n<script type=\"application\/ld+json\" class=\"yoast-schema-graph\">{\"@context\":\"https:\/\/schema.org\",\"@graph\":[{\"@type\":\"WebPage\",\"@id\":\"https:\/\/www.3tech-dental.com\/es\/producto\/contra-angulo-azul\/\",\"url\":\"https:\/\/www.3tech-dental.com\/es\/producto\/contra-angulo-azul\/\",\"name\":\"Contra-\u00e1ngulo azul - 3TECH\",\"isPartOf\":{\"@id\":\"https:\/\/www.3tech-dental.com\/#website\"},\"primaryImageOfPage\":{\"@id\":\"https:\/\/www.3tech-dental.com\/es\/producto\/contra-angulo-azul\/#primaryimage\"},\"image\":{\"@id\":\"https:\/\/www.3tech-dental.com\/es\/producto\/contra-angulo-azul\/#primaryimage\"},\"thumbnailUrl\":\"https:\/\/www.3tech-dental.com\/wp-content\/uploads\/2018\/09\/3T0518125_Visuel_Contre-angle-L-40-scaled.jpg\",\"datePublished\":\"2021-02-22T10:04:51+00:00\",\"dateModified\":\"2026-03-09T16:24:58+00:00\",\"breadcrumb\":{\"@id\":\"https:\/\/www.3tech-dental.com\/es\/producto\/contra-angulo-azul\/#breadcrumb\"},\"inLanguage\":\"es\",\"potentialAction\":[{\"@type\":\"ReadAction\",\"target\":[\"https:\/\/www.3tech-dental.com\/es\/producto\/contra-angulo-azul\/\"]}]},{\"@type\":\"ImageObject\",\"inLanguage\":\"es\",\"@id\":\"https:\/\/www.3tech-dental.com\/es\/producto\/contra-angulo-azul\/#primaryimage\",\"url\":\"https:\/\/www.3tech-dental.com\/wp-content\/uploads\/2018\/09\/3T0518125_Visuel_Contre-angle-L-40-scaled.jpg\",\"contentUrl\":\"https:\/\/www.3tech-dental.com\/wp-content\/uploads\/2018\/09\/3T0518125_Visuel_Contre-angle-L-40-scaled.jpg\",\"width\":2560,\"height\":2560},{\"@type\":\"BreadcrumbList\",\"@id\":\"https:\/\/www.3tech-dental.com\/es\/producto\/contra-angulo-azul\/#breadcrumb\",\"itemListElement\":[{\"@type\":\"ListItem\",\"position\":1,\"name\":\"Accueil\",\"item\":\"https:\/\/www.3tech-dental.com\/es\/\"},{\"@type\":\"ListItem\",\"position\":2,\"name\":\"Nuestra gama\",\"item\":\"https:\/\/www.3tech-dental.com\/es\/nuestra-gama\/\"},{\"@type\":\"ListItem\",\"position\":3,\"name\":\"Contra-\u00e1ngulo azul\"}]},{\"@type\":\"WebSite\",\"@id\":\"https:\/\/www.3tech-dental.com\/#website\",\"url\":\"https:\/\/www.3tech-dental.com\/\",\"name\":\"3TECH\",\"description\":\"Equipez-vous malin !\",\"publisher\":{\"@id\":\"https:\/\/www.3tech-dental.com\/#organization\"},\"potentialAction\":[{\"@type\":\"SearchAction\",\"target\":{\"@type\":\"EntryPoint\",\"urlTemplate\":\"https:\/\/www.3tech-dental.com\/?s={search_term_string}\"},\"query-input\":{\"@type\":\"PropertyValueSpecification\",\"valueRequired\":true,\"valueName\":\"search_term_string\"}}],\"inLanguage\":\"es\"},{\"@type\":\"Organization\",\"@id\":\"https:\/\/www.3tech-dental.com\/#organization\",\"name\":\"3TECH\",\"url\":\"https:\/\/www.3tech-dental.com\/\",\"logo\":{\"@type\":\"ImageObject\",\"inLanguage\":\"es\",\"@id\":\"https:\/\/www.3tech-dental.com\/#\/schema\/logo\/image\/\",\"url\":\"https:\/\/www.3tech-dental.com\/wp-content\/uploads\/2017\/11\/logo@2x.png\",\"contentUrl\":\"https:\/\/www.3tech-dental.com\/wp-content\/uploads\/2017\/11\/logo@2x.png\",\"width\":736,\"height\":193,\"caption\":\"3TECH\"},\"image\":{\"@id\":\"https:\/\/www.3tech-dental.com\/#\/schema\/logo\/image\/\"}}]}<\/script>\n<!-- \/ Yoast SEO plugin. -->","yoast_head_json":{"title":"Contra-\u00e1ngulo azul - 3TECH","robots":{"index":"index","follow":"follow","max-snippet":"max-snippet:-1","max-image-preview":"max-image-preview:large","max-video-preview":"max-video-preview:-1"},"canonical":"https:\/\/www.3tech-dental.com\/es\/producto\/contra-angulo-azul\/","og_locale":"es_ES","og_type":"article","og_title":"Contra-\u00e1ngulo azul - 3TECH","og_description":"Velocidad: 40 000 rpm Relaci\u00f3n de velocidad: 1:1 Fresa: \u00d82,35 mm Cabeza : \u00d8 9,5 cm Cabezal extra\u00edble :\u00a0para facilitar la limpieza y desinfecci\u00f3n Altura de la cabeza : 14,1 mm Intensidad luminosa: 24 000 LUX Doble spray Peso: 78,4 g Bot\u00f3n pulsador Funcionamiento silencioso: 70 dB Garant\u00eda: 1 a\u00f1o","og_url":"https:\/\/www.3tech-dental.com\/es\/producto\/contra-angulo-azul\/","og_site_name":"3TECH","article_modified_time":"2026-03-09T16:24:58+00:00","og_image":[{"url":"https:\/\/www.3tech-dental.com\/wp-content\/uploads\/2018\/09\/3T0518125_Visuel_Contre-angle-L-40-scaled.jpg","width":604,"height":604,"type":"image\/jpeg"}],"twitter_card":"summary_large_image","twitter_misc":{"Tiempo de lectura":"1 minuto"},"schema":{"@context":"https:\/\/schema.org","@graph":[{"@type":"WebPage","@id":"https:\/\/www.3tech-dental.com\/es\/producto\/contra-angulo-azul\/","url":"https:\/\/www.3tech-dental.com\/es\/producto\/contra-angulo-azul\/","name":"Contra-\u00e1ngulo azul - 3TECH","isPartOf":{"@id":"https:\/\/www.3tech-dental.com\/#website"},"primaryImageOfPage":{"@id":"https:\/\/www.3tech-dental.com\/es\/producto\/contra-angulo-azul\/#primaryimage"},"image":{"@id":"https:\/\/www.3tech-dental.com\/es\/producto\/contra-angulo-azul\/#primaryimage"},"thumbnailUrl":"https:\/\/www.3tech-dental.com\/wp-content\/uploads\/2018\/09\/3T0518125_Visuel_Contre-angle-L-40-scaled.jpg","datePublished":"2021-02-22T10:04:51+00:00","dateModified":"2026-03-09T16:24:58+00:00","breadcrumb":{"@id":"https:\/\/www.3tech-dental.com\/es\/producto\/contra-angulo-azul\/#breadcrumb"},"inLanguage":"es","potentialAction":[{"@type":"ReadAction","target":["https:\/\/www.3tech-dental.com\/es\/producto\/contra-angulo-azul\/"]}]},{"@type":"ImageObject","inLanguage":"es","@id":"https:\/\/www.3tech-dental.com\/es\/producto\/contra-angulo-azul\/#primaryimage","url":"https:\/\/www.3tech-dental.com\/wp-content\/uploads\/2018\/09\/3T0518125_Visuel_Contre-angle-L-40-scaled.jpg","contentUrl":"https:\/\/www.3tech-dental.com\/wp-content\/uploads\/2018\/09\/3T0518125_Visuel_Contre-angle-L-40-scaled.jpg","width":2560,"height":2560},{"@type":"BreadcrumbList","@id":"https:\/\/www.3tech-dental.com\/es\/producto\/contra-angulo-azul\/#breadcrumb","itemListElement":[{"@type":"ListItem","position":1,"name":"Accueil","item":"https:\/\/www.3tech-dental.com\/es\/"},{"@type":"ListItem","position":2,"name":"Nuestra gama","item":"https:\/\/www.3tech-dental.com\/es\/nuestra-gama\/"},{"@type":"ListItem","position":3,"name":"Contra-\u00e1ngulo azul"}]},{"@type":"WebSite","@id":"https:\/\/www.3tech-dental.com\/#website","url":"https:\/\/www.3tech-dental.com\/","name":"3TECH","description":"Equipez-vous malin !","publisher":{"@id":"https:\/\/www.3tech-dental.com\/#organization"},"potentialAction":[{"@type":"SearchAction","target":{"@type":"EntryPoint","urlTemplate":"https:\/\/www.3tech-dental.com\/?s={search_term_string}"},"query-input":{"@type":"PropertyValueSpecification","valueRequired":true,"valueName":"search_term_string"}}],"inLanguage":"es"},{"@type":"Organization","@id":"https:\/\/www.3tech-dental.com\/#organization","name":"3TECH","url":"https:\/\/www.3tech-dental.com\/","logo":{"@type":"ImageObject","inLanguage":"es","@id":"https:\/\/www.3tech-dental.com\/#\/schema\/logo\/image\/","url":"https:\/\/www.3tech-dental.com\/wp-content\/uploads\/2017\/11\/logo@2x.png","contentUrl":"https:\/\/www.3tech-dental.com\/wp-content\/uploads\/2017\/11\/logo@2x.png","width":736,"height":193,"caption":"3TECH"},"image":{"@id":"https:\/\/www.3tech-dental.com\/#\/schema\/logo\/image\/"}}]}},"_links":{"self":[{"href":"https:\/\/www.3tech-dental.com\/es\/wp-json\/wp\/v2\/product\/3649"}],"collection":[{"href":"https:\/\/www.3tech-dental.com\/es\/wp-json\/wp\/v2\/product"}],"about":[{"href":"https:\/\/www.3tech-dental.com\/es\/wp-json\/wp\/v2\/types\/product"}],"wp:featuredmedia":[{"embeddable":true,"href":"https:\/\/www.3tech-dental.com\/es\/wp-json\/wp\/v2\/media\/3650"}],"wp:attachment":[{"href":"https:\/\/www.3tech-dental.com\/es\/wp-json\/wp\/v2\/media?parent=3649"}],"wp:term":[{"taxonomy":"product_cat","embeddable":true,"href":"https:\/\/www.3tech-dental.com\/es\/wp-json\/wp\/v2\/product_cat?post=3649"},{"taxonomy":"product_tag","embeddable":true,"href":"https:\/\/www.3tech-dental.com\/es\/wp-json\/wp\/v2\/product_tag?post=3649"}],"curies":[{"name":"wp","href":"https:\/\/api.w.org\/{rel}","templated":true}]}}