{"id":3652,"date":"2021-02-13T13:57:07","date_gmt":"2021-02-22T10:25:43","guid":{"rendered":"https:\/\/www.3tech-dental.com\/?post_type=product&#038;p=3652"},"modified":"2022-02-14T17:16:48","modified_gmt":"2022-02-14T16:16:48","slug":"contra-angulo-implant","status":"publish","type":"product","link":"https:\/\/www.3tech-dental.com\/es\/producto\/contra-angulo-implant\/","title":{"rendered":"Contra-\u00e1ngulo implant"},"content":{"rendered":"<div class=\"specs\"><strong><b>Velocidad m\u00e1xima <\/b>:<\/strong>\u00a0 2 000 tr\/min<br \/>\n<strong><b>Relaci\u00f3n de velocidad <\/b> :<\/strong> 20:1<br \/>\n<strong><b>Fresa<\/b>: <\/strong>\u00d8 2,35 mm<\/div>\n<div class=\"specs\">Se desmonta f\u00e1cilmente para un mantenimiento impecable<\/div>\n<div class=\"specs\"><strong><b>Intensidad luminosa <\/b> :<\/strong>\u00a025 000 LUX<br \/>\n<strong>Do<b>Sistema de riego doble <\/b><\/strong> : interno\/externo<\/div>\n<div class=\"specs\"><strong>Spray : <\/strong>1<\/div>\n<div class=\"specs\">Se adapta a todos los motores de cirug\u00eda de tipo E<\/div>\n<div class=\"specs\">Bot\u00f3n pulsador<br \/>\n<strong>Peso :<\/strong> 86 g<br \/>\n<strong>Garan<b>t\u00eda <\/b> :<\/strong> 1 a\u00f1o<\/div>\n","protected":false},"excerpt":{"rendered":"<p>Velocidad m\u00e1xima :\u00a0 2 000 tr\/min Relaci\u00f3n de velocidad : 20:1 Fresa: \u00d8 2,35 mm Se desmonta f\u00e1cilmente para un mantenimiento impecable Intensidad luminosa :\u00a025 000 LUX DoSistema de riego doble : interno\/externo Spray : 1 Se adapta a todos los motores de cirug\u00eda de tipo E Bot\u00f3n pulsador Peso : 86 g Garant\u00eda : [&hellip;]<\/p>\n","protected":false},"featured_media":1771,"template":"","meta":{"_acf_changed":false},"product_cat":[71],"product_tag":[],"class_list":{"0":"post-3652","1":"product","2":"type-product","3":"status-publish","4":"has-post-thumbnail","6":"product_cat-produits","8":"first","9":"instock","10":"shipping-taxable","11":"product-type-simple"},"acf":[],"yoast_head":"<!-- This site is optimized with the Yoast SEO plugin v23.7 - https:\/\/yoast.com\/wordpress\/plugins\/seo\/ -->\n<title>Contra-\u00e1ngulo implant - 3TECH<\/title>\n<meta name=\"robots\" content=\"index, follow, max-snippet:-1, max-image-preview:large, max-video-preview:-1\" \/>\n<link rel=\"canonical\" href=\"https:\/\/www.3tech-dental.com\/es\/producto\/contra-angulo-implant\/\" \/>\n<meta property=\"og:locale\" content=\"es_ES\" \/>\n<meta property=\"og:type\" content=\"article\" \/>\n<meta property=\"og:title\" content=\"Contra-\u00e1ngulo implant - 3TECH\" \/>\n<meta property=\"og:description\" content=\"Velocidad m\u00e1xima :\u00a0 2 000 tr\/min Relaci\u00f3n de velocidad : 20:1 Fresa: \u00d8 2,35 mm Se desmonta f\u00e1cilmente para un mantenimiento impecable Intensidad luminosa :\u00a025 000 LUX DoSistema de riego doble : interno\/externo Spray : 1 Se adapta a todos los motores de cirug\u00eda de tipo E Bot\u00f3n pulsador Peso : 86 g Garant\u00eda : [&hellip;]\" \/>\n<meta property=\"og:url\" content=\"https:\/\/www.3tech-dental.com\/es\/producto\/contra-angulo-implant\/\" \/>\n<meta property=\"og:site_name\" content=\"3TECH\" \/>\n<meta property=\"article:modified_time\" content=\"2022-02-14T16:16:48+00:00\" \/>\n<meta property=\"og:image\" content=\"https:\/\/www.3tech-dental.com\/wp-content\/uploads\/2019\/11\/Contre-angle_New_1_RVB.jpg\" \/>\n\t<meta property=\"og:image:width\" content=\"2000\" \/>\n\t<meta property=\"og:image:height\" content=\"2000\" \/>\n\t<meta property=\"og:image:type\" content=\"image\/jpeg\" \/>\n<meta name=\"twitter:card\" content=\"summary_large_image\" \/>\n<meta name=\"twitter:label1\" content=\"Tiempo de lectura\" \/>\n\t<meta name=\"twitter:data1\" content=\"1 minuto\" \/>\n<script type=\"application\/ld+json\" class=\"yoast-schema-graph\">{\"@context\":\"https:\/\/schema.org\",\"@graph\":[{\"@type\":\"WebPage\",\"@id\":\"https:\/\/www.3tech-dental.com\/es\/producto\/contra-angulo-implant\/\",\"url\":\"https:\/\/www.3tech-dental.com\/es\/producto\/contra-angulo-implant\/\",\"name\":\"Contra-\u00e1ngulo implant - 3TECH\",\"isPartOf\":{\"@id\":\"https:\/\/www.3tech-dental.com\/#website\"},\"primaryImageOfPage\":{\"@id\":\"https:\/\/www.3tech-dental.com\/es\/producto\/contra-angulo-implant\/#primaryimage\"},\"image\":{\"@id\":\"https:\/\/www.3tech-dental.com\/es\/producto\/contra-angulo-implant\/#primaryimage\"},\"thumbnailUrl\":\"https:\/\/www.3tech-dental.com\/wp-content\/uploads\/2019\/11\/Contre-angle_New_1_RVB.jpg\",\"datePublished\":\"2021-02-22T10:25:43+00:00\",\"dateModified\":\"2022-02-14T16:16:48+00:00\",\"breadcrumb\":{\"@id\":\"https:\/\/www.3tech-dental.com\/es\/producto\/contra-angulo-implant\/#breadcrumb\"},\"inLanguage\":\"es\",\"potentialAction\":[{\"@type\":\"ReadAction\",\"target\":[\"https:\/\/www.3tech-dental.com\/es\/producto\/contra-angulo-implant\/\"]}]},{\"@type\":\"ImageObject\",\"inLanguage\":\"es\",\"@id\":\"https:\/\/www.3tech-dental.com\/es\/producto\/contra-angulo-implant\/#primaryimage\",\"url\":\"https:\/\/www.3tech-dental.com\/wp-content\/uploads\/2019\/11\/Contre-angle_New_1_RVB.jpg\",\"contentUrl\":\"https:\/\/www.3tech-dental.com\/wp-content\/uploads\/2019\/11\/Contre-angle_New_1_RVB.jpg\",\"width\":2000,\"height\":2000},{\"@type\":\"BreadcrumbList\",\"@id\":\"https:\/\/www.3tech-dental.com\/es\/producto\/contra-angulo-implant\/#breadcrumb\",\"itemListElement\":[{\"@type\":\"ListItem\",\"position\":1,\"name\":\"Accueil\",\"item\":\"https:\/\/www.3tech-dental.com\/es\/\"},{\"@type\":\"ListItem\",\"position\":2,\"name\":\"Nuestra gama\",\"item\":\"https:\/\/www.3tech-dental.com\/es\/nuestra-gama\/\"},{\"@type\":\"ListItem\",\"position\":3,\"name\":\"Contra-\u00e1ngulo implant\"}]},{\"@type\":\"WebSite\",\"@id\":\"https:\/\/www.3tech-dental.com\/#website\",\"url\":\"https:\/\/www.3tech-dental.com\/\",\"name\":\"3TECH\",\"description\":\"Equipez-vous malin !\",\"publisher\":{\"@id\":\"https:\/\/www.3tech-dental.com\/#organization\"},\"potentialAction\":[{\"@type\":\"SearchAction\",\"target\":{\"@type\":\"EntryPoint\",\"urlTemplate\":\"https:\/\/www.3tech-dental.com\/?s={search_term_string}\"},\"query-input\":{\"@type\":\"PropertyValueSpecification\",\"valueRequired\":true,\"valueName\":\"search_term_string\"}}],\"inLanguage\":\"es\"},{\"@type\":\"Organization\",\"@id\":\"https:\/\/www.3tech-dental.com\/#organization\",\"name\":\"3TECH\",\"url\":\"https:\/\/www.3tech-dental.com\/\",\"logo\":{\"@type\":\"ImageObject\",\"inLanguage\":\"es\",\"@id\":\"https:\/\/www.3tech-dental.com\/#\/schema\/logo\/image\/\",\"url\":\"https:\/\/www.3tech-dental.com\/wp-content\/uploads\/2017\/11\/logo@2x.png\",\"contentUrl\":\"https:\/\/www.3tech-dental.com\/wp-content\/uploads\/2017\/11\/logo@2x.png\",\"width\":736,\"height\":193,\"caption\":\"3TECH\"},\"image\":{\"@id\":\"https:\/\/www.3tech-dental.com\/#\/schema\/logo\/image\/\"}}]}<\/script>\n<!-- \/ Yoast SEO plugin. -->","yoast_head_json":{"title":"Contra-\u00e1ngulo implant - 3TECH","robots":{"index":"index","follow":"follow","max-snippet":"max-snippet:-1","max-image-preview":"max-image-preview:large","max-video-preview":"max-video-preview:-1"},"canonical":"https:\/\/www.3tech-dental.com\/es\/producto\/contra-angulo-implant\/","og_locale":"es_ES","og_type":"article","og_title":"Contra-\u00e1ngulo implant - 3TECH","og_description":"Velocidad m\u00e1xima :\u00a0 2 000 tr\/min Relaci\u00f3n de velocidad : 20:1 Fresa: \u00d8 2,35 mm Se desmonta f\u00e1cilmente para un mantenimiento impecable Intensidad luminosa :\u00a025 000 LUX DoSistema de riego doble : interno\/externo Spray : 1 Se adapta a todos los motores de cirug\u00eda de tipo E Bot\u00f3n pulsador Peso : 86 g Garant\u00eda : [&hellip;]","og_url":"https:\/\/www.3tech-dental.com\/es\/producto\/contra-angulo-implant\/","og_site_name":"3TECH","article_modified_time":"2022-02-14T16:16:48+00:00","og_image":[{"width":2000,"height":2000,"url":"https:\/\/www.3tech-dental.com\/wp-content\/uploads\/2019\/11\/Contre-angle_New_1_RVB.jpg","type":"image\/jpeg"}],"twitter_card":"summary_large_image","twitter_misc":{"Tiempo de lectura":"1 minuto"},"schema":{"@context":"https:\/\/schema.org","@graph":[{"@type":"WebPage","@id":"https:\/\/www.3tech-dental.com\/es\/producto\/contra-angulo-implant\/","url":"https:\/\/www.3tech-dental.com\/es\/producto\/contra-angulo-implant\/","name":"Contra-\u00e1ngulo implant - 3TECH","isPartOf":{"@id":"https:\/\/www.3tech-dental.com\/#website"},"primaryImageOfPage":{"@id":"https:\/\/www.3tech-dental.com\/es\/producto\/contra-angulo-implant\/#primaryimage"},"image":{"@id":"https:\/\/www.3tech-dental.com\/es\/producto\/contra-angulo-implant\/#primaryimage"},"thumbnailUrl":"https:\/\/www.3tech-dental.com\/wp-content\/uploads\/2019\/11\/Contre-angle_New_1_RVB.jpg","datePublished":"2021-02-22T10:25:43+00:00","dateModified":"2022-02-14T16:16:48+00:00","breadcrumb":{"@id":"https:\/\/www.3tech-dental.com\/es\/producto\/contra-angulo-implant\/#breadcrumb"},"inLanguage":"es","potentialAction":[{"@type":"ReadAction","target":["https:\/\/www.3tech-dental.com\/es\/producto\/contra-angulo-implant\/"]}]},{"@type":"ImageObject","inLanguage":"es","@id":"https:\/\/www.3tech-dental.com\/es\/producto\/contra-angulo-implant\/#primaryimage","url":"https:\/\/www.3tech-dental.com\/wp-content\/uploads\/2019\/11\/Contre-angle_New_1_RVB.jpg","contentUrl":"https:\/\/www.3tech-dental.com\/wp-content\/uploads\/2019\/11\/Contre-angle_New_1_RVB.jpg","width":2000,"height":2000},{"@type":"BreadcrumbList","@id":"https:\/\/www.3tech-dental.com\/es\/producto\/contra-angulo-implant\/#breadcrumb","itemListElement":[{"@type":"ListItem","position":1,"name":"Accueil","item":"https:\/\/www.3tech-dental.com\/es\/"},{"@type":"ListItem","position":2,"name":"Nuestra gama","item":"https:\/\/www.3tech-dental.com\/es\/nuestra-gama\/"},{"@type":"ListItem","position":3,"name":"Contra-\u00e1ngulo implant"}]},{"@type":"WebSite","@id":"https:\/\/www.3tech-dental.com\/#website","url":"https:\/\/www.3tech-dental.com\/","name":"3TECH","description":"Equipez-vous malin !","publisher":{"@id":"https:\/\/www.3tech-dental.com\/#organization"},"potentialAction":[{"@type":"SearchAction","target":{"@type":"EntryPoint","urlTemplate":"https:\/\/www.3tech-dental.com\/?s={search_term_string}"},"query-input":{"@type":"PropertyValueSpecification","valueRequired":true,"valueName":"search_term_string"}}],"inLanguage":"es"},{"@type":"Organization","@id":"https:\/\/www.3tech-dental.com\/#organization","name":"3TECH","url":"https:\/\/www.3tech-dental.com\/","logo":{"@type":"ImageObject","inLanguage":"es","@id":"https:\/\/www.3tech-dental.com\/#\/schema\/logo\/image\/","url":"https:\/\/www.3tech-dental.com\/wp-content\/uploads\/2017\/11\/logo@2x.png","contentUrl":"https:\/\/www.3tech-dental.com\/wp-content\/uploads\/2017\/11\/logo@2x.png","width":736,"height":193,"caption":"3TECH"},"image":{"@id":"https:\/\/www.3tech-dental.com\/#\/schema\/logo\/image\/"}}]}},"_links":{"self":[{"href":"https:\/\/www.3tech-dental.com\/es\/wp-json\/wp\/v2\/product\/3652"}],"collection":[{"href":"https:\/\/www.3tech-dental.com\/es\/wp-json\/wp\/v2\/product"}],"about":[{"href":"https:\/\/www.3tech-dental.com\/es\/wp-json\/wp\/v2\/types\/product"}],"wp:featuredmedia":[{"embeddable":true,"href":"https:\/\/www.3tech-dental.com\/es\/wp-json\/wp\/v2\/media\/1771"}],"wp:attachment":[{"href":"https:\/\/www.3tech-dental.com\/es\/wp-json\/wp\/v2\/media?parent=3652"}],"wp:term":[{"taxonomy":"product_cat","embeddable":true,"href":"https:\/\/www.3tech-dental.com\/es\/wp-json\/wp\/v2\/product_cat?post=3652"},{"taxonomy":"product_tag","embeddable":true,"href":"https:\/\/www.3tech-dental.com\/es\/wp-json\/wp\/v2\/product_tag?post=3652"}],"curies":[{"name":"wp","href":"https:\/\/api.w.org\/{rel}","templated":true}]}}