{"id":3657,"date":"2021-02-13T16:59:18","date_gmt":"2021-02-22T14:53:43","guid":{"rendered":"https:\/\/www.3tech-dental.com\/?post_type=product&#038;p=3657"},"modified":"2024-02-21T12:25:23","modified_gmt":"2024-02-21T11:25:23","slug":"detector-de-caries","status":"publish","type":"product","link":"https:\/\/www.3tech-dental.com\/es\/producto\/detector-de-caries\/","title":{"rendered":"Detector de caries"},"content":{"rendered":"<p><strong>Intensidad luminosa:<\/strong> 40-280 mW\/cm\u00b2<br \/>\n<strong>Longitud de onda:<\/strong> 380-420 nm<br \/>\n<strong>Tama\u00f1o del dispositivo con fibra \u00f3ptica montada:<\/strong> 17,5 cm<br \/>\n<strong>LED de larga duraci\u00f3n:<\/strong> 100 000 horas<br \/>\nBater\u00eda recargable, m\u00e1s de 2 horas de uso continuo despu\u00e9s de la recarga<br \/>\n<b>F\u00e1cil de usar:<\/b> solo un bot\u00f3n<br \/>\n<strong>Incluye una base de carga, dos fibras \u00f3pticas una de 90\u00b0 para dientes anteriores y otra de 140\u00b0 para molares ,un adaptador y gafas de protecci\u00f3n.<\/strong><br \/>\n<b>Peso (incluida la fibra \u00f3ptica):<\/b> 84.2 g<\/p>\n<p><strong>Garant\u00eda:<\/strong> 1 a\u00f1o<\/p>\n","protected":false},"excerpt":{"rendered":"<p>Intensidad luminosa: 40-280 mW\/cm\u00b2 Longitud de onda: 380-420 nm Tama\u00f1o del dispositivo con fibra \u00f3ptica montada: 17,5 cm LED de larga duraci\u00f3n: 100 000 horas Bater\u00eda recargable, m\u00e1s de 2 horas de uso continuo despu\u00e9s de la recarga F\u00e1cil de usar: solo un bot\u00f3n Incluye una base de carga, dos fibras \u00f3pticas una de 90\u00b0 [&hellip;]<\/p>\n","protected":false},"featured_media":3429,"template":"","meta":{"_acf_changed":false},"product_cat":[90],"product_tag":[],"class_list":{"0":"post-3657","1":"product","2":"type-product","3":"status-publish","4":"has-post-thumbnail","6":"product_cat-productos","8":"first","9":"instock","10":"shipping-taxable","11":"product-type-simple"},"acf":[],"yoast_head":"<!-- This site is optimized with the Yoast SEO plugin v23.7 - https:\/\/yoast.com\/wordpress\/plugins\/seo\/ -->\n<title>Detector de caries - 3TECH<\/title>\n<meta name=\"robots\" content=\"index, follow, max-snippet:-1, max-image-preview:large, max-video-preview:-1\" \/>\n<link rel=\"canonical\" href=\"https:\/\/www.3tech-dental.com\/es\/producto\/detector-de-caries\/\" \/>\n<meta property=\"og:locale\" content=\"es_ES\" \/>\n<meta property=\"og:type\" content=\"article\" \/>\n<meta property=\"og:title\" content=\"Detector de caries - 3TECH\" \/>\n<meta property=\"og:description\" content=\"Intensidad luminosa: 40-280 mW\/cm\u00b2 Longitud de onda: 380-420 nm Tama\u00f1o del dispositivo con fibra \u00f3ptica montada: 17,5 cm LED de larga duraci\u00f3n: 100 000 horas Bater\u00eda recargable, m\u00e1s de 2 horas de uso continuo despu\u00e9s de la recarga F\u00e1cil de usar: solo un bot\u00f3n Incluye una base de carga, dos fibras \u00f3pticas una de 90\u00b0 [&hellip;]\" \/>\n<meta property=\"og:url\" content=\"https:\/\/www.3tech-dental.com\/es\/producto\/detector-de-caries\/\" \/>\n<meta property=\"og:site_name\" content=\"3TECH\" \/>\n<meta property=\"article:modified_time\" content=\"2024-02-21T11:25:23+00:00\" \/>\n<meta property=\"og:image\" content=\"https:\/\/www.3tech-dental.com\/wp-content\/uploads\/2021\/02\/Studio_Project-2.jpeg\" \/>\n\t<meta property=\"og:image:width\" content=\"970\" \/>\n\t<meta property=\"og:image:height\" content=\"970\" \/>\n\t<meta property=\"og:image:type\" content=\"image\/jpeg\" \/>\n<meta name=\"twitter:card\" content=\"summary_large_image\" \/>\n<meta name=\"twitter:label1\" content=\"Tiempo de lectura\" \/>\n\t<meta name=\"twitter:data1\" content=\"1 minuto\" \/>\n<script type=\"application\/ld+json\" class=\"yoast-schema-graph\">{\"@context\":\"https:\/\/schema.org\",\"@graph\":[{\"@type\":\"WebPage\",\"@id\":\"https:\/\/www.3tech-dental.com\/es\/producto\/detector-de-caries\/\",\"url\":\"https:\/\/www.3tech-dental.com\/es\/producto\/detector-de-caries\/\",\"name\":\"Detector de caries - 3TECH\",\"isPartOf\":{\"@id\":\"https:\/\/www.3tech-dental.com\/#website\"},\"primaryImageOfPage\":{\"@id\":\"https:\/\/www.3tech-dental.com\/es\/producto\/detector-de-caries\/#primaryimage\"},\"image\":{\"@id\":\"https:\/\/www.3tech-dental.com\/es\/producto\/detector-de-caries\/#primaryimage\"},\"thumbnailUrl\":\"https:\/\/www.3tech-dental.com\/wp-content\/uploads\/2021\/02\/Studio_Project-2.jpeg\",\"datePublished\":\"2021-02-22T14:53:43+00:00\",\"dateModified\":\"2024-02-21T11:25:23+00:00\",\"breadcrumb\":{\"@id\":\"https:\/\/www.3tech-dental.com\/es\/producto\/detector-de-caries\/#breadcrumb\"},\"inLanguage\":\"es\",\"potentialAction\":[{\"@type\":\"ReadAction\",\"target\":[\"https:\/\/www.3tech-dental.com\/es\/producto\/detector-de-caries\/\"]}]},{\"@type\":\"ImageObject\",\"inLanguage\":\"es\",\"@id\":\"https:\/\/www.3tech-dental.com\/es\/producto\/detector-de-caries\/#primaryimage\",\"url\":\"https:\/\/www.3tech-dental.com\/wp-content\/uploads\/2021\/02\/Studio_Project-2.jpeg\",\"contentUrl\":\"https:\/\/www.3tech-dental.com\/wp-content\/uploads\/2021\/02\/Studio_Project-2.jpeg\",\"width\":\"970\",\"height\":\"970\"},{\"@type\":\"BreadcrumbList\",\"@id\":\"https:\/\/www.3tech-dental.com\/es\/producto\/detector-de-caries\/#breadcrumb\",\"itemListElement\":[{\"@type\":\"ListItem\",\"position\":1,\"name\":\"Accueil\",\"item\":\"https:\/\/www.3tech-dental.com\/es\/\"},{\"@type\":\"ListItem\",\"position\":2,\"name\":\"Nuestra gama\",\"item\":\"https:\/\/www.3tech-dental.com\/es\/nuestra-gama\/\"},{\"@type\":\"ListItem\",\"position\":3,\"name\":\"Detector de caries\"}]},{\"@type\":\"WebSite\",\"@id\":\"https:\/\/www.3tech-dental.com\/#website\",\"url\":\"https:\/\/www.3tech-dental.com\/\",\"name\":\"3TECH\",\"description\":\"Equipez-vous malin !\",\"publisher\":{\"@id\":\"https:\/\/www.3tech-dental.com\/#organization\"},\"potentialAction\":[{\"@type\":\"SearchAction\",\"target\":{\"@type\":\"EntryPoint\",\"urlTemplate\":\"https:\/\/www.3tech-dental.com\/?s={search_term_string}\"},\"query-input\":{\"@type\":\"PropertyValueSpecification\",\"valueRequired\":true,\"valueName\":\"search_term_string\"}}],\"inLanguage\":\"es\"},{\"@type\":\"Organization\",\"@id\":\"https:\/\/www.3tech-dental.com\/#organization\",\"name\":\"3TECH\",\"url\":\"https:\/\/www.3tech-dental.com\/\",\"logo\":{\"@type\":\"ImageObject\",\"inLanguage\":\"es\",\"@id\":\"https:\/\/www.3tech-dental.com\/#\/schema\/logo\/image\/\",\"url\":\"https:\/\/www.3tech-dental.com\/wp-content\/uploads\/2017\/11\/logo@2x.png\",\"contentUrl\":\"https:\/\/www.3tech-dental.com\/wp-content\/uploads\/2017\/11\/logo@2x.png\",\"width\":736,\"height\":193,\"caption\":\"3TECH\"},\"image\":{\"@id\":\"https:\/\/www.3tech-dental.com\/#\/schema\/logo\/image\/\"}}]}<\/script>\n<!-- \/ Yoast SEO plugin. -->","yoast_head_json":{"title":"Detector de caries - 3TECH","robots":{"index":"index","follow":"follow","max-snippet":"max-snippet:-1","max-image-preview":"max-image-preview:large","max-video-preview":"max-video-preview:-1"},"canonical":"https:\/\/www.3tech-dental.com\/es\/producto\/detector-de-caries\/","og_locale":"es_ES","og_type":"article","og_title":"Detector de caries - 3TECH","og_description":"Intensidad luminosa: 40-280 mW\/cm\u00b2 Longitud de onda: 380-420 nm Tama\u00f1o del dispositivo con fibra \u00f3ptica montada: 17,5 cm LED de larga duraci\u00f3n: 100 000 horas Bater\u00eda recargable, m\u00e1s de 2 horas de uso continuo despu\u00e9s de la recarga F\u00e1cil de usar: solo un bot\u00f3n Incluye una base de carga, dos fibras \u00f3pticas una de 90\u00b0 [&hellip;]","og_url":"https:\/\/www.3tech-dental.com\/es\/producto\/detector-de-caries\/","og_site_name":"3TECH","article_modified_time":"2024-02-21T11:25:23+00:00","og_image":[{"width":970,"height":970,"url":"https:\/\/www.3tech-dental.com\/wp-content\/uploads\/2021\/02\/Studio_Project-2.jpeg","type":"image\/jpeg"}],"twitter_card":"summary_large_image","twitter_misc":{"Tiempo de lectura":"1 minuto"},"schema":{"@context":"https:\/\/schema.org","@graph":[{"@type":"WebPage","@id":"https:\/\/www.3tech-dental.com\/es\/producto\/detector-de-caries\/","url":"https:\/\/www.3tech-dental.com\/es\/producto\/detector-de-caries\/","name":"Detector de caries - 3TECH","isPartOf":{"@id":"https:\/\/www.3tech-dental.com\/#website"},"primaryImageOfPage":{"@id":"https:\/\/www.3tech-dental.com\/es\/producto\/detector-de-caries\/#primaryimage"},"image":{"@id":"https:\/\/www.3tech-dental.com\/es\/producto\/detector-de-caries\/#primaryimage"},"thumbnailUrl":"https:\/\/www.3tech-dental.com\/wp-content\/uploads\/2021\/02\/Studio_Project-2.jpeg","datePublished":"2021-02-22T14:53:43+00:00","dateModified":"2024-02-21T11:25:23+00:00","breadcrumb":{"@id":"https:\/\/www.3tech-dental.com\/es\/producto\/detector-de-caries\/#breadcrumb"},"inLanguage":"es","potentialAction":[{"@type":"ReadAction","target":["https:\/\/www.3tech-dental.com\/es\/producto\/detector-de-caries\/"]}]},{"@type":"ImageObject","inLanguage":"es","@id":"https:\/\/www.3tech-dental.com\/es\/producto\/detector-de-caries\/#primaryimage","url":"https:\/\/www.3tech-dental.com\/wp-content\/uploads\/2021\/02\/Studio_Project-2.jpeg","contentUrl":"https:\/\/www.3tech-dental.com\/wp-content\/uploads\/2021\/02\/Studio_Project-2.jpeg","width":"970","height":"970"},{"@type":"BreadcrumbList","@id":"https:\/\/www.3tech-dental.com\/es\/producto\/detector-de-caries\/#breadcrumb","itemListElement":[{"@type":"ListItem","position":1,"name":"Accueil","item":"https:\/\/www.3tech-dental.com\/es\/"},{"@type":"ListItem","position":2,"name":"Nuestra gama","item":"https:\/\/www.3tech-dental.com\/es\/nuestra-gama\/"},{"@type":"ListItem","position":3,"name":"Detector de caries"}]},{"@type":"WebSite","@id":"https:\/\/www.3tech-dental.com\/#website","url":"https:\/\/www.3tech-dental.com\/","name":"3TECH","description":"Equipez-vous malin !","publisher":{"@id":"https:\/\/www.3tech-dental.com\/#organization"},"potentialAction":[{"@type":"SearchAction","target":{"@type":"EntryPoint","urlTemplate":"https:\/\/www.3tech-dental.com\/?s={search_term_string}"},"query-input":{"@type":"PropertyValueSpecification","valueRequired":true,"valueName":"search_term_string"}}],"inLanguage":"es"},{"@type":"Organization","@id":"https:\/\/www.3tech-dental.com\/#organization","name":"3TECH","url":"https:\/\/www.3tech-dental.com\/","logo":{"@type":"ImageObject","inLanguage":"es","@id":"https:\/\/www.3tech-dental.com\/#\/schema\/logo\/image\/","url":"https:\/\/www.3tech-dental.com\/wp-content\/uploads\/2017\/11\/logo@2x.png","contentUrl":"https:\/\/www.3tech-dental.com\/wp-content\/uploads\/2017\/11\/logo@2x.png","width":736,"height":193,"caption":"3TECH"},"image":{"@id":"https:\/\/www.3tech-dental.com\/#\/schema\/logo\/image\/"}}]}},"_links":{"self":[{"href":"https:\/\/www.3tech-dental.com\/es\/wp-json\/wp\/v2\/product\/3657"}],"collection":[{"href":"https:\/\/www.3tech-dental.com\/es\/wp-json\/wp\/v2\/product"}],"about":[{"href":"https:\/\/www.3tech-dental.com\/es\/wp-json\/wp\/v2\/types\/product"}],"wp:featuredmedia":[{"embeddable":true,"href":"https:\/\/www.3tech-dental.com\/es\/wp-json\/wp\/v2\/media\/3429"}],"wp:attachment":[{"href":"https:\/\/www.3tech-dental.com\/es\/wp-json\/wp\/v2\/media?parent=3657"}],"wp:term":[{"taxonomy":"product_cat","embeddable":true,"href":"https:\/\/www.3tech-dental.com\/es\/wp-json\/wp\/v2\/product_cat?post=3657"},{"taxonomy":"product_tag","embeddable":true,"href":"https:\/\/www.3tech-dental.com\/es\/wp-json\/wp\/v2\/product_tag?post=3657"}],"curies":[{"name":"wp","href":"https:\/\/api.w.org\/{rel}","templated":true}]}}