{"id":3659,"date":"2021-02-13T19:10:42","date_gmt":"2021-02-22T14:56:53","guid":{"rendered":"https:\/\/www.3tech-dental.com\/?post_type=product&#038;p=3659"},"modified":"2024-02-20T10:30:09","modified_gmt":"2024-02-20T09:30:09","slug":"implant-unit-power","status":"publish","type":"product","link":"https:\/\/www.3tech-dental.com\/es\/producto\/implant-unit-power\/","title":{"rendered":"Motor de implantes"},"content":{"rendered":"<p style=\"text-align: left;\"><strong>MOTOR DE IMPLANTES<\/strong><\/p>\n<p><span class=\"product-stitle\">Motor de implantolog\u00eda para la cirug\u00eda de precisi\u00f3n<\/span><\/p>\n<p>Sistema de alto rendimiento y precisi\u00f3n<br \/>\nAhorro de tiempo con una interfaz intuitiva<br \/>\nAjuste de la memoria de los par\u00e1metros<br \/>\nSelecci\u00f3n de rotaci\u00f3n hacia adelante\/atr\u00e1s<br \/>\n<strong>Rango de velocidad\u00a0:<\/strong> 300 &#8211; 40 000 rpm<br \/>\n<strong>Seis niveles de flujo de agua :<\/strong> 0 %, 20 %, 40 %, 60 %, 80 % y 100 %<br \/>\n<strong>Intervalo de momento de torsi\u00f3n\u00a0:<\/strong> 5-80 Ncm<br \/>\n<strong>Dimensiones :<\/strong> 276 x 267 x 110 mm<br \/>\n<strong>Tama\u00f1o de la pantalla\u00a0:<\/strong> 152 x 84 mm<br \/>\n<strong>Volumen m\u00e1ximo de agua\u00a0:<\/strong> 110 ml\/min<br \/>\n<strong>Longitud del cable motor :<\/strong> 2 m<br \/>\n<strong>Longitud del cord\u00f3n del pedal :<\/strong> 2,8 m<br \/>\n<strong>Peso de la unidad principal\u00a0:<\/strong> 3,54 kg<br \/>\n<strong>Contenido :<\/strong> 1 unidad principal, 10 pinzas de la manguera,\u00a0 1 cable de alimentaci\u00f3n,<br \/>\n4 juntas t\u00f3rica (motor), 1 portapieza de mano, 1 pedal, 4 l\u00edneas de irrigaci\u00f3n desechable, 1 pieza de mano de motor, 1 portafrasco de perfusi\u00f3n, 2 fusibles de recambio, 2 tap\u00f3nes de desinfecci\u00f3n, 1 manual de instrucciones.<\/p>\n<p><strong>Garant\u00eda:<\/strong> 2 a\u00f1os<\/p>\n<p>El motor es compatible con el sistema de irrigaci\u00f3n HYGITECH UNIVERSAL<\/p>\n<p style=\"text-align: left;\"><strong>ACCESORIOS<\/strong><\/p>\n<p><span class=\"product-stitle\">Cable de conexi\u00f3n y micromotor para la unidad de implotolog\u00eda IMPLANT UNIT POWER PRO<\/span><\/p>\n<p>2 colores de punta de conexi\u00f3n disponibles (negro y gris, colores diferentes seg\u00fan las posiciones de los pines): <strong>a elegir seg\u00fan el color del MOTOR IMPLANT UNIT POWER PRO.<\/strong><\/p>\n<p><strong>Longitud del cable de motor \u2248<\/strong> 2 m<br \/>\n<strong>Disponible en 2 colores :<\/strong> gris et negro (seg\u00fan la punta,<br \/>\npida el color correspondiente)<br \/>\n<strong>Peso \u2248<\/strong> 0,185 kg<\/p>\n<p><strong>Garant\u00eda :<\/strong> 1 ano<\/p>\n<p><span class=\"product-stitle\">Pedal de recambio para IMPLANT UNIT POWER PRO MOTOR<\/span><\/p>\n<p>Permite elegir el programa, la salida de agua y el movimiento de avance y retroceso<br \/>\nFuera de clase directiva<br \/>\n<strong>Longitud del cable:<\/strong> 2,8 m<\/p>\n<p><strong>Garant\u00eda:<\/strong> 1 a\u00f1o<\/p>\n","protected":false},"excerpt":{"rendered":"<p>MOTOR DE IMPLANTES Motor de implantolog\u00eda para la cirug\u00eda de precisi\u00f3n Sistema de alto rendimiento y precisi\u00f3n Ahorro de tiempo con una interfaz intuitiva Ajuste de la memoria de los par\u00e1metros Selecci\u00f3n de rotaci\u00f3n hacia adelante\/atr\u00e1s Rango de velocidad\u00a0: 300 &#8211; 40 000 rpm Seis niveles de flujo de agua : 0 %, 20 %, [&hellip;]<\/p>\n","protected":false},"featured_media":3484,"template":"","meta":{"_acf_changed":false},"product_cat":[90],"product_tag":[],"class_list":{"0":"post-3659","1":"product","2":"type-product","3":"status-publish","4":"has-post-thumbnail","6":"product_cat-productos","8":"first","9":"instock","10":"shipping-taxable","11":"product-type-simple"},"acf":[],"yoast_head":"<!-- This site is optimized with the Yoast SEO plugin v23.7 - https:\/\/yoast.com\/wordpress\/plugins\/seo\/ -->\n<title>Motor de implantes - 3TECH<\/title>\n<meta name=\"robots\" content=\"index, follow, max-snippet:-1, max-image-preview:large, max-video-preview:-1\" \/>\n<link rel=\"canonical\" href=\"https:\/\/www.3tech-dental.com\/es\/producto\/implant-unit-power\/\" \/>\n<meta property=\"og:locale\" content=\"es_ES\" \/>\n<meta property=\"og:type\" content=\"article\" \/>\n<meta property=\"og:title\" content=\"Motor de implantes - 3TECH\" \/>\n<meta property=\"og:description\" content=\"MOTOR DE IMPLANTES Motor de implantolog\u00eda para la cirug\u00eda de precisi\u00f3n Sistema de alto rendimiento y precisi\u00f3n Ahorro de tiempo con una interfaz intuitiva Ajuste de la memoria de los par\u00e1metros Selecci\u00f3n de rotaci\u00f3n hacia adelante\/atr\u00e1s Rango de velocidad\u00a0: 300 &#8211; 40 000 rpm Seis niveles de flujo de agua : 0 %, 20 %, [&hellip;]\" \/>\n<meta property=\"og:url\" content=\"https:\/\/www.3tech-dental.com\/es\/producto\/implant-unit-power\/\" \/>\n<meta property=\"og:site_name\" content=\"3TECH\" \/>\n<meta property=\"article:modified_time\" content=\"2024-02-20T09:30:09+00:00\" \/>\n<meta property=\"og:image\" content=\"https:\/\/www.3tech-dental.com\/wp-content\/uploads\/2021\/02\/final_602986c6048a43008c327ee4_584514.png\" \/>\n\t<meta property=\"og:image:width\" content=\"1280\" \/>\n\t<meta property=\"og:image:height\" content=\"1280\" \/>\n\t<meta property=\"og:image:type\" content=\"image\/png\" \/>\n<meta name=\"twitter:card\" content=\"summary_large_image\" \/>\n<meta name=\"twitter:label1\" content=\"Tiempo de lectura\" \/>\n\t<meta name=\"twitter:data1\" content=\"2 minutos\" \/>\n<script type=\"application\/ld+json\" class=\"yoast-schema-graph\">{\"@context\":\"https:\/\/schema.org\",\"@graph\":[{\"@type\":\"WebPage\",\"@id\":\"https:\/\/www.3tech-dental.com\/es\/producto\/implant-unit-power\/\",\"url\":\"https:\/\/www.3tech-dental.com\/es\/producto\/implant-unit-power\/\",\"name\":\"Motor de implantes - 3TECH\",\"isPartOf\":{\"@id\":\"https:\/\/www.3tech-dental.com\/#website\"},\"primaryImageOfPage\":{\"@id\":\"https:\/\/www.3tech-dental.com\/es\/producto\/implant-unit-power\/#primaryimage\"},\"image\":{\"@id\":\"https:\/\/www.3tech-dental.com\/es\/producto\/implant-unit-power\/#primaryimage\"},\"thumbnailUrl\":\"https:\/\/www.3tech-dental.com\/wp-content\/uploads\/2021\/02\/final_602986c6048a43008c327ee4_584514.png\",\"datePublished\":\"2021-02-22T14:56:53+00:00\",\"dateModified\":\"2024-02-20T09:30:09+00:00\",\"breadcrumb\":{\"@id\":\"https:\/\/www.3tech-dental.com\/es\/producto\/implant-unit-power\/#breadcrumb\"},\"inLanguage\":\"es\",\"potentialAction\":[{\"@type\":\"ReadAction\",\"target\":[\"https:\/\/www.3tech-dental.com\/es\/producto\/implant-unit-power\/\"]}]},{\"@type\":\"ImageObject\",\"inLanguage\":\"es\",\"@id\":\"https:\/\/www.3tech-dental.com\/es\/producto\/implant-unit-power\/#primaryimage\",\"url\":\"https:\/\/www.3tech-dental.com\/wp-content\/uploads\/2021\/02\/final_602986c6048a43008c327ee4_584514.png\",\"contentUrl\":\"https:\/\/www.3tech-dental.com\/wp-content\/uploads\/2021\/02\/final_602986c6048a43008c327ee4_584514.png\",\"width\":\"1280\",\"height\":\"1280\"},{\"@type\":\"BreadcrumbList\",\"@id\":\"https:\/\/www.3tech-dental.com\/es\/producto\/implant-unit-power\/#breadcrumb\",\"itemListElement\":[{\"@type\":\"ListItem\",\"position\":1,\"name\":\"Accueil\",\"item\":\"https:\/\/www.3tech-dental.com\/es\/\"},{\"@type\":\"ListItem\",\"position\":2,\"name\":\"Nuestra gama\",\"item\":\"https:\/\/www.3tech-dental.com\/es\/nuestra-gama\/\"},{\"@type\":\"ListItem\",\"position\":3,\"name\":\"Motor de implantes\"}]},{\"@type\":\"WebSite\",\"@id\":\"https:\/\/www.3tech-dental.com\/#website\",\"url\":\"https:\/\/www.3tech-dental.com\/\",\"name\":\"3TECH\",\"description\":\"Equipez-vous malin !\",\"publisher\":{\"@id\":\"https:\/\/www.3tech-dental.com\/#organization\"},\"potentialAction\":[{\"@type\":\"SearchAction\",\"target\":{\"@type\":\"EntryPoint\",\"urlTemplate\":\"https:\/\/www.3tech-dental.com\/?s={search_term_string}\"},\"query-input\":{\"@type\":\"PropertyValueSpecification\",\"valueRequired\":true,\"valueName\":\"search_term_string\"}}],\"inLanguage\":\"es\"},{\"@type\":\"Organization\",\"@id\":\"https:\/\/www.3tech-dental.com\/#organization\",\"name\":\"3TECH\",\"url\":\"https:\/\/www.3tech-dental.com\/\",\"logo\":{\"@type\":\"ImageObject\",\"inLanguage\":\"es\",\"@id\":\"https:\/\/www.3tech-dental.com\/#\/schema\/logo\/image\/\",\"url\":\"https:\/\/www.3tech-dental.com\/wp-content\/uploads\/2017\/11\/logo@2x.png\",\"contentUrl\":\"https:\/\/www.3tech-dental.com\/wp-content\/uploads\/2017\/11\/logo@2x.png\",\"width\":736,\"height\":193,\"caption\":\"3TECH\"},\"image\":{\"@id\":\"https:\/\/www.3tech-dental.com\/#\/schema\/logo\/image\/\"}}]}<\/script>\n<!-- \/ Yoast SEO plugin. -->","yoast_head_json":{"title":"Motor de implantes - 3TECH","robots":{"index":"index","follow":"follow","max-snippet":"max-snippet:-1","max-image-preview":"max-image-preview:large","max-video-preview":"max-video-preview:-1"},"canonical":"https:\/\/www.3tech-dental.com\/es\/producto\/implant-unit-power\/","og_locale":"es_ES","og_type":"article","og_title":"Motor de implantes - 3TECH","og_description":"MOTOR DE IMPLANTES Motor de implantolog\u00eda para la cirug\u00eda de precisi\u00f3n Sistema de alto rendimiento y precisi\u00f3n Ahorro de tiempo con una interfaz intuitiva Ajuste de la memoria de los par\u00e1metros Selecci\u00f3n de rotaci\u00f3n hacia adelante\/atr\u00e1s Rango de velocidad\u00a0: 300 &#8211; 40 000 rpm Seis niveles de flujo de agua : 0 %, 20 %, [&hellip;]","og_url":"https:\/\/www.3tech-dental.com\/es\/producto\/implant-unit-power\/","og_site_name":"3TECH","article_modified_time":"2024-02-20T09:30:09+00:00","og_image":[{"width":1280,"height":1280,"url":"https:\/\/www.3tech-dental.com\/wp-content\/uploads\/2021\/02\/final_602986c6048a43008c327ee4_584514.png","type":"image\/png"}],"twitter_card":"summary_large_image","twitter_misc":{"Tiempo de lectura":"2 minutos"},"schema":{"@context":"https:\/\/schema.org","@graph":[{"@type":"WebPage","@id":"https:\/\/www.3tech-dental.com\/es\/producto\/implant-unit-power\/","url":"https:\/\/www.3tech-dental.com\/es\/producto\/implant-unit-power\/","name":"Motor de implantes - 3TECH","isPartOf":{"@id":"https:\/\/www.3tech-dental.com\/#website"},"primaryImageOfPage":{"@id":"https:\/\/www.3tech-dental.com\/es\/producto\/implant-unit-power\/#primaryimage"},"image":{"@id":"https:\/\/www.3tech-dental.com\/es\/producto\/implant-unit-power\/#primaryimage"},"thumbnailUrl":"https:\/\/www.3tech-dental.com\/wp-content\/uploads\/2021\/02\/final_602986c6048a43008c327ee4_584514.png","datePublished":"2021-02-22T14:56:53+00:00","dateModified":"2024-02-20T09:30:09+00:00","breadcrumb":{"@id":"https:\/\/www.3tech-dental.com\/es\/producto\/implant-unit-power\/#breadcrumb"},"inLanguage":"es","potentialAction":[{"@type":"ReadAction","target":["https:\/\/www.3tech-dental.com\/es\/producto\/implant-unit-power\/"]}]},{"@type":"ImageObject","inLanguage":"es","@id":"https:\/\/www.3tech-dental.com\/es\/producto\/implant-unit-power\/#primaryimage","url":"https:\/\/www.3tech-dental.com\/wp-content\/uploads\/2021\/02\/final_602986c6048a43008c327ee4_584514.png","contentUrl":"https:\/\/www.3tech-dental.com\/wp-content\/uploads\/2021\/02\/final_602986c6048a43008c327ee4_584514.png","width":"1280","height":"1280"},{"@type":"BreadcrumbList","@id":"https:\/\/www.3tech-dental.com\/es\/producto\/implant-unit-power\/#breadcrumb","itemListElement":[{"@type":"ListItem","position":1,"name":"Accueil","item":"https:\/\/www.3tech-dental.com\/es\/"},{"@type":"ListItem","position":2,"name":"Nuestra gama","item":"https:\/\/www.3tech-dental.com\/es\/nuestra-gama\/"},{"@type":"ListItem","position":3,"name":"Motor de implantes"}]},{"@type":"WebSite","@id":"https:\/\/www.3tech-dental.com\/#website","url":"https:\/\/www.3tech-dental.com\/","name":"3TECH","description":"Equipez-vous malin !","publisher":{"@id":"https:\/\/www.3tech-dental.com\/#organization"},"potentialAction":[{"@type":"SearchAction","target":{"@type":"EntryPoint","urlTemplate":"https:\/\/www.3tech-dental.com\/?s={search_term_string}"},"query-input":{"@type":"PropertyValueSpecification","valueRequired":true,"valueName":"search_term_string"}}],"inLanguage":"es"},{"@type":"Organization","@id":"https:\/\/www.3tech-dental.com\/#organization","name":"3TECH","url":"https:\/\/www.3tech-dental.com\/","logo":{"@type":"ImageObject","inLanguage":"es","@id":"https:\/\/www.3tech-dental.com\/#\/schema\/logo\/image\/","url":"https:\/\/www.3tech-dental.com\/wp-content\/uploads\/2017\/11\/logo@2x.png","contentUrl":"https:\/\/www.3tech-dental.com\/wp-content\/uploads\/2017\/11\/logo@2x.png","width":736,"height":193,"caption":"3TECH"},"image":{"@id":"https:\/\/www.3tech-dental.com\/#\/schema\/logo\/image\/"}}]}},"_links":{"self":[{"href":"https:\/\/www.3tech-dental.com\/es\/wp-json\/wp\/v2\/product\/3659"}],"collection":[{"href":"https:\/\/www.3tech-dental.com\/es\/wp-json\/wp\/v2\/product"}],"about":[{"href":"https:\/\/www.3tech-dental.com\/es\/wp-json\/wp\/v2\/types\/product"}],"wp:featuredmedia":[{"embeddable":true,"href":"https:\/\/www.3tech-dental.com\/es\/wp-json\/wp\/v2\/media\/3484"}],"wp:attachment":[{"href":"https:\/\/www.3tech-dental.com\/es\/wp-json\/wp\/v2\/media?parent=3659"}],"wp:term":[{"taxonomy":"product_cat","embeddable":true,"href":"https:\/\/www.3tech-dental.com\/es\/wp-json\/wp\/v2\/product_cat?post=3659"},{"taxonomy":"product_tag","embeddable":true,"href":"https:\/\/www.3tech-dental.com\/es\/wp-json\/wp\/v2\/product_tag?post=3659"}],"curies":[{"name":"wp","href":"https:\/\/api.w.org\/{rel}","templated":true}]}}