{"id":3662,"date":"2021-02-13T18:52:58","date_gmt":"2021-02-22T14:59:54","guid":{"rendered":"https:\/\/www.3tech-dental.com\/?post_type=product&#038;p=3662"},"modified":"2024-02-12T16:14:08","modified_gmt":"2024-02-12T15:14:08","slug":"lamparas","status":"publish","type":"product","link":"https:\/\/www.3tech-dental.com\/es\/producto\/lamparas\/","title":{"rendered":"LED CURING LIGHT L-1007"},"content":{"rendered":"<p><strong>Intensidad:<\/strong> 5W &gt; 1 100 mW\/cm\u00b2<br \/>\n<strong>3 modos:<\/strong> gradual, flash y potencia m\u00e1xima<br \/>\n<strong>Tiempo:<\/strong> 10, 20, 30 y 40 segundos<br \/>\nSe\u00f1al ac\u00fastica. Apagado autom\u00e1tico al cabo de 8 minutos sin uso<br \/>\n<strong>Longitud de onda:<\/strong> 430 \u2013 485 nm<br \/>\n<strong>Tama\u00f1o de la l\u00e1mpara:<\/strong> 175 mm x \u00d822 mm<br \/>\n<strong>Peso:<\/strong> 165 g<\/p>\n<p><strong>Garant\u00eda:<\/strong> 1 a\u00f1o<\/p>\n","protected":false},"excerpt":{"rendered":"<p>Intensidad: 5W &gt; 1 100 mW\/cm\u00b2 3 modos: gradual, flash y potencia m\u00e1xima Tiempo: 10, 20, 30 y 40 segundos Se\u00f1al ac\u00fastica. Apagado autom\u00e1tico al cabo de 8 minutos sin uso Longitud de onda: 430 \u2013 485 nm Tama\u00f1o de la l\u00e1mpara: 175 mm x \u00d822 mm Peso: 165 g Garant\u00eda: 1 a\u00f1o<\/p>\n","protected":false},"featured_media":5404,"template":"","meta":{"_acf_changed":false},"product_cat":[108],"product_tag":[],"class_list":{"0":"post-3662","1":"product","2":"type-product","3":"status-publish","4":"has-post-thumbnail","6":"product_cat-lamparas-es","8":"first","9":"instock","10":"shipping-taxable","11":"product-type-simple"},"acf":[],"yoast_head":"<!-- This site is optimized with the Yoast SEO plugin v23.7 - https:\/\/yoast.com\/wordpress\/plugins\/seo\/ -->\n<title>LED CURING LIGHT L-1007 - 3TECH<\/title>\n<meta name=\"robots\" content=\"index, follow, max-snippet:-1, max-image-preview:large, max-video-preview:-1\" \/>\n<link rel=\"canonical\" href=\"https:\/\/www.3tech-dental.com\/es\/producto\/lamparas\/\" \/>\n<meta property=\"og:locale\" content=\"es_ES\" \/>\n<meta property=\"og:type\" content=\"article\" \/>\n<meta property=\"og:title\" content=\"LED CURING LIGHT L-1007 - 3TECH\" \/>\n<meta property=\"og:description\" content=\"Intensidad: 5W &gt; 1 100 mW\/cm\u00b2 3 modos: gradual, flash y potencia m\u00e1xima Tiempo: 10, 20, 30 y 40 segundos Se\u00f1al ac\u00fastica. Apagado autom\u00e1tico al cabo de 8 minutos sin uso Longitud de onda: 430 \u2013 485 nm Tama\u00f1o de la l\u00e1mpara: 175 mm x \u00d822 mm Peso: 165 g Garant\u00eda: 1 a\u00f1o\" \/>\n<meta property=\"og:url\" content=\"https:\/\/www.3tech-dental.com\/es\/producto\/lamparas\/\" \/>\n<meta property=\"og:site_name\" content=\"3TECH\" \/>\n<meta property=\"article:modified_time\" content=\"2024-02-12T15:14:08+00:00\" \/>\n<meta property=\"og:image\" content=\"https:\/\/www.3tech-dental.com\/wp-content\/uploads\/2021\/02\/Black.jpg\" \/>\n\t<meta property=\"og:image:width\" content=\"2048\" \/>\n\t<meta property=\"og:image:height\" content=\"2048\" \/>\n\t<meta property=\"og:image:type\" content=\"image\/jpeg\" \/>\n<meta name=\"twitter:card\" content=\"summary_large_image\" \/>\n<meta name=\"twitter:label1\" content=\"Tiempo de lectura\" \/>\n\t<meta name=\"twitter:data1\" content=\"1 minuto\" \/>\n<script type=\"application\/ld+json\" class=\"yoast-schema-graph\">{\"@context\":\"https:\/\/schema.org\",\"@graph\":[{\"@type\":\"WebPage\",\"@id\":\"https:\/\/www.3tech-dental.com\/es\/producto\/lamparas\/\",\"url\":\"https:\/\/www.3tech-dental.com\/es\/producto\/lamparas\/\",\"name\":\"LED CURING LIGHT L-1007 - 3TECH\",\"isPartOf\":{\"@id\":\"https:\/\/www.3tech-dental.com\/#website\"},\"primaryImageOfPage\":{\"@id\":\"https:\/\/www.3tech-dental.com\/es\/producto\/lamparas\/#primaryimage\"},\"image\":{\"@id\":\"https:\/\/www.3tech-dental.com\/es\/producto\/lamparas\/#primaryimage\"},\"thumbnailUrl\":\"https:\/\/www.3tech-dental.com\/wp-content\/uploads\/2021\/02\/Black.jpg\",\"datePublished\":\"2021-02-22T14:59:54+00:00\",\"dateModified\":\"2024-02-12T15:14:08+00:00\",\"breadcrumb\":{\"@id\":\"https:\/\/www.3tech-dental.com\/es\/producto\/lamparas\/#breadcrumb\"},\"inLanguage\":\"es\",\"potentialAction\":[{\"@type\":\"ReadAction\",\"target\":[\"https:\/\/www.3tech-dental.com\/es\/producto\/lamparas\/\"]}]},{\"@type\":\"ImageObject\",\"inLanguage\":\"es\",\"@id\":\"https:\/\/www.3tech-dental.com\/es\/producto\/lamparas\/#primaryimage\",\"url\":\"https:\/\/www.3tech-dental.com\/wp-content\/uploads\/2021\/02\/Black.jpg\",\"contentUrl\":\"https:\/\/www.3tech-dental.com\/wp-content\/uploads\/2021\/02\/Black.jpg\",\"width\":2048,\"height\":2048},{\"@type\":\"BreadcrumbList\",\"@id\":\"https:\/\/www.3tech-dental.com\/es\/producto\/lamparas\/#breadcrumb\",\"itemListElement\":[{\"@type\":\"ListItem\",\"position\":1,\"name\":\"Accueil\",\"item\":\"https:\/\/www.3tech-dental.com\/es\/\"},{\"@type\":\"ListItem\",\"position\":2,\"name\":\"Nuestra gama\",\"item\":\"https:\/\/www.3tech-dental.com\/es\/nuestra-gama\/\"},{\"@type\":\"ListItem\",\"position\":3,\"name\":\"LED CURING LIGHT L-1007\"}]},{\"@type\":\"WebSite\",\"@id\":\"https:\/\/www.3tech-dental.com\/#website\",\"url\":\"https:\/\/www.3tech-dental.com\/\",\"name\":\"3TECH\",\"description\":\"Equipez-vous malin !\",\"publisher\":{\"@id\":\"https:\/\/www.3tech-dental.com\/#organization\"},\"potentialAction\":[{\"@type\":\"SearchAction\",\"target\":{\"@type\":\"EntryPoint\",\"urlTemplate\":\"https:\/\/www.3tech-dental.com\/?s={search_term_string}\"},\"query-input\":{\"@type\":\"PropertyValueSpecification\",\"valueRequired\":true,\"valueName\":\"search_term_string\"}}],\"inLanguage\":\"es\"},{\"@type\":\"Organization\",\"@id\":\"https:\/\/www.3tech-dental.com\/#organization\",\"name\":\"3TECH\",\"url\":\"https:\/\/www.3tech-dental.com\/\",\"logo\":{\"@type\":\"ImageObject\",\"inLanguage\":\"es\",\"@id\":\"https:\/\/www.3tech-dental.com\/#\/schema\/logo\/image\/\",\"url\":\"https:\/\/www.3tech-dental.com\/wp-content\/uploads\/2017\/11\/logo@2x.png\",\"contentUrl\":\"https:\/\/www.3tech-dental.com\/wp-content\/uploads\/2017\/11\/logo@2x.png\",\"width\":736,\"height\":193,\"caption\":\"3TECH\"},\"image\":{\"@id\":\"https:\/\/www.3tech-dental.com\/#\/schema\/logo\/image\/\"}}]}<\/script>\n<!-- \/ Yoast SEO plugin. -->","yoast_head_json":{"title":"LED CURING LIGHT L-1007 - 3TECH","robots":{"index":"index","follow":"follow","max-snippet":"max-snippet:-1","max-image-preview":"max-image-preview:large","max-video-preview":"max-video-preview:-1"},"canonical":"https:\/\/www.3tech-dental.com\/es\/producto\/lamparas\/","og_locale":"es_ES","og_type":"article","og_title":"LED CURING LIGHT L-1007 - 3TECH","og_description":"Intensidad: 5W &gt; 1 100 mW\/cm\u00b2 3 modos: gradual, flash y potencia m\u00e1xima Tiempo: 10, 20, 30 y 40 segundos Se\u00f1al ac\u00fastica. Apagado autom\u00e1tico al cabo de 8 minutos sin uso Longitud de onda: 430 \u2013 485 nm Tama\u00f1o de la l\u00e1mpara: 175 mm x \u00d822 mm Peso: 165 g Garant\u00eda: 1 a\u00f1o","og_url":"https:\/\/www.3tech-dental.com\/es\/producto\/lamparas\/","og_site_name":"3TECH","article_modified_time":"2024-02-12T15:14:08+00:00","og_image":[{"width":2048,"height":2048,"url":"https:\/\/www.3tech-dental.com\/wp-content\/uploads\/2021\/02\/Black.jpg","type":"image\/jpeg"}],"twitter_card":"summary_large_image","twitter_misc":{"Tiempo de lectura":"1 minuto"},"schema":{"@context":"https:\/\/schema.org","@graph":[{"@type":"WebPage","@id":"https:\/\/www.3tech-dental.com\/es\/producto\/lamparas\/","url":"https:\/\/www.3tech-dental.com\/es\/producto\/lamparas\/","name":"LED CURING LIGHT L-1007 - 3TECH","isPartOf":{"@id":"https:\/\/www.3tech-dental.com\/#website"},"primaryImageOfPage":{"@id":"https:\/\/www.3tech-dental.com\/es\/producto\/lamparas\/#primaryimage"},"image":{"@id":"https:\/\/www.3tech-dental.com\/es\/producto\/lamparas\/#primaryimage"},"thumbnailUrl":"https:\/\/www.3tech-dental.com\/wp-content\/uploads\/2021\/02\/Black.jpg","datePublished":"2021-02-22T14:59:54+00:00","dateModified":"2024-02-12T15:14:08+00:00","breadcrumb":{"@id":"https:\/\/www.3tech-dental.com\/es\/producto\/lamparas\/#breadcrumb"},"inLanguage":"es","potentialAction":[{"@type":"ReadAction","target":["https:\/\/www.3tech-dental.com\/es\/producto\/lamparas\/"]}]},{"@type":"ImageObject","inLanguage":"es","@id":"https:\/\/www.3tech-dental.com\/es\/producto\/lamparas\/#primaryimage","url":"https:\/\/www.3tech-dental.com\/wp-content\/uploads\/2021\/02\/Black.jpg","contentUrl":"https:\/\/www.3tech-dental.com\/wp-content\/uploads\/2021\/02\/Black.jpg","width":2048,"height":2048},{"@type":"BreadcrumbList","@id":"https:\/\/www.3tech-dental.com\/es\/producto\/lamparas\/#breadcrumb","itemListElement":[{"@type":"ListItem","position":1,"name":"Accueil","item":"https:\/\/www.3tech-dental.com\/es\/"},{"@type":"ListItem","position":2,"name":"Nuestra gama","item":"https:\/\/www.3tech-dental.com\/es\/nuestra-gama\/"},{"@type":"ListItem","position":3,"name":"LED CURING LIGHT L-1007"}]},{"@type":"WebSite","@id":"https:\/\/www.3tech-dental.com\/#website","url":"https:\/\/www.3tech-dental.com\/","name":"3TECH","description":"Equipez-vous malin !","publisher":{"@id":"https:\/\/www.3tech-dental.com\/#organization"},"potentialAction":[{"@type":"SearchAction","target":{"@type":"EntryPoint","urlTemplate":"https:\/\/www.3tech-dental.com\/?s={search_term_string}"},"query-input":{"@type":"PropertyValueSpecification","valueRequired":true,"valueName":"search_term_string"}}],"inLanguage":"es"},{"@type":"Organization","@id":"https:\/\/www.3tech-dental.com\/#organization","name":"3TECH","url":"https:\/\/www.3tech-dental.com\/","logo":{"@type":"ImageObject","inLanguage":"es","@id":"https:\/\/www.3tech-dental.com\/#\/schema\/logo\/image\/","url":"https:\/\/www.3tech-dental.com\/wp-content\/uploads\/2017\/11\/logo@2x.png","contentUrl":"https:\/\/www.3tech-dental.com\/wp-content\/uploads\/2017\/11\/logo@2x.png","width":736,"height":193,"caption":"3TECH"},"image":{"@id":"https:\/\/www.3tech-dental.com\/#\/schema\/logo\/image\/"}}]}},"_links":{"self":[{"href":"https:\/\/www.3tech-dental.com\/es\/wp-json\/wp\/v2\/product\/3662"}],"collection":[{"href":"https:\/\/www.3tech-dental.com\/es\/wp-json\/wp\/v2\/product"}],"about":[{"href":"https:\/\/www.3tech-dental.com\/es\/wp-json\/wp\/v2\/types\/product"}],"wp:featuredmedia":[{"embeddable":true,"href":"https:\/\/www.3tech-dental.com\/es\/wp-json\/wp\/v2\/media\/5404"}],"wp:attachment":[{"href":"https:\/\/www.3tech-dental.com\/es\/wp-json\/wp\/v2\/media?parent=3662"}],"wp:term":[{"taxonomy":"product_cat","embeddable":true,"href":"https:\/\/www.3tech-dental.com\/es\/wp-json\/wp\/v2\/product_cat?post=3662"},{"taxonomy":"product_tag","embeddable":true,"href":"https:\/\/www.3tech-dental.com\/es\/wp-json\/wp\/v2\/product_tag?post=3662"}],"curies":[{"name":"wp","href":"https:\/\/api.w.org\/{rel}","templated":true}]}}