{"id":3665,"date":"2021-02-13T20:05:27","date_gmt":"2021-02-22T15:17:09","guid":{"rendered":"https:\/\/www.3tech-dental.com\/?post_type=product&#038;p=3665"},"modified":"2024-02-20T11:55:20","modified_gmt":"2024-02-20T10:55:20","slug":"lubricant-spray","status":"publish","type":"product","link":"https:\/\/www.3tech-dental.com\/es\/producto\/lubricant-spray\/","title":{"rendered":"Lubricant spray"},"content":{"rendered":"<div align=\"left\"><strong>LUBRICANT SPRAY<\/strong><\/div>\n<p><span class=\"product-stitle\"> Lubricante universal adecuado para todo el instrumental rotatorio <\/span><\/p>\n<div class=\"specs\">Sistema de alto rendimiento y precisi\u00f3n<br \/>\n<span style=\"font-size: inherit;\"> Lubrica con simplicidad<br \/>\n<\/span><span style=\"font-size: inherit;\"> Aceite de alto rendimiento<br \/>\n<\/span><span style=\"font-size: inherit;\"> Lubricaci\u00f3n eficiente<br \/>\n<\/span><span style=\"font-size: inherit;\"> No es t\u00f3xico<br \/>\n<\/span><span style=\"font-size: inherit;\"> Asegura una larga vida \u00a0<\/span><span style=\"font-size: inherit;\">a su instrumental rotatorio<br \/>\n<\/span><span style=\"font-size: inherit;\">El contenido de 500 ml <\/span><span style=\"font-size: inherit;\">econ\u00f3mico y rentable<\/span><\/div>\n<div align=\"left\"><\/div>\n<div align=\"left\"><strong>ADAPTAS<\/strong><\/div>\n<p><span class=\"product-stitle\">Adaptas intercambiables para pulverizar el spray lubricante<\/span><\/p>\n<p>Adaptas reutilizables<br \/>\nUso eficiente y preciso<br \/>\n<strong>ADAPTA POSTERIOR LUBRICA ACOPL TURB KAVO<\/strong><br \/>\n<strong>ADAPT POSTERIOR LUBRICA CA\/PIEZA DE MANO<br \/>\n<\/strong><strong>ADAPTADOR PARA LUBRICANT ROTOR CA\/TURBIN<\/strong><\/p>\n<div><\/div>\n<div><strong>Garant\u00eda:<\/strong> 1 a\u00f1o<\/div>\n","protected":false},"excerpt":{"rendered":"<p>LUBRICANT SPRAY Lubricante universal adecuado para todo el instrumental rotatorio Sistema de alto rendimiento y precisi\u00f3n Lubrica con simplicidad Aceite de alto rendimiento Lubricaci\u00f3n eficiente No es t\u00f3xico Asegura una larga vida \u00a0a su instrumental rotatorio El contenido de 500 ml econ\u00f3mico y rentable ADAPTAS Adaptas intercambiables para pulverizar el spray lubricante Adaptas reutilizables Uso [&hellip;]<\/p>\n","protected":false},"featured_media":2326,"template":"","meta":{"_acf_changed":false},"product_cat":[90],"product_tag":[],"class_list":{"0":"post-3665","1":"product","2":"type-product","3":"status-publish","4":"has-post-thumbnail","6":"product_cat-productos","8":"first","9":"instock","10":"shipping-taxable","11":"product-type-simple"},"acf":[],"yoast_head":"<!-- This site is optimized with the Yoast SEO plugin v23.7 - https:\/\/yoast.com\/wordpress\/plugins\/seo\/ -->\n<title>Lubricant spray - 3TECH<\/title>\n<meta name=\"robots\" content=\"index, follow, max-snippet:-1, max-image-preview:large, max-video-preview:-1\" \/>\n<link rel=\"canonical\" href=\"https:\/\/www.3tech-dental.com\/es\/producto\/lubricant-spray\/\" \/>\n<meta property=\"og:locale\" content=\"es_ES\" \/>\n<meta property=\"og:type\" content=\"article\" \/>\n<meta property=\"og:title\" content=\"Lubricant spray - 3TECH\" \/>\n<meta property=\"og:description\" content=\"LUBRICANT SPRAY Lubricante universal adecuado para todo el instrumental rotatorio Sistema de alto rendimiento y precisi\u00f3n Lubrica con simplicidad Aceite de alto rendimiento Lubricaci\u00f3n eficiente No es t\u00f3xico Asegura una larga vida \u00a0a su instrumental rotatorio El contenido de 500 ml econ\u00f3mico y rentable ADAPTAS Adaptas intercambiables para pulverizar el spray lubricante Adaptas reutilizables Uso [&hellip;]\" \/>\n<meta property=\"og:url\" content=\"https:\/\/www.3tech-dental.com\/es\/producto\/lubricant-spray\/\" \/>\n<meta property=\"og:site_name\" content=\"3TECH\" \/>\n<meta property=\"article:modified_time\" content=\"2024-02-20T10:55:20+00:00\" \/>\n<meta property=\"og:image\" content=\"https:\/\/www.3tech-dental.com\/wp-content\/uploads\/2020\/09\/3TECH_Spray.png\" \/>\n\t<meta property=\"og:image:width\" content=\"1890\" \/>\n\t<meta property=\"og:image:height\" content=\"1925\" \/>\n\t<meta property=\"og:image:type\" content=\"image\/png\" \/>\n<meta name=\"twitter:card\" content=\"summary_large_image\" \/>\n<meta name=\"twitter:label1\" content=\"Tiempo de lectura\" \/>\n\t<meta name=\"twitter:data1\" content=\"1 minuto\" \/>\n<script type=\"application\/ld+json\" class=\"yoast-schema-graph\">{\"@context\":\"https:\/\/schema.org\",\"@graph\":[{\"@type\":\"WebPage\",\"@id\":\"https:\/\/www.3tech-dental.com\/es\/producto\/lubricant-spray\/\",\"url\":\"https:\/\/www.3tech-dental.com\/es\/producto\/lubricant-spray\/\",\"name\":\"Lubricant spray - 3TECH\",\"isPartOf\":{\"@id\":\"https:\/\/www.3tech-dental.com\/#website\"},\"primaryImageOfPage\":{\"@id\":\"https:\/\/www.3tech-dental.com\/es\/producto\/lubricant-spray\/#primaryimage\"},\"image\":{\"@id\":\"https:\/\/www.3tech-dental.com\/es\/producto\/lubricant-spray\/#primaryimage\"},\"thumbnailUrl\":\"https:\/\/www.3tech-dental.com\/wp-content\/uploads\/2020\/09\/3TECH_Spray.png\",\"datePublished\":\"2021-02-22T15:17:09+00:00\",\"dateModified\":\"2024-02-20T10:55:20+00:00\",\"breadcrumb\":{\"@id\":\"https:\/\/www.3tech-dental.com\/es\/producto\/lubricant-spray\/#breadcrumb\"},\"inLanguage\":\"es\",\"potentialAction\":[{\"@type\":\"ReadAction\",\"target\":[\"https:\/\/www.3tech-dental.com\/es\/producto\/lubricant-spray\/\"]}]},{\"@type\":\"ImageObject\",\"inLanguage\":\"es\",\"@id\":\"https:\/\/www.3tech-dental.com\/es\/producto\/lubricant-spray\/#primaryimage\",\"url\":\"https:\/\/www.3tech-dental.com\/wp-content\/uploads\/2020\/09\/3TECH_Spray.png\",\"contentUrl\":\"https:\/\/www.3tech-dental.com\/wp-content\/uploads\/2020\/09\/3TECH_Spray.png\",\"width\":1890,\"height\":1925},{\"@type\":\"BreadcrumbList\",\"@id\":\"https:\/\/www.3tech-dental.com\/es\/producto\/lubricant-spray\/#breadcrumb\",\"itemListElement\":[{\"@type\":\"ListItem\",\"position\":1,\"name\":\"Accueil\",\"item\":\"https:\/\/www.3tech-dental.com\/es\/\"},{\"@type\":\"ListItem\",\"position\":2,\"name\":\"Nuestra gama\",\"item\":\"https:\/\/www.3tech-dental.com\/es\/nuestra-gama\/\"},{\"@type\":\"ListItem\",\"position\":3,\"name\":\"Lubricant spray\"}]},{\"@type\":\"WebSite\",\"@id\":\"https:\/\/www.3tech-dental.com\/#website\",\"url\":\"https:\/\/www.3tech-dental.com\/\",\"name\":\"3TECH\",\"description\":\"Equipez-vous malin !\",\"publisher\":{\"@id\":\"https:\/\/www.3tech-dental.com\/#organization\"},\"potentialAction\":[{\"@type\":\"SearchAction\",\"target\":{\"@type\":\"EntryPoint\",\"urlTemplate\":\"https:\/\/www.3tech-dental.com\/?s={search_term_string}\"},\"query-input\":{\"@type\":\"PropertyValueSpecification\",\"valueRequired\":true,\"valueName\":\"search_term_string\"}}],\"inLanguage\":\"es\"},{\"@type\":\"Organization\",\"@id\":\"https:\/\/www.3tech-dental.com\/#organization\",\"name\":\"3TECH\",\"url\":\"https:\/\/www.3tech-dental.com\/\",\"logo\":{\"@type\":\"ImageObject\",\"inLanguage\":\"es\",\"@id\":\"https:\/\/www.3tech-dental.com\/#\/schema\/logo\/image\/\",\"url\":\"https:\/\/www.3tech-dental.com\/wp-content\/uploads\/2017\/11\/logo@2x.png\",\"contentUrl\":\"https:\/\/www.3tech-dental.com\/wp-content\/uploads\/2017\/11\/logo@2x.png\",\"width\":736,\"height\":193,\"caption\":\"3TECH\"},\"image\":{\"@id\":\"https:\/\/www.3tech-dental.com\/#\/schema\/logo\/image\/\"}}]}<\/script>\n<!-- \/ Yoast SEO plugin. -->","yoast_head_json":{"title":"Lubricant spray - 3TECH","robots":{"index":"index","follow":"follow","max-snippet":"max-snippet:-1","max-image-preview":"max-image-preview:large","max-video-preview":"max-video-preview:-1"},"canonical":"https:\/\/www.3tech-dental.com\/es\/producto\/lubricant-spray\/","og_locale":"es_ES","og_type":"article","og_title":"Lubricant spray - 3TECH","og_description":"LUBRICANT SPRAY Lubricante universal adecuado para todo el instrumental rotatorio Sistema de alto rendimiento y precisi\u00f3n Lubrica con simplicidad Aceite de alto rendimiento Lubricaci\u00f3n eficiente No es t\u00f3xico Asegura una larga vida \u00a0a su instrumental rotatorio El contenido de 500 ml econ\u00f3mico y rentable ADAPTAS Adaptas intercambiables para pulverizar el spray lubricante Adaptas reutilizables Uso [&hellip;]","og_url":"https:\/\/www.3tech-dental.com\/es\/producto\/lubricant-spray\/","og_site_name":"3TECH","article_modified_time":"2024-02-20T10:55:20+00:00","og_image":[{"width":1890,"height":1925,"url":"https:\/\/www.3tech-dental.com\/wp-content\/uploads\/2020\/09\/3TECH_Spray.png","type":"image\/png"}],"twitter_card":"summary_large_image","twitter_misc":{"Tiempo de lectura":"1 minuto"},"schema":{"@context":"https:\/\/schema.org","@graph":[{"@type":"WebPage","@id":"https:\/\/www.3tech-dental.com\/es\/producto\/lubricant-spray\/","url":"https:\/\/www.3tech-dental.com\/es\/producto\/lubricant-spray\/","name":"Lubricant spray - 3TECH","isPartOf":{"@id":"https:\/\/www.3tech-dental.com\/#website"},"primaryImageOfPage":{"@id":"https:\/\/www.3tech-dental.com\/es\/producto\/lubricant-spray\/#primaryimage"},"image":{"@id":"https:\/\/www.3tech-dental.com\/es\/producto\/lubricant-spray\/#primaryimage"},"thumbnailUrl":"https:\/\/www.3tech-dental.com\/wp-content\/uploads\/2020\/09\/3TECH_Spray.png","datePublished":"2021-02-22T15:17:09+00:00","dateModified":"2024-02-20T10:55:20+00:00","breadcrumb":{"@id":"https:\/\/www.3tech-dental.com\/es\/producto\/lubricant-spray\/#breadcrumb"},"inLanguage":"es","potentialAction":[{"@type":"ReadAction","target":["https:\/\/www.3tech-dental.com\/es\/producto\/lubricant-spray\/"]}]},{"@type":"ImageObject","inLanguage":"es","@id":"https:\/\/www.3tech-dental.com\/es\/producto\/lubricant-spray\/#primaryimage","url":"https:\/\/www.3tech-dental.com\/wp-content\/uploads\/2020\/09\/3TECH_Spray.png","contentUrl":"https:\/\/www.3tech-dental.com\/wp-content\/uploads\/2020\/09\/3TECH_Spray.png","width":1890,"height":1925},{"@type":"BreadcrumbList","@id":"https:\/\/www.3tech-dental.com\/es\/producto\/lubricant-spray\/#breadcrumb","itemListElement":[{"@type":"ListItem","position":1,"name":"Accueil","item":"https:\/\/www.3tech-dental.com\/es\/"},{"@type":"ListItem","position":2,"name":"Nuestra gama","item":"https:\/\/www.3tech-dental.com\/es\/nuestra-gama\/"},{"@type":"ListItem","position":3,"name":"Lubricant spray"}]},{"@type":"WebSite","@id":"https:\/\/www.3tech-dental.com\/#website","url":"https:\/\/www.3tech-dental.com\/","name":"3TECH","description":"Equipez-vous malin !","publisher":{"@id":"https:\/\/www.3tech-dental.com\/#organization"},"potentialAction":[{"@type":"SearchAction","target":{"@type":"EntryPoint","urlTemplate":"https:\/\/www.3tech-dental.com\/?s={search_term_string}"},"query-input":{"@type":"PropertyValueSpecification","valueRequired":true,"valueName":"search_term_string"}}],"inLanguage":"es"},{"@type":"Organization","@id":"https:\/\/www.3tech-dental.com\/#organization","name":"3TECH","url":"https:\/\/www.3tech-dental.com\/","logo":{"@type":"ImageObject","inLanguage":"es","@id":"https:\/\/www.3tech-dental.com\/#\/schema\/logo\/image\/","url":"https:\/\/www.3tech-dental.com\/wp-content\/uploads\/2017\/11\/logo@2x.png","contentUrl":"https:\/\/www.3tech-dental.com\/wp-content\/uploads\/2017\/11\/logo@2x.png","width":736,"height":193,"caption":"3TECH"},"image":{"@id":"https:\/\/www.3tech-dental.com\/#\/schema\/logo\/image\/"}}]}},"_links":{"self":[{"href":"https:\/\/www.3tech-dental.com\/es\/wp-json\/wp\/v2\/product\/3665"}],"collection":[{"href":"https:\/\/www.3tech-dental.com\/es\/wp-json\/wp\/v2\/product"}],"about":[{"href":"https:\/\/www.3tech-dental.com\/es\/wp-json\/wp\/v2\/types\/product"}],"wp:featuredmedia":[{"embeddable":true,"href":"https:\/\/www.3tech-dental.com\/es\/wp-json\/wp\/v2\/media\/2326"}],"wp:attachment":[{"href":"https:\/\/www.3tech-dental.com\/es\/wp-json\/wp\/v2\/media?parent=3665"}],"wp:term":[{"taxonomy":"product_cat","embeddable":true,"href":"https:\/\/www.3tech-dental.com\/es\/wp-json\/wp\/v2\/product_cat?post=3665"},{"taxonomy":"product_tag","embeddable":true,"href":"https:\/\/www.3tech-dental.com\/es\/wp-json\/wp\/v2\/product_tag?post=3665"}],"curies":[{"name":"wp","href":"https:\/\/api.w.org\/{rel}","templated":true}]}}