{"id":3668,"date":"2021-02-13T19:05:42","date_gmt":"2021-02-22T15:38:18","guid":{"rendered":"https:\/\/www.3tech-dental.com\/?post_type=product&#038;p=3668"},"modified":"2022-11-29T17:36:01","modified_gmt":"2022-11-29T16:36:01","slug":"mezclador","status":"publish","type":"product","link":"https:\/\/www.3tech-dental.com\/es\/producto\/mezclador\/","title":{"rendered":"Mezclador"},"content":{"rendered":"<p><strong>Frecuencia de oscilaci\u00f3n:<\/strong> 4 000 rpm<br \/>\n<strong>Funcionamiento:<\/strong> 3 teclas digitales<br \/>\n<strong>Tiempo de mezcla:<\/strong> elecci\u00f3n de 1 a 99 segundos<br \/>\nParada instant\u00e1nea abriendo la tapa<br \/>\n<strong>Funcionamiento silencioso:<\/strong> 65 dB<br \/>\n<strong>Dimensiones (altura x ancho x profundidad):<\/strong> 14x25x22 cm<br \/>\n<strong>Peso:<\/strong> 4,5 kg<\/p>\n<p><strong>Garant\u00eda:<\/strong> 1 a\u00f1o<\/p>\n","protected":false},"excerpt":{"rendered":"<p>Frecuencia de oscilaci\u00f3n: 4 000 rpm Funcionamiento: 3 teclas digitales Tiempo de mezcla: elecci\u00f3n de 1 a 99 segundos Parada instant\u00e1nea abriendo la tapa Funcionamiento silencioso: 65 dB Dimensiones (altura x ancho x profundidad): 14x25x22 cm Peso: 4,5 kg Garant\u00eda: 1 a\u00f1o<\/p>\n","protected":false},"featured_media":3469,"template":"","meta":{"_acf_changed":false},"product_cat":[90],"product_tag":[],"class_list":{"0":"post-3668","1":"product","2":"type-product","3":"status-publish","4":"has-post-thumbnail","6":"product_cat-productos","8":"first","9":"instock","10":"shipping-taxable","11":"product-type-simple"},"acf":[],"yoast_head":"<!-- This site is optimized with the Yoast SEO plugin v23.7 - https:\/\/yoast.com\/wordpress\/plugins\/seo\/ -->\n<title>Mezclador - 3TECH<\/title>\n<meta name=\"robots\" content=\"index, follow, max-snippet:-1, max-image-preview:large, max-video-preview:-1\" \/>\n<link rel=\"canonical\" href=\"https:\/\/www.3tech-dental.com\/es\/producto\/mezclador\/\" \/>\n<meta property=\"og:locale\" content=\"es_ES\" \/>\n<meta property=\"og:type\" content=\"article\" \/>\n<meta property=\"og:title\" content=\"Mezclador - 3TECH\" \/>\n<meta property=\"og:description\" content=\"Frecuencia de oscilaci\u00f3n: 4 000 rpm Funcionamiento: 3 teclas digitales Tiempo de mezcla: elecci\u00f3n de 1 a 99 segundos Parada instant\u00e1nea abriendo la tapa Funcionamiento silencioso: 65 dB Dimensiones (altura x ancho x profundidad): 14x25x22 cm Peso: 4,5 kg Garant\u00eda: 1 a\u00f1o\" \/>\n<meta property=\"og:url\" content=\"https:\/\/www.3tech-dental.com\/es\/producto\/mezclador\/\" \/>\n<meta property=\"og:site_name\" content=\"3TECH\" \/>\n<meta property=\"article:modified_time\" content=\"2022-11-29T16:36:01+00:00\" \/>\n<meta property=\"og:image\" content=\"https:\/\/www.3tech-dental.com\/wp-content\/uploads\/2021\/02\/final_60297c5b9706f0004b156b1f_478036.png\" \/>\n\t<meta property=\"og:image:width\" content=\"1280\" \/>\n\t<meta property=\"og:image:height\" content=\"1280\" \/>\n\t<meta property=\"og:image:type\" content=\"image\/png\" \/>\n<meta name=\"twitter:card\" content=\"summary_large_image\" \/>\n<meta name=\"twitter:label1\" content=\"Tiempo de lectura\" \/>\n\t<meta name=\"twitter:data1\" content=\"1 minuto\" \/>\n<script type=\"application\/ld+json\" class=\"yoast-schema-graph\">{\"@context\":\"https:\/\/schema.org\",\"@graph\":[{\"@type\":\"WebPage\",\"@id\":\"https:\/\/www.3tech-dental.com\/es\/producto\/mezclador\/\",\"url\":\"https:\/\/www.3tech-dental.com\/es\/producto\/mezclador\/\",\"name\":\"Mezclador - 3TECH\",\"isPartOf\":{\"@id\":\"https:\/\/www.3tech-dental.com\/#website\"},\"primaryImageOfPage\":{\"@id\":\"https:\/\/www.3tech-dental.com\/es\/producto\/mezclador\/#primaryimage\"},\"image\":{\"@id\":\"https:\/\/www.3tech-dental.com\/es\/producto\/mezclador\/#primaryimage\"},\"thumbnailUrl\":\"https:\/\/www.3tech-dental.com\/wp-content\/uploads\/2021\/02\/final_60297c5b9706f0004b156b1f_478036.png\",\"datePublished\":\"2021-02-22T15:38:18+00:00\",\"dateModified\":\"2022-11-29T16:36:01+00:00\",\"breadcrumb\":{\"@id\":\"https:\/\/www.3tech-dental.com\/es\/producto\/mezclador\/#breadcrumb\"},\"inLanguage\":\"es\",\"potentialAction\":[{\"@type\":\"ReadAction\",\"target\":[\"https:\/\/www.3tech-dental.com\/es\/producto\/mezclador\/\"]}]},{\"@type\":\"ImageObject\",\"inLanguage\":\"es\",\"@id\":\"https:\/\/www.3tech-dental.com\/es\/producto\/mezclador\/#primaryimage\",\"url\":\"https:\/\/www.3tech-dental.com\/wp-content\/uploads\/2021\/02\/final_60297c5b9706f0004b156b1f_478036.png\",\"contentUrl\":\"https:\/\/www.3tech-dental.com\/wp-content\/uploads\/2021\/02\/final_60297c5b9706f0004b156b1f_478036.png\",\"width\":\"1280\",\"height\":\"1280\"},{\"@type\":\"BreadcrumbList\",\"@id\":\"https:\/\/www.3tech-dental.com\/es\/producto\/mezclador\/#breadcrumb\",\"itemListElement\":[{\"@type\":\"ListItem\",\"position\":1,\"name\":\"Accueil\",\"item\":\"https:\/\/www.3tech-dental.com\/es\/\"},{\"@type\":\"ListItem\",\"position\":2,\"name\":\"Nuestra gama\",\"item\":\"https:\/\/www.3tech-dental.com\/es\/nuestra-gama\/\"},{\"@type\":\"ListItem\",\"position\":3,\"name\":\"Mezclador\"}]},{\"@type\":\"WebSite\",\"@id\":\"https:\/\/www.3tech-dental.com\/#website\",\"url\":\"https:\/\/www.3tech-dental.com\/\",\"name\":\"3TECH\",\"description\":\"Equipez-vous malin !\",\"publisher\":{\"@id\":\"https:\/\/www.3tech-dental.com\/#organization\"},\"potentialAction\":[{\"@type\":\"SearchAction\",\"target\":{\"@type\":\"EntryPoint\",\"urlTemplate\":\"https:\/\/www.3tech-dental.com\/?s={search_term_string}\"},\"query-input\":{\"@type\":\"PropertyValueSpecification\",\"valueRequired\":true,\"valueName\":\"search_term_string\"}}],\"inLanguage\":\"es\"},{\"@type\":\"Organization\",\"@id\":\"https:\/\/www.3tech-dental.com\/#organization\",\"name\":\"3TECH\",\"url\":\"https:\/\/www.3tech-dental.com\/\",\"logo\":{\"@type\":\"ImageObject\",\"inLanguage\":\"es\",\"@id\":\"https:\/\/www.3tech-dental.com\/#\/schema\/logo\/image\/\",\"url\":\"https:\/\/www.3tech-dental.com\/wp-content\/uploads\/2017\/11\/logo@2x.png\",\"contentUrl\":\"https:\/\/www.3tech-dental.com\/wp-content\/uploads\/2017\/11\/logo@2x.png\",\"width\":736,\"height\":193,\"caption\":\"3TECH\"},\"image\":{\"@id\":\"https:\/\/www.3tech-dental.com\/#\/schema\/logo\/image\/\"}}]}<\/script>\n<!-- \/ Yoast SEO plugin. -->","yoast_head_json":{"title":"Mezclador - 3TECH","robots":{"index":"index","follow":"follow","max-snippet":"max-snippet:-1","max-image-preview":"max-image-preview:large","max-video-preview":"max-video-preview:-1"},"canonical":"https:\/\/www.3tech-dental.com\/es\/producto\/mezclador\/","og_locale":"es_ES","og_type":"article","og_title":"Mezclador - 3TECH","og_description":"Frecuencia de oscilaci\u00f3n: 4 000 rpm Funcionamiento: 3 teclas digitales Tiempo de mezcla: elecci\u00f3n de 1 a 99 segundos Parada instant\u00e1nea abriendo la tapa Funcionamiento silencioso: 65 dB Dimensiones (altura x ancho x profundidad): 14x25x22 cm Peso: 4,5 kg Garant\u00eda: 1 a\u00f1o","og_url":"https:\/\/www.3tech-dental.com\/es\/producto\/mezclador\/","og_site_name":"3TECH","article_modified_time":"2022-11-29T16:36:01+00:00","og_image":[{"width":1280,"height":1280,"url":"https:\/\/www.3tech-dental.com\/wp-content\/uploads\/2021\/02\/final_60297c5b9706f0004b156b1f_478036.png","type":"image\/png"}],"twitter_card":"summary_large_image","twitter_misc":{"Tiempo de lectura":"1 minuto"},"schema":{"@context":"https:\/\/schema.org","@graph":[{"@type":"WebPage","@id":"https:\/\/www.3tech-dental.com\/es\/producto\/mezclador\/","url":"https:\/\/www.3tech-dental.com\/es\/producto\/mezclador\/","name":"Mezclador - 3TECH","isPartOf":{"@id":"https:\/\/www.3tech-dental.com\/#website"},"primaryImageOfPage":{"@id":"https:\/\/www.3tech-dental.com\/es\/producto\/mezclador\/#primaryimage"},"image":{"@id":"https:\/\/www.3tech-dental.com\/es\/producto\/mezclador\/#primaryimage"},"thumbnailUrl":"https:\/\/www.3tech-dental.com\/wp-content\/uploads\/2021\/02\/final_60297c5b9706f0004b156b1f_478036.png","datePublished":"2021-02-22T15:38:18+00:00","dateModified":"2022-11-29T16:36:01+00:00","breadcrumb":{"@id":"https:\/\/www.3tech-dental.com\/es\/producto\/mezclador\/#breadcrumb"},"inLanguage":"es","potentialAction":[{"@type":"ReadAction","target":["https:\/\/www.3tech-dental.com\/es\/producto\/mezclador\/"]}]},{"@type":"ImageObject","inLanguage":"es","@id":"https:\/\/www.3tech-dental.com\/es\/producto\/mezclador\/#primaryimage","url":"https:\/\/www.3tech-dental.com\/wp-content\/uploads\/2021\/02\/final_60297c5b9706f0004b156b1f_478036.png","contentUrl":"https:\/\/www.3tech-dental.com\/wp-content\/uploads\/2021\/02\/final_60297c5b9706f0004b156b1f_478036.png","width":"1280","height":"1280"},{"@type":"BreadcrumbList","@id":"https:\/\/www.3tech-dental.com\/es\/producto\/mezclador\/#breadcrumb","itemListElement":[{"@type":"ListItem","position":1,"name":"Accueil","item":"https:\/\/www.3tech-dental.com\/es\/"},{"@type":"ListItem","position":2,"name":"Nuestra gama","item":"https:\/\/www.3tech-dental.com\/es\/nuestra-gama\/"},{"@type":"ListItem","position":3,"name":"Mezclador"}]},{"@type":"WebSite","@id":"https:\/\/www.3tech-dental.com\/#website","url":"https:\/\/www.3tech-dental.com\/","name":"3TECH","description":"Equipez-vous malin !","publisher":{"@id":"https:\/\/www.3tech-dental.com\/#organization"},"potentialAction":[{"@type":"SearchAction","target":{"@type":"EntryPoint","urlTemplate":"https:\/\/www.3tech-dental.com\/?s={search_term_string}"},"query-input":{"@type":"PropertyValueSpecification","valueRequired":true,"valueName":"search_term_string"}}],"inLanguage":"es"},{"@type":"Organization","@id":"https:\/\/www.3tech-dental.com\/#organization","name":"3TECH","url":"https:\/\/www.3tech-dental.com\/","logo":{"@type":"ImageObject","inLanguage":"es","@id":"https:\/\/www.3tech-dental.com\/#\/schema\/logo\/image\/","url":"https:\/\/www.3tech-dental.com\/wp-content\/uploads\/2017\/11\/logo@2x.png","contentUrl":"https:\/\/www.3tech-dental.com\/wp-content\/uploads\/2017\/11\/logo@2x.png","width":736,"height":193,"caption":"3TECH"},"image":{"@id":"https:\/\/www.3tech-dental.com\/#\/schema\/logo\/image\/"}}]}},"_links":{"self":[{"href":"https:\/\/www.3tech-dental.com\/es\/wp-json\/wp\/v2\/product\/3668"}],"collection":[{"href":"https:\/\/www.3tech-dental.com\/es\/wp-json\/wp\/v2\/product"}],"about":[{"href":"https:\/\/www.3tech-dental.com\/es\/wp-json\/wp\/v2\/types\/product"}],"wp:featuredmedia":[{"embeddable":true,"href":"https:\/\/www.3tech-dental.com\/es\/wp-json\/wp\/v2\/media\/3469"}],"wp:attachment":[{"href":"https:\/\/www.3tech-dental.com\/es\/wp-json\/wp\/v2\/media?parent=3668"}],"wp:term":[{"taxonomy":"product_cat","embeddable":true,"href":"https:\/\/www.3tech-dental.com\/es\/wp-json\/wp\/v2\/product_cat?post=3668"},{"taxonomy":"product_tag","embeddable":true,"href":"https:\/\/www.3tech-dental.com\/es\/wp-json\/wp\/v2\/product_tag?post=3668"}],"curies":[{"name":"wp","href":"https:\/\/api.w.org\/{rel}","templated":true}]}}