{"id":3677,"date":"2021-02-14T20:07:04","date_gmt":"2021-02-22T16:06:17","guid":{"rendered":"https:\/\/www.3tech-dental.com\/?post_type=product&#038;p=3677"},"modified":"2026-05-07T11:32:37","modified_gmt":"2026-05-07T09:32:37","slug":"acoplamiento","status":"publish","type":"product","link":"https:\/\/www.3tech-dental.com\/es\/producto\/acoplamiento\/","title":{"rendered":"ACOPLAMIENTO R\u00c1PIDO CONEXION  Kavo\u00ae Multiflex\u00ae"},"content":{"rendered":"<p><strong>Intensidad luminosa:<\/strong> 25 000 LUX<br \/>\nCon anillo de ajuste de sprays de agua<br \/>\n<strong>Conexi\u00f3n Midwest:<\/strong> 4 v\u00edas<\/p>\n<p><strong>Garant\u00eda:<\/strong> 1 a\u00f1o<\/p>\n","protected":false},"excerpt":{"rendered":"<p>Intensidad luminosa: 25 000 LUX Con anillo de ajuste de sprays de agua Conexi\u00f3n Midwest: 4 v\u00edas Garant\u00eda: 1 a\u00f1o<\/p>\n","protected":false},"featured_media":3678,"template":"","meta":{"_acf_changed":false},"product_cat":[136],"product_tag":[],"class_list":{"0":"post-3677","1":"product","2":"type-product","3":"status-publish","4":"has-post-thumbnail","6":"product_cat-acoplamiento-es","8":"first","9":"instock","10":"shipping-taxable","11":"product-type-simple"},"acf":[],"yoast_head":"<!-- This site is optimized with the Yoast SEO plugin v23.7 - https:\/\/yoast.com\/wordpress\/plugins\/seo\/ -->\n<title>ACOPLAMIENTO R\u00c1PIDO CONEXION Kavo\u00ae Multiflex\u00ae - 3TECH<\/title>\n<meta name=\"robots\" content=\"index, follow, max-snippet:-1, max-image-preview:large, max-video-preview:-1\" \/>\n<link rel=\"canonical\" href=\"https:\/\/www.3tech-dental.com\/es\/producto\/acoplamiento\/\" \/>\n<meta property=\"og:locale\" content=\"es_ES\" \/>\n<meta property=\"og:type\" content=\"article\" \/>\n<meta property=\"og:title\" content=\"ACOPLAMIENTO R\u00c1PIDO CONEXION Kavo\u00ae Multiflex\u00ae - 3TECH\" \/>\n<meta property=\"og:description\" content=\"Intensidad luminosa: 25 000 LUX Con anillo de ajuste de sprays de agua Conexi\u00f3n Midwest: 4 v\u00edas Garant\u00eda: 1 a\u00f1o\" \/>\n<meta property=\"og:url\" content=\"https:\/\/www.3tech-dental.com\/es\/producto\/acoplamiento\/\" \/>\n<meta property=\"og:site_name\" content=\"3TECH\" \/>\n<meta property=\"article:modified_time\" content=\"2026-05-07T09:32:37+00:00\" \/>\n<meta property=\"og:image\" content=\"https:\/\/www.3tech-dental.com\/wp-content\/uploads\/2018\/09\/3T1117218_Visuel_Raccord_Turbine.png\" \/>\n\t<meta property=\"og:image:width\" content=\"446\" \/>\n\t<meta property=\"og:image:height\" content=\"446\" \/>\n\t<meta property=\"og:image:type\" content=\"image\/png\" \/>\n<meta name=\"twitter:card\" content=\"summary_large_image\" \/>\n<meta name=\"twitter:label1\" content=\"Tiempo de lectura\" \/>\n\t<meta name=\"twitter:data1\" content=\"1 minuto\" \/>\n<script type=\"application\/ld+json\" class=\"yoast-schema-graph\">{\"@context\":\"https:\/\/schema.org\",\"@graph\":[{\"@type\":\"WebPage\",\"@id\":\"https:\/\/www.3tech-dental.com\/es\/producto\/acoplamiento\/\",\"url\":\"https:\/\/www.3tech-dental.com\/es\/producto\/acoplamiento\/\",\"name\":\"ACOPLAMIENTO R\u00c1PIDO CONEXION Kavo\u00ae Multiflex\u00ae - 3TECH\",\"isPartOf\":{\"@id\":\"https:\/\/www.3tech-dental.com\/#website\"},\"primaryImageOfPage\":{\"@id\":\"https:\/\/www.3tech-dental.com\/es\/producto\/acoplamiento\/#primaryimage\"},\"image\":{\"@id\":\"https:\/\/www.3tech-dental.com\/es\/producto\/acoplamiento\/#primaryimage\"},\"thumbnailUrl\":\"https:\/\/www.3tech-dental.com\/wp-content\/uploads\/2018\/09\/3T1117218_Visuel_Raccord_Turbine.png\",\"datePublished\":\"2021-02-22T16:06:17+00:00\",\"dateModified\":\"2026-05-07T09:32:37+00:00\",\"breadcrumb\":{\"@id\":\"https:\/\/www.3tech-dental.com\/es\/producto\/acoplamiento\/#breadcrumb\"},\"inLanguage\":\"es\",\"potentialAction\":[{\"@type\":\"ReadAction\",\"target\":[\"https:\/\/www.3tech-dental.com\/es\/producto\/acoplamiento\/\"]}]},{\"@type\":\"ImageObject\",\"inLanguage\":\"es\",\"@id\":\"https:\/\/www.3tech-dental.com\/es\/producto\/acoplamiento\/#primaryimage\",\"url\":\"https:\/\/www.3tech-dental.com\/wp-content\/uploads\/2018\/09\/3T1117218_Visuel_Raccord_Turbine.png\",\"contentUrl\":\"https:\/\/www.3tech-dental.com\/wp-content\/uploads\/2018\/09\/3T1117218_Visuel_Raccord_Turbine.png\",\"width\":446,\"height\":446},{\"@type\":\"BreadcrumbList\",\"@id\":\"https:\/\/www.3tech-dental.com\/es\/producto\/acoplamiento\/#breadcrumb\",\"itemListElement\":[{\"@type\":\"ListItem\",\"position\":1,\"name\":\"Accueil\",\"item\":\"https:\/\/www.3tech-dental.com\/es\/\"},{\"@type\":\"ListItem\",\"position\":2,\"name\":\"Nuestra gama\",\"item\":\"https:\/\/www.3tech-dental.com\/es\/nuestra-gama\/\"},{\"@type\":\"ListItem\",\"position\":3,\"name\":\"ACOPLAMIENTO R\u00c1PIDO CONEXION Kavo\u00ae Multiflex\u00ae\"}]},{\"@type\":\"WebSite\",\"@id\":\"https:\/\/www.3tech-dental.com\/#website\",\"url\":\"https:\/\/www.3tech-dental.com\/\",\"name\":\"3TECH\",\"description\":\"Equipez-vous malin !\",\"publisher\":{\"@id\":\"https:\/\/www.3tech-dental.com\/#organization\"},\"potentialAction\":[{\"@type\":\"SearchAction\",\"target\":{\"@type\":\"EntryPoint\",\"urlTemplate\":\"https:\/\/www.3tech-dental.com\/?s={search_term_string}\"},\"query-input\":{\"@type\":\"PropertyValueSpecification\",\"valueRequired\":true,\"valueName\":\"search_term_string\"}}],\"inLanguage\":\"es\"},{\"@type\":\"Organization\",\"@id\":\"https:\/\/www.3tech-dental.com\/#organization\",\"name\":\"3TECH\",\"url\":\"https:\/\/www.3tech-dental.com\/\",\"logo\":{\"@type\":\"ImageObject\",\"inLanguage\":\"es\",\"@id\":\"https:\/\/www.3tech-dental.com\/#\/schema\/logo\/image\/\",\"url\":\"https:\/\/www.3tech-dental.com\/wp-content\/uploads\/2017\/11\/logo@2x.png\",\"contentUrl\":\"https:\/\/www.3tech-dental.com\/wp-content\/uploads\/2017\/11\/logo@2x.png\",\"width\":736,\"height\":193,\"caption\":\"3TECH\"},\"image\":{\"@id\":\"https:\/\/www.3tech-dental.com\/#\/schema\/logo\/image\/\"}}]}<\/script>\n<!-- \/ Yoast SEO plugin. -->","yoast_head_json":{"title":"ACOPLAMIENTO R\u00c1PIDO CONEXION Kavo\u00ae Multiflex\u00ae - 3TECH","robots":{"index":"index","follow":"follow","max-snippet":"max-snippet:-1","max-image-preview":"max-image-preview:large","max-video-preview":"max-video-preview:-1"},"canonical":"https:\/\/www.3tech-dental.com\/es\/producto\/acoplamiento\/","og_locale":"es_ES","og_type":"article","og_title":"ACOPLAMIENTO R\u00c1PIDO CONEXION Kavo\u00ae Multiflex\u00ae - 3TECH","og_description":"Intensidad luminosa: 25 000 LUX Con anillo de ajuste de sprays de agua Conexi\u00f3n Midwest: 4 v\u00edas Garant\u00eda: 1 a\u00f1o","og_url":"https:\/\/www.3tech-dental.com\/es\/producto\/acoplamiento\/","og_site_name":"3TECH","article_modified_time":"2026-05-07T09:32:37+00:00","og_image":[{"width":446,"height":446,"url":"https:\/\/www.3tech-dental.com\/wp-content\/uploads\/2018\/09\/3T1117218_Visuel_Raccord_Turbine.png","type":"image\/png"}],"twitter_card":"summary_large_image","twitter_misc":{"Tiempo de lectura":"1 minuto"},"schema":{"@context":"https:\/\/schema.org","@graph":[{"@type":"WebPage","@id":"https:\/\/www.3tech-dental.com\/es\/producto\/acoplamiento\/","url":"https:\/\/www.3tech-dental.com\/es\/producto\/acoplamiento\/","name":"ACOPLAMIENTO R\u00c1PIDO CONEXION Kavo\u00ae Multiflex\u00ae - 3TECH","isPartOf":{"@id":"https:\/\/www.3tech-dental.com\/#website"},"primaryImageOfPage":{"@id":"https:\/\/www.3tech-dental.com\/es\/producto\/acoplamiento\/#primaryimage"},"image":{"@id":"https:\/\/www.3tech-dental.com\/es\/producto\/acoplamiento\/#primaryimage"},"thumbnailUrl":"https:\/\/www.3tech-dental.com\/wp-content\/uploads\/2018\/09\/3T1117218_Visuel_Raccord_Turbine.png","datePublished":"2021-02-22T16:06:17+00:00","dateModified":"2026-05-07T09:32:37+00:00","breadcrumb":{"@id":"https:\/\/www.3tech-dental.com\/es\/producto\/acoplamiento\/#breadcrumb"},"inLanguage":"es","potentialAction":[{"@type":"ReadAction","target":["https:\/\/www.3tech-dental.com\/es\/producto\/acoplamiento\/"]}]},{"@type":"ImageObject","inLanguage":"es","@id":"https:\/\/www.3tech-dental.com\/es\/producto\/acoplamiento\/#primaryimage","url":"https:\/\/www.3tech-dental.com\/wp-content\/uploads\/2018\/09\/3T1117218_Visuel_Raccord_Turbine.png","contentUrl":"https:\/\/www.3tech-dental.com\/wp-content\/uploads\/2018\/09\/3T1117218_Visuel_Raccord_Turbine.png","width":446,"height":446},{"@type":"BreadcrumbList","@id":"https:\/\/www.3tech-dental.com\/es\/producto\/acoplamiento\/#breadcrumb","itemListElement":[{"@type":"ListItem","position":1,"name":"Accueil","item":"https:\/\/www.3tech-dental.com\/es\/"},{"@type":"ListItem","position":2,"name":"Nuestra gama","item":"https:\/\/www.3tech-dental.com\/es\/nuestra-gama\/"},{"@type":"ListItem","position":3,"name":"ACOPLAMIENTO R\u00c1PIDO CONEXION Kavo\u00ae Multiflex\u00ae"}]},{"@type":"WebSite","@id":"https:\/\/www.3tech-dental.com\/#website","url":"https:\/\/www.3tech-dental.com\/","name":"3TECH","description":"Equipez-vous malin !","publisher":{"@id":"https:\/\/www.3tech-dental.com\/#organization"},"potentialAction":[{"@type":"SearchAction","target":{"@type":"EntryPoint","urlTemplate":"https:\/\/www.3tech-dental.com\/?s={search_term_string}"},"query-input":{"@type":"PropertyValueSpecification","valueRequired":true,"valueName":"search_term_string"}}],"inLanguage":"es"},{"@type":"Organization","@id":"https:\/\/www.3tech-dental.com\/#organization","name":"3TECH","url":"https:\/\/www.3tech-dental.com\/","logo":{"@type":"ImageObject","inLanguage":"es","@id":"https:\/\/www.3tech-dental.com\/#\/schema\/logo\/image\/","url":"https:\/\/www.3tech-dental.com\/wp-content\/uploads\/2017\/11\/logo@2x.png","contentUrl":"https:\/\/www.3tech-dental.com\/wp-content\/uploads\/2017\/11\/logo@2x.png","width":736,"height":193,"caption":"3TECH"},"image":{"@id":"https:\/\/www.3tech-dental.com\/#\/schema\/logo\/image\/"}}]}},"_links":{"self":[{"href":"https:\/\/www.3tech-dental.com\/es\/wp-json\/wp\/v2\/product\/3677"}],"collection":[{"href":"https:\/\/www.3tech-dental.com\/es\/wp-json\/wp\/v2\/product"}],"about":[{"href":"https:\/\/www.3tech-dental.com\/es\/wp-json\/wp\/v2\/types\/product"}],"wp:featuredmedia":[{"embeddable":true,"href":"https:\/\/www.3tech-dental.com\/es\/wp-json\/wp\/v2\/media\/3678"}],"wp:attachment":[{"href":"https:\/\/www.3tech-dental.com\/es\/wp-json\/wp\/v2\/media?parent=3677"}],"wp:term":[{"taxonomy":"product_cat","embeddable":true,"href":"https:\/\/www.3tech-dental.com\/es\/wp-json\/wp\/v2\/product_cat?post=3677"},{"taxonomy":"product_tag","embeddable":true,"href":"https:\/\/www.3tech-dental.com\/es\/wp-json\/wp\/v2\/product_tag?post=3677"}],"curies":[{"name":"wp","href":"https:\/\/api.w.org\/{rel}","templated":true}]}}