{"id":3679,"date":"2021-02-13T16:12:59","date_gmt":"2021-02-22T16:09:42","guid":{"rendered":"https:\/\/www.3tech-dental.com\/?post_type=product&#038;p=3679"},"modified":"2024-02-21T12:02:11","modified_gmt":"2024-02-21T11:02:11","slug":"ultrasonido-easy-scaler","status":"publish","type":"product","link":"https:\/\/www.3tech-dental.com\/es\/producto\/ultrasonido-easy-scaler\/","title":{"rendered":"Ultrasonido EASY SCALER"},"content":{"rendered":"<div class=\"specs\"><strong>Capacidad del dep\u00f3sito:<\/strong> 600 ml, con indicador de nivel de agua<br \/>\n<strong>Pieza de mano:<\/strong> &lt; desmontable y esterilizable en autoclave<br \/>\n<strong>Movimientos lineales precisos:<\/strong> tratamiento m\u00e1s c\u00f3modo<br \/>\n<strong>Tama\u00f1o:<\/strong> 205mm x 165mm x 150mm<\/div>\n<div class=\"specs\"><strong>Peso de la unidad principal:<\/strong> 1.6 kg<br \/>\n<strong>Disponible en dos modelos:<\/strong><br \/>\n&#8211; compatible con los insertos Satelec\u00ae et NSK\u00ae<br \/>\n&#8211; compatible con los insertos EMS\u00ae<br \/>\n<strong> Peso pieza de mano:<\/strong> 53g (insertos Satelec\u00ae et NSK\u00ae)\/ 56g (insertos EMS\u00ae)<br \/>\n<strong> Intensidad luminosa de la pieza de mano:<\/strong> 5 000 LUX<br \/>\n<strong> Control t\u00e1ctil <\/strong><br \/>\n<strong>Garantie:<\/strong> 24 meses para el dispositivo, 12 meses para la pieza de mano<\/div>\n<div><\/div>\n<div class=\"specs\"><strong>Contiene : <\/strong> Pieza de mano, 7 insertos, 1 endo-Chuck, 4 limas endod\u00f3nticas (2 ISO 020, 2 ISO 015), 1 llave dinamom\u00e9trica, 1 llave endod\u00f3ntica<\/div>\n","protected":false},"excerpt":{"rendered":"<p>Capacidad del dep\u00f3sito: 600 ml, con indicador de nivel de agua Pieza de mano: &lt; desmontable y esterilizable en autoclave Movimientos lineales precisos: tratamiento m\u00e1s c\u00f3modo Tama\u00f1o: 205mm x 165mm x 150mm Peso de la unidad principal: 1.6 kg Disponible en dos modelos: &#8211; compatible con los insertos Satelec\u00ae et NSK\u00ae &#8211; compatible con los [&hellip;]<\/p>\n","protected":false},"featured_media":1699,"template":"","meta":{"_acf_changed":false},"product_cat":[88],"product_tag":[],"class_list":{"0":"post-3679","1":"product","2":"type-product","3":"status-publish","4":"has-post-thumbnail","6":"product_cat-ultrasonido","8":"first","9":"instock","10":"shipping-taxable","11":"product-type-simple"},"acf":[],"yoast_head":"<!-- This site is optimized with the Yoast SEO plugin v23.7 - https:\/\/yoast.com\/wordpress\/plugins\/seo\/ -->\n<title>Ultrasonido EASY SCALER - 3TECH<\/title>\n<meta name=\"robots\" content=\"index, follow, max-snippet:-1, max-image-preview:large, max-video-preview:-1\" \/>\n<link rel=\"canonical\" href=\"https:\/\/www.3tech-dental.com\/es\/producto\/ultrasonido-easy-scaler\/\" \/>\n<meta property=\"og:locale\" content=\"es_ES\" \/>\n<meta property=\"og:type\" content=\"article\" \/>\n<meta property=\"og:title\" content=\"Ultrasonido EASY SCALER - 3TECH\" \/>\n<meta property=\"og:description\" content=\"Capacidad del dep\u00f3sito: 600 ml, con indicador de nivel de agua Pieza de mano: &lt; desmontable y esterilizable en autoclave Movimientos lineales precisos: tratamiento m\u00e1s c\u00f3modo Tama\u00f1o: 205mm x 165mm x 150mm Peso de la unidad principal: 1.6 kg Disponible en dos modelos: &#8211; compatible con los insertos Satelec\u00ae et NSK\u00ae &#8211; compatible con los [&hellip;]\" \/>\n<meta property=\"og:url\" content=\"https:\/\/www.3tech-dental.com\/es\/producto\/ultrasonido-easy-scaler\/\" \/>\n<meta property=\"og:site_name\" content=\"3TECH\" \/>\n<meta property=\"article:modified_time\" content=\"2024-02-21T11:02:11+00:00\" \/>\n<meta property=\"og:image\" content=\"https:\/\/www.3tech-dental.com\/wp-content\/uploads\/2019\/12\/EasyScaler-A-1.png\" \/>\n\t<meta property=\"og:image:width\" content=\"3971\" \/>\n\t<meta property=\"og:image:height\" content=\"3553\" \/>\n\t<meta property=\"og:image:type\" content=\"image\/png\" \/>\n<meta name=\"twitter:card\" content=\"summary_large_image\" \/>\n<meta name=\"twitter:label1\" content=\"Tiempo de lectura\" \/>\n\t<meta name=\"twitter:data1\" content=\"1 minuto\" \/>\n<script type=\"application\/ld+json\" class=\"yoast-schema-graph\">{\"@context\":\"https:\/\/schema.org\",\"@graph\":[{\"@type\":\"WebPage\",\"@id\":\"https:\/\/www.3tech-dental.com\/es\/producto\/ultrasonido-easy-scaler\/\",\"url\":\"https:\/\/www.3tech-dental.com\/es\/producto\/ultrasonido-easy-scaler\/\",\"name\":\"Ultrasonido EASY SCALER - 3TECH\",\"isPartOf\":{\"@id\":\"https:\/\/www.3tech-dental.com\/#website\"},\"primaryImageOfPage\":{\"@id\":\"https:\/\/www.3tech-dental.com\/es\/producto\/ultrasonido-easy-scaler\/#primaryimage\"},\"image\":{\"@id\":\"https:\/\/www.3tech-dental.com\/es\/producto\/ultrasonido-easy-scaler\/#primaryimage\"},\"thumbnailUrl\":\"https:\/\/www.3tech-dental.com\/wp-content\/uploads\/2019\/12\/EasyScaler-A-1.png\",\"datePublished\":\"2021-02-22T16:09:42+00:00\",\"dateModified\":\"2024-02-21T11:02:11+00:00\",\"breadcrumb\":{\"@id\":\"https:\/\/www.3tech-dental.com\/es\/producto\/ultrasonido-easy-scaler\/#breadcrumb\"},\"inLanguage\":\"es\",\"potentialAction\":[{\"@type\":\"ReadAction\",\"target\":[\"https:\/\/www.3tech-dental.com\/es\/producto\/ultrasonido-easy-scaler\/\"]}]},{\"@type\":\"ImageObject\",\"inLanguage\":\"es\",\"@id\":\"https:\/\/www.3tech-dental.com\/es\/producto\/ultrasonido-easy-scaler\/#primaryimage\",\"url\":\"https:\/\/www.3tech-dental.com\/wp-content\/uploads\/2019\/12\/EasyScaler-A-1.png\",\"contentUrl\":\"https:\/\/www.3tech-dental.com\/wp-content\/uploads\/2019\/12\/EasyScaler-A-1.png\",\"width\":3971,\"height\":3553},{\"@type\":\"BreadcrumbList\",\"@id\":\"https:\/\/www.3tech-dental.com\/es\/producto\/ultrasonido-easy-scaler\/#breadcrumb\",\"itemListElement\":[{\"@type\":\"ListItem\",\"position\":1,\"name\":\"Accueil\",\"item\":\"https:\/\/www.3tech-dental.com\/es\/\"},{\"@type\":\"ListItem\",\"position\":2,\"name\":\"Nuestra gama\",\"item\":\"https:\/\/www.3tech-dental.com\/es\/nuestra-gama\/\"},{\"@type\":\"ListItem\",\"position\":3,\"name\":\"Ultrasonido EASY SCALER\"}]},{\"@type\":\"WebSite\",\"@id\":\"https:\/\/www.3tech-dental.com\/#website\",\"url\":\"https:\/\/www.3tech-dental.com\/\",\"name\":\"3TECH\",\"description\":\"Equipez-vous malin !\",\"publisher\":{\"@id\":\"https:\/\/www.3tech-dental.com\/#organization\"},\"potentialAction\":[{\"@type\":\"SearchAction\",\"target\":{\"@type\":\"EntryPoint\",\"urlTemplate\":\"https:\/\/www.3tech-dental.com\/?s={search_term_string}\"},\"query-input\":{\"@type\":\"PropertyValueSpecification\",\"valueRequired\":true,\"valueName\":\"search_term_string\"}}],\"inLanguage\":\"es\"},{\"@type\":\"Organization\",\"@id\":\"https:\/\/www.3tech-dental.com\/#organization\",\"name\":\"3TECH\",\"url\":\"https:\/\/www.3tech-dental.com\/\",\"logo\":{\"@type\":\"ImageObject\",\"inLanguage\":\"es\",\"@id\":\"https:\/\/www.3tech-dental.com\/#\/schema\/logo\/image\/\",\"url\":\"https:\/\/www.3tech-dental.com\/wp-content\/uploads\/2017\/11\/logo@2x.png\",\"contentUrl\":\"https:\/\/www.3tech-dental.com\/wp-content\/uploads\/2017\/11\/logo@2x.png\",\"width\":736,\"height\":193,\"caption\":\"3TECH\"},\"image\":{\"@id\":\"https:\/\/www.3tech-dental.com\/#\/schema\/logo\/image\/\"}}]}<\/script>\n<!-- \/ Yoast SEO plugin. -->","yoast_head_json":{"title":"Ultrasonido EASY SCALER - 3TECH","robots":{"index":"index","follow":"follow","max-snippet":"max-snippet:-1","max-image-preview":"max-image-preview:large","max-video-preview":"max-video-preview:-1"},"canonical":"https:\/\/www.3tech-dental.com\/es\/producto\/ultrasonido-easy-scaler\/","og_locale":"es_ES","og_type":"article","og_title":"Ultrasonido EASY SCALER - 3TECH","og_description":"Capacidad del dep\u00f3sito: 600 ml, con indicador de nivel de agua Pieza de mano: &lt; desmontable y esterilizable en autoclave Movimientos lineales precisos: tratamiento m\u00e1s c\u00f3modo Tama\u00f1o: 205mm x 165mm x 150mm Peso de la unidad principal: 1.6 kg Disponible en dos modelos: &#8211; compatible con los insertos Satelec\u00ae et NSK\u00ae &#8211; compatible con los [&hellip;]","og_url":"https:\/\/www.3tech-dental.com\/es\/producto\/ultrasonido-easy-scaler\/","og_site_name":"3TECH","article_modified_time":"2024-02-21T11:02:11+00:00","og_image":[{"width":3971,"height":3553,"url":"https:\/\/www.3tech-dental.com\/wp-content\/uploads\/2019\/12\/EasyScaler-A-1.png","type":"image\/png"}],"twitter_card":"summary_large_image","twitter_misc":{"Tiempo de lectura":"1 minuto"},"schema":{"@context":"https:\/\/schema.org","@graph":[{"@type":"WebPage","@id":"https:\/\/www.3tech-dental.com\/es\/producto\/ultrasonido-easy-scaler\/","url":"https:\/\/www.3tech-dental.com\/es\/producto\/ultrasonido-easy-scaler\/","name":"Ultrasonido EASY SCALER - 3TECH","isPartOf":{"@id":"https:\/\/www.3tech-dental.com\/#website"},"primaryImageOfPage":{"@id":"https:\/\/www.3tech-dental.com\/es\/producto\/ultrasonido-easy-scaler\/#primaryimage"},"image":{"@id":"https:\/\/www.3tech-dental.com\/es\/producto\/ultrasonido-easy-scaler\/#primaryimage"},"thumbnailUrl":"https:\/\/www.3tech-dental.com\/wp-content\/uploads\/2019\/12\/EasyScaler-A-1.png","datePublished":"2021-02-22T16:09:42+00:00","dateModified":"2024-02-21T11:02:11+00:00","breadcrumb":{"@id":"https:\/\/www.3tech-dental.com\/es\/producto\/ultrasonido-easy-scaler\/#breadcrumb"},"inLanguage":"es","potentialAction":[{"@type":"ReadAction","target":["https:\/\/www.3tech-dental.com\/es\/producto\/ultrasonido-easy-scaler\/"]}]},{"@type":"ImageObject","inLanguage":"es","@id":"https:\/\/www.3tech-dental.com\/es\/producto\/ultrasonido-easy-scaler\/#primaryimage","url":"https:\/\/www.3tech-dental.com\/wp-content\/uploads\/2019\/12\/EasyScaler-A-1.png","contentUrl":"https:\/\/www.3tech-dental.com\/wp-content\/uploads\/2019\/12\/EasyScaler-A-1.png","width":3971,"height":3553},{"@type":"BreadcrumbList","@id":"https:\/\/www.3tech-dental.com\/es\/producto\/ultrasonido-easy-scaler\/#breadcrumb","itemListElement":[{"@type":"ListItem","position":1,"name":"Accueil","item":"https:\/\/www.3tech-dental.com\/es\/"},{"@type":"ListItem","position":2,"name":"Nuestra gama","item":"https:\/\/www.3tech-dental.com\/es\/nuestra-gama\/"},{"@type":"ListItem","position":3,"name":"Ultrasonido EASY SCALER"}]},{"@type":"WebSite","@id":"https:\/\/www.3tech-dental.com\/#website","url":"https:\/\/www.3tech-dental.com\/","name":"3TECH","description":"Equipez-vous malin !","publisher":{"@id":"https:\/\/www.3tech-dental.com\/#organization"},"potentialAction":[{"@type":"SearchAction","target":{"@type":"EntryPoint","urlTemplate":"https:\/\/www.3tech-dental.com\/?s={search_term_string}"},"query-input":{"@type":"PropertyValueSpecification","valueRequired":true,"valueName":"search_term_string"}}],"inLanguage":"es"},{"@type":"Organization","@id":"https:\/\/www.3tech-dental.com\/#organization","name":"3TECH","url":"https:\/\/www.3tech-dental.com\/","logo":{"@type":"ImageObject","inLanguage":"es","@id":"https:\/\/www.3tech-dental.com\/#\/schema\/logo\/image\/","url":"https:\/\/www.3tech-dental.com\/wp-content\/uploads\/2017\/11\/logo@2x.png","contentUrl":"https:\/\/www.3tech-dental.com\/wp-content\/uploads\/2017\/11\/logo@2x.png","width":736,"height":193,"caption":"3TECH"},"image":{"@id":"https:\/\/www.3tech-dental.com\/#\/schema\/logo\/image\/"}}]}},"_links":{"self":[{"href":"https:\/\/www.3tech-dental.com\/es\/wp-json\/wp\/v2\/product\/3679"}],"collection":[{"href":"https:\/\/www.3tech-dental.com\/es\/wp-json\/wp\/v2\/product"}],"about":[{"href":"https:\/\/www.3tech-dental.com\/es\/wp-json\/wp\/v2\/types\/product"}],"wp:featuredmedia":[{"embeddable":true,"href":"https:\/\/www.3tech-dental.com\/es\/wp-json\/wp\/v2\/media\/1699"}],"wp:attachment":[{"href":"https:\/\/www.3tech-dental.com\/es\/wp-json\/wp\/v2\/media?parent=3679"}],"wp:term":[{"taxonomy":"product_cat","embeddable":true,"href":"https:\/\/www.3tech-dental.com\/es\/wp-json\/wp\/v2\/product_cat?post=3679"},{"taxonomy":"product_tag","embeddable":true,"href":"https:\/\/www.3tech-dental.com\/es\/wp-json\/wp\/v2\/product_tag?post=3679"}],"curies":[{"name":"wp","href":"https:\/\/api.w.org\/{rel}","templated":true}]}}