{"id":3868,"date":"2021-02-15T15:45:38","date_gmt":"2021-04-28T10:41:08","guid":{"rendered":"https:\/\/www.3tech-dental.com\/?post_type=product&#038;p=3868"},"modified":"2022-11-29T16:59:54","modified_gmt":"2022-11-29T15:59:54","slug":"termoselladora","status":"publish","type":"product","link":"https:\/\/www.3tech-dental.com\/es\/producto\/termoselladora\/","title":{"rendered":"Termoselladora"},"content":{"rendered":"<p><span style=\"color: #000000;\"><b>Tiempo de calentamiento corto: <\/b><\/span>2-3 minutos<br \/>\n<span style=\"color: #000000;\"><b>Indicaci\u00f3n de calefacci\u00f3n: <\/b><\/span>LED intermitente<br \/>\n<span style=\"color: #000000;\"><b>Indicaci\u00f3n de la temperatura alcanzada: <\/b><\/span>pitido<br \/>\n<span style=\"color: #000000;\"><b>Proceso de soldadura: <\/b><\/span>6 segundos<br \/>\n<b><span style=\"color: #000000;\">Ancho de soldadura:<\/span> <\/b>12 mm<br \/>\n<span style=\"color: #000000;\"><b>Longitud m\u00e1xima de soldadura: <\/b><\/span>30 cm<br \/>\n<span style=\"color: #000000;\"><b>Visibilidad del lugar de corte<\/b><\/span><br \/>\n<span style=\"color: #000000;\"><b>Temperatura: <\/b><\/span>entre 175\u00b0C et 180\u00b0C<br \/>\n<span style=\"color: #000000;\"><b>Potencia:<\/b><\/span> 180 W<br \/>\n<span style=\"color: #000000;\"><b>Dimensiones:<\/b><\/span> 442 x 305 x 125 mm<br \/>\n<span style=\"color: #000000;\"><b>Pesos: <\/b><\/span>3,3 kg<br \/>\n<span style=\"color: #000000;\"><b>Se apaga autom\u00e1ticamente: <\/b><\/span>despu\u00e9s de 30 minutos sin uso<\/p>\n<p><strong>Garant\u00eda:<\/strong> 1 a\u00f1o<\/p>\n","protected":false},"excerpt":{"rendered":"<p>Tiempo de calentamiento corto: 2-3 minutos Indicaci\u00f3n de calefacci\u00f3n: LED intermitente Indicaci\u00f3n de la temperatura alcanzada: pitido Proceso de soldadura: 6 segundos Ancho de soldadura: 12 mm Longitud m\u00e1xima de soldadura: 30 cm Visibilidad del lugar de corte Temperatura: entre 175\u00b0C et 180\u00b0C Potencia: 180 W Dimensiones: 442 x 305 x 125 mm Pesos: 3,3 [&hellip;]<\/p>\n","protected":false},"featured_media":3517,"template":"","meta":{"_acf_changed":false},"product_cat":[90],"product_tag":[],"class_list":{"0":"post-3868","1":"product","2":"type-product","3":"status-publish","4":"has-post-thumbnail","6":"product_cat-productos","8":"first","9":"instock","10":"shipping-taxable","11":"product-type-simple"},"acf":[],"yoast_head":"<!-- This site is optimized with the Yoast SEO plugin v23.7 - https:\/\/yoast.com\/wordpress\/plugins\/seo\/ -->\n<title>Termoselladora - 3TECH<\/title>\n<meta name=\"robots\" content=\"index, follow, max-snippet:-1, max-image-preview:large, max-video-preview:-1\" \/>\n<link rel=\"canonical\" href=\"https:\/\/www.3tech-dental.com\/es\/producto\/termoselladora\/\" \/>\n<meta property=\"og:locale\" content=\"es_ES\" \/>\n<meta property=\"og:type\" content=\"article\" \/>\n<meta property=\"og:title\" content=\"Termoselladora - 3TECH\" \/>\n<meta property=\"og:description\" content=\"Tiempo de calentamiento corto: 2-3 minutos Indicaci\u00f3n de calefacci\u00f3n: LED intermitente Indicaci\u00f3n de la temperatura alcanzada: pitido Proceso de soldadura: 6 segundos Ancho de soldadura: 12 mm Longitud m\u00e1xima de soldadura: 30 cm Visibilidad del lugar de corte Temperatura: entre 175\u00b0C et 180\u00b0C Potencia: 180 W Dimensiones: 442 x 305 x 125 mm Pesos: 3,3 [&hellip;]\" \/>\n<meta property=\"og:url\" content=\"https:\/\/www.3tech-dental.com\/es\/producto\/termoselladora\/\" \/>\n<meta property=\"og:site_name\" content=\"3TECH\" \/>\n<meta property=\"article:modified_time\" content=\"2022-11-29T15:59:54+00:00\" \/>\n<meta property=\"og:image\" content=\"https:\/\/www.3tech-dental.com\/wp-content\/uploads\/2021\/02\/Studio_Project-5.jpeg\" \/>\n\t<meta property=\"og:image:width\" content=\"1280\" \/>\n\t<meta property=\"og:image:height\" content=\"1280\" \/>\n\t<meta property=\"og:image:type\" content=\"image\/jpeg\" \/>\n<meta name=\"twitter:card\" content=\"summary_large_image\" \/>\n<meta name=\"twitter:label1\" content=\"Tiempo de lectura\" \/>\n\t<meta name=\"twitter:data1\" content=\"1 minuto\" \/>\n<script type=\"application\/ld+json\" class=\"yoast-schema-graph\">{\"@context\":\"https:\/\/schema.org\",\"@graph\":[{\"@type\":\"WebPage\",\"@id\":\"https:\/\/www.3tech-dental.com\/es\/producto\/termoselladora\/\",\"url\":\"https:\/\/www.3tech-dental.com\/es\/producto\/termoselladora\/\",\"name\":\"Termoselladora - 3TECH\",\"isPartOf\":{\"@id\":\"https:\/\/www.3tech-dental.com\/#website\"},\"primaryImageOfPage\":{\"@id\":\"https:\/\/www.3tech-dental.com\/es\/producto\/termoselladora\/#primaryimage\"},\"image\":{\"@id\":\"https:\/\/www.3tech-dental.com\/es\/producto\/termoselladora\/#primaryimage\"},\"thumbnailUrl\":\"https:\/\/www.3tech-dental.com\/wp-content\/uploads\/2021\/02\/Studio_Project-5.jpeg\",\"datePublished\":\"2021-04-28T10:41:08+00:00\",\"dateModified\":\"2022-11-29T15:59:54+00:00\",\"breadcrumb\":{\"@id\":\"https:\/\/www.3tech-dental.com\/es\/producto\/termoselladora\/#breadcrumb\"},\"inLanguage\":\"es\",\"potentialAction\":[{\"@type\":\"ReadAction\",\"target\":[\"https:\/\/www.3tech-dental.com\/es\/producto\/termoselladora\/\"]}]},{\"@type\":\"ImageObject\",\"inLanguage\":\"es\",\"@id\":\"https:\/\/www.3tech-dental.com\/es\/producto\/termoselladora\/#primaryimage\",\"url\":\"https:\/\/www.3tech-dental.com\/wp-content\/uploads\/2021\/02\/Studio_Project-5.jpeg\",\"contentUrl\":\"https:\/\/www.3tech-dental.com\/wp-content\/uploads\/2021\/02\/Studio_Project-5.jpeg\",\"width\":1280,\"height\":1280},{\"@type\":\"BreadcrumbList\",\"@id\":\"https:\/\/www.3tech-dental.com\/es\/producto\/termoselladora\/#breadcrumb\",\"itemListElement\":[{\"@type\":\"ListItem\",\"position\":1,\"name\":\"Accueil\",\"item\":\"https:\/\/www.3tech-dental.com\/es\/\"},{\"@type\":\"ListItem\",\"position\":2,\"name\":\"Nuestra gama\",\"item\":\"https:\/\/www.3tech-dental.com\/es\/nuestra-gama\/\"},{\"@type\":\"ListItem\",\"position\":3,\"name\":\"Termoselladora\"}]},{\"@type\":\"WebSite\",\"@id\":\"https:\/\/www.3tech-dental.com\/#website\",\"url\":\"https:\/\/www.3tech-dental.com\/\",\"name\":\"3TECH\",\"description\":\"Equipez-vous malin !\",\"publisher\":{\"@id\":\"https:\/\/www.3tech-dental.com\/#organization\"},\"potentialAction\":[{\"@type\":\"SearchAction\",\"target\":{\"@type\":\"EntryPoint\",\"urlTemplate\":\"https:\/\/www.3tech-dental.com\/?s={search_term_string}\"},\"query-input\":{\"@type\":\"PropertyValueSpecification\",\"valueRequired\":true,\"valueName\":\"search_term_string\"}}],\"inLanguage\":\"es\"},{\"@type\":\"Organization\",\"@id\":\"https:\/\/www.3tech-dental.com\/#organization\",\"name\":\"3TECH\",\"url\":\"https:\/\/www.3tech-dental.com\/\",\"logo\":{\"@type\":\"ImageObject\",\"inLanguage\":\"es\",\"@id\":\"https:\/\/www.3tech-dental.com\/#\/schema\/logo\/image\/\",\"url\":\"https:\/\/www.3tech-dental.com\/wp-content\/uploads\/2017\/11\/logo@2x.png\",\"contentUrl\":\"https:\/\/www.3tech-dental.com\/wp-content\/uploads\/2017\/11\/logo@2x.png\",\"width\":736,\"height\":193,\"caption\":\"3TECH\"},\"image\":{\"@id\":\"https:\/\/www.3tech-dental.com\/#\/schema\/logo\/image\/\"}}]}<\/script>\n<!-- \/ Yoast SEO plugin. -->","yoast_head_json":{"title":"Termoselladora - 3TECH","robots":{"index":"index","follow":"follow","max-snippet":"max-snippet:-1","max-image-preview":"max-image-preview:large","max-video-preview":"max-video-preview:-1"},"canonical":"https:\/\/www.3tech-dental.com\/es\/producto\/termoselladora\/","og_locale":"es_ES","og_type":"article","og_title":"Termoselladora - 3TECH","og_description":"Tiempo de calentamiento corto: 2-3 minutos Indicaci\u00f3n de calefacci\u00f3n: LED intermitente Indicaci\u00f3n de la temperatura alcanzada: pitido Proceso de soldadura: 6 segundos Ancho de soldadura: 12 mm Longitud m\u00e1xima de soldadura: 30 cm Visibilidad del lugar de corte Temperatura: entre 175\u00b0C et 180\u00b0C Potencia: 180 W Dimensiones: 442 x 305 x 125 mm Pesos: 3,3 [&hellip;]","og_url":"https:\/\/www.3tech-dental.com\/es\/producto\/termoselladora\/","og_site_name":"3TECH","article_modified_time":"2022-11-29T15:59:54+00:00","og_image":[{"width":1280,"height":1280,"url":"https:\/\/www.3tech-dental.com\/wp-content\/uploads\/2021\/02\/Studio_Project-5.jpeg","type":"image\/jpeg"}],"twitter_card":"summary_large_image","twitter_misc":{"Tiempo de lectura":"1 minuto"},"schema":{"@context":"https:\/\/schema.org","@graph":[{"@type":"WebPage","@id":"https:\/\/www.3tech-dental.com\/es\/producto\/termoselladora\/","url":"https:\/\/www.3tech-dental.com\/es\/producto\/termoselladora\/","name":"Termoselladora - 3TECH","isPartOf":{"@id":"https:\/\/www.3tech-dental.com\/#website"},"primaryImageOfPage":{"@id":"https:\/\/www.3tech-dental.com\/es\/producto\/termoselladora\/#primaryimage"},"image":{"@id":"https:\/\/www.3tech-dental.com\/es\/producto\/termoselladora\/#primaryimage"},"thumbnailUrl":"https:\/\/www.3tech-dental.com\/wp-content\/uploads\/2021\/02\/Studio_Project-5.jpeg","datePublished":"2021-04-28T10:41:08+00:00","dateModified":"2022-11-29T15:59:54+00:00","breadcrumb":{"@id":"https:\/\/www.3tech-dental.com\/es\/producto\/termoselladora\/#breadcrumb"},"inLanguage":"es","potentialAction":[{"@type":"ReadAction","target":["https:\/\/www.3tech-dental.com\/es\/producto\/termoselladora\/"]}]},{"@type":"ImageObject","inLanguage":"es","@id":"https:\/\/www.3tech-dental.com\/es\/producto\/termoselladora\/#primaryimage","url":"https:\/\/www.3tech-dental.com\/wp-content\/uploads\/2021\/02\/Studio_Project-5.jpeg","contentUrl":"https:\/\/www.3tech-dental.com\/wp-content\/uploads\/2021\/02\/Studio_Project-5.jpeg","width":1280,"height":1280},{"@type":"BreadcrumbList","@id":"https:\/\/www.3tech-dental.com\/es\/producto\/termoselladora\/#breadcrumb","itemListElement":[{"@type":"ListItem","position":1,"name":"Accueil","item":"https:\/\/www.3tech-dental.com\/es\/"},{"@type":"ListItem","position":2,"name":"Nuestra gama","item":"https:\/\/www.3tech-dental.com\/es\/nuestra-gama\/"},{"@type":"ListItem","position":3,"name":"Termoselladora"}]},{"@type":"WebSite","@id":"https:\/\/www.3tech-dental.com\/#website","url":"https:\/\/www.3tech-dental.com\/","name":"3TECH","description":"Equipez-vous malin !","publisher":{"@id":"https:\/\/www.3tech-dental.com\/#organization"},"potentialAction":[{"@type":"SearchAction","target":{"@type":"EntryPoint","urlTemplate":"https:\/\/www.3tech-dental.com\/?s={search_term_string}"},"query-input":{"@type":"PropertyValueSpecification","valueRequired":true,"valueName":"search_term_string"}}],"inLanguage":"es"},{"@type":"Organization","@id":"https:\/\/www.3tech-dental.com\/#organization","name":"3TECH","url":"https:\/\/www.3tech-dental.com\/","logo":{"@type":"ImageObject","inLanguage":"es","@id":"https:\/\/www.3tech-dental.com\/#\/schema\/logo\/image\/","url":"https:\/\/www.3tech-dental.com\/wp-content\/uploads\/2017\/11\/logo@2x.png","contentUrl":"https:\/\/www.3tech-dental.com\/wp-content\/uploads\/2017\/11\/logo@2x.png","width":736,"height":193,"caption":"3TECH"},"image":{"@id":"https:\/\/www.3tech-dental.com\/#\/schema\/logo\/image\/"}}]}},"_links":{"self":[{"href":"https:\/\/www.3tech-dental.com\/es\/wp-json\/wp\/v2\/product\/3868"}],"collection":[{"href":"https:\/\/www.3tech-dental.com\/es\/wp-json\/wp\/v2\/product"}],"about":[{"href":"https:\/\/www.3tech-dental.com\/es\/wp-json\/wp\/v2\/types\/product"}],"wp:featuredmedia":[{"embeddable":true,"href":"https:\/\/www.3tech-dental.com\/es\/wp-json\/wp\/v2\/media\/3517"}],"wp:attachment":[{"href":"https:\/\/www.3tech-dental.com\/es\/wp-json\/wp\/v2\/media?parent=3868"}],"wp:term":[{"taxonomy":"product_cat","embeddable":true,"href":"https:\/\/www.3tech-dental.com\/es\/wp-json\/wp\/v2\/product_cat?post=3868"},{"taxonomy":"product_tag","embeddable":true,"href":"https:\/\/www.3tech-dental.com\/es\/wp-json\/wp\/v2\/product_tag?post=3868"}],"curies":[{"name":"wp","href":"https:\/\/api.w.org\/{rel}","templated":true}]}}