{"id":4188,"date":"2021-11-03T15:29:25","date_gmt":"2021-11-03T15:08:49","guid":{"rendered":"https:\/\/www.3tech-dental.com\/?post_type=product&#038;p=4188"},"modified":"2024-02-19T16:51:42","modified_gmt":"2024-02-19T15:51:42","slug":"lamparas-2","status":"publish","type":"product","link":"https:\/\/www.3tech-dental.com\/es\/producto\/lamparas-2\/","title":{"rendered":"LED CURING LIGHT L-3200"},"content":{"rendered":"<p><strong>Intensidad:<\/strong> 800 hasta 3200 mW\/cm\u00b2<br \/>\n<strong>4 modos:<\/strong> normal, pulse, fuerte, super<br \/>\n<strong>Tiempos:<\/strong> 1, 2, 3, 5, 6, 9, 10, 15 et 20 secundas<br \/>\nSe\u00f1al sonoro<br \/>\n<strong>Apagado autom\u00e1tico:<\/strong> despu\u00e9s de 7 minutos sin uso<br \/>\nLuz ajustable a 360\u00b0<br \/>\n<strong>Longitud de onda:<\/strong> 385 \u2013 515 nm<br \/>\n<strong>Tama\u00f1o de la l\u00e1mpara (ancho x alto):<\/strong> 24 x 240 mm<br \/>\n<strong>Anchura de la lente:<\/strong> 10 mm<br \/>\n<strong>Peso de la pieza de mano:<\/strong> 136 g<br \/>\n<strong>Colores :<\/strong> Silver, Rojo, Oro, Antracita, Azul, Violeta<\/p>\n<p><strong>Garant\u00eda:<\/strong> 1 a\u00f1o<\/p>\n","protected":false},"excerpt":{"rendered":"<p>Intensidad: 800 hasta 3200 mW\/cm\u00b2 4 modos: normal, pulse, fuerte, super Tiempos: 1, 2, 3, 5, 6, 9, 10, 15 et 20 secundas Se\u00f1al sonoro Apagado autom\u00e1tico: despu\u00e9s de 7 minutos sin uso Luz ajustable a 360\u00b0 Longitud de onda: 385 \u2013 515 nm Tama\u00f1o de la l\u00e1mpara (ancho x alto): 24 x 240 mm [&hellip;]<\/p>\n","protected":false},"featured_media":4181,"template":"","meta":{"_acf_changed":false},"product_cat":[108],"product_tag":[],"class_list":{"0":"post-4188","1":"product","2":"type-product","3":"status-publish","4":"has-post-thumbnail","6":"product_cat-lamparas-es","8":"first","9":"instock","10":"shipping-taxable","11":"product-type-simple"},"acf":[],"yoast_head":"<!-- This site is optimized with the Yoast SEO plugin v23.7 - https:\/\/yoast.com\/wordpress\/plugins\/seo\/ -->\n<title>LED CURING LIGHT L-3200 - 3TECH<\/title>\n<meta name=\"robots\" content=\"index, follow, max-snippet:-1, max-image-preview:large, max-video-preview:-1\" \/>\n<link rel=\"canonical\" href=\"https:\/\/www.3tech-dental.com\/es\/producto\/lamparas-2\/\" \/>\n<meta property=\"og:locale\" content=\"es_ES\" \/>\n<meta property=\"og:type\" content=\"article\" \/>\n<meta property=\"og:title\" content=\"LED CURING LIGHT L-3200 - 3TECH\" \/>\n<meta property=\"og:description\" content=\"Intensidad: 800 hasta 3200 mW\/cm\u00b2 4 modos: normal, pulse, fuerte, super Tiempos: 1, 2, 3, 5, 6, 9, 10, 15 et 20 secundas Se\u00f1al sonoro Apagado autom\u00e1tico: despu\u00e9s de 7 minutos sin uso Luz ajustable a 360\u00b0 Longitud de onda: 385 \u2013 515 nm Tama\u00f1o de la l\u00e1mpara (ancho x alto): 24 x 240 mm [&hellip;]\" \/>\n<meta property=\"og:url\" content=\"https:\/\/www.3tech-dental.com\/es\/producto\/lamparas-2\/\" \/>\n<meta property=\"og:site_name\" content=\"3TECH\" \/>\n<meta property=\"article:modified_time\" content=\"2024-02-19T15:51:42+00:00\" \/>\n<meta property=\"og:image\" content=\"https:\/\/www.3tech-dental.com\/wp-content\/uploads\/2021\/11\/LED-3200-Front-looking-back.png\" \/>\n\t<meta property=\"og:image:width\" content=\"3000\" \/>\n\t<meta property=\"og:image:height\" content=\"3000\" \/>\n\t<meta property=\"og:image:type\" content=\"image\/png\" \/>\n<meta name=\"twitter:card\" content=\"summary_large_image\" \/>\n<meta name=\"twitter:label1\" content=\"Tiempo de lectura\" \/>\n\t<meta name=\"twitter:data1\" content=\"1 minuto\" \/>\n<script type=\"application\/ld+json\" class=\"yoast-schema-graph\">{\"@context\":\"https:\/\/schema.org\",\"@graph\":[{\"@type\":\"WebPage\",\"@id\":\"https:\/\/www.3tech-dental.com\/es\/producto\/lamparas-2\/\",\"url\":\"https:\/\/www.3tech-dental.com\/es\/producto\/lamparas-2\/\",\"name\":\"LED CURING LIGHT L-3200 - 3TECH\",\"isPartOf\":{\"@id\":\"https:\/\/www.3tech-dental.com\/#website\"},\"primaryImageOfPage\":{\"@id\":\"https:\/\/www.3tech-dental.com\/es\/producto\/lamparas-2\/#primaryimage\"},\"image\":{\"@id\":\"https:\/\/www.3tech-dental.com\/es\/producto\/lamparas-2\/#primaryimage\"},\"thumbnailUrl\":\"https:\/\/www.3tech-dental.com\/wp-content\/uploads\/2021\/11\/LED-3200-Front-looking-back.png\",\"datePublished\":\"2021-11-03T15:08:49+00:00\",\"dateModified\":\"2024-02-19T15:51:42+00:00\",\"breadcrumb\":{\"@id\":\"https:\/\/www.3tech-dental.com\/es\/producto\/lamparas-2\/#breadcrumb\"},\"inLanguage\":\"es\",\"potentialAction\":[{\"@type\":\"ReadAction\",\"target\":[\"https:\/\/www.3tech-dental.com\/es\/producto\/lamparas-2\/\"]}]},{\"@type\":\"ImageObject\",\"inLanguage\":\"es\",\"@id\":\"https:\/\/www.3tech-dental.com\/es\/producto\/lamparas-2\/#primaryimage\",\"url\":\"https:\/\/www.3tech-dental.com\/wp-content\/uploads\/2021\/11\/LED-3200-Front-looking-back.png\",\"contentUrl\":\"https:\/\/www.3tech-dental.com\/wp-content\/uploads\/2021\/11\/LED-3200-Front-looking-back.png\",\"width\":3000,\"height\":3000},{\"@type\":\"BreadcrumbList\",\"@id\":\"https:\/\/www.3tech-dental.com\/es\/producto\/lamparas-2\/#breadcrumb\",\"itemListElement\":[{\"@type\":\"ListItem\",\"position\":1,\"name\":\"Accueil\",\"item\":\"https:\/\/www.3tech-dental.com\/es\/\"},{\"@type\":\"ListItem\",\"position\":2,\"name\":\"Nuestra gama\",\"item\":\"https:\/\/www.3tech-dental.com\/es\/nuestra-gama\/\"},{\"@type\":\"ListItem\",\"position\":3,\"name\":\"LED CURING LIGHT L-3200\"}]},{\"@type\":\"WebSite\",\"@id\":\"https:\/\/www.3tech-dental.com\/#website\",\"url\":\"https:\/\/www.3tech-dental.com\/\",\"name\":\"3TECH\",\"description\":\"Equipez-vous malin !\",\"publisher\":{\"@id\":\"https:\/\/www.3tech-dental.com\/#organization\"},\"potentialAction\":[{\"@type\":\"SearchAction\",\"target\":{\"@type\":\"EntryPoint\",\"urlTemplate\":\"https:\/\/www.3tech-dental.com\/?s={search_term_string}\"},\"query-input\":{\"@type\":\"PropertyValueSpecification\",\"valueRequired\":true,\"valueName\":\"search_term_string\"}}],\"inLanguage\":\"es\"},{\"@type\":\"Organization\",\"@id\":\"https:\/\/www.3tech-dental.com\/#organization\",\"name\":\"3TECH\",\"url\":\"https:\/\/www.3tech-dental.com\/\",\"logo\":{\"@type\":\"ImageObject\",\"inLanguage\":\"es\",\"@id\":\"https:\/\/www.3tech-dental.com\/#\/schema\/logo\/image\/\",\"url\":\"https:\/\/www.3tech-dental.com\/wp-content\/uploads\/2017\/11\/logo@2x.png\",\"contentUrl\":\"https:\/\/www.3tech-dental.com\/wp-content\/uploads\/2017\/11\/logo@2x.png\",\"width\":736,\"height\":193,\"caption\":\"3TECH\"},\"image\":{\"@id\":\"https:\/\/www.3tech-dental.com\/#\/schema\/logo\/image\/\"}}]}<\/script>\n<!-- \/ Yoast SEO plugin. -->","yoast_head_json":{"title":"LED CURING LIGHT L-3200 - 3TECH","robots":{"index":"index","follow":"follow","max-snippet":"max-snippet:-1","max-image-preview":"max-image-preview:large","max-video-preview":"max-video-preview:-1"},"canonical":"https:\/\/www.3tech-dental.com\/es\/producto\/lamparas-2\/","og_locale":"es_ES","og_type":"article","og_title":"LED CURING LIGHT L-3200 - 3TECH","og_description":"Intensidad: 800 hasta 3200 mW\/cm\u00b2 4 modos: normal, pulse, fuerte, super Tiempos: 1, 2, 3, 5, 6, 9, 10, 15 et 20 secundas Se\u00f1al sonoro Apagado autom\u00e1tico: despu\u00e9s de 7 minutos sin uso Luz ajustable a 360\u00b0 Longitud de onda: 385 \u2013 515 nm Tama\u00f1o de la l\u00e1mpara (ancho x alto): 24 x 240 mm [&hellip;]","og_url":"https:\/\/www.3tech-dental.com\/es\/producto\/lamparas-2\/","og_site_name":"3TECH","article_modified_time":"2024-02-19T15:51:42+00:00","og_image":[{"width":3000,"height":3000,"url":"https:\/\/www.3tech-dental.com\/wp-content\/uploads\/2021\/11\/LED-3200-Front-looking-back.png","type":"image\/png"}],"twitter_card":"summary_large_image","twitter_misc":{"Tiempo de lectura":"1 minuto"},"schema":{"@context":"https:\/\/schema.org","@graph":[{"@type":"WebPage","@id":"https:\/\/www.3tech-dental.com\/es\/producto\/lamparas-2\/","url":"https:\/\/www.3tech-dental.com\/es\/producto\/lamparas-2\/","name":"LED CURING LIGHT L-3200 - 3TECH","isPartOf":{"@id":"https:\/\/www.3tech-dental.com\/#website"},"primaryImageOfPage":{"@id":"https:\/\/www.3tech-dental.com\/es\/producto\/lamparas-2\/#primaryimage"},"image":{"@id":"https:\/\/www.3tech-dental.com\/es\/producto\/lamparas-2\/#primaryimage"},"thumbnailUrl":"https:\/\/www.3tech-dental.com\/wp-content\/uploads\/2021\/11\/LED-3200-Front-looking-back.png","datePublished":"2021-11-03T15:08:49+00:00","dateModified":"2024-02-19T15:51:42+00:00","breadcrumb":{"@id":"https:\/\/www.3tech-dental.com\/es\/producto\/lamparas-2\/#breadcrumb"},"inLanguage":"es","potentialAction":[{"@type":"ReadAction","target":["https:\/\/www.3tech-dental.com\/es\/producto\/lamparas-2\/"]}]},{"@type":"ImageObject","inLanguage":"es","@id":"https:\/\/www.3tech-dental.com\/es\/producto\/lamparas-2\/#primaryimage","url":"https:\/\/www.3tech-dental.com\/wp-content\/uploads\/2021\/11\/LED-3200-Front-looking-back.png","contentUrl":"https:\/\/www.3tech-dental.com\/wp-content\/uploads\/2021\/11\/LED-3200-Front-looking-back.png","width":3000,"height":3000},{"@type":"BreadcrumbList","@id":"https:\/\/www.3tech-dental.com\/es\/producto\/lamparas-2\/#breadcrumb","itemListElement":[{"@type":"ListItem","position":1,"name":"Accueil","item":"https:\/\/www.3tech-dental.com\/es\/"},{"@type":"ListItem","position":2,"name":"Nuestra gama","item":"https:\/\/www.3tech-dental.com\/es\/nuestra-gama\/"},{"@type":"ListItem","position":3,"name":"LED CURING LIGHT L-3200"}]},{"@type":"WebSite","@id":"https:\/\/www.3tech-dental.com\/#website","url":"https:\/\/www.3tech-dental.com\/","name":"3TECH","description":"Equipez-vous malin !","publisher":{"@id":"https:\/\/www.3tech-dental.com\/#organization"},"potentialAction":[{"@type":"SearchAction","target":{"@type":"EntryPoint","urlTemplate":"https:\/\/www.3tech-dental.com\/?s={search_term_string}"},"query-input":{"@type":"PropertyValueSpecification","valueRequired":true,"valueName":"search_term_string"}}],"inLanguage":"es"},{"@type":"Organization","@id":"https:\/\/www.3tech-dental.com\/#organization","name":"3TECH","url":"https:\/\/www.3tech-dental.com\/","logo":{"@type":"ImageObject","inLanguage":"es","@id":"https:\/\/www.3tech-dental.com\/#\/schema\/logo\/image\/","url":"https:\/\/www.3tech-dental.com\/wp-content\/uploads\/2017\/11\/logo@2x.png","contentUrl":"https:\/\/www.3tech-dental.com\/wp-content\/uploads\/2017\/11\/logo@2x.png","width":736,"height":193,"caption":"3TECH"},"image":{"@id":"https:\/\/www.3tech-dental.com\/#\/schema\/logo\/image\/"}}]}},"_links":{"self":[{"href":"https:\/\/www.3tech-dental.com\/es\/wp-json\/wp\/v2\/product\/4188"}],"collection":[{"href":"https:\/\/www.3tech-dental.com\/es\/wp-json\/wp\/v2\/product"}],"about":[{"href":"https:\/\/www.3tech-dental.com\/es\/wp-json\/wp\/v2\/types\/product"}],"wp:featuredmedia":[{"embeddable":true,"href":"https:\/\/www.3tech-dental.com\/es\/wp-json\/wp\/v2\/media\/4181"}],"wp:attachment":[{"href":"https:\/\/www.3tech-dental.com\/es\/wp-json\/wp\/v2\/media?parent=4188"}],"wp:term":[{"taxonomy":"product_cat","embeddable":true,"href":"https:\/\/www.3tech-dental.com\/es\/wp-json\/wp\/v2\/product_cat?post=4188"},{"taxonomy":"product_tag","embeddable":true,"href":"https:\/\/www.3tech-dental.com\/es\/wp-json\/wp\/v2\/product_tag?post=4188"}],"curies":[{"name":"wp","href":"https:\/\/api.w.org\/{rel}","templated":true}]}}