{"id":4460,"date":"2022-03-21T16:28:04","date_gmt":"2022-03-21T16:15:05","guid":{"rendered":"https:\/\/www.3tech-dental.com\/?post_type=product&#038;p=4460"},"modified":"2024-02-20T12:49:43","modified_gmt":"2024-02-20T11:49:43","slug":"turbine","status":"publish","type":"product","link":"https:\/\/www.3tech-dental.com\/es\/producto\/turbine\/","title":{"rendered":"Turbina est\u00e1ndar"},"content":{"rendered":"<p><strong>Turbina de cabeza est\u00e1ndar <\/strong><br \/>\n<strong>Velocidad :<\/strong> &lt; 300 000 rpm<br \/>\n<strong>Intensidad luminosa :<\/strong> 25 000 LUX<br \/>\n<strong>Cantidad de spray :<\/strong> 4<br \/>\n<strong>Peso :<\/strong> 71 g<br \/>\nBot\u00f3n pulsador<br \/>\n<strong>Presi\u00f3n :<\/strong> 2,5 a 3 bares<br \/>\nFuncionamiento silencioso (\u2264 55 dB)<br \/>\n<strong>Compatible con conexiones:<\/strong> Multiflex Kavo\u00ae, NSK\u00ae<\/p>\n","protected":false},"excerpt":{"rendered":"<p>Turbina de cabeza est\u00e1ndar Velocidad : &lt; 300 000 rpm Intensidad luminosa : 25 000 LUX Cantidad de spray : 4 Peso : 71 g Bot\u00f3n pulsador Presi\u00f3n : 2,5 a 3 bares Funcionamiento silencioso (\u2264 55 dB) Compatible con conexiones: Multiflex Kavo\u00ae, NSK\u00ae<\/p>\n","protected":false},"featured_media":4458,"template":"","meta":{"_acf_changed":false},"product_cat":[89],"product_tag":[],"class_list":{"0":"post-4460","1":"product","2":"type-product","3":"status-publish","4":"has-post-thumbnail","6":"product_cat-turbina-es","8":"first","9":"instock","10":"shipping-taxable","11":"product-type-simple"},"acf":[],"yoast_head":"<!-- This site is optimized with the Yoast SEO plugin v23.7 - https:\/\/yoast.com\/wordpress\/plugins\/seo\/ -->\n<title>Turbina est\u00e1ndar - 3TECH<\/title>\n<meta name=\"robots\" content=\"index, follow, max-snippet:-1, max-image-preview:large, max-video-preview:-1\" \/>\n<link rel=\"canonical\" href=\"https:\/\/www.3tech-dental.com\/es\/producto\/turbine\/\" \/>\n<meta property=\"og:locale\" content=\"es_ES\" \/>\n<meta property=\"og:type\" content=\"article\" \/>\n<meta property=\"og:title\" content=\"Turbina est\u00e1ndar - 3TECH\" \/>\n<meta property=\"og:description\" content=\"Turbina de cabeza est\u00e1ndar Velocidad : &lt; 300 000 rpm Intensidad luminosa : 25 000 LUX Cantidad de spray : 4 Peso : 71 g Bot\u00f3n pulsador Presi\u00f3n : 2,5 a 3 bares Funcionamiento silencioso (\u2264 55 dB) Compatible con conexiones: Multiflex Kavo\u00ae, NSK\u00ae\" \/>\n<meta property=\"og:url\" content=\"https:\/\/www.3tech-dental.com\/es\/producto\/turbine\/\" \/>\n<meta property=\"og:site_name\" content=\"3TECH\" \/>\n<meta property=\"article:modified_time\" content=\"2024-02-20T11:49:43+00:00\" \/>\n<meta property=\"og:image\" content=\"https:\/\/www.3tech-dental.com\/wp-content\/uploads\/2022\/03\/Visuels_Turbines_TR-740L.jpg\" \/>\n\t<meta property=\"og:image:width\" content=\"2000\" \/>\n\t<meta property=\"og:image:height\" content=\"2000\" \/>\n\t<meta property=\"og:image:type\" content=\"image\/jpeg\" \/>\n<meta name=\"twitter:card\" content=\"summary_large_image\" \/>\n<meta name=\"twitter:label1\" content=\"Tiempo de lectura\" \/>\n\t<meta name=\"twitter:data1\" content=\"1 minuto\" \/>\n<script type=\"application\/ld+json\" class=\"yoast-schema-graph\">{\"@context\":\"https:\/\/schema.org\",\"@graph\":[{\"@type\":\"WebPage\",\"@id\":\"https:\/\/www.3tech-dental.com\/es\/producto\/turbine\/\",\"url\":\"https:\/\/www.3tech-dental.com\/es\/producto\/turbine\/\",\"name\":\"Turbina est\u00e1ndar - 3TECH\",\"isPartOf\":{\"@id\":\"https:\/\/www.3tech-dental.com\/#website\"},\"primaryImageOfPage\":{\"@id\":\"https:\/\/www.3tech-dental.com\/es\/producto\/turbine\/#primaryimage\"},\"image\":{\"@id\":\"https:\/\/www.3tech-dental.com\/es\/producto\/turbine\/#primaryimage\"},\"thumbnailUrl\":\"https:\/\/www.3tech-dental.com\/wp-content\/uploads\/2022\/03\/Visuels_Turbines_TR-740L.jpg\",\"datePublished\":\"2022-03-21T16:15:05+00:00\",\"dateModified\":\"2024-02-20T11:49:43+00:00\",\"breadcrumb\":{\"@id\":\"https:\/\/www.3tech-dental.com\/es\/producto\/turbine\/#breadcrumb\"},\"inLanguage\":\"es\",\"potentialAction\":[{\"@type\":\"ReadAction\",\"target\":[\"https:\/\/www.3tech-dental.com\/es\/producto\/turbine\/\"]}]},{\"@type\":\"ImageObject\",\"inLanguage\":\"es\",\"@id\":\"https:\/\/www.3tech-dental.com\/es\/producto\/turbine\/#primaryimage\",\"url\":\"https:\/\/www.3tech-dental.com\/wp-content\/uploads\/2022\/03\/Visuels_Turbines_TR-740L.jpg\",\"contentUrl\":\"https:\/\/www.3tech-dental.com\/wp-content\/uploads\/2022\/03\/Visuels_Turbines_TR-740L.jpg\",\"width\":2000,\"height\":2000},{\"@type\":\"BreadcrumbList\",\"@id\":\"https:\/\/www.3tech-dental.com\/es\/producto\/turbine\/#breadcrumb\",\"itemListElement\":[{\"@type\":\"ListItem\",\"position\":1,\"name\":\"Accueil\",\"item\":\"https:\/\/www.3tech-dental.com\/es\/\"},{\"@type\":\"ListItem\",\"position\":2,\"name\":\"Nuestra gama\",\"item\":\"https:\/\/www.3tech-dental.com\/es\/nuestra-gama\/\"},{\"@type\":\"ListItem\",\"position\":3,\"name\":\"Turbina est\u00e1ndar\"}]},{\"@type\":\"WebSite\",\"@id\":\"https:\/\/www.3tech-dental.com\/#website\",\"url\":\"https:\/\/www.3tech-dental.com\/\",\"name\":\"3TECH\",\"description\":\"Equipez-vous malin !\",\"publisher\":{\"@id\":\"https:\/\/www.3tech-dental.com\/#organization\"},\"potentialAction\":[{\"@type\":\"SearchAction\",\"target\":{\"@type\":\"EntryPoint\",\"urlTemplate\":\"https:\/\/www.3tech-dental.com\/?s={search_term_string}\"},\"query-input\":{\"@type\":\"PropertyValueSpecification\",\"valueRequired\":true,\"valueName\":\"search_term_string\"}}],\"inLanguage\":\"es\"},{\"@type\":\"Organization\",\"@id\":\"https:\/\/www.3tech-dental.com\/#organization\",\"name\":\"3TECH\",\"url\":\"https:\/\/www.3tech-dental.com\/\",\"logo\":{\"@type\":\"ImageObject\",\"inLanguage\":\"es\",\"@id\":\"https:\/\/www.3tech-dental.com\/#\/schema\/logo\/image\/\",\"url\":\"https:\/\/www.3tech-dental.com\/wp-content\/uploads\/2017\/11\/logo@2x.png\",\"contentUrl\":\"https:\/\/www.3tech-dental.com\/wp-content\/uploads\/2017\/11\/logo@2x.png\",\"width\":736,\"height\":193,\"caption\":\"3TECH\"},\"image\":{\"@id\":\"https:\/\/www.3tech-dental.com\/#\/schema\/logo\/image\/\"}}]}<\/script>\n<!-- \/ Yoast SEO plugin. -->","yoast_head_json":{"title":"Turbina est\u00e1ndar - 3TECH","robots":{"index":"index","follow":"follow","max-snippet":"max-snippet:-1","max-image-preview":"max-image-preview:large","max-video-preview":"max-video-preview:-1"},"canonical":"https:\/\/www.3tech-dental.com\/es\/producto\/turbine\/","og_locale":"es_ES","og_type":"article","og_title":"Turbina est\u00e1ndar - 3TECH","og_description":"Turbina de cabeza est\u00e1ndar Velocidad : &lt; 300 000 rpm Intensidad luminosa : 25 000 LUX Cantidad de spray : 4 Peso : 71 g Bot\u00f3n pulsador Presi\u00f3n : 2,5 a 3 bares Funcionamiento silencioso (\u2264 55 dB) Compatible con conexiones: Multiflex Kavo\u00ae, NSK\u00ae","og_url":"https:\/\/www.3tech-dental.com\/es\/producto\/turbine\/","og_site_name":"3TECH","article_modified_time":"2024-02-20T11:49:43+00:00","og_image":[{"width":2000,"height":2000,"url":"https:\/\/www.3tech-dental.com\/wp-content\/uploads\/2022\/03\/Visuels_Turbines_TR-740L.jpg","type":"image\/jpeg"}],"twitter_card":"summary_large_image","twitter_misc":{"Tiempo de lectura":"1 minuto"},"schema":{"@context":"https:\/\/schema.org","@graph":[{"@type":"WebPage","@id":"https:\/\/www.3tech-dental.com\/es\/producto\/turbine\/","url":"https:\/\/www.3tech-dental.com\/es\/producto\/turbine\/","name":"Turbina est\u00e1ndar - 3TECH","isPartOf":{"@id":"https:\/\/www.3tech-dental.com\/#website"},"primaryImageOfPage":{"@id":"https:\/\/www.3tech-dental.com\/es\/producto\/turbine\/#primaryimage"},"image":{"@id":"https:\/\/www.3tech-dental.com\/es\/producto\/turbine\/#primaryimage"},"thumbnailUrl":"https:\/\/www.3tech-dental.com\/wp-content\/uploads\/2022\/03\/Visuels_Turbines_TR-740L.jpg","datePublished":"2022-03-21T16:15:05+00:00","dateModified":"2024-02-20T11:49:43+00:00","breadcrumb":{"@id":"https:\/\/www.3tech-dental.com\/es\/producto\/turbine\/#breadcrumb"},"inLanguage":"es","potentialAction":[{"@type":"ReadAction","target":["https:\/\/www.3tech-dental.com\/es\/producto\/turbine\/"]}]},{"@type":"ImageObject","inLanguage":"es","@id":"https:\/\/www.3tech-dental.com\/es\/producto\/turbine\/#primaryimage","url":"https:\/\/www.3tech-dental.com\/wp-content\/uploads\/2022\/03\/Visuels_Turbines_TR-740L.jpg","contentUrl":"https:\/\/www.3tech-dental.com\/wp-content\/uploads\/2022\/03\/Visuels_Turbines_TR-740L.jpg","width":2000,"height":2000},{"@type":"BreadcrumbList","@id":"https:\/\/www.3tech-dental.com\/es\/producto\/turbine\/#breadcrumb","itemListElement":[{"@type":"ListItem","position":1,"name":"Accueil","item":"https:\/\/www.3tech-dental.com\/es\/"},{"@type":"ListItem","position":2,"name":"Nuestra gama","item":"https:\/\/www.3tech-dental.com\/es\/nuestra-gama\/"},{"@type":"ListItem","position":3,"name":"Turbina est\u00e1ndar"}]},{"@type":"WebSite","@id":"https:\/\/www.3tech-dental.com\/#website","url":"https:\/\/www.3tech-dental.com\/","name":"3TECH","description":"Equipez-vous malin !","publisher":{"@id":"https:\/\/www.3tech-dental.com\/#organization"},"potentialAction":[{"@type":"SearchAction","target":{"@type":"EntryPoint","urlTemplate":"https:\/\/www.3tech-dental.com\/?s={search_term_string}"},"query-input":{"@type":"PropertyValueSpecification","valueRequired":true,"valueName":"search_term_string"}}],"inLanguage":"es"},{"@type":"Organization","@id":"https:\/\/www.3tech-dental.com\/#organization","name":"3TECH","url":"https:\/\/www.3tech-dental.com\/","logo":{"@type":"ImageObject","inLanguage":"es","@id":"https:\/\/www.3tech-dental.com\/#\/schema\/logo\/image\/","url":"https:\/\/www.3tech-dental.com\/wp-content\/uploads\/2017\/11\/logo@2x.png","contentUrl":"https:\/\/www.3tech-dental.com\/wp-content\/uploads\/2017\/11\/logo@2x.png","width":736,"height":193,"caption":"3TECH"},"image":{"@id":"https:\/\/www.3tech-dental.com\/#\/schema\/logo\/image\/"}}]}},"_links":{"self":[{"href":"https:\/\/www.3tech-dental.com\/es\/wp-json\/wp\/v2\/product\/4460"}],"collection":[{"href":"https:\/\/www.3tech-dental.com\/es\/wp-json\/wp\/v2\/product"}],"about":[{"href":"https:\/\/www.3tech-dental.com\/es\/wp-json\/wp\/v2\/types\/product"}],"wp:featuredmedia":[{"embeddable":true,"href":"https:\/\/www.3tech-dental.com\/es\/wp-json\/wp\/v2\/media\/4458"}],"wp:attachment":[{"href":"https:\/\/www.3tech-dental.com\/es\/wp-json\/wp\/v2\/media?parent=4460"}],"wp:term":[{"taxonomy":"product_cat","embeddable":true,"href":"https:\/\/www.3tech-dental.com\/es\/wp-json\/wp\/v2\/product_cat?post=4460"},{"taxonomy":"product_tag","embeddable":true,"href":"https:\/\/www.3tech-dental.com\/es\/wp-json\/wp\/v2\/product_tag?post=4460"}],"curies":[{"name":"wp","href":"https:\/\/api.w.org\/{rel}","templated":true}]}}