{"id":5062,"date":"2022-12-22T10:54:23","date_gmt":"2022-12-22T10:51:31","guid":{"rendered":"https:\/\/www.3tech-dental.com\/?post_type=product&#038;p=5062"},"modified":"2023-01-02T10:54:57","modified_gmt":"2023-01-02T09:54:57","slug":"polvo-profilactico","status":"publish","type":"product","link":"https:\/\/www.3tech-dental.com\/es\/producto\/polvo-profilactico\/","title":{"rendered":"POLVO PROFIL\u00c1CTICO"},"content":{"rendered":"<p><strong>Composici\u00f3n :<\/strong> bicarbonato de sodio, s\u00edlice hidr\u00f3foba,<br \/>\nsacarina de sodio y aroma alimentario.<br \/>\n<strong>Part\u00edculas :<\/strong> &lt; 65 micras.<br \/>\n<strong>Conpatible con todo tipo de aeropulidores.<\/strong><br \/>\n<strong>Sabor :<\/strong> Lim\u00f3n.<\/p>\n<p><strong>Envase :<\/strong> 4 botes de 300g cada uno.<br \/>\n<strong>Vida \u00fatil :<\/strong> 36 meses.<\/p>\n","protected":false},"excerpt":{"rendered":"<p>Composici\u00f3n : bicarbonato de sodio, s\u00edlice hidr\u00f3foba, sacarina de sodio y aroma alimentario. Part\u00edculas : &lt; 65 micras. Conpatible con todo tipo de aeropulidores. Sabor : Lim\u00f3n. Envase : 4 botes de 300g cada uno. Vida \u00fatil : 36 meses.<\/p>\n","protected":false},"featured_media":4980,"template":"","meta":{"_acf_changed":false},"product_cat":[90],"product_tag":[],"class_list":{"0":"post-5062","1":"product","2":"type-product","3":"status-publish","4":"has-post-thumbnail","6":"product_cat-productos","8":"first","9":"instock","10":"shipping-taxable","11":"product-type-simple"},"acf":[],"yoast_head":"<!-- This site is optimized with the Yoast SEO plugin v23.7 - https:\/\/yoast.com\/wordpress\/plugins\/seo\/ -->\n<title>POLVO PROFIL\u00c1CTICO - 3TECH<\/title>\n<meta name=\"robots\" content=\"index, follow, max-snippet:-1, max-image-preview:large, max-video-preview:-1\" \/>\n<link rel=\"canonical\" href=\"https:\/\/www.3tech-dental.com\/es\/producto\/polvo-profilactico\/\" \/>\n<meta property=\"og:locale\" content=\"es_ES\" \/>\n<meta property=\"og:type\" content=\"article\" \/>\n<meta property=\"og:title\" content=\"POLVO PROFIL\u00c1CTICO - 3TECH\" \/>\n<meta property=\"og:description\" content=\"Composici\u00f3n : bicarbonato de sodio, s\u00edlice hidr\u00f3foba, sacarina de sodio y aroma alimentario. Part\u00edculas : &lt; 65 micras. Conpatible con todo tipo de aeropulidores. Sabor : Lim\u00f3n. Envase : 4 botes de 300g cada uno. Vida \u00fatil : 36 meses.\" \/>\n<meta property=\"og:url\" content=\"https:\/\/www.3tech-dental.com\/es\/producto\/polvo-profilactico\/\" \/>\n<meta property=\"og:site_name\" content=\"3TECH\" \/>\n<meta property=\"article:modified_time\" content=\"2023-01-02T09:54:57+00:00\" \/>\n<meta property=\"og:image\" content=\"https:\/\/www.3tech-dental.com\/wp-content\/uploads\/2022\/12\/Prophylaxis-Powder-3TECH.png\" \/>\n\t<meta property=\"og:image:width\" content=\"6095\" \/>\n\t<meta property=\"og:image:height\" content=\"4000\" \/>\n\t<meta property=\"og:image:type\" content=\"image\/png\" \/>\n<meta name=\"twitter:card\" content=\"summary_large_image\" \/>\n<meta name=\"twitter:label1\" content=\"Tiempo de lectura\" \/>\n\t<meta name=\"twitter:data1\" content=\"1 minuto\" \/>\n<script type=\"application\/ld+json\" class=\"yoast-schema-graph\">{\"@context\":\"https:\/\/schema.org\",\"@graph\":[{\"@type\":\"WebPage\",\"@id\":\"https:\/\/www.3tech-dental.com\/es\/producto\/polvo-profilactico\/\",\"url\":\"https:\/\/www.3tech-dental.com\/es\/producto\/polvo-profilactico\/\",\"name\":\"POLVO PROFIL\u00c1CTICO - 3TECH\",\"isPartOf\":{\"@id\":\"https:\/\/www.3tech-dental.com\/#website\"},\"primaryImageOfPage\":{\"@id\":\"https:\/\/www.3tech-dental.com\/es\/producto\/polvo-profilactico\/#primaryimage\"},\"image\":{\"@id\":\"https:\/\/www.3tech-dental.com\/es\/producto\/polvo-profilactico\/#primaryimage\"},\"thumbnailUrl\":\"https:\/\/www.3tech-dental.com\/wp-content\/uploads\/2022\/12\/Prophylaxis-Powder-3TECH.png\",\"datePublished\":\"2022-12-22T10:51:31+00:00\",\"dateModified\":\"2023-01-02T09:54:57+00:00\",\"breadcrumb\":{\"@id\":\"https:\/\/www.3tech-dental.com\/es\/producto\/polvo-profilactico\/#breadcrumb\"},\"inLanguage\":\"es\",\"potentialAction\":[{\"@type\":\"ReadAction\",\"target\":[\"https:\/\/www.3tech-dental.com\/es\/producto\/polvo-profilactico\/\"]}]},{\"@type\":\"ImageObject\",\"inLanguage\":\"es\",\"@id\":\"https:\/\/www.3tech-dental.com\/es\/producto\/polvo-profilactico\/#primaryimage\",\"url\":\"https:\/\/www.3tech-dental.com\/wp-content\/uploads\/2022\/12\/Prophylaxis-Powder-3TECH.png\",\"contentUrl\":\"https:\/\/www.3tech-dental.com\/wp-content\/uploads\/2022\/12\/Prophylaxis-Powder-3TECH.png\",\"width\":6095,\"height\":4000},{\"@type\":\"BreadcrumbList\",\"@id\":\"https:\/\/www.3tech-dental.com\/es\/producto\/polvo-profilactico\/#breadcrumb\",\"itemListElement\":[{\"@type\":\"ListItem\",\"position\":1,\"name\":\"Accueil\",\"item\":\"https:\/\/www.3tech-dental.com\/es\/\"},{\"@type\":\"ListItem\",\"position\":2,\"name\":\"Nuestra gama\",\"item\":\"https:\/\/www.3tech-dental.com\/es\/nuestra-gama\/\"},{\"@type\":\"ListItem\",\"position\":3,\"name\":\"POLVO PROFIL\u00c1CTICO\"}]},{\"@type\":\"WebSite\",\"@id\":\"https:\/\/www.3tech-dental.com\/#website\",\"url\":\"https:\/\/www.3tech-dental.com\/\",\"name\":\"3TECH\",\"description\":\"Equipez-vous malin !\",\"publisher\":{\"@id\":\"https:\/\/www.3tech-dental.com\/#organization\"},\"potentialAction\":[{\"@type\":\"SearchAction\",\"target\":{\"@type\":\"EntryPoint\",\"urlTemplate\":\"https:\/\/www.3tech-dental.com\/?s={search_term_string}\"},\"query-input\":{\"@type\":\"PropertyValueSpecification\",\"valueRequired\":true,\"valueName\":\"search_term_string\"}}],\"inLanguage\":\"es\"},{\"@type\":\"Organization\",\"@id\":\"https:\/\/www.3tech-dental.com\/#organization\",\"name\":\"3TECH\",\"url\":\"https:\/\/www.3tech-dental.com\/\",\"logo\":{\"@type\":\"ImageObject\",\"inLanguage\":\"es\",\"@id\":\"https:\/\/www.3tech-dental.com\/#\/schema\/logo\/image\/\",\"url\":\"https:\/\/www.3tech-dental.com\/wp-content\/uploads\/2017\/11\/logo@2x.png\",\"contentUrl\":\"https:\/\/www.3tech-dental.com\/wp-content\/uploads\/2017\/11\/logo@2x.png\",\"width\":736,\"height\":193,\"caption\":\"3TECH\"},\"image\":{\"@id\":\"https:\/\/www.3tech-dental.com\/#\/schema\/logo\/image\/\"}}]}<\/script>\n<!-- \/ Yoast SEO plugin. -->","yoast_head_json":{"title":"POLVO PROFIL\u00c1CTICO - 3TECH","robots":{"index":"index","follow":"follow","max-snippet":"max-snippet:-1","max-image-preview":"max-image-preview:large","max-video-preview":"max-video-preview:-1"},"canonical":"https:\/\/www.3tech-dental.com\/es\/producto\/polvo-profilactico\/","og_locale":"es_ES","og_type":"article","og_title":"POLVO PROFIL\u00c1CTICO - 3TECH","og_description":"Composici\u00f3n : bicarbonato de sodio, s\u00edlice hidr\u00f3foba, sacarina de sodio y aroma alimentario. Part\u00edculas : &lt; 65 micras. Conpatible con todo tipo de aeropulidores. Sabor : Lim\u00f3n. Envase : 4 botes de 300g cada uno. Vida \u00fatil : 36 meses.","og_url":"https:\/\/www.3tech-dental.com\/es\/producto\/polvo-profilactico\/","og_site_name":"3TECH","article_modified_time":"2023-01-02T09:54:57+00:00","og_image":[{"width":6095,"height":4000,"url":"https:\/\/www.3tech-dental.com\/wp-content\/uploads\/2022\/12\/Prophylaxis-Powder-3TECH.png","type":"image\/png"}],"twitter_card":"summary_large_image","twitter_misc":{"Tiempo de lectura":"1 minuto"},"schema":{"@context":"https:\/\/schema.org","@graph":[{"@type":"WebPage","@id":"https:\/\/www.3tech-dental.com\/es\/producto\/polvo-profilactico\/","url":"https:\/\/www.3tech-dental.com\/es\/producto\/polvo-profilactico\/","name":"POLVO PROFIL\u00c1CTICO - 3TECH","isPartOf":{"@id":"https:\/\/www.3tech-dental.com\/#website"},"primaryImageOfPage":{"@id":"https:\/\/www.3tech-dental.com\/es\/producto\/polvo-profilactico\/#primaryimage"},"image":{"@id":"https:\/\/www.3tech-dental.com\/es\/producto\/polvo-profilactico\/#primaryimage"},"thumbnailUrl":"https:\/\/www.3tech-dental.com\/wp-content\/uploads\/2022\/12\/Prophylaxis-Powder-3TECH.png","datePublished":"2022-12-22T10:51:31+00:00","dateModified":"2023-01-02T09:54:57+00:00","breadcrumb":{"@id":"https:\/\/www.3tech-dental.com\/es\/producto\/polvo-profilactico\/#breadcrumb"},"inLanguage":"es","potentialAction":[{"@type":"ReadAction","target":["https:\/\/www.3tech-dental.com\/es\/producto\/polvo-profilactico\/"]}]},{"@type":"ImageObject","inLanguage":"es","@id":"https:\/\/www.3tech-dental.com\/es\/producto\/polvo-profilactico\/#primaryimage","url":"https:\/\/www.3tech-dental.com\/wp-content\/uploads\/2022\/12\/Prophylaxis-Powder-3TECH.png","contentUrl":"https:\/\/www.3tech-dental.com\/wp-content\/uploads\/2022\/12\/Prophylaxis-Powder-3TECH.png","width":6095,"height":4000},{"@type":"BreadcrumbList","@id":"https:\/\/www.3tech-dental.com\/es\/producto\/polvo-profilactico\/#breadcrumb","itemListElement":[{"@type":"ListItem","position":1,"name":"Accueil","item":"https:\/\/www.3tech-dental.com\/es\/"},{"@type":"ListItem","position":2,"name":"Nuestra gama","item":"https:\/\/www.3tech-dental.com\/es\/nuestra-gama\/"},{"@type":"ListItem","position":3,"name":"POLVO PROFIL\u00c1CTICO"}]},{"@type":"WebSite","@id":"https:\/\/www.3tech-dental.com\/#website","url":"https:\/\/www.3tech-dental.com\/","name":"3TECH","description":"Equipez-vous malin !","publisher":{"@id":"https:\/\/www.3tech-dental.com\/#organization"},"potentialAction":[{"@type":"SearchAction","target":{"@type":"EntryPoint","urlTemplate":"https:\/\/www.3tech-dental.com\/?s={search_term_string}"},"query-input":{"@type":"PropertyValueSpecification","valueRequired":true,"valueName":"search_term_string"}}],"inLanguage":"es"},{"@type":"Organization","@id":"https:\/\/www.3tech-dental.com\/#organization","name":"3TECH","url":"https:\/\/www.3tech-dental.com\/","logo":{"@type":"ImageObject","inLanguage":"es","@id":"https:\/\/www.3tech-dental.com\/#\/schema\/logo\/image\/","url":"https:\/\/www.3tech-dental.com\/wp-content\/uploads\/2017\/11\/logo@2x.png","contentUrl":"https:\/\/www.3tech-dental.com\/wp-content\/uploads\/2017\/11\/logo@2x.png","width":736,"height":193,"caption":"3TECH"},"image":{"@id":"https:\/\/www.3tech-dental.com\/#\/schema\/logo\/image\/"}}]}},"_links":{"self":[{"href":"https:\/\/www.3tech-dental.com\/es\/wp-json\/wp\/v2\/product\/5062"}],"collection":[{"href":"https:\/\/www.3tech-dental.com\/es\/wp-json\/wp\/v2\/product"}],"about":[{"href":"https:\/\/www.3tech-dental.com\/es\/wp-json\/wp\/v2\/types\/product"}],"wp:featuredmedia":[{"embeddable":true,"href":"https:\/\/www.3tech-dental.com\/es\/wp-json\/wp\/v2\/media\/4980"}],"wp:attachment":[{"href":"https:\/\/www.3tech-dental.com\/es\/wp-json\/wp\/v2\/media?parent=5062"}],"wp:term":[{"taxonomy":"product_cat","embeddable":true,"href":"https:\/\/www.3tech-dental.com\/es\/wp-json\/wp\/v2\/product_cat?post=5062"},{"taxonomy":"product_tag","embeddable":true,"href":"https:\/\/www.3tech-dental.com\/es\/wp-json\/wp\/v2\/product_tag?post=5062"}],"curies":[{"name":"wp","href":"https:\/\/api.w.org\/{rel}","templated":true}]}}