{"id":5552,"date":"2023-11-07T12:09:30","date_gmt":"2023-11-07T17:33:48","guid":{"rendered":"https:\/\/www.3tech-dental.com\/?post_type=product&#038;p=5552"},"modified":"2024-02-21T12:39:31","modified_gmt":"2024-02-21T11:39:31","slug":"destilador-w-4l","status":"publish","type":"product","link":"https:\/\/www.3tech-dental.com\/es\/producto\/destilador-w-4l\/","title":{"rendered":"DESTILADOR W-4L"},"content":{"rendered":"<p>Purificaci\u00f3n segura y fiable.<br \/>\n<strong>Tiempo de purificaci\u00f3n<\/strong>: 1 litro de agua por hora<br \/>\nApagado autom\u00e1tico al finalizar el ciclo<br \/>\nBoquilla soldada de acero inoxidable para uso alimentario.<br \/>\n<strong>Capacidad del recipiente colector:<\/strong> 4L<\/p>\n<p><strong>Garant\u00eda: <\/strong>1 a\u00f1o.<\/p>\n<p style=\"text-align: left;\"><strong>ACCESORIOS<\/strong><\/p>\n<p><span class=\"product-stitle\">Filtro de carb\u00f3n activo compatible con todos los destiladores del mercado.<\/span><\/p>\n<p><strong>Un filtro puede purificar<\/strong>: 240 litros de agua.<br \/>\n<strong>Vida \u00fatil de un filtro fuera de su bolsa<\/strong>: 3 meses.<br \/>\nPara un ahorro importante en el ciclo de esterilizaci\u00f3n.<br \/>\n<strong>Ergon\u00f3mico<\/strong>: no es necesario guardar bidones de agua.<\/p>\n","protected":false},"excerpt":{"rendered":"<p>Purificaci\u00f3n segura y fiable. Tiempo de purificaci\u00f3n: 1 litro de agua por hora Apagado autom\u00e1tico al finalizar el ciclo Boquilla soldada de acero inoxidable para uso alimentario. Capacidad del recipiente colector: 4L Garant\u00eda: 1 a\u00f1o. ACCESORIOS Filtro de carb\u00f3n activo compatible con todos los destiladores del mercado. Un filtro puede purificar: 240 litros de agua. [&hellip;]<\/p>\n","protected":false},"featured_media":5538,"template":"","meta":{"_acf_changed":false},"product_cat":[128],"product_tag":[],"class_list":{"0":"post-5552","1":"product","2":"type-product","3":"status-publish","4":"has-post-thumbnail","6":"product_cat-destilador-de-agua-es","8":"first","9":"instock","10":"shipping-taxable","11":"product-type-simple"},"acf":[],"yoast_head":"<!-- This site is optimized with the Yoast SEO plugin v23.7 - https:\/\/yoast.com\/wordpress\/plugins\/seo\/ -->\n<title>DESTILADOR W-4L - 3TECH<\/title>\n<meta name=\"robots\" content=\"index, follow, max-snippet:-1, max-image-preview:large, max-video-preview:-1\" \/>\n<link rel=\"canonical\" href=\"https:\/\/www.3tech-dental.com\/es\/producto\/destilador-w-4l\/\" \/>\n<meta property=\"og:locale\" content=\"es_ES\" \/>\n<meta property=\"og:type\" content=\"article\" \/>\n<meta property=\"og:title\" content=\"DESTILADOR W-4L - 3TECH\" \/>\n<meta property=\"og:description\" content=\"Purificaci\u00f3n segura y fiable. Tiempo de purificaci\u00f3n: 1 litro de agua por hora Apagado autom\u00e1tico al finalizar el ciclo Boquilla soldada de acero inoxidable para uso alimentario. Capacidad del recipiente colector: 4L Garant\u00eda: 1 a\u00f1o. ACCESORIOS Filtro de carb\u00f3n activo compatible con todos los destiladores del mercado. Un filtro puede purificar: 240 litros de agua. [&hellip;]\" \/>\n<meta property=\"og:url\" content=\"https:\/\/www.3tech-dental.com\/es\/producto\/destilador-w-4l\/\" \/>\n<meta property=\"og:site_name\" content=\"3TECH\" \/>\n<meta property=\"article:modified_time\" content=\"2024-02-21T11:39:31+00:00\" \/>\n<meta property=\"og:image\" content=\"https:\/\/www.3tech-dental.com\/wp-content\/uploads\/2023\/11\/DISTILLER-W-4L-3TECH-derriere.jpg\" \/>\n\t<meta property=\"og:image:width\" content=\"1080\" \/>\n\t<meta property=\"og:image:height\" content=\"720\" \/>\n\t<meta property=\"og:image:type\" content=\"image\/jpeg\" \/>\n<meta name=\"twitter:card\" content=\"summary_large_image\" \/>\n<meta name=\"twitter:label1\" content=\"Tiempo de lectura\" \/>\n\t<meta name=\"twitter:data1\" content=\"1 minuto\" \/>\n<script type=\"application\/ld+json\" class=\"yoast-schema-graph\">{\"@context\":\"https:\/\/schema.org\",\"@graph\":[{\"@type\":\"WebPage\",\"@id\":\"https:\/\/www.3tech-dental.com\/es\/producto\/destilador-w-4l\/\",\"url\":\"https:\/\/www.3tech-dental.com\/es\/producto\/destilador-w-4l\/\",\"name\":\"DESTILADOR W-4L - 3TECH\",\"isPartOf\":{\"@id\":\"https:\/\/www.3tech-dental.com\/#website\"},\"primaryImageOfPage\":{\"@id\":\"https:\/\/www.3tech-dental.com\/es\/producto\/destilador-w-4l\/#primaryimage\"},\"image\":{\"@id\":\"https:\/\/www.3tech-dental.com\/es\/producto\/destilador-w-4l\/#primaryimage\"},\"thumbnailUrl\":\"https:\/\/www.3tech-dental.com\/wp-content\/uploads\/2023\/11\/DISTILLER-W-4L-3TECH-derriere.jpg\",\"datePublished\":\"2023-11-07T17:33:48+00:00\",\"dateModified\":\"2024-02-21T11:39:31+00:00\",\"breadcrumb\":{\"@id\":\"https:\/\/www.3tech-dental.com\/es\/producto\/destilador-w-4l\/#breadcrumb\"},\"inLanguage\":\"es\",\"potentialAction\":[{\"@type\":\"ReadAction\",\"target\":[\"https:\/\/www.3tech-dental.com\/es\/producto\/destilador-w-4l\/\"]}]},{\"@type\":\"ImageObject\",\"inLanguage\":\"es\",\"@id\":\"https:\/\/www.3tech-dental.com\/es\/producto\/destilador-w-4l\/#primaryimage\",\"url\":\"https:\/\/www.3tech-dental.com\/wp-content\/uploads\/2023\/11\/DISTILLER-W-4L-3TECH-derriere.jpg\",\"contentUrl\":\"https:\/\/www.3tech-dental.com\/wp-content\/uploads\/2023\/11\/DISTILLER-W-4L-3TECH-derriere.jpg\",\"width\":1080,\"height\":720},{\"@type\":\"BreadcrumbList\",\"@id\":\"https:\/\/www.3tech-dental.com\/es\/producto\/destilador-w-4l\/#breadcrumb\",\"itemListElement\":[{\"@type\":\"ListItem\",\"position\":1,\"name\":\"Accueil\",\"item\":\"https:\/\/www.3tech-dental.com\/es\/\"},{\"@type\":\"ListItem\",\"position\":2,\"name\":\"Nuestra gama\",\"item\":\"https:\/\/www.3tech-dental.com\/es\/nuestra-gama\/\"},{\"@type\":\"ListItem\",\"position\":3,\"name\":\"DESTILADOR W-4L\"}]},{\"@type\":\"WebSite\",\"@id\":\"https:\/\/www.3tech-dental.com\/#website\",\"url\":\"https:\/\/www.3tech-dental.com\/\",\"name\":\"3TECH\",\"description\":\"Equipez-vous malin !\",\"publisher\":{\"@id\":\"https:\/\/www.3tech-dental.com\/#organization\"},\"potentialAction\":[{\"@type\":\"SearchAction\",\"target\":{\"@type\":\"EntryPoint\",\"urlTemplate\":\"https:\/\/www.3tech-dental.com\/?s={search_term_string}\"},\"query-input\":{\"@type\":\"PropertyValueSpecification\",\"valueRequired\":true,\"valueName\":\"search_term_string\"}}],\"inLanguage\":\"es\"},{\"@type\":\"Organization\",\"@id\":\"https:\/\/www.3tech-dental.com\/#organization\",\"name\":\"3TECH\",\"url\":\"https:\/\/www.3tech-dental.com\/\",\"logo\":{\"@type\":\"ImageObject\",\"inLanguage\":\"es\",\"@id\":\"https:\/\/www.3tech-dental.com\/#\/schema\/logo\/image\/\",\"url\":\"https:\/\/www.3tech-dental.com\/wp-content\/uploads\/2017\/11\/logo@2x.png\",\"contentUrl\":\"https:\/\/www.3tech-dental.com\/wp-content\/uploads\/2017\/11\/logo@2x.png\",\"width\":736,\"height\":193,\"caption\":\"3TECH\"},\"image\":{\"@id\":\"https:\/\/www.3tech-dental.com\/#\/schema\/logo\/image\/\"}}]}<\/script>\n<!-- \/ Yoast SEO plugin. -->","yoast_head_json":{"title":"DESTILADOR W-4L - 3TECH","robots":{"index":"index","follow":"follow","max-snippet":"max-snippet:-1","max-image-preview":"max-image-preview:large","max-video-preview":"max-video-preview:-1"},"canonical":"https:\/\/www.3tech-dental.com\/es\/producto\/destilador-w-4l\/","og_locale":"es_ES","og_type":"article","og_title":"DESTILADOR W-4L - 3TECH","og_description":"Purificaci\u00f3n segura y fiable. Tiempo de purificaci\u00f3n: 1 litro de agua por hora Apagado autom\u00e1tico al finalizar el ciclo Boquilla soldada de acero inoxidable para uso alimentario. Capacidad del recipiente colector: 4L Garant\u00eda: 1 a\u00f1o. ACCESORIOS Filtro de carb\u00f3n activo compatible con todos los destiladores del mercado. Un filtro puede purificar: 240 litros de agua. [&hellip;]","og_url":"https:\/\/www.3tech-dental.com\/es\/producto\/destilador-w-4l\/","og_site_name":"3TECH","article_modified_time":"2024-02-21T11:39:31+00:00","og_image":[{"width":1080,"height":720,"url":"https:\/\/www.3tech-dental.com\/wp-content\/uploads\/2023\/11\/DISTILLER-W-4L-3TECH-derriere.jpg","type":"image\/jpeg"}],"twitter_card":"summary_large_image","twitter_misc":{"Tiempo de lectura":"1 minuto"},"schema":{"@context":"https:\/\/schema.org","@graph":[{"@type":"WebPage","@id":"https:\/\/www.3tech-dental.com\/es\/producto\/destilador-w-4l\/","url":"https:\/\/www.3tech-dental.com\/es\/producto\/destilador-w-4l\/","name":"DESTILADOR W-4L - 3TECH","isPartOf":{"@id":"https:\/\/www.3tech-dental.com\/#website"},"primaryImageOfPage":{"@id":"https:\/\/www.3tech-dental.com\/es\/producto\/destilador-w-4l\/#primaryimage"},"image":{"@id":"https:\/\/www.3tech-dental.com\/es\/producto\/destilador-w-4l\/#primaryimage"},"thumbnailUrl":"https:\/\/www.3tech-dental.com\/wp-content\/uploads\/2023\/11\/DISTILLER-W-4L-3TECH-derriere.jpg","datePublished":"2023-11-07T17:33:48+00:00","dateModified":"2024-02-21T11:39:31+00:00","breadcrumb":{"@id":"https:\/\/www.3tech-dental.com\/es\/producto\/destilador-w-4l\/#breadcrumb"},"inLanguage":"es","potentialAction":[{"@type":"ReadAction","target":["https:\/\/www.3tech-dental.com\/es\/producto\/destilador-w-4l\/"]}]},{"@type":"ImageObject","inLanguage":"es","@id":"https:\/\/www.3tech-dental.com\/es\/producto\/destilador-w-4l\/#primaryimage","url":"https:\/\/www.3tech-dental.com\/wp-content\/uploads\/2023\/11\/DISTILLER-W-4L-3TECH-derriere.jpg","contentUrl":"https:\/\/www.3tech-dental.com\/wp-content\/uploads\/2023\/11\/DISTILLER-W-4L-3TECH-derriere.jpg","width":1080,"height":720},{"@type":"BreadcrumbList","@id":"https:\/\/www.3tech-dental.com\/es\/producto\/destilador-w-4l\/#breadcrumb","itemListElement":[{"@type":"ListItem","position":1,"name":"Accueil","item":"https:\/\/www.3tech-dental.com\/es\/"},{"@type":"ListItem","position":2,"name":"Nuestra gama","item":"https:\/\/www.3tech-dental.com\/es\/nuestra-gama\/"},{"@type":"ListItem","position":3,"name":"DESTILADOR W-4L"}]},{"@type":"WebSite","@id":"https:\/\/www.3tech-dental.com\/#website","url":"https:\/\/www.3tech-dental.com\/","name":"3TECH","description":"Equipez-vous malin !","publisher":{"@id":"https:\/\/www.3tech-dental.com\/#organization"},"potentialAction":[{"@type":"SearchAction","target":{"@type":"EntryPoint","urlTemplate":"https:\/\/www.3tech-dental.com\/?s={search_term_string}"},"query-input":{"@type":"PropertyValueSpecification","valueRequired":true,"valueName":"search_term_string"}}],"inLanguage":"es"},{"@type":"Organization","@id":"https:\/\/www.3tech-dental.com\/#organization","name":"3TECH","url":"https:\/\/www.3tech-dental.com\/","logo":{"@type":"ImageObject","inLanguage":"es","@id":"https:\/\/www.3tech-dental.com\/#\/schema\/logo\/image\/","url":"https:\/\/www.3tech-dental.com\/wp-content\/uploads\/2017\/11\/logo@2x.png","contentUrl":"https:\/\/www.3tech-dental.com\/wp-content\/uploads\/2017\/11\/logo@2x.png","width":736,"height":193,"caption":"3TECH"},"image":{"@id":"https:\/\/www.3tech-dental.com\/#\/schema\/logo\/image\/"}}]}},"_links":{"self":[{"href":"https:\/\/www.3tech-dental.com\/es\/wp-json\/wp\/v2\/product\/5552"}],"collection":[{"href":"https:\/\/www.3tech-dental.com\/es\/wp-json\/wp\/v2\/product"}],"about":[{"href":"https:\/\/www.3tech-dental.com\/es\/wp-json\/wp\/v2\/types\/product"}],"wp:featuredmedia":[{"embeddable":true,"href":"https:\/\/www.3tech-dental.com\/es\/wp-json\/wp\/v2\/media\/5538"}],"wp:attachment":[{"href":"https:\/\/www.3tech-dental.com\/es\/wp-json\/wp\/v2\/media?parent=5552"}],"wp:term":[{"taxonomy":"product_cat","embeddable":true,"href":"https:\/\/www.3tech-dental.com\/es\/wp-json\/wp\/v2\/product_cat?post=5552"},{"taxonomy":"product_tag","embeddable":true,"href":"https:\/\/www.3tech-dental.com\/es\/wp-json\/wp\/v2\/product_tag?post=5552"}],"curies":[{"name":"wp","href":"https:\/\/api.w.org\/{rel}","templated":true}]}}