{"id":6998,"date":"2024-05-06T15:28:47","date_gmt":"2024-05-06T14:32:39","guid":{"rendered":"https:\/\/www.3tech-dental.com\/?post_type=product&#038;p=6998"},"modified":"2026-04-02T18:12:54","modified_gmt":"2026-04-02T16:12:54","slug":"lab-motor-s-55","status":"publish","type":"product","link":"https:\/\/www.3tech-dental.com\/es\/producto\/lab-motor-s-55\/","title":{"rendered":"LAB MOTOR S-55"},"content":{"rendered":"<p><span style=\"color: #000000;\"><b>Tiempo de funcionamiento : <\/b><\/span>conexi\u00f3n a la red, funcionamiento continuo.<b><br \/>\n<\/b><span style=\"color: #000000;\"><b>Velocidad m\u00e1xima : <\/b><\/span>55 000 rpm.<b><br \/>\n<\/b><span style=\"color: #000000;\"><b>Torque m\u00e1ximo : <\/b><\/span>8.5 N.cm.<b><br \/>\n<\/b><span style=\"color: #000000;\"><b>Potencia : <\/b><\/span>230 W.<b><br \/>\n<\/b><b><span style=\"color: #000000;\">Rotaci\u00f3n<\/span> : <\/b>derecha \/ izquierda.<b><br \/>\n<\/b><b><span style=\"color: #000000;\">Motor :<\/span><br \/>\n<\/b><span style=\"color: #000000;\"><b>&#8211; Peso : <\/b><\/span>2,65 kg.<b><br \/>\n<\/b><span style=\"color: #000000;\"><b>&#8211; Tama\u00f1o : <\/b><\/span>Altura : 128 mm \/ Anchura : 185 mm \/ Longitud : 175 mm.<b><br \/>\n<\/b><b><span style=\"color: #000000;\">Pieza de mano :<\/span><br \/>\n<\/b><span style=\"color: #000000;\"><b>&#8211; Peso : <\/b><\/span>245 g<b><br \/>\n<\/b><b><span style=\"color: #000000;\">&#8211; Tama\u00f1o :<\/span> <\/b>Longitud : 162 mm \/ \u00d820-28 mm.<b><br \/>\n<\/b><span style=\"color: #000000;\"><b>Garant\u00eda 12 meses<\/b><\/span><\/p>\n<p><span style=\"font-size: 8pt;\">Contiene: Caja de control \/ micromotor, pieza de mano con cable \/ pedal de control \/ cable de alimentaci\u00f3n \/ soporte de la pieza de mano \/ llave<b>.<\/b><\/span><\/p>\n","protected":false},"excerpt":{"rendered":"<p>Tiempo de funcionamiento : conexi\u00f3n a la red, funcionamiento continuo. Velocidad m\u00e1xima : 55 000 rpm. Torque m\u00e1ximo : 8.5 N.cm. Potencia : 230 W. Rotaci\u00f3n : derecha \/ izquierda. Motor : &#8211; Peso : 2,65 kg. &#8211; Tama\u00f1o : Altura : 128 mm \/ Anchura : 185 mm \/ Longitud : 175 mm. Pieza [&hellip;]<\/p>\n","protected":false},"featured_media":7045,"template":"","meta":{"_acf_changed":false},"product_cat":[],"product_tag":[],"class_list":{"0":"post-6998","1":"product","2":"type-product","3":"status-publish","4":"has-post-thumbnail","7":"first","8":"instock","9":"shipping-taxable","10":"product-type-simple"},"acf":[],"yoast_head":"<!-- This site is optimized with the Yoast SEO plugin v23.7 - https:\/\/yoast.com\/wordpress\/plugins\/seo\/ -->\n<title>LAB MOTOR S-55 - 3TECH<\/title>\n<meta name=\"robots\" content=\"index, follow, max-snippet:-1, max-image-preview:large, max-video-preview:-1\" \/>\n<link rel=\"canonical\" href=\"https:\/\/www.3tech-dental.com\/es\/producto\/lab-motor-s-55\/\" \/>\n<meta property=\"og:locale\" content=\"es_ES\" \/>\n<meta property=\"og:type\" content=\"article\" \/>\n<meta property=\"og:title\" content=\"LAB MOTOR S-55 - 3TECH\" \/>\n<meta property=\"og:description\" content=\"Tiempo de funcionamiento : conexi\u00f3n a la red, funcionamiento continuo. Velocidad m\u00e1xima : 55 000 rpm. Torque m\u00e1ximo : 8.5 N.cm. Potencia : 230 W. Rotaci\u00f3n : derecha \/ izquierda. Motor : &#8211; Peso : 2,65 kg. &#8211; Tama\u00f1o : Altura : 128 mm \/ Anchura : 185 mm \/ Longitud : 175 mm. Pieza [&hellip;]\" \/>\n<meta property=\"og:url\" content=\"https:\/\/www.3tech-dental.com\/es\/producto\/lab-motor-s-55\/\" \/>\n<meta property=\"og:site_name\" content=\"3TECH\" \/>\n<meta property=\"article:modified_time\" content=\"2026-04-02T16:12:54+00:00\" \/>\n<meta property=\"og:image\" content=\"https:\/\/www.3tech-dental.com\/wp-content\/uploads\/2024\/05\/LAB-MOTOR-S-55-fond-blanc-2-1.png\" \/>\n\t<meta property=\"og:image:width\" content=\"500\" \/>\n\t<meta property=\"og:image:height\" content=\"500\" \/>\n\t<meta property=\"og:image:type\" content=\"image\/png\" \/>\n<meta name=\"twitter:card\" content=\"summary_large_image\" \/>\n<meta name=\"twitter:label1\" content=\"Tiempo de lectura\" \/>\n\t<meta name=\"twitter:data1\" content=\"1 minuto\" \/>\n<script type=\"application\/ld+json\" class=\"yoast-schema-graph\">{\"@context\":\"https:\/\/schema.org\",\"@graph\":[{\"@type\":\"WebPage\",\"@id\":\"https:\/\/www.3tech-dental.com\/es\/producto\/lab-motor-s-55\/\",\"url\":\"https:\/\/www.3tech-dental.com\/es\/producto\/lab-motor-s-55\/\",\"name\":\"LAB MOTOR S-55 - 3TECH\",\"isPartOf\":{\"@id\":\"https:\/\/www.3tech-dental.com\/#website\"},\"primaryImageOfPage\":{\"@id\":\"https:\/\/www.3tech-dental.com\/es\/producto\/lab-motor-s-55\/#primaryimage\"},\"image\":{\"@id\":\"https:\/\/www.3tech-dental.com\/es\/producto\/lab-motor-s-55\/#primaryimage\"},\"thumbnailUrl\":\"https:\/\/www.3tech-dental.com\/wp-content\/uploads\/2024\/05\/LAB-MOTOR-S-55-fond-blanc-2-1.png\",\"datePublished\":\"2024-05-06T14:32:39+00:00\",\"dateModified\":\"2026-04-02T16:12:54+00:00\",\"breadcrumb\":{\"@id\":\"https:\/\/www.3tech-dental.com\/es\/producto\/lab-motor-s-55\/#breadcrumb\"},\"inLanguage\":\"es\",\"potentialAction\":[{\"@type\":\"ReadAction\",\"target\":[\"https:\/\/www.3tech-dental.com\/es\/producto\/lab-motor-s-55\/\"]}]},{\"@type\":\"ImageObject\",\"inLanguage\":\"es\",\"@id\":\"https:\/\/www.3tech-dental.com\/es\/producto\/lab-motor-s-55\/#primaryimage\",\"url\":\"https:\/\/www.3tech-dental.com\/wp-content\/uploads\/2024\/05\/LAB-MOTOR-S-55-fond-blanc-2-1.png\",\"contentUrl\":\"https:\/\/www.3tech-dental.com\/wp-content\/uploads\/2024\/05\/LAB-MOTOR-S-55-fond-blanc-2-1.png\",\"width\":500,\"height\":500},{\"@type\":\"BreadcrumbList\",\"@id\":\"https:\/\/www.3tech-dental.com\/es\/producto\/lab-motor-s-55\/#breadcrumb\",\"itemListElement\":[{\"@type\":\"ListItem\",\"position\":1,\"name\":\"Accueil\",\"item\":\"https:\/\/www.3tech-dental.com\/es\/\"},{\"@type\":\"ListItem\",\"position\":2,\"name\":\"Nuestra gama\",\"item\":\"https:\/\/www.3tech-dental.com\/es\/nuestra-gama\/\"},{\"@type\":\"ListItem\",\"position\":3,\"name\":\"LAB MOTOR S-55\"}]},{\"@type\":\"WebSite\",\"@id\":\"https:\/\/www.3tech-dental.com\/#website\",\"url\":\"https:\/\/www.3tech-dental.com\/\",\"name\":\"3TECH\",\"description\":\"Equipez-vous malin !\",\"publisher\":{\"@id\":\"https:\/\/www.3tech-dental.com\/#organization\"},\"potentialAction\":[{\"@type\":\"SearchAction\",\"target\":{\"@type\":\"EntryPoint\",\"urlTemplate\":\"https:\/\/www.3tech-dental.com\/?s={search_term_string}\"},\"query-input\":{\"@type\":\"PropertyValueSpecification\",\"valueRequired\":true,\"valueName\":\"search_term_string\"}}],\"inLanguage\":\"es\"},{\"@type\":\"Organization\",\"@id\":\"https:\/\/www.3tech-dental.com\/#organization\",\"name\":\"3TECH\",\"url\":\"https:\/\/www.3tech-dental.com\/\",\"logo\":{\"@type\":\"ImageObject\",\"inLanguage\":\"es\",\"@id\":\"https:\/\/www.3tech-dental.com\/#\/schema\/logo\/image\/\",\"url\":\"https:\/\/www.3tech-dental.com\/wp-content\/uploads\/2017\/11\/logo@2x.png\",\"contentUrl\":\"https:\/\/www.3tech-dental.com\/wp-content\/uploads\/2017\/11\/logo@2x.png\",\"width\":736,\"height\":193,\"caption\":\"3TECH\"},\"image\":{\"@id\":\"https:\/\/www.3tech-dental.com\/#\/schema\/logo\/image\/\"}}]}<\/script>\n<!-- \/ Yoast SEO plugin. -->","yoast_head_json":{"title":"LAB MOTOR S-55 - 3TECH","robots":{"index":"index","follow":"follow","max-snippet":"max-snippet:-1","max-image-preview":"max-image-preview:large","max-video-preview":"max-video-preview:-1"},"canonical":"https:\/\/www.3tech-dental.com\/es\/producto\/lab-motor-s-55\/","og_locale":"es_ES","og_type":"article","og_title":"LAB MOTOR S-55 - 3TECH","og_description":"Tiempo de funcionamiento : conexi\u00f3n a la red, funcionamiento continuo. Velocidad m\u00e1xima : 55 000 rpm. Torque m\u00e1ximo : 8.5 N.cm. Potencia : 230 W. Rotaci\u00f3n : derecha \/ izquierda. Motor : &#8211; Peso : 2,65 kg. &#8211; Tama\u00f1o : Altura : 128 mm \/ Anchura : 185 mm \/ Longitud : 175 mm. Pieza [&hellip;]","og_url":"https:\/\/www.3tech-dental.com\/es\/producto\/lab-motor-s-55\/","og_site_name":"3TECH","article_modified_time":"2026-04-02T16:12:54+00:00","og_image":[{"width":500,"height":500,"url":"https:\/\/www.3tech-dental.com\/wp-content\/uploads\/2024\/05\/LAB-MOTOR-S-55-fond-blanc-2-1.png","type":"image\/png"}],"twitter_card":"summary_large_image","twitter_misc":{"Tiempo de lectura":"1 minuto"},"schema":{"@context":"https:\/\/schema.org","@graph":[{"@type":"WebPage","@id":"https:\/\/www.3tech-dental.com\/es\/producto\/lab-motor-s-55\/","url":"https:\/\/www.3tech-dental.com\/es\/producto\/lab-motor-s-55\/","name":"LAB MOTOR S-55 - 3TECH","isPartOf":{"@id":"https:\/\/www.3tech-dental.com\/#website"},"primaryImageOfPage":{"@id":"https:\/\/www.3tech-dental.com\/es\/producto\/lab-motor-s-55\/#primaryimage"},"image":{"@id":"https:\/\/www.3tech-dental.com\/es\/producto\/lab-motor-s-55\/#primaryimage"},"thumbnailUrl":"https:\/\/www.3tech-dental.com\/wp-content\/uploads\/2024\/05\/LAB-MOTOR-S-55-fond-blanc-2-1.png","datePublished":"2024-05-06T14:32:39+00:00","dateModified":"2026-04-02T16:12:54+00:00","breadcrumb":{"@id":"https:\/\/www.3tech-dental.com\/es\/producto\/lab-motor-s-55\/#breadcrumb"},"inLanguage":"es","potentialAction":[{"@type":"ReadAction","target":["https:\/\/www.3tech-dental.com\/es\/producto\/lab-motor-s-55\/"]}]},{"@type":"ImageObject","inLanguage":"es","@id":"https:\/\/www.3tech-dental.com\/es\/producto\/lab-motor-s-55\/#primaryimage","url":"https:\/\/www.3tech-dental.com\/wp-content\/uploads\/2024\/05\/LAB-MOTOR-S-55-fond-blanc-2-1.png","contentUrl":"https:\/\/www.3tech-dental.com\/wp-content\/uploads\/2024\/05\/LAB-MOTOR-S-55-fond-blanc-2-1.png","width":500,"height":500},{"@type":"BreadcrumbList","@id":"https:\/\/www.3tech-dental.com\/es\/producto\/lab-motor-s-55\/#breadcrumb","itemListElement":[{"@type":"ListItem","position":1,"name":"Accueil","item":"https:\/\/www.3tech-dental.com\/es\/"},{"@type":"ListItem","position":2,"name":"Nuestra gama","item":"https:\/\/www.3tech-dental.com\/es\/nuestra-gama\/"},{"@type":"ListItem","position":3,"name":"LAB MOTOR S-55"}]},{"@type":"WebSite","@id":"https:\/\/www.3tech-dental.com\/#website","url":"https:\/\/www.3tech-dental.com\/","name":"3TECH","description":"Equipez-vous malin !","publisher":{"@id":"https:\/\/www.3tech-dental.com\/#organization"},"potentialAction":[{"@type":"SearchAction","target":{"@type":"EntryPoint","urlTemplate":"https:\/\/www.3tech-dental.com\/?s={search_term_string}"},"query-input":{"@type":"PropertyValueSpecification","valueRequired":true,"valueName":"search_term_string"}}],"inLanguage":"es"},{"@type":"Organization","@id":"https:\/\/www.3tech-dental.com\/#organization","name":"3TECH","url":"https:\/\/www.3tech-dental.com\/","logo":{"@type":"ImageObject","inLanguage":"es","@id":"https:\/\/www.3tech-dental.com\/#\/schema\/logo\/image\/","url":"https:\/\/www.3tech-dental.com\/wp-content\/uploads\/2017\/11\/logo@2x.png","contentUrl":"https:\/\/www.3tech-dental.com\/wp-content\/uploads\/2017\/11\/logo@2x.png","width":736,"height":193,"caption":"3TECH"},"image":{"@id":"https:\/\/www.3tech-dental.com\/#\/schema\/logo\/image\/"}}]}},"_links":{"self":[{"href":"https:\/\/www.3tech-dental.com\/es\/wp-json\/wp\/v2\/product\/6998"}],"collection":[{"href":"https:\/\/www.3tech-dental.com\/es\/wp-json\/wp\/v2\/product"}],"about":[{"href":"https:\/\/www.3tech-dental.com\/es\/wp-json\/wp\/v2\/types\/product"}],"wp:featuredmedia":[{"embeddable":true,"href":"https:\/\/www.3tech-dental.com\/es\/wp-json\/wp\/v2\/media\/7045"}],"wp:attachment":[{"href":"https:\/\/www.3tech-dental.com\/es\/wp-json\/wp\/v2\/media?parent=6998"}],"wp:term":[{"taxonomy":"product_cat","embeddable":true,"href":"https:\/\/www.3tech-dental.com\/es\/wp-json\/wp\/v2\/product_cat?post=6998"},{"taxonomy":"product_tag","embeddable":true,"href":"https:\/\/www.3tech-dental.com\/es\/wp-json\/wp\/v2\/product_tag?post=6998"}],"curies":[{"name":"wp","href":"https:\/\/api.w.org\/{rel}","templated":true}]}}