{"id":2736,"date":"2020-12-23T18:22:33","date_gmt":"2020-12-23T17:22:33","guid":{"rendered":"https:\/\/www.3tech-dental.com\/?page_id=2736"},"modified":"2022-04-20T16:05:28","modified_gmt":"2022-04-20T14:05:28","slug":"stampa-e-notizie","status":"publish","type":"page","link":"https:\/\/www.3tech-dental.com\/it\/stampa-e-notizie\/","title":{"rendered":"Stampa e notizie"},"content":{"rendered":"<h2>Stampa e notizie<\/h2>\n<div class=\"row\">\n<div class=\"w-12\">\n<h3 style=\"text-align: center;\"><em><strong>Le fil dentaire n\u00b0159 &#8211; Marzo 2020 &#8211; pagina 8<\/strong><\/em><img loading=\"lazy\" decoding=\"async\" class=\"alignnone wp-image-2699 size-full\" src=\"https:\/\/www.3tech-dental.com\/wp-content\/uploads\/2020\/12\/lefildentaire.png\" alt=\"\" width=\"1520\" height=\"1272\" srcset=\"https:\/\/www.3tech-dental.com\/wp-content\/uploads\/2020\/12\/lefildentaire.png 1520w, https:\/\/www.3tech-dental.com\/wp-content\/uploads\/2020\/12\/lefildentaire-600x502.png 600w\" sizes=\"(max-width: 1520px) 100vw, 1520px\" \/><\/h3>\n<p><em><strong>3TECH, PRESTAZIONI A PREZZI COMPETITIVI<\/strong><\/em><\/p>\n<p><em><strong>3 sono i pilastri del marchio\u00a0:<\/strong><\/em><\/p>\n<ul>\n<li><em>prestazioni di base, ovvero prodotti di efficacia comprovata, senza inutili supplementi\u00a0;<\/em><\/li>\n<li><em>eliminati i problemi legati all&#8217;assistenza poich\u00e8 i prezzi molto bassi della linea 3TECH permettono di sostituire agevolmente il materiale usato con materiale nuovo.<\/em><\/li>\n<li><em>Non \u00e8 necessario aspettare le promozioni perch\u00e8 3TECH garantisce prezzi bassi e stabili tutto l&#8217;anno.<\/em><\/li>\n<\/ul>\n<p><em>Il marchio ha grande successo perch\u00e8 soddisfa i bisogni dei dentisti generici e perch\u00e8 lo sviluppo dei prodotti \u00e8 tarato sulle necessit\u00e0 del dentista. La gamma 3TECH propone un&#8217;ampia scelta di prodotti e continua a sviluppare e lanciare nuovi materiali\u00a0:<\/em><\/p>\n<ul>\n<li><em><strong>la turbina in titanio Ti-940L<\/strong>, ultra leggera, considerata la pi\u00f9 leggera sul mercato (42g). Ultra silenziosa (\u2264 55 dB) ed ergonomica, riunisce tutti i criteri per migliorare la pratica quotidiana dei dentisti<\/em><\/li>\n<li><em><strong>il riscaldatore<\/strong> <strong>HEATER TC-70 <\/strong>per compositi e per fiale di anestetico<\/em><\/li>\n<li><em><strong>l&#8217;ablatore portatile<\/strong> <strong>EASY SCALER L-28 <\/strong>comodo e compatto<\/em><\/li>\n<li><em><strong>il contrangolo per implantologia <\/strong><strong>IMPLANT L-2000 <\/strong>con fibra ottica, preciso e completamente smontabile con un click, permette in poco tempo ai dentisti generici o specialisti di lavorare nelle migliori condizioni e al miglior prezzo.<\/em><\/li>\n<\/ul>\n<p><em>3TECH \u00e8 un marchio del gruppo DENTAL LEADER ITALIE.<\/em><\/p>\n<hr \/>\n<h3 style=\"text-align: center;\"><em><strong>Solutions Cabinet Dentaire n\u00b0 25 &#8211; Aprile 2020<\/strong><\/em><\/h3>\n<div><img loading=\"lazy\" decoding=\"async\" class=\"alignnone wp-image-2720 size-full\" src=\"https:\/\/www.3tech-dental.com\/wp-content\/uploads\/2020\/12\/Capture-decran-2020-12-23-a-17.20.39-e1609926702992.png\" alt=\"\" width=\"1828\" height=\"1142\" srcset=\"https:\/\/www.3tech-dental.com\/wp-content\/uploads\/2020\/12\/Capture-decran-2020-12-23-a-17.20.39-e1609926702992.png 1828w, https:\/\/www.3tech-dental.com\/wp-content\/uploads\/2020\/12\/Capture-decran-2020-12-23-a-17.20.39-e1609926702992-600x375.png 600w, https:\/\/www.3tech-dental.com\/wp-content\/uploads\/2020\/12\/Capture-decran-2020-12-23-a-17.20.39-e1609926702992-300x187.png 300w, https:\/\/www.3tech-dental.com\/wp-content\/uploads\/2020\/12\/Capture-decran-2020-12-23-a-17.20.39-e1609926702992-1024x640.png 1024w, https:\/\/www.3tech-dental.com\/wp-content\/uploads\/2020\/12\/Capture-decran-2020-12-23-a-17.20.39-e1609926702992-768x480.png 768w, https:\/\/www.3tech-dental.com\/wp-content\/uploads\/2020\/12\/Capture-decran-2020-12-23-a-17.20.39-e1609926702992-1536x960.png 1536w\" sizes=\"(max-width: 1828px) 100vw, 1828px\" \/><\/div>\n<p><em><strong>3TECH, UNA NUOVA LINEA DI STRUMENTI<\/strong><\/em><\/p>\n<p><em>3TECH \u00e8 un marchio di strumenti che ha lo scopo di proporre prodotti con il miglior rapporto qualit\u00e0-prezzo.<\/em><\/p>\n<p><em>3 sono i pilastri del marchio\u00a0:<\/em><\/p>\n<ul>\n<li><em>prestazioni di base, ovvero prodotti di efficacia comprovata, senza inutili supplementi\u00a0;<\/em><\/li>\n<li><em>eliminati i problemi legati all&#8217;assistenza poich\u00e8 i prezzi molto bassi della linea 3TECH permettono di sostituire agevolmente il materiale usato con materiale nuovo.<\/em><\/li>\n<li><em>Non \u00e8 necessario aspettare le promozioni perch\u00e8 3TECH garantisce prezzi bassi e stabili tutto l&#8217;anno.<\/em><\/li>\n<\/ul>\n<p><em>La gamma 3TECH propone un&#8217;ampia scelta di prodotti e continua a sviluppare e lanciare nuovi materiali\u00a0:<\/em><\/p>\n<ul>\n<li><em>la turbina in titanio Ti-940L, ultra leggera, considerata la pi\u00f9 leggera sul mercato (42g), ultra silenziosa (\u2264 55 dB) ed ergonomica<\/em><\/li>\n<li><em>il riscaldatore HEATER TC-70 per compositi e per fiale di anestetico<\/em><\/li>\n<li><em>l&#8217;ablatore portatile EASY SCALER L-28 comodo e compatto<\/em><\/li>\n<li><em>il contrangolo per implantologia IMPLANT L-2000 con fibra ottica, preciso e completamente smontabile con un click, permette in poco tempo ai dentisti generici o specialisti di lavorare nelle migliori condizioni e al miglior prezzo.<\/em><\/li>\n<\/ul>\n<p><em><strong>Per maggiori informazioni : <a href=\"https:\/\/www.dental-leader.it\/\">https:\/\/www.dental-leader.it\/<\/a><\/strong><\/em><\/p>\n<p>\u00a0<\/p>\n<\/div>\n<\/div><h3 class=\"has-text-align-center wp-block-heading\"><strong><em>ADF &#8211; Novembre 2021<\/em><\/strong><\/h3><p><\/p><p class=\"has-text-align-center\">Ci ha fatto molto piacere vedervi alla mostra dell&#8217;ADF lo scorso novembre.<\/p><figure class=\"wp-block-gallery has-nested-images columns-default is-cropped wp-block-gallery-1 is-layout-flex wp-block-gallery-is-layout-flex\"><figure class=\"wp-block-image size-large\"><img decoding=\"async\" data-id=\"4584\" src=\"https:\/\/www.3tech-dental.com\/wp-content\/uploads\/2022\/04\/MicrosoftTeams-image-6-1-scaled.jpg\" alt=\"\" class=\"wp-image-4584\"\/><\/figure>\n\n<figure class=\"wp-block-image size-large\"><img decoding=\"async\" data-id=\"4572\" src=\"https:\/\/www.3tech-dental.com\/wp-content\/uploads\/2022\/04\/MicrosoftTeams-image-3-4.jpg\" alt=\"\" class=\"wp-image-4572\"\/><\/figure>\n\n<figure class=\"wp-block-image size-large\"><img loading=\"lazy\" decoding=\"async\" width=\"1705\" height=\"2560\" data-id=\"4567\" src=\"https:\/\/www.3tech-dental.com\/wp-content\/uploads\/2022\/04\/MicrosoftTeams-image-15-2-scaled.jpg\" alt=\"\" class=\"wp-image-4567\" srcset=\"https:\/\/www.3tech-dental.com\/wp-content\/uploads\/2022\/04\/MicrosoftTeams-image-15-2-scaled.jpg 1705w, https:\/\/www.3tech-dental.com\/wp-content\/uploads\/2022\/04\/MicrosoftTeams-image-15-2-200x300.jpg 200w, https:\/\/www.3tech-dental.com\/wp-content\/uploads\/2022\/04\/MicrosoftTeams-image-15-2-682x1024.jpg 682w, https:\/\/www.3tech-dental.com\/wp-content\/uploads\/2022\/04\/MicrosoftTeams-image-15-2-768x1153.jpg 768w, https:\/\/www.3tech-dental.com\/wp-content\/uploads\/2022\/04\/MicrosoftTeams-image-15-2-1023x1536.jpg 1023w, https:\/\/www.3tech-dental.com\/wp-content\/uploads\/2022\/04\/MicrosoftTeams-image-15-2-1364x2048.jpg 1364w, https:\/\/www.3tech-dental.com\/wp-content\/uploads\/2022\/04\/MicrosoftTeams-image-15-2-600x901.jpg 600w\" sizes=\"(max-width: 1705px) 100vw, 1705px\" \/><\/figure><\/figure>","protected":false},"excerpt":{"rendered":"<p>Stampa e notizie Le fil dentaire n\u00b0159 &#8211; Marzo 2020 &#8211; pagina 8 3TECH, PRESTAZIONI A PREZZI COMPETITIVI 3 sono i pilastri del marchio\u00a0: prestazioni di base, ovvero prodotti di efficacia comprovata, senza inutili supplementi\u00a0; eliminati i problemi legati all&#8217;assistenza poich\u00e8 i prezzi molto bassi della linea 3TECH permettono di sostituire agevolmente il materiale usato [&hellip;]<\/p>\n","protected":false},"author":1,"featured_media":0,"parent":0,"menu_order":43,"comment_status":"closed","ping_status":"closed","template":"","meta":{"_acf_changed":false,"footnotes":""},"class_list":["post-2736","page","type-page","status-publish","hentry"],"acf":[],"yoast_head":"<!-- This site is optimized with the Yoast SEO plugin v23.7 - https:\/\/yoast.com\/wordpress\/plugins\/seo\/ -->\n<title>Stampa e notizie - 3TECH<\/title>\n<meta name=\"robots\" content=\"index, follow, max-snippet:-1, max-image-preview:large, max-video-preview:-1\" \/>\n<link rel=\"canonical\" href=\"https:\/\/www.3tech-dental.com\/it\/stampa-e-notizie\/\" \/>\n<meta property=\"og:locale\" content=\"it_IT\" \/>\n<meta property=\"og:type\" content=\"article\" \/>\n<meta property=\"og:title\" content=\"Stampa e notizie - 3TECH\" \/>\n<meta property=\"og:description\" content=\"Stampa e notizie Le fil dentaire n\u00b0159 &#8211; Marzo 2020 &#8211; pagina 8 3TECH, PRESTAZIONI A PREZZI COMPETITIVI 3 sono i pilastri del marchio\u00a0: prestazioni di base, ovvero prodotti di efficacia comprovata, senza inutili supplementi\u00a0; eliminati i problemi legati all&#8217;assistenza poich\u00e8 i prezzi molto bassi della linea 3TECH permettono di sostituire agevolmente il materiale usato [&hellip;]\" \/>\n<meta property=\"og:url\" content=\"https:\/\/www.3tech-dental.com\/it\/stampa-e-notizie\/\" \/>\n<meta property=\"og:site_name\" content=\"3TECH\" \/>\n<meta property=\"article:modified_time\" content=\"2022-04-20T14:05:28+00:00\" \/>\n<meta property=\"og:image\" content=\"https:\/\/www.3tech-dental.com\/wp-content\/uploads\/2020\/12\/lefildentaire.png\" \/>\n<meta name=\"twitter:card\" content=\"summary_large_image\" \/>\n<meta name=\"twitter:label1\" content=\"Tempo di lettura stimato\" \/>\n\t<meta name=\"twitter:data1\" content=\"4 minuti\" \/>\n<script type=\"application\/ld+json\" class=\"yoast-schema-graph\">{\"@context\":\"https:\/\/schema.org\",\"@graph\":[{\"@type\":\"WebPage\",\"@id\":\"https:\/\/www.3tech-dental.com\/it\/stampa-e-notizie\/\",\"url\":\"https:\/\/www.3tech-dental.com\/it\/stampa-e-notizie\/\",\"name\":\"Stampa e notizie - 3TECH\",\"isPartOf\":{\"@id\":\"https:\/\/www.3tech-dental.com\/#website\"},\"primaryImageOfPage\":{\"@id\":\"https:\/\/www.3tech-dental.com\/it\/stampa-e-notizie\/#primaryimage\"},\"image\":{\"@id\":\"https:\/\/www.3tech-dental.com\/it\/stampa-e-notizie\/#primaryimage\"},\"thumbnailUrl\":\"https:\/\/www.3tech-dental.com\/wp-content\/uploads\/2020\/12\/lefildentaire.png\",\"datePublished\":\"2020-12-23T17:22:33+00:00\",\"dateModified\":\"2022-04-20T14:05:28+00:00\",\"breadcrumb\":{\"@id\":\"https:\/\/www.3tech-dental.com\/it\/stampa-e-notizie\/#breadcrumb\"},\"inLanguage\":\"it-IT\",\"potentialAction\":[{\"@type\":\"ReadAction\",\"target\":[\"https:\/\/www.3tech-dental.com\/it\/stampa-e-notizie\/\"]}]},{\"@type\":\"ImageObject\",\"inLanguage\":\"it-IT\",\"@id\":\"https:\/\/www.3tech-dental.com\/it\/stampa-e-notizie\/#primaryimage\",\"url\":\"https:\/\/www.3tech-dental.com\/wp-content\/uploads\/2020\/12\/lefildentaire.png\",\"contentUrl\":\"https:\/\/www.3tech-dental.com\/wp-content\/uploads\/2020\/12\/lefildentaire.png\"},{\"@type\":\"BreadcrumbList\",\"@id\":\"https:\/\/www.3tech-dental.com\/it\/stampa-e-notizie\/#breadcrumb\",\"itemListElement\":[{\"@type\":\"ListItem\",\"position\":1,\"name\":\"Accueil\",\"item\":\"https:\/\/www.3tech-dental.com\/it\/\"},{\"@type\":\"ListItem\",\"position\":2,\"name\":\"Stampa e notizie\"}]},{\"@type\":\"WebSite\",\"@id\":\"https:\/\/www.3tech-dental.com\/#website\",\"url\":\"https:\/\/www.3tech-dental.com\/\",\"name\":\"3TECH\",\"description\":\"Equipez-vous malin !\",\"publisher\":{\"@id\":\"https:\/\/www.3tech-dental.com\/#organization\"},\"potentialAction\":[{\"@type\":\"SearchAction\",\"target\":{\"@type\":\"EntryPoint\",\"urlTemplate\":\"https:\/\/www.3tech-dental.com\/?s={search_term_string}\"},\"query-input\":{\"@type\":\"PropertyValueSpecification\",\"valueRequired\":true,\"valueName\":\"search_term_string\"}}],\"inLanguage\":\"it-IT\"},{\"@type\":\"Organization\",\"@id\":\"https:\/\/www.3tech-dental.com\/#organization\",\"name\":\"3TECH\",\"url\":\"https:\/\/www.3tech-dental.com\/\",\"logo\":{\"@type\":\"ImageObject\",\"inLanguage\":\"it-IT\",\"@id\":\"https:\/\/www.3tech-dental.com\/#\/schema\/logo\/image\/\",\"url\":\"https:\/\/www.3tech-dental.com\/wp-content\/uploads\/2017\/11\/logo@2x.png\",\"contentUrl\":\"https:\/\/www.3tech-dental.com\/wp-content\/uploads\/2017\/11\/logo@2x.png\",\"width\":736,\"height\":193,\"caption\":\"3TECH\"},\"image\":{\"@id\":\"https:\/\/www.3tech-dental.com\/#\/schema\/logo\/image\/\"}}]}<\/script>\n<!-- \/ Yoast SEO plugin. -->","yoast_head_json":{"title":"Stampa e notizie - 3TECH","robots":{"index":"index","follow":"follow","max-snippet":"max-snippet:-1","max-image-preview":"max-image-preview:large","max-video-preview":"max-video-preview:-1"},"canonical":"https:\/\/www.3tech-dental.com\/it\/stampa-e-notizie\/","og_locale":"it_IT","og_type":"article","og_title":"Stampa e notizie - 3TECH","og_description":"Stampa e notizie Le fil dentaire n\u00b0159 &#8211; Marzo 2020 &#8211; pagina 8 3TECH, PRESTAZIONI A PREZZI COMPETITIVI 3 sono i pilastri del marchio\u00a0: prestazioni di base, ovvero prodotti di efficacia comprovata, senza inutili supplementi\u00a0; eliminati i problemi legati all&#8217;assistenza poich\u00e8 i prezzi molto bassi della linea 3TECH permettono di sostituire agevolmente il materiale usato [&hellip;]","og_url":"https:\/\/www.3tech-dental.com\/it\/stampa-e-notizie\/","og_site_name":"3TECH","article_modified_time":"2022-04-20T14:05:28+00:00","og_image":[{"url":"https:\/\/www.3tech-dental.com\/wp-content\/uploads\/2020\/12\/lefildentaire.png"}],"twitter_card":"summary_large_image","twitter_misc":{"Tempo di lettura stimato":"4 minuti"},"schema":{"@context":"https:\/\/schema.org","@graph":[{"@type":"WebPage","@id":"https:\/\/www.3tech-dental.com\/it\/stampa-e-notizie\/","url":"https:\/\/www.3tech-dental.com\/it\/stampa-e-notizie\/","name":"Stampa e notizie - 3TECH","isPartOf":{"@id":"https:\/\/www.3tech-dental.com\/#website"},"primaryImageOfPage":{"@id":"https:\/\/www.3tech-dental.com\/it\/stampa-e-notizie\/#primaryimage"},"image":{"@id":"https:\/\/www.3tech-dental.com\/it\/stampa-e-notizie\/#primaryimage"},"thumbnailUrl":"https:\/\/www.3tech-dental.com\/wp-content\/uploads\/2020\/12\/lefildentaire.png","datePublished":"2020-12-23T17:22:33+00:00","dateModified":"2022-04-20T14:05:28+00:00","breadcrumb":{"@id":"https:\/\/www.3tech-dental.com\/it\/stampa-e-notizie\/#breadcrumb"},"inLanguage":"it-IT","potentialAction":[{"@type":"ReadAction","target":["https:\/\/www.3tech-dental.com\/it\/stampa-e-notizie\/"]}]},{"@type":"ImageObject","inLanguage":"it-IT","@id":"https:\/\/www.3tech-dental.com\/it\/stampa-e-notizie\/#primaryimage","url":"https:\/\/www.3tech-dental.com\/wp-content\/uploads\/2020\/12\/lefildentaire.png","contentUrl":"https:\/\/www.3tech-dental.com\/wp-content\/uploads\/2020\/12\/lefildentaire.png"},{"@type":"BreadcrumbList","@id":"https:\/\/www.3tech-dental.com\/it\/stampa-e-notizie\/#breadcrumb","itemListElement":[{"@type":"ListItem","position":1,"name":"Accueil","item":"https:\/\/www.3tech-dental.com\/it\/"},{"@type":"ListItem","position":2,"name":"Stampa e notizie"}]},{"@type":"WebSite","@id":"https:\/\/www.3tech-dental.com\/#website","url":"https:\/\/www.3tech-dental.com\/","name":"3TECH","description":"Equipez-vous malin !","publisher":{"@id":"https:\/\/www.3tech-dental.com\/#organization"},"potentialAction":[{"@type":"SearchAction","target":{"@type":"EntryPoint","urlTemplate":"https:\/\/www.3tech-dental.com\/?s={search_term_string}"},"query-input":{"@type":"PropertyValueSpecification","valueRequired":true,"valueName":"search_term_string"}}],"inLanguage":"it-IT"},{"@type":"Organization","@id":"https:\/\/www.3tech-dental.com\/#organization","name":"3TECH","url":"https:\/\/www.3tech-dental.com\/","logo":{"@type":"ImageObject","inLanguage":"it-IT","@id":"https:\/\/www.3tech-dental.com\/#\/schema\/logo\/image\/","url":"https:\/\/www.3tech-dental.com\/wp-content\/uploads\/2017\/11\/logo@2x.png","contentUrl":"https:\/\/www.3tech-dental.com\/wp-content\/uploads\/2017\/11\/logo@2x.png","width":736,"height":193,"caption":"3TECH"},"image":{"@id":"https:\/\/www.3tech-dental.com\/#\/schema\/logo\/image\/"}}]}},"_links":{"self":[{"href":"https:\/\/www.3tech-dental.com\/it\/wp-json\/wp\/v2\/pages\/2736"}],"collection":[{"href":"https:\/\/www.3tech-dental.com\/it\/wp-json\/wp\/v2\/pages"}],"about":[{"href":"https:\/\/www.3tech-dental.com\/it\/wp-json\/wp\/v2\/types\/page"}],"author":[{"embeddable":true,"href":"https:\/\/www.3tech-dental.com\/it\/wp-json\/wp\/v2\/users\/1"}],"replies":[{"embeddable":true,"href":"https:\/\/www.3tech-dental.com\/it\/wp-json\/wp\/v2\/comments?post=2736"}],"version-history":[{"count":10,"href":"https:\/\/www.3tech-dental.com\/it\/wp-json\/wp\/v2\/pages\/2736\/revisions"}],"predecessor-version":[{"id":4610,"href":"https:\/\/www.3tech-dental.com\/it\/wp-json\/wp\/v2\/pages\/2736\/revisions\/4610"}],"wp:attachment":[{"href":"https:\/\/www.3tech-dental.com\/it\/wp-json\/wp\/v2\/media?parent=2736"}],"curies":[{"name":"wp","href":"https:\/\/api.w.org\/{rel}","templated":true}]}}