{"id":5040,"date":"2022-11-22T12:25:11","date_gmt":"2022-12-08T09:17:38","guid":{"rendered":"https:\/\/www.3tech-dental.com\/?post_type=product&#038;p=5040"},"modified":"2026-05-07T12:21:26","modified_gmt":"2026-05-07T10:21:26","slug":"manipolo-chirurgico","status":"publish","type":"product","link":"https:\/\/www.3tech-dental.com\/it\/prodotto\/manipolo-chirurgico\/","title":{"rendered":"MANIPOLO CHIRURGICO"},"content":{"rendered":"<p><strong>Velocit\u00e0 max :<\/strong> 40 000 rpm<br \/>\n<strong>Rapporto :<\/strong> 1:1<br \/>\n<strong>Per frese chirurgiche :<\/strong> \u00d8 2,35 mm<br \/>\n<strong>Illuminazione efficace; intensit\u00e0 luminosa :<\/strong> &lt;25 000 LUX<br \/>\n<strong>Pressione :<\/strong> da 2,5 a 3 bar<br \/>\n<strong>Doppio spray aria e acqua<\/strong><br \/>\n<strong>Peso :<\/strong> 93,8 g<br \/>\n<strong>Ruido :<\/strong> \u2264 70 dB<\/p>\n<p><strong>Garanzia :<\/strong> 1 anno<\/p>\n","protected":false},"excerpt":{"rendered":"<p>Velocit\u00e0 max : 40 000 rpm Rapporto : 1:1 Per frese chirurgiche : \u00d8 2,35 mm Illuminazione efficace; intensit\u00e0 luminosa : &lt;25 000 LUX Pressione : da 2,5 a 3 bar Doppio spray aria e acqua Peso : 93,8 g Ruido : \u2264 70 dB Garanzia : 1 anno<\/p>\n","protected":false},"featured_media":5703,"template":"","meta":{"_acf_changed":false},"product_cat":[113],"product_tag":[],"class_list":{"0":"post-5040","1":"product","2":"type-product","3":"status-publish","4":"has-post-thumbnail","6":"product_cat-manipolo","8":"first","9":"instock","10":"shipping-taxable","11":"product-type-simple"},"acf":[],"yoast_head":"<!-- This site is optimized with the Yoast SEO plugin v23.7 - https:\/\/yoast.com\/wordpress\/plugins\/seo\/ -->\n<title>MANIPOLO CHIRURGICO - 3TECH<\/title>\n<meta name=\"robots\" content=\"index, follow, max-snippet:-1, max-image-preview:large, max-video-preview:-1\" \/>\n<link rel=\"canonical\" href=\"https:\/\/www.3tech-dental.com\/it\/prodotto\/manipolo-chirurgico\/\" \/>\n<meta property=\"og:locale\" content=\"it_IT\" \/>\n<meta property=\"og:type\" content=\"article\" \/>\n<meta property=\"og:title\" content=\"MANIPOLO CHIRURGICO - 3TECH\" \/>\n<meta property=\"og:description\" content=\"Velocit\u00e0 max : 40 000 rpm Rapporto : 1:1 Per frese chirurgiche : \u00d8 2,35 mm Illuminazione efficace; intensit\u00e0 luminosa : &lt;25 000 LUX Pressione : da 2,5 a 3 bar Doppio spray aria e acqua Peso : 93,8 g Ruido : \u2264 70 dB Garanzia : 1 anno\" \/>\n<meta property=\"og:url\" content=\"https:\/\/www.3tech-dental.com\/it\/prodotto\/manipolo-chirurgico\/\" \/>\n<meta property=\"og:site_name\" content=\"3TECH\" \/>\n<meta property=\"article:modified_time\" content=\"2026-05-07T10:21:26+00:00\" \/>\n<meta property=\"og:image\" content=\"https:\/\/www.3tech-dental.com\/wp-content\/uploads\/2022\/11\/Design-sans-titre-9.png\" \/>\n\t<meta property=\"og:image:width\" content=\"1925\" \/>\n\t<meta property=\"og:image:height\" content=\"1925\" \/>\n\t<meta property=\"og:image:type\" content=\"image\/png\" \/>\n<meta name=\"twitter:card\" content=\"summary_large_image\" \/>\n<meta name=\"twitter:label1\" content=\"Tempo di lettura stimato\" \/>\n\t<meta name=\"twitter:data1\" content=\"1 minuto\" \/>\n<script type=\"application\/ld+json\" class=\"yoast-schema-graph\">{\"@context\":\"https:\/\/schema.org\",\"@graph\":[{\"@type\":\"WebPage\",\"@id\":\"https:\/\/www.3tech-dental.com\/it\/prodotto\/manipolo-chirurgico\/\",\"url\":\"https:\/\/www.3tech-dental.com\/it\/prodotto\/manipolo-chirurgico\/\",\"name\":\"MANIPOLO CHIRURGICO - 3TECH\",\"isPartOf\":{\"@id\":\"https:\/\/www.3tech-dental.com\/#website\"},\"primaryImageOfPage\":{\"@id\":\"https:\/\/www.3tech-dental.com\/it\/prodotto\/manipolo-chirurgico\/#primaryimage\"},\"image\":{\"@id\":\"https:\/\/www.3tech-dental.com\/it\/prodotto\/manipolo-chirurgico\/#primaryimage\"},\"thumbnailUrl\":\"https:\/\/www.3tech-dental.com\/wp-content\/uploads\/2022\/11\/Design-sans-titre-9.png\",\"datePublished\":\"2022-12-08T09:17:38+00:00\",\"dateModified\":\"2026-05-07T10:21:26+00:00\",\"breadcrumb\":{\"@id\":\"https:\/\/www.3tech-dental.com\/it\/prodotto\/manipolo-chirurgico\/#breadcrumb\"},\"inLanguage\":\"it-IT\",\"potentialAction\":[{\"@type\":\"ReadAction\",\"target\":[\"https:\/\/www.3tech-dental.com\/it\/prodotto\/manipolo-chirurgico\/\"]}]},{\"@type\":\"ImageObject\",\"inLanguage\":\"it-IT\",\"@id\":\"https:\/\/www.3tech-dental.com\/it\/prodotto\/manipolo-chirurgico\/#primaryimage\",\"url\":\"https:\/\/www.3tech-dental.com\/wp-content\/uploads\/2022\/11\/Design-sans-titre-9.png\",\"contentUrl\":\"https:\/\/www.3tech-dental.com\/wp-content\/uploads\/2022\/11\/Design-sans-titre-9.png\",\"width\":1925,\"height\":1925},{\"@type\":\"BreadcrumbList\",\"@id\":\"https:\/\/www.3tech-dental.com\/it\/prodotto\/manipolo-chirurgico\/#breadcrumb\",\"itemListElement\":[{\"@type\":\"ListItem\",\"position\":1,\"name\":\"Accueil\",\"item\":\"https:\/\/www.3tech-dental.com\/it\/\"},{\"@type\":\"ListItem\",\"position\":2,\"name\":\"La nostra gamma\",\"item\":\"https:\/\/www.3tech-dental.com\/it\/la-nostra-gamma\/\"},{\"@type\":\"ListItem\",\"position\":3,\"name\":\"MANIPOLO CHIRURGICO\"}]},{\"@type\":\"WebSite\",\"@id\":\"https:\/\/www.3tech-dental.com\/#website\",\"url\":\"https:\/\/www.3tech-dental.com\/\",\"name\":\"3TECH\",\"description\":\"Equipez-vous malin !\",\"publisher\":{\"@id\":\"https:\/\/www.3tech-dental.com\/#organization\"},\"potentialAction\":[{\"@type\":\"SearchAction\",\"target\":{\"@type\":\"EntryPoint\",\"urlTemplate\":\"https:\/\/www.3tech-dental.com\/?s={search_term_string}\"},\"query-input\":{\"@type\":\"PropertyValueSpecification\",\"valueRequired\":true,\"valueName\":\"search_term_string\"}}],\"inLanguage\":\"it-IT\"},{\"@type\":\"Organization\",\"@id\":\"https:\/\/www.3tech-dental.com\/#organization\",\"name\":\"3TECH\",\"url\":\"https:\/\/www.3tech-dental.com\/\",\"logo\":{\"@type\":\"ImageObject\",\"inLanguage\":\"it-IT\",\"@id\":\"https:\/\/www.3tech-dental.com\/#\/schema\/logo\/image\/\",\"url\":\"https:\/\/www.3tech-dental.com\/wp-content\/uploads\/2017\/11\/logo@2x.png\",\"contentUrl\":\"https:\/\/www.3tech-dental.com\/wp-content\/uploads\/2017\/11\/logo@2x.png\",\"width\":736,\"height\":193,\"caption\":\"3TECH\"},\"image\":{\"@id\":\"https:\/\/www.3tech-dental.com\/#\/schema\/logo\/image\/\"}}]}<\/script>\n<!-- \/ Yoast SEO plugin. -->","yoast_head_json":{"title":"MANIPOLO CHIRURGICO - 3TECH","robots":{"index":"index","follow":"follow","max-snippet":"max-snippet:-1","max-image-preview":"max-image-preview:large","max-video-preview":"max-video-preview:-1"},"canonical":"https:\/\/www.3tech-dental.com\/it\/prodotto\/manipolo-chirurgico\/","og_locale":"it_IT","og_type":"article","og_title":"MANIPOLO CHIRURGICO - 3TECH","og_description":"Velocit\u00e0 max : 40 000 rpm Rapporto : 1:1 Per frese chirurgiche : \u00d8 2,35 mm Illuminazione efficace; intensit\u00e0 luminosa : &lt;25 000 LUX Pressione : da 2,5 a 3 bar Doppio spray aria e acqua Peso : 93,8 g Ruido : \u2264 70 dB Garanzia : 1 anno","og_url":"https:\/\/www.3tech-dental.com\/it\/prodotto\/manipolo-chirurgico\/","og_site_name":"3TECH","article_modified_time":"2026-05-07T10:21:26+00:00","og_image":[{"width":1925,"height":1925,"url":"https:\/\/www.3tech-dental.com\/wp-content\/uploads\/2022\/11\/Design-sans-titre-9.png","type":"image\/png"}],"twitter_card":"summary_large_image","twitter_misc":{"Tempo di lettura stimato":"1 minuto"},"schema":{"@context":"https:\/\/schema.org","@graph":[{"@type":"WebPage","@id":"https:\/\/www.3tech-dental.com\/it\/prodotto\/manipolo-chirurgico\/","url":"https:\/\/www.3tech-dental.com\/it\/prodotto\/manipolo-chirurgico\/","name":"MANIPOLO CHIRURGICO - 3TECH","isPartOf":{"@id":"https:\/\/www.3tech-dental.com\/#website"},"primaryImageOfPage":{"@id":"https:\/\/www.3tech-dental.com\/it\/prodotto\/manipolo-chirurgico\/#primaryimage"},"image":{"@id":"https:\/\/www.3tech-dental.com\/it\/prodotto\/manipolo-chirurgico\/#primaryimage"},"thumbnailUrl":"https:\/\/www.3tech-dental.com\/wp-content\/uploads\/2022\/11\/Design-sans-titre-9.png","datePublished":"2022-12-08T09:17:38+00:00","dateModified":"2026-05-07T10:21:26+00:00","breadcrumb":{"@id":"https:\/\/www.3tech-dental.com\/it\/prodotto\/manipolo-chirurgico\/#breadcrumb"},"inLanguage":"it-IT","potentialAction":[{"@type":"ReadAction","target":["https:\/\/www.3tech-dental.com\/it\/prodotto\/manipolo-chirurgico\/"]}]},{"@type":"ImageObject","inLanguage":"it-IT","@id":"https:\/\/www.3tech-dental.com\/it\/prodotto\/manipolo-chirurgico\/#primaryimage","url":"https:\/\/www.3tech-dental.com\/wp-content\/uploads\/2022\/11\/Design-sans-titre-9.png","contentUrl":"https:\/\/www.3tech-dental.com\/wp-content\/uploads\/2022\/11\/Design-sans-titre-9.png","width":1925,"height":1925},{"@type":"BreadcrumbList","@id":"https:\/\/www.3tech-dental.com\/it\/prodotto\/manipolo-chirurgico\/#breadcrumb","itemListElement":[{"@type":"ListItem","position":1,"name":"Accueil","item":"https:\/\/www.3tech-dental.com\/it\/"},{"@type":"ListItem","position":2,"name":"La nostra gamma","item":"https:\/\/www.3tech-dental.com\/it\/la-nostra-gamma\/"},{"@type":"ListItem","position":3,"name":"MANIPOLO CHIRURGICO"}]},{"@type":"WebSite","@id":"https:\/\/www.3tech-dental.com\/#website","url":"https:\/\/www.3tech-dental.com\/","name":"3TECH","description":"Equipez-vous malin !","publisher":{"@id":"https:\/\/www.3tech-dental.com\/#organization"},"potentialAction":[{"@type":"SearchAction","target":{"@type":"EntryPoint","urlTemplate":"https:\/\/www.3tech-dental.com\/?s={search_term_string}"},"query-input":{"@type":"PropertyValueSpecification","valueRequired":true,"valueName":"search_term_string"}}],"inLanguage":"it-IT"},{"@type":"Organization","@id":"https:\/\/www.3tech-dental.com\/#organization","name":"3TECH","url":"https:\/\/www.3tech-dental.com\/","logo":{"@type":"ImageObject","inLanguage":"it-IT","@id":"https:\/\/www.3tech-dental.com\/#\/schema\/logo\/image\/","url":"https:\/\/www.3tech-dental.com\/wp-content\/uploads\/2017\/11\/logo@2x.png","contentUrl":"https:\/\/www.3tech-dental.com\/wp-content\/uploads\/2017\/11\/logo@2x.png","width":736,"height":193,"caption":"3TECH"},"image":{"@id":"https:\/\/www.3tech-dental.com\/#\/schema\/logo\/image\/"}}]}},"_links":{"self":[{"href":"https:\/\/www.3tech-dental.com\/it\/wp-json\/wp\/v2\/product\/5040"}],"collection":[{"href":"https:\/\/www.3tech-dental.com\/it\/wp-json\/wp\/v2\/product"}],"about":[{"href":"https:\/\/www.3tech-dental.com\/it\/wp-json\/wp\/v2\/types\/product"}],"wp:featuredmedia":[{"embeddable":true,"href":"https:\/\/www.3tech-dental.com\/it\/wp-json\/wp\/v2\/media\/5703"}],"wp:attachment":[{"href":"https:\/\/www.3tech-dental.com\/it\/wp-json\/wp\/v2\/media?parent=5040"}],"wp:term":[{"taxonomy":"product_cat","embeddable":true,"href":"https:\/\/www.3tech-dental.com\/it\/wp-json\/wp\/v2\/product_cat?post=5040"},{"taxonomy":"product_tag","embeddable":true,"href":"https:\/\/www.3tech-dental.com\/it\/wp-json\/wp\/v2\/product_tag?post=5040"}],"curies":[{"name":"wp","href":"https:\/\/api.w.org\/{rel}","templated":true}]}}