{"id":1387,"date":"2019-12-09T20:56:21","date_gmt":"2019-12-09T19:56:21","guid":{"rendered":"http:\/\/www.3tech-dental.fr\/?page_id=1387"},"modified":"2022-04-19T10:03:23","modified_gmt":"2022-04-19T08:03:23","slug":"porque-escolher-nos","status":"publish","type":"page","link":"https:\/\/www.3tech-dental.com\/pt-pt\/porque-escolher-nos\/","title":{"rendered":"Porqu\u00ea escolher-nos?"},"content":{"rendered":"<div id=\"nous-choisir\">\n<div id=\"banner\">\n<h1><span class=\"span\">Tem<br \/>\n<strong><em>3 raz\u00f5es<\/em><\/strong><br \/>\npara escolher <\/span><br \/>\n<span class=\"orange\"><strong><em>3TECH\u00a0<\/em><\/strong><\/span><\/h1>\n<\/div>\n<\/div>\n<div id=\"accordion-1\" class=\"accordion no-js\"><br \/>\n\n\t\t\t\t\t<h3 role=\"button\" id=\"performance\" class=\"accordion-title js-accordion-controller\" aria-controls=\"content-performance\" aria-expanded=\"false\" tabindex=\"0\" data-initialstate=\"closed\">\n\t\t\t\t<img decoding=\"async\" class=\"size-full wp-image-59 alignright\" src=\"https:\/\/www.3tech-dental.com\/wp-content\/uploads\/2017\/08\/performance@2x.png\" alt=\"\" width=\"93\" srcset=\"https:\/\/www.3tech-dental.com\/wp-content\/uploads\/2017\/08\/performance@2x.png 186w, https:\/\/www.3tech-dental.com\/wp-content\/uploads\/2017\/08\/performance@2x-100x100.png 100w, https:\/\/www.3tech-dental.com\/wp-content\/uploads\/2017\/08\/performance@2x-150x150.png 150w\" sizes=\"(max-width: 186px) 100vw, 186px\" \/><img loading=\"lazy\" decoding=\"async\" class=\"alignnone size-medium wp-image-95\" src=\"https:\/\/www.3tech-dental.com\/wp-content\/uploads\/2017\/08\/1@2x.png\" alt=\"\" width=\"52\" height=\"111\" \/> O desempenho indispens\u00e1vel\t\t\t<\/h3>\n\t\t\n\t\t<div id=\"content-performance\" class=\"accordion-content\" aria-hidden=\"true\">\n\t\t\t<br \/>\nPara os produtos 3TECH, opt\u00e1mos pelo essencial:<br \/>\n<span class=\"span-rouge\">a efic\u00e1cia comprovada, sem suplementos in\u00fateis.<\/span><\/p>\n<ul>\n<li>Produtos testados por profissionais experientes.<\/li>\n<li>Cumpre com os requisitos de qualidade e seguran\u00e7a do Regulamento da UE 2017\/745.<\/li>\n<li>Equipe-se em quantidade e trabalhe segundo as normas de assepsia sem gastos excessivos.<\/li>\n<li>Aproveite a <strong>melhor rela\u00e7\u00e3o qualidade\/pre\u00e7o<\/strong> do momento.<\/li>\n<\/ul>\n<p><span class=\"span-orange\">Escolha o essencial com 3TECH, decerto sair\u00e1 a ganhar!<\/span><\/p>\n<p>\t\t<\/div>\n\n\t\t<\/p>\n<p>\n\t\t\t\t\t<h3 role=\"button\" id=\"sav\" class=\"accordion-title js-accordion-controller\" aria-controls=\"content-sav\" aria-expanded=\"false\" tabindex=\"0\" data-initialstate=\"closed\">\n\t\t\t\t<img loading=\"lazy\" decoding=\"async\" class=\"size-full wp-image-60 alignright\" src=\"https:\/\/www.3tech-dental.com\/wp-content\/uploads\/2017\/08\/sav@2x.png\" alt=\"\" width=\"93\" height=\"93\" srcset=\"https:\/\/www.3tech-dental.com\/wp-content\/uploads\/2017\/08\/sav@2x.png 186w, https:\/\/www.3tech-dental.com\/wp-content\/uploads\/2017\/08\/sav@2x-100x100.png 100w, https:\/\/www.3tech-dental.com\/wp-content\/uploads\/2017\/08\/sav@2x-150x150.png 150w\" sizes=\"(max-width: 93px) 100vw, 93px\" \/><img loading=\"lazy\" decoding=\"async\" class=\"alignnone size-medium wp-image-94\" src=\"https:\/\/www.3tech-dental.com\/wp-content\/uploads\/2017\/08\/2@2x.png\" alt=\"\" width=\"52\" height=\"111\" \/> Fim das preocupa\u00e7\u00f5es com o servi\u00e7o p\u00f3s-venda\t\t\t<\/h3>\n\t\t\n\t\t<div id=\"content-sav\" class=\"accordion-content\" aria-hidden=\"true\">\n\t\t\t<\/p>\n<p>Os produtos da marca 3TECH t\u00eam garantia de 12 meses.<br \/>\nAl\u00e9m disso, <span class=\"span-rouge\">os nossos pre\u00e7os muito baixos<\/span> permitem, se necess\u00e1rio,<br \/>\n<span class=\"span-rouge\">que substitua o seu material por um novo.<\/span><\/p>\n<div class=\"box-droite\">\n<div class=\"orange-box\"><span class=\"titre-rouge\">GARANTIA<br \/>\n12 MESES<\/span><br \/>\n<span class=\"stitre-rouge\">em todos os nossos produtos<\/span><br \/>\nA 3TECH compromete-se a reparar ou substituir o seu<br \/>\nequipamento durante<br \/>\n1 ano, em caso de avaria<br \/>\nou quebra*.<\/div>\n<p>*Sob reserva da sua utiliza\u00e7\u00e3o segundo as regras adequadas em mat\u00e9ria de sa\u00fade bucodent\u00e1ria.<\/p>\n<\/div>\n<ul>\n<li><strong>Fim do tempo perdido<\/strong> com o servi\u00e7o de assist\u00eancia.<\/li>\n<li>Fim dos inconvenientes por indisponibilidade do material.<\/li>\n<li>Trabalhe <strong>o ano todo<\/strong> com material novo.<\/li>\n<\/ul>\n<p><span class=\"span-orange\">Com 3TECH, economize tempo<br \/>\ne otimize o seu conforto no trabalho<\/span><\/p>\n<p>\t\t<\/div>\n\n\t\t<\/p>\n<p>\n\t\t\t\t\t<h3 role=\"button\" id=\"promo\" class=\"accordion-title js-accordion-controller\" aria-controls=\"content-promo\" aria-expanded=\"false\" tabindex=\"0\" data-initialstate=\"closed\">\n\t\t\t\t<img loading=\"lazy\" decoding=\"async\" class=\"size-full wp-image-61 alignright\" src=\"https:\/\/www.3tech-dental.com\/wp-content\/uploads\/2017\/08\/promo@2x.png\" alt=\"\" width=\"93\" height=\"93\" srcset=\"https:\/\/www.3tech-dental.com\/wp-content\/uploads\/2017\/08\/promo@2x.png 186w, https:\/\/www.3tech-dental.com\/wp-content\/uploads\/2017\/08\/promo@2x-100x100.png 100w, https:\/\/www.3tech-dental.com\/wp-content\/uploads\/2017\/08\/promo@2x-150x150.png 150w\" sizes=\"(max-width: 93px) 100vw, 93px\" \/><img decoding=\"async\" class=\"alignnone size-full wp-image-93\" src=\"https:\/\/www.3tech-dental.com\/wp-content\/uploads\/2017\/08\/3@2x.png\" alt=\"\" width=\"52\" \/> In\u00fatil esperar pelas promo\u00e7\u00f5es\t\t\t<\/h3>\n\t\t\n\t\t<div id=\"content-promo\" class=\"accordion-content\" aria-hidden=\"true\">\n\t\t\t<\/p>\n<div class=\"box-droite\">\n<div class=\"blue-box\">\n<div style=\"font-size: 29px;\">ADQUIRIDOS<\/div>\n<div style=\"font-size: 32px;\">POR LOTES<\/div>\n<p><img decoding=\"async\" class=\"alignnone size-full wp-image-222\" style=\"margin-left: 70px; margin-bottom: 10px;\" src=\"https:\/\/www.3tech-dental.com\/wp-content\/uploads\/2017\/08\/egal@2x.png\" alt=\"\" width=\"32\" \/><\/p>\n<div style=\"font-size: 60px;\">AINDA<\/div>\n<div style=\"font-size: 75px;\">MAIS<\/div>\n<div style=\"font-size: 36px;\">BARATOS!<\/div>\n<\/div>\n<\/div>\n<p>J\u00e1 n\u00e3o \u00e9 preciso esperar pelas promo\u00e7\u00f5es, comparar pre\u00e7os, fazer malabarismos com as ofertas&#8230;<br \/>\n<span class=\"span-rouge\">Os nossos pre\u00e7os s\u00e3o baixos e est\u00e1veis<br \/>\ndurante todo o ano!<\/span><\/p>\n<ul>\n<li>Gra\u00e7as a grandes volumes de encomendas, os pre\u00e7os de<br \/>\ncompra dos produtos 3TECH s\u00e3o negociados para que<br \/>\nbeneficie de tarifas muito competitivas.<\/li>\n<li>Sem mais surpresas de aumento dos pre\u00e7os<\/li>\n<\/ul>\n<p><span class=\"span-orange\">Com a escolha inteligente de 3TECH, aproveita a qualidade ao pre\u00e7o justo<br \/>\ndurante todo o ano<\/span><br \/>\n\t\t<\/div>\n\n\t\t<\/p>\n<p><\/div>\n","protected":false},"excerpt":{"rendered":"<p>Tem 3 raz\u00f5es para escolher 3TECH\u00a0<\/p>\n","protected":false},"author":1,"featured_media":0,"parent":0,"menu_order":13,"comment_status":"closed","ping_status":"closed","template":"","meta":{"_acf_changed":false,"footnotes":""},"class_list":["post-1387","page","type-page","status-publish","hentry"],"acf":[],"yoast_head":"<!-- This site is optimized with the Yoast SEO plugin v23.7 - https:\/\/yoast.com\/wordpress\/plugins\/seo\/ -->\n<title>Porqu\u00ea escolher-nos? - 3TECH<\/title>\n<meta name=\"robots\" content=\"index, follow, max-snippet:-1, max-image-preview:large, max-video-preview:-1\" \/>\n<link rel=\"canonical\" href=\"https:\/\/www.3tech-dental.com\/pt-pt\/porque-escolher-nos\/\" \/>\n<meta property=\"og:locale\" content=\"pt_PT\" \/>\n<meta property=\"og:type\" content=\"article\" \/>\n<meta property=\"og:title\" content=\"Porqu\u00ea escolher-nos? - 3TECH\" \/>\n<meta property=\"og:description\" content=\"Tem 3 raz\u00f5es para escolher 3TECH\u00a0\" \/>\n<meta property=\"og:url\" content=\"https:\/\/www.3tech-dental.com\/pt-pt\/porque-escolher-nos\/\" \/>\n<meta property=\"og:site_name\" content=\"3TECH\" \/>\n<meta property=\"article:modified_time\" content=\"2022-04-19T08:03:23+00:00\" \/>\n<meta property=\"og:image\" content=\"https:\/\/www.3tech-dental.com\/wp-content\/uploads\/2017\/08\/performance@2x.png\" \/>\n<meta name=\"twitter:card\" content=\"summary_large_image\" \/>\n<meta name=\"twitter:label1\" content=\"Tempo estimado de leitura\" \/>\n\t<meta name=\"twitter:data1\" content=\"3 minutos\" \/>\n<script type=\"application\/ld+json\" class=\"yoast-schema-graph\">{\"@context\":\"https:\/\/schema.org\",\"@graph\":[{\"@type\":\"WebPage\",\"@id\":\"https:\/\/www.3tech-dental.com\/pt-pt\/porque-escolher-nos\/\",\"url\":\"https:\/\/www.3tech-dental.com\/pt-pt\/porque-escolher-nos\/\",\"name\":\"Porqu\u00ea escolher-nos? - 3TECH\",\"isPartOf\":{\"@id\":\"https:\/\/www.3tech-dental.com\/#website\"},\"primaryImageOfPage\":{\"@id\":\"https:\/\/www.3tech-dental.com\/pt-pt\/porque-escolher-nos\/#primaryimage\"},\"image\":{\"@id\":\"https:\/\/www.3tech-dental.com\/pt-pt\/porque-escolher-nos\/#primaryimage\"},\"thumbnailUrl\":\"https:\/\/www.3tech-dental.com\/wp-content\/uploads\/2017\/08\/performance@2x.png\",\"datePublished\":\"2019-12-09T19:56:21+00:00\",\"dateModified\":\"2022-04-19T08:03:23+00:00\",\"breadcrumb\":{\"@id\":\"https:\/\/www.3tech-dental.com\/pt-pt\/porque-escolher-nos\/#breadcrumb\"},\"inLanguage\":\"pt-PT\",\"potentialAction\":[{\"@type\":\"ReadAction\",\"target\":[\"https:\/\/www.3tech-dental.com\/pt-pt\/porque-escolher-nos\/\"]}]},{\"@type\":\"ImageObject\",\"inLanguage\":\"pt-PT\",\"@id\":\"https:\/\/www.3tech-dental.com\/pt-pt\/porque-escolher-nos\/#primaryimage\",\"url\":\"https:\/\/www.3tech-dental.com\/wp-content\/uploads\/2017\/08\/performance@2x.png\",\"contentUrl\":\"https:\/\/www.3tech-dental.com\/wp-content\/uploads\/2017\/08\/performance@2x.png\"},{\"@type\":\"BreadcrumbList\",\"@id\":\"https:\/\/www.3tech-dental.com\/pt-pt\/porque-escolher-nos\/#breadcrumb\",\"itemListElement\":[{\"@type\":\"ListItem\",\"position\":1,\"name\":\"Accueil\",\"item\":\"https:\/\/www.3tech-dental.com\/pt-pt\/\"},{\"@type\":\"ListItem\",\"position\":2,\"name\":\"Porqu\u00ea escolher-nos?\"}]},{\"@type\":\"WebSite\",\"@id\":\"https:\/\/www.3tech-dental.com\/#website\",\"url\":\"https:\/\/www.3tech-dental.com\/\",\"name\":\"3TECH\",\"description\":\"Equipez-vous malin !\",\"publisher\":{\"@id\":\"https:\/\/www.3tech-dental.com\/#organization\"},\"potentialAction\":[{\"@type\":\"SearchAction\",\"target\":{\"@type\":\"EntryPoint\",\"urlTemplate\":\"https:\/\/www.3tech-dental.com\/?s={search_term_string}\"},\"query-input\":{\"@type\":\"PropertyValueSpecification\",\"valueRequired\":true,\"valueName\":\"search_term_string\"}}],\"inLanguage\":\"pt-PT\"},{\"@type\":\"Organization\",\"@id\":\"https:\/\/www.3tech-dental.com\/#organization\",\"name\":\"3TECH\",\"url\":\"https:\/\/www.3tech-dental.com\/\",\"logo\":{\"@type\":\"ImageObject\",\"inLanguage\":\"pt-PT\",\"@id\":\"https:\/\/www.3tech-dental.com\/#\/schema\/logo\/image\/\",\"url\":\"https:\/\/www.3tech-dental.com\/wp-content\/uploads\/2017\/11\/logo@2x.png\",\"contentUrl\":\"https:\/\/www.3tech-dental.com\/wp-content\/uploads\/2017\/11\/logo@2x.png\",\"width\":736,\"height\":193,\"caption\":\"3TECH\"},\"image\":{\"@id\":\"https:\/\/www.3tech-dental.com\/#\/schema\/logo\/image\/\"}}]}<\/script>\n<!-- \/ Yoast SEO plugin. -->","yoast_head_json":{"title":"Porqu\u00ea escolher-nos? - 3TECH","robots":{"index":"index","follow":"follow","max-snippet":"max-snippet:-1","max-image-preview":"max-image-preview:large","max-video-preview":"max-video-preview:-1"},"canonical":"https:\/\/www.3tech-dental.com\/pt-pt\/porque-escolher-nos\/","og_locale":"pt_PT","og_type":"article","og_title":"Porqu\u00ea escolher-nos? - 3TECH","og_description":"Tem 3 raz\u00f5es para escolher 3TECH\u00a0","og_url":"https:\/\/www.3tech-dental.com\/pt-pt\/porque-escolher-nos\/","og_site_name":"3TECH","article_modified_time":"2022-04-19T08:03:23+00:00","og_image":[{"url":"https:\/\/www.3tech-dental.com\/wp-content\/uploads\/2017\/08\/performance@2x.png"}],"twitter_card":"summary_large_image","twitter_misc":{"Tempo estimado de leitura":"3 minutos"},"schema":{"@context":"https:\/\/schema.org","@graph":[{"@type":"WebPage","@id":"https:\/\/www.3tech-dental.com\/pt-pt\/porque-escolher-nos\/","url":"https:\/\/www.3tech-dental.com\/pt-pt\/porque-escolher-nos\/","name":"Porqu\u00ea escolher-nos? - 3TECH","isPartOf":{"@id":"https:\/\/www.3tech-dental.com\/#website"},"primaryImageOfPage":{"@id":"https:\/\/www.3tech-dental.com\/pt-pt\/porque-escolher-nos\/#primaryimage"},"image":{"@id":"https:\/\/www.3tech-dental.com\/pt-pt\/porque-escolher-nos\/#primaryimage"},"thumbnailUrl":"https:\/\/www.3tech-dental.com\/wp-content\/uploads\/2017\/08\/performance@2x.png","datePublished":"2019-12-09T19:56:21+00:00","dateModified":"2022-04-19T08:03:23+00:00","breadcrumb":{"@id":"https:\/\/www.3tech-dental.com\/pt-pt\/porque-escolher-nos\/#breadcrumb"},"inLanguage":"pt-PT","potentialAction":[{"@type":"ReadAction","target":["https:\/\/www.3tech-dental.com\/pt-pt\/porque-escolher-nos\/"]}]},{"@type":"ImageObject","inLanguage":"pt-PT","@id":"https:\/\/www.3tech-dental.com\/pt-pt\/porque-escolher-nos\/#primaryimage","url":"https:\/\/www.3tech-dental.com\/wp-content\/uploads\/2017\/08\/performance@2x.png","contentUrl":"https:\/\/www.3tech-dental.com\/wp-content\/uploads\/2017\/08\/performance@2x.png"},{"@type":"BreadcrumbList","@id":"https:\/\/www.3tech-dental.com\/pt-pt\/porque-escolher-nos\/#breadcrumb","itemListElement":[{"@type":"ListItem","position":1,"name":"Accueil","item":"https:\/\/www.3tech-dental.com\/pt-pt\/"},{"@type":"ListItem","position":2,"name":"Porqu\u00ea escolher-nos?"}]},{"@type":"WebSite","@id":"https:\/\/www.3tech-dental.com\/#website","url":"https:\/\/www.3tech-dental.com\/","name":"3TECH","description":"Equipez-vous malin !","publisher":{"@id":"https:\/\/www.3tech-dental.com\/#organization"},"potentialAction":[{"@type":"SearchAction","target":{"@type":"EntryPoint","urlTemplate":"https:\/\/www.3tech-dental.com\/?s={search_term_string}"},"query-input":{"@type":"PropertyValueSpecification","valueRequired":true,"valueName":"search_term_string"}}],"inLanguage":"pt-PT"},{"@type":"Organization","@id":"https:\/\/www.3tech-dental.com\/#organization","name":"3TECH","url":"https:\/\/www.3tech-dental.com\/","logo":{"@type":"ImageObject","inLanguage":"pt-PT","@id":"https:\/\/www.3tech-dental.com\/#\/schema\/logo\/image\/","url":"https:\/\/www.3tech-dental.com\/wp-content\/uploads\/2017\/11\/logo@2x.png","contentUrl":"https:\/\/www.3tech-dental.com\/wp-content\/uploads\/2017\/11\/logo@2x.png","width":736,"height":193,"caption":"3TECH"},"image":{"@id":"https:\/\/www.3tech-dental.com\/#\/schema\/logo\/image\/"}}]}},"_links":{"self":[{"href":"https:\/\/www.3tech-dental.com\/pt-pt\/wp-json\/wp\/v2\/pages\/1387"}],"collection":[{"href":"https:\/\/www.3tech-dental.com\/pt-pt\/wp-json\/wp\/v2\/pages"}],"about":[{"href":"https:\/\/www.3tech-dental.com\/pt-pt\/wp-json\/wp\/v2\/types\/page"}],"author":[{"embeddable":true,"href":"https:\/\/www.3tech-dental.com\/pt-pt\/wp-json\/wp\/v2\/users\/1"}],"replies":[{"embeddable":true,"href":"https:\/\/www.3tech-dental.com\/pt-pt\/wp-json\/wp\/v2\/comments?post=1387"}],"version-history":[{"count":12,"href":"https:\/\/www.3tech-dental.com\/pt-pt\/wp-json\/wp\/v2\/pages\/1387\/revisions"}],"predecessor-version":[{"id":4504,"href":"https:\/\/www.3tech-dental.com\/pt-pt\/wp-json\/wp\/v2\/pages\/1387\/revisions\/4504"}],"wp:attachment":[{"href":"https:\/\/www.3tech-dental.com\/pt-pt\/wp-json\/wp\/v2\/media?parent=1387"}],"curies":[{"name":"wp","href":"https:\/\/api.w.org\/{rel}","templated":true}]}}