{"id":1391,"date":"2019-12-09T20:57:22","date_gmt":"2019-12-09T19:57:22","guid":{"rendered":"http:\/\/www.3tech-dental.fr\/?page_id=1391"},"modified":"2020-07-24T18:48:13","modified_gmt":"2020-07-24T16:48:13","slug":"perguntas-respostas","status":"publish","type":"page","link":"https:\/\/www.3tech-dental.com\/pt-pt\/perguntas-respostas\/","title":{"rendered":"Perguntas\/respostas"},"content":{"rendered":"<h2>Perguntas\/respostas<\/h2>\n<div class=\"row\">\n<div class=\"w-12\">\n<div class=\"hrf-faq-list\"><article class=\"hrf-entry\" id=\"hrf-entry-1418\">\n                      <h3 class=\"hrf-title close-faq\" data-content-id=\"hrf-content-1418\"><span><\/span>A 3Tech satisfaz rapidamente as encomendas?<\/h3>\n                     <div class=\"hrf-content\" id=\"hrf-content-1418\"><p>Os produtos 3TECH est\u00e3o dispon\u00edveis de acordo com as condi\u00e7\u00f5es de entrega dos nossos distribuidores exclusivos.<\/p>\n<\/div>\n                  <\/article><article class=\"hrf-entry\" id=\"hrf-entry-1422\">\n                      <h3 class=\"hrf-title close-faq\" data-content-id=\"hrf-content-1422\"><span><\/span>A gama 3TECH ser\u00e1 alargada?<\/h3>\n                     <div class=\"hrf-content\" id=\"hrf-content-1422\"><p>Os produtos da gama 3TECH ser\u00e3o desenvolvidos progressivamente para lhe oferecer os melhores produtos do momento no \u00e2mbito dos pequenos equipamentos, sempre com a melhor rela\u00e7\u00e3o qualidade\/pre\u00e7o.<\/p>\n<\/div>\n                  <\/article><article class=\"hrf-entry\" id=\"hrf-entry-1423\">\n                      <h3 class=\"hrf-title close-faq\" data-content-id=\"hrf-content-1423\"><span><\/span>Agora que as grandes marcas oferecem promo\u00e7\u00f5es interessantes nos pre\u00e7os dos seus pequenos equipamentos, porqu\u00ea continuar a escolher os produtos 3TECH?<\/h3>\n                     <div class=\"hrf-content\" id=\"hrf-content-1423\"><p>Porque os produtos 3TECH ser\u00e3o sempre muito acess\u00edveis, em qualquer \u00e9poca do ano, mantendo os seus exigentes requisitos em rela\u00e7\u00e3o \u00e0 qualidade e ao desempenho.<\/p>\n<\/div>\n                  <\/article><article class=\"hrf-entry\" id=\"hrf-entry-1424\">\n                      <h3 class=\"hrf-title close-faq\" data-content-id=\"hrf-content-1424\"><span><\/span>A quem se destinam os produtos 3TECH?<\/h3>\n                     <div class=\"hrf-content\" id=\"hrf-content-1424\"><p>Os produtos 3TECH destinam-se a todos os profissionais de sa\u00fade dent\u00e1ria sem exce\u00e7\u00e3o.<\/p>\n<\/div>\n                  <\/article><article class=\"hrf-entry\" id=\"hrf-entry-1425\">\n                      <h3 class=\"hrf-title close-faq\" data-content-id=\"hrf-content-1425\"><span><\/span>A que tipo de atividade se destina esta gama? \u00c9 dirigida a uma \u00e1rea espec\u00edfica?<\/h3>\n                     <div class=\"hrf-content\" id=\"hrf-content-1425\"><p>A gama destina-se a todos os tipos de atividade: pr\u00e1tica geral, pr\u00f3tese, endodontia, ortodontia, cirurgia&#8230; para um exerc\u00edcio da profiss\u00e3o eficiente e econ\u00f3mico.<\/p>\n<\/div>\n                  <\/article><article class=\"hrf-entry\" id=\"hrf-entry-1426\">\n                      <h3 class=\"hrf-title close-faq\" data-content-id=\"hrf-content-1426\"><span><\/span>Como encomendar um produto 3TECH?<\/h3>\n                     <div class=\"hrf-content\" id=\"hrf-content-1426\"><p>Para encomendar um produto 3TECH, basta clicar num dos log\u00f3tipos dos nossos distribuidores exclusivos, em baixo \u00e0 direita de cada p\u00e1gina de produto.<\/p>\n<\/div>\n                  <\/article><article class=\"hrf-entry\" id=\"hrf-entry-1427\">\n                      <h3 class=\"hrf-title close-faq\" data-content-id=\"hrf-content-1427\"><span><\/span>Como s\u00e3o selecionados os produtos 3TECH?<\/h3>\n                     <div class=\"hrf-content\" id=\"hrf-content-1427\"><p>Os produtos 3TECH s\u00e3o selecionados entre diferentes produtos de v\u00e1rias f\u00e1bricas do mundo, ap\u00f3s realiza\u00e7\u00e3o de testes comparativos e com a melhor rela\u00e7\u00e3o qualidade\/pre\u00e7o.<\/p>\n<\/div>\n                  <\/article><\/div>\n<p>&nbsp;<\/p>\n<h3>SERVI\u00c7O P\u00d3S-VENDA<\/h3>\n<div class=\"hrf-faq-list\"><article class=\"hrf-entry\" id=\"hrf-entry-1428\">\n                      <h3 class=\"hrf-title close-faq\" data-content-id=\"hrf-content-1428\"><span><\/span>A gama de produtos 3TECH tem servi\u00e7o p\u00f3s-venda?<\/h3>\n                     <div class=\"hrf-content\" id=\"hrf-content-1428\"><p>Os produtos 3TECH t\u00eam garantia de 12 meses.<\/p>\n<\/div>\n                  <\/article><article class=\"hrf-entry\" id=\"hrf-entry-1429\">\n                      <h3 class=\"hrf-title close-faq\" data-content-id=\"hrf-content-1429\"><span><\/span>Por que motivo a garantia n\u00e3o excede 12 meses?<\/h3>\n                     <div class=\"hrf-content\" id=\"hrf-content-1429\"><p>Uma garantia de 12 meses \u00e9 perfeitamente normal. Al\u00e9m disso, os nossos pre\u00e7os muito baixos permitem que substitua, se necess\u00e1rio, o seu material por um novo.<\/p>\n<\/div>\n                  <\/article><article class=\"hrf-entry\" id=\"hrf-entry-1430\">\n                      <h3 class=\"hrf-title close-faq\" data-content-id=\"hrf-content-1430\"><span><\/span>Durante o per\u00edodo de garantia, os produtos avariados s\u00e3o reparados ou substitu\u00eddos?<\/h3>\n                     <div class=\"hrf-content\" id=\"hrf-content-1430\"><p>Caso se trate de um problema menor, os produtos podem ser reparados, dependendo da pol\u00edtica dos nossos distribuidores exclusivos. Sob reserva da sua utiliza\u00e7\u00e3o segundo as regras adequadas em mat\u00e9ria de sa\u00fade bucodent\u00e1ria.<\/p>\n<\/div>\n                  <\/article><\/div>\n<p>&nbsp;<\/p>\n<h3>MANUTEN\u00c7\u00c3O INSTRUMENTOS ROTAT\u00d3RIOS<\/h3>\n<div class=\"hrf-faq-list\"><article class=\"hrf-entry\" id=\"hrf-entry-2274\">\n                      <h3 class=\"hrf-title close-faq\" data-content-id=\"hrf-content-2274\"><span><\/span>Como fa\u00e7o a manuten\u00e7\u00e3o dos meus instrumentos rotat\u00f3rios?<\/h3>\n                     <div class=\"hrf-content\" id=\"hrf-content-2274\"><p><img loading=\"lazy\" decoding=\"async\" class=\"alignnone size-full wp-image-2233\" src=\"https:\/\/www.3tech-dental.com\/wp-content\/uploads\/2020\/07\/Capture-d\u2019\u00e9cran-2020-07-24-\u00e0-11.34.22.png\" alt=\"\" width=\"1664\" height=\"1012\" srcset=\"https:\/\/www.3tech-dental.com\/wp-content\/uploads\/2020\/07\/Capture-d\u2019\u00e9cran-2020-07-24-\u00e0-11.34.22.png 1664w, https:\/\/www.3tech-dental.com\/wp-content\/uploads\/2020\/07\/Capture-d\u2019\u00e9cran-2020-07-24-\u00e0-11.34.22-600x365.png 600w, https:\/\/www.3tech-dental.com\/wp-content\/uploads\/2020\/07\/Capture-d\u2019\u00e9cran-2020-07-24-\u00e0-11.34.22-300x182.png 300w, https:\/\/www.3tech-dental.com\/wp-content\/uploads\/2020\/07\/Capture-d\u2019\u00e9cran-2020-07-24-\u00e0-11.34.22-1024x623.png 1024w, https:\/\/www.3tech-dental.com\/wp-content\/uploads\/2020\/07\/Capture-d\u2019\u00e9cran-2020-07-24-\u00e0-11.34.22-768x467.png 768w, https:\/\/www.3tech-dental.com\/wp-content\/uploads\/2020\/07\/Capture-d\u2019\u00e9cran-2020-07-24-\u00e0-11.34.22-1536x934.png 1536w\" sizes=\"(max-width: 1664px) 100vw, 1664px\" \/><\/p>\n<\/div>\n                  <\/article><\/div>\n<p>&nbsp;<\/p>\n<h3>TURBINA<\/h3>\n<div class=\"hrf-faq-list\"><article class=\"hrf-entry\" id=\"hrf-entry-1431\">\n                      <h3 class=\"hrf-title close-faq\" data-content-id=\"hrf-content-1431\"><span><\/span>A turbina de uso \u00fanico \u00e9 esteriliz\u00e1vel?<\/h3>\n                     <div class=\"hrf-content\" id=\"hrf-content-1431\"><p>N\u00e3o, a turbina de uso \u00fanico \u00e9 est\u00e9ril e, uma vez aberto o bl\u00edster, n\u00e3o pode ser reesterilizada. Tem uma dura\u00e7\u00e3o de utiliza\u00e7\u00e3o de 4 horas.<\/p>\n<\/div>\n                  <\/article><article class=\"hrf-entry\" id=\"hrf-entry-1432\">\n                      <h3 class=\"hrf-title close-faq\" data-content-id=\"hrf-content-1432\"><span><\/span>A que acoplamento se adapta a turbina?<\/h3>\n                     <div class=\"hrf-content\" id=\"hrf-content-1432\"><p>A turbina de uso \u00fanico adapta-se ao acoplamento Midwest de 4 vias.<\/p>\n<p>A turbina TR-720L adapta-se a todos os acoplamentos r\u00e1pidos Multiflex Kavo.<\/p>\n<\/div>\n                  <\/article><article class=\"hrf-entry\" id=\"hrf-entry-1433\">\n                      <h3 class=\"hrf-title close-faq\" data-content-id=\"hrf-content-1433\"><span><\/span>\u00c9 poss\u00edvel comprar a turbina sem o acoplamento?<\/h3>\n                     <div class=\"hrf-content\" id=\"hrf-content-1433\"><p>Pode comprar as turbinas separadamente do acoplamento.<\/p>\n<\/div>\n                  <\/article><\/div>\n<p>&nbsp;<\/p>\n<h3>L\u00c1MPARA<\/h3>\n<div class=\"hrf-faq-list\"><article class=\"hrf-entry\" id=\"hrf-entry-1434\">\n                      <h3 class=\"hrf-title close-faq\" data-content-id=\"hrf-content-1434\"><span><\/span>\u00c9 poss\u00edvel comprar uma fibra \u00f3tica?<\/h3>\n                     <div class=\"hrf-content\" id=\"hrf-content-1434\"><p>A fibra \u00f3tica est\u00e1 dispon\u00edvel como acess\u00f3rio.<\/p>\n<\/div>\n                  <\/article><article class=\"hrf-entry\" id=\"hrf-entry-1435\">\n                      <h3 class=\"hrf-title close-faq\" data-content-id=\"hrf-content-1435\"><span><\/span>A bateria pode ser trocada pelo utilizador?<\/h3>\n                     <div class=\"hrf-content\" id=\"hrf-content-1435\"><p>Conforme indicado no manual, pode trocar a bateria do fotopolimerizador com facilidade, pois basta desaparafusar o corpo do fotopolimerizador para o separar em duas partes e introduzir a nova bateria.<\/p>\n<\/div>\n                  <\/article><\/div>\n<p>&nbsp;<\/p>\n<h3>CORTADOR DE GUTA-PERCHA<\/h3>\n<div class=\"hrf-faq-list\"><article class=\"hrf-entry\" id=\"hrf-entry-1436\">\n                      <h3 class=\"hrf-title close-faq\" data-content-id=\"hrf-content-1436\"><span><\/span>O Gutta-Cutter \u00e9 recarreg\u00e1vel ou funciona com baterias?<\/h3>\n                     <div class=\"hrf-content\" id=\"hrf-content-1436\"><p>Este produto disp\u00f5e de uma bateria interna, \u00e9 recarreg\u00e1vel na rede el\u00e9trica.<\/p>\n<\/div>\n                  <\/article><\/div>\n<p>&nbsp;<\/p>\n<\/div>\n<\/div>\n","protected":false},"excerpt":{"rendered":"<p>Perguntas\/respostas &nbsp; SERVI\u00c7O P\u00d3S-VENDA &nbsp; MANUTEN\u00c7\u00c3O INSTRUMENTOS ROTAT\u00d3RIOS &nbsp; TURBINA &nbsp; L\u00c1MPARA &nbsp; CORTADOR DE GUTA-PERCHA &nbsp;<\/p>\n","protected":false},"author":1,"featured_media":0,"parent":0,"menu_order":36,"comment_status":"closed","ping_status":"closed","template":"","meta":{"_acf_changed":false,"footnotes":""},"class_list":["post-1391","page","type-page","status-publish","hentry"],"acf":[],"yoast_head":"<!-- This site is optimized with the Yoast SEO plugin v23.7 - https:\/\/yoast.com\/wordpress\/plugins\/seo\/ -->\n<title>Perguntas\/respostas - 3TECH<\/title>\n<meta name=\"robots\" content=\"index, follow, max-snippet:-1, max-image-preview:large, max-video-preview:-1\" \/>\n<link rel=\"canonical\" href=\"https:\/\/www.3tech-dental.com\/pt-pt\/perguntas-respostas\/\" \/>\n<meta property=\"og:locale\" content=\"pt_PT\" \/>\n<meta property=\"og:type\" content=\"article\" \/>\n<meta property=\"og:title\" content=\"Perguntas\/respostas - 3TECH\" \/>\n<meta property=\"og:description\" content=\"Perguntas\/respostas &nbsp; SERVI\u00c7O P\u00d3S-VENDA &nbsp; MANUTEN\u00c7\u00c3O INSTRUMENTOS ROTAT\u00d3RIOS &nbsp; TURBINA &nbsp; L\u00c1MPARA &nbsp; CORTADOR DE GUTA-PERCHA &nbsp;\" \/>\n<meta property=\"og:url\" content=\"https:\/\/www.3tech-dental.com\/pt-pt\/perguntas-respostas\/\" \/>\n<meta property=\"og:site_name\" content=\"3TECH\" \/>\n<meta property=\"article:modified_time\" content=\"2020-07-24T16:48:13+00:00\" \/>\n<meta name=\"twitter:card\" content=\"summary_large_image\" \/>\n<script type=\"application\/ld+json\" class=\"yoast-schema-graph\">{\"@context\":\"https:\/\/schema.org\",\"@graph\":[{\"@type\":\"WebPage\",\"@id\":\"https:\/\/www.3tech-dental.com\/pt-pt\/perguntas-respostas\/\",\"url\":\"https:\/\/www.3tech-dental.com\/pt-pt\/perguntas-respostas\/\",\"name\":\"Perguntas\/respostas - 3TECH\",\"isPartOf\":{\"@id\":\"https:\/\/www.3tech-dental.com\/#website\"},\"datePublished\":\"2019-12-09T19:57:22+00:00\",\"dateModified\":\"2020-07-24T16:48:13+00:00\",\"breadcrumb\":{\"@id\":\"https:\/\/www.3tech-dental.com\/pt-pt\/perguntas-respostas\/#breadcrumb\"},\"inLanguage\":\"pt-PT\",\"potentialAction\":[{\"@type\":\"ReadAction\",\"target\":[\"https:\/\/www.3tech-dental.com\/pt-pt\/perguntas-respostas\/\"]}]},{\"@type\":\"BreadcrumbList\",\"@id\":\"https:\/\/www.3tech-dental.com\/pt-pt\/perguntas-respostas\/#breadcrumb\",\"itemListElement\":[{\"@type\":\"ListItem\",\"position\":1,\"name\":\"Accueil\",\"item\":\"https:\/\/www.3tech-dental.com\/pt-pt\/\"},{\"@type\":\"ListItem\",\"position\":2,\"name\":\"Perguntas\/respostas\"}]},{\"@type\":\"WebSite\",\"@id\":\"https:\/\/www.3tech-dental.com\/#website\",\"url\":\"https:\/\/www.3tech-dental.com\/\",\"name\":\"3TECH\",\"description\":\"Equipez-vous malin !\",\"publisher\":{\"@id\":\"https:\/\/www.3tech-dental.com\/#organization\"},\"potentialAction\":[{\"@type\":\"SearchAction\",\"target\":{\"@type\":\"EntryPoint\",\"urlTemplate\":\"https:\/\/www.3tech-dental.com\/?s={search_term_string}\"},\"query-input\":{\"@type\":\"PropertyValueSpecification\",\"valueRequired\":true,\"valueName\":\"search_term_string\"}}],\"inLanguage\":\"pt-PT\"},{\"@type\":\"Organization\",\"@id\":\"https:\/\/www.3tech-dental.com\/#organization\",\"name\":\"3TECH\",\"url\":\"https:\/\/www.3tech-dental.com\/\",\"logo\":{\"@type\":\"ImageObject\",\"inLanguage\":\"pt-PT\",\"@id\":\"https:\/\/www.3tech-dental.com\/#\/schema\/logo\/image\/\",\"url\":\"https:\/\/www.3tech-dental.com\/wp-content\/uploads\/2017\/11\/logo@2x.png\",\"contentUrl\":\"https:\/\/www.3tech-dental.com\/wp-content\/uploads\/2017\/11\/logo@2x.png\",\"width\":736,\"height\":193,\"caption\":\"3TECH\"},\"image\":{\"@id\":\"https:\/\/www.3tech-dental.com\/#\/schema\/logo\/image\/\"}}]}<\/script>\n<!-- \/ Yoast SEO plugin. -->","yoast_head_json":{"title":"Perguntas\/respostas - 3TECH","robots":{"index":"index","follow":"follow","max-snippet":"max-snippet:-1","max-image-preview":"max-image-preview:large","max-video-preview":"max-video-preview:-1"},"canonical":"https:\/\/www.3tech-dental.com\/pt-pt\/perguntas-respostas\/","og_locale":"pt_PT","og_type":"article","og_title":"Perguntas\/respostas - 3TECH","og_description":"Perguntas\/respostas &nbsp; SERVI\u00c7O P\u00d3S-VENDA &nbsp; MANUTEN\u00c7\u00c3O INSTRUMENTOS ROTAT\u00d3RIOS &nbsp; TURBINA &nbsp; L\u00c1MPARA &nbsp; CORTADOR DE GUTA-PERCHA &nbsp;","og_url":"https:\/\/www.3tech-dental.com\/pt-pt\/perguntas-respostas\/","og_site_name":"3TECH","article_modified_time":"2020-07-24T16:48:13+00:00","twitter_card":"summary_large_image","schema":{"@context":"https:\/\/schema.org","@graph":[{"@type":"WebPage","@id":"https:\/\/www.3tech-dental.com\/pt-pt\/perguntas-respostas\/","url":"https:\/\/www.3tech-dental.com\/pt-pt\/perguntas-respostas\/","name":"Perguntas\/respostas - 3TECH","isPartOf":{"@id":"https:\/\/www.3tech-dental.com\/#website"},"datePublished":"2019-12-09T19:57:22+00:00","dateModified":"2020-07-24T16:48:13+00:00","breadcrumb":{"@id":"https:\/\/www.3tech-dental.com\/pt-pt\/perguntas-respostas\/#breadcrumb"},"inLanguage":"pt-PT","potentialAction":[{"@type":"ReadAction","target":["https:\/\/www.3tech-dental.com\/pt-pt\/perguntas-respostas\/"]}]},{"@type":"BreadcrumbList","@id":"https:\/\/www.3tech-dental.com\/pt-pt\/perguntas-respostas\/#breadcrumb","itemListElement":[{"@type":"ListItem","position":1,"name":"Accueil","item":"https:\/\/www.3tech-dental.com\/pt-pt\/"},{"@type":"ListItem","position":2,"name":"Perguntas\/respostas"}]},{"@type":"WebSite","@id":"https:\/\/www.3tech-dental.com\/#website","url":"https:\/\/www.3tech-dental.com\/","name":"3TECH","description":"Equipez-vous malin !","publisher":{"@id":"https:\/\/www.3tech-dental.com\/#organization"},"potentialAction":[{"@type":"SearchAction","target":{"@type":"EntryPoint","urlTemplate":"https:\/\/www.3tech-dental.com\/?s={search_term_string}"},"query-input":{"@type":"PropertyValueSpecification","valueRequired":true,"valueName":"search_term_string"}}],"inLanguage":"pt-PT"},{"@type":"Organization","@id":"https:\/\/www.3tech-dental.com\/#organization","name":"3TECH","url":"https:\/\/www.3tech-dental.com\/","logo":{"@type":"ImageObject","inLanguage":"pt-PT","@id":"https:\/\/www.3tech-dental.com\/#\/schema\/logo\/image\/","url":"https:\/\/www.3tech-dental.com\/wp-content\/uploads\/2017\/11\/logo@2x.png","contentUrl":"https:\/\/www.3tech-dental.com\/wp-content\/uploads\/2017\/11\/logo@2x.png","width":736,"height":193,"caption":"3TECH"},"image":{"@id":"https:\/\/www.3tech-dental.com\/#\/schema\/logo\/image\/"}}]}},"_links":{"self":[{"href":"https:\/\/www.3tech-dental.com\/pt-pt\/wp-json\/wp\/v2\/pages\/1391"}],"collection":[{"href":"https:\/\/www.3tech-dental.com\/pt-pt\/wp-json\/wp\/v2\/pages"}],"about":[{"href":"https:\/\/www.3tech-dental.com\/pt-pt\/wp-json\/wp\/v2\/types\/page"}],"author":[{"embeddable":true,"href":"https:\/\/www.3tech-dental.com\/pt-pt\/wp-json\/wp\/v2\/users\/1"}],"replies":[{"embeddable":true,"href":"https:\/\/www.3tech-dental.com\/pt-pt\/wp-json\/wp\/v2\/comments?post=1391"}],"version-history":[{"count":4,"href":"https:\/\/www.3tech-dental.com\/pt-pt\/wp-json\/wp\/v2\/pages\/1391\/revisions"}],"predecessor-version":[{"id":2267,"href":"https:\/\/www.3tech-dental.com\/pt-pt\/wp-json\/wp\/v2\/pages\/1391\/revisions\/2267"}],"wp:attachment":[{"href":"https:\/\/www.3tech-dental.com\/pt-pt\/wp-json\/wp\/v2\/media?parent=1391"}],"curies":[{"name":"wp","href":"https:\/\/api.w.org\/{rel}","templated":true}]}}