{"id":1395,"date":"2019-12-09T20:58:09","date_gmt":"2019-12-09T19:58:09","guid":{"rendered":"http:\/\/www.3tech-dental.fr\/?page_id=1395"},"modified":"2019-12-09T20:58:10","modified_gmt":"2019-12-09T19:58:10","slug":"mapa-do-site","status":"publish","type":"page","link":"https:\/\/www.3tech-dental.com\/pt-pt\/mapa-do-site\/","title":{"rendered":"Mapa do site"},"content":{"rendered":"<h2>Mapa do site<\/h2>\n\n<!-- Page-list plugin v.5.7 wordpress.org\/plugins\/page-list\/ -->\n<ul class=\"page-list \">\n<li class=\"page_item page-item-3688\"><a href=\"https:\/\/www.3tech-dental.com\/pt-pt\/a-nossa-gamma\/\">A nossa gamma<\/a><\/li>\n<li class=\"page_item page-item-1414\"><a href=\"https:\/\/www.3tech-dental.com\/pt-pt\/\">Equipe-se com intelig\u00eancia<\/a><\/li>\n<li class=\"page_item page-item-1387\"><a href=\"https:\/\/www.3tech-dental.com\/pt-pt\/porque-escolher-nos\/\">Porqu\u00ea escolher-nos?<\/a><\/li>\n<li class=\"page_item page-item-1391\"><a href=\"https:\/\/www.3tech-dental.com\/pt-pt\/perguntas-respostas\/\">Perguntas\/respostas<\/a><\/li>\n<li class=\"page_item page-item-2229\"><a href=\"https:\/\/www.3tech-dental.com\/pt-pt\/manutencao-dos-seus-instrumentos-rotatorios\/\">Manuten\u00e7\u00e3o instrumentos rotat\u00f3rios<\/a><\/li>\n<li class=\"page_item page-item-2742\"><a href=\"https:\/\/www.3tech-dental.com\/pt-pt\/imprensa-e-noticias\/\">Prensa e not\u00edcias<\/a><\/li>\n<li class=\"page_item page-item-1399\"><a href=\"https:\/\/www.3tech-dental.com\/pt-pt\/politica-de-privacidade\/\">Pol\u00edtica de privacidade<\/a><\/li>\n<li class=\"page_item page-item-1397\"><a href=\"https:\/\/www.3tech-dental.com\/pt-pt\/informacoes-legais\/\">Informa\u00e7\u00f5es legais<\/a><\/li>\n<li class=\"page_item page-item-1393\"><a href=\"https:\/\/www.3tech-dental.com\/pt-pt\/contacto\/\">Contacto<\/a><\/li>\n\n<\/ul>\n","protected":false},"excerpt":{"rendered":"<p>Mapa do site<\/p>\n","protected":false},"author":1,"featured_media":0,"parent":0,"menu_order":47,"comment_status":"closed","ping_status":"closed","template":"","meta":{"_acf_changed":false,"footnotes":""},"class_list":["post-1395","page","type-page","status-publish","hentry"],"acf":[],"yoast_head":"<!-- This site is optimized with the Yoast SEO plugin v23.7 - https:\/\/yoast.com\/wordpress\/plugins\/seo\/ -->\n<title>Mapa do site - 3TECH<\/title>\n<meta name=\"robots\" content=\"index, follow, max-snippet:-1, max-image-preview:large, max-video-preview:-1\" \/>\n<link rel=\"canonical\" href=\"https:\/\/www.3tech-dental.com\/pt-pt\/mapa-do-site\/\" \/>\n<meta property=\"og:locale\" content=\"pt_PT\" \/>\n<meta property=\"og:type\" content=\"article\" \/>\n<meta property=\"og:title\" content=\"Mapa do site - 3TECH\" \/>\n<meta property=\"og:description\" content=\"Mapa do site\" \/>\n<meta property=\"og:url\" content=\"https:\/\/www.3tech-dental.com\/pt-pt\/mapa-do-site\/\" \/>\n<meta property=\"og:site_name\" content=\"3TECH\" \/>\n<meta property=\"article:modified_time\" content=\"2019-12-09T19:58:10+00:00\" \/>\n<meta name=\"twitter:card\" content=\"summary_large_image\" \/>\n<script type=\"application\/ld+json\" class=\"yoast-schema-graph\">{\"@context\":\"https:\/\/schema.org\",\"@graph\":[{\"@type\":\"WebPage\",\"@id\":\"https:\/\/www.3tech-dental.com\/pt-pt\/mapa-do-site\/\",\"url\":\"https:\/\/www.3tech-dental.com\/pt-pt\/mapa-do-site\/\",\"name\":\"Mapa do site - 3TECH\",\"isPartOf\":{\"@id\":\"https:\/\/www.3tech-dental.com\/#website\"},\"datePublished\":\"2019-12-09T19:58:09+00:00\",\"dateModified\":\"2019-12-09T19:58:10+00:00\",\"breadcrumb\":{\"@id\":\"https:\/\/www.3tech-dental.com\/pt-pt\/mapa-do-site\/#breadcrumb\"},\"inLanguage\":\"pt-PT\",\"potentialAction\":[{\"@type\":\"ReadAction\",\"target\":[\"https:\/\/www.3tech-dental.com\/pt-pt\/mapa-do-site\/\"]}]},{\"@type\":\"BreadcrumbList\",\"@id\":\"https:\/\/www.3tech-dental.com\/pt-pt\/mapa-do-site\/#breadcrumb\",\"itemListElement\":[{\"@type\":\"ListItem\",\"position\":1,\"name\":\"Accueil\",\"item\":\"https:\/\/www.3tech-dental.com\/pt-pt\/\"},{\"@type\":\"ListItem\",\"position\":2,\"name\":\"Mapa do site\"}]},{\"@type\":\"WebSite\",\"@id\":\"https:\/\/www.3tech-dental.com\/#website\",\"url\":\"https:\/\/www.3tech-dental.com\/\",\"name\":\"3TECH\",\"description\":\"Equipez-vous malin !\",\"publisher\":{\"@id\":\"https:\/\/www.3tech-dental.com\/#organization\"},\"potentialAction\":[{\"@type\":\"SearchAction\",\"target\":{\"@type\":\"EntryPoint\",\"urlTemplate\":\"https:\/\/www.3tech-dental.com\/?s={search_term_string}\"},\"query-input\":{\"@type\":\"PropertyValueSpecification\",\"valueRequired\":true,\"valueName\":\"search_term_string\"}}],\"inLanguage\":\"pt-PT\"},{\"@type\":\"Organization\",\"@id\":\"https:\/\/www.3tech-dental.com\/#organization\",\"name\":\"3TECH\",\"url\":\"https:\/\/www.3tech-dental.com\/\",\"logo\":{\"@type\":\"ImageObject\",\"inLanguage\":\"pt-PT\",\"@id\":\"https:\/\/www.3tech-dental.com\/#\/schema\/logo\/image\/\",\"url\":\"https:\/\/www.3tech-dental.com\/wp-content\/uploads\/2017\/11\/logo@2x.png\",\"contentUrl\":\"https:\/\/www.3tech-dental.com\/wp-content\/uploads\/2017\/11\/logo@2x.png\",\"width\":736,\"height\":193,\"caption\":\"3TECH\"},\"image\":{\"@id\":\"https:\/\/www.3tech-dental.com\/#\/schema\/logo\/image\/\"}}]}<\/script>\n<!-- \/ Yoast SEO plugin. -->","yoast_head_json":{"title":"Mapa do site - 3TECH","robots":{"index":"index","follow":"follow","max-snippet":"max-snippet:-1","max-image-preview":"max-image-preview:large","max-video-preview":"max-video-preview:-1"},"canonical":"https:\/\/www.3tech-dental.com\/pt-pt\/mapa-do-site\/","og_locale":"pt_PT","og_type":"article","og_title":"Mapa do site - 3TECH","og_description":"Mapa do site","og_url":"https:\/\/www.3tech-dental.com\/pt-pt\/mapa-do-site\/","og_site_name":"3TECH","article_modified_time":"2019-12-09T19:58:10+00:00","twitter_card":"summary_large_image","schema":{"@context":"https:\/\/schema.org","@graph":[{"@type":"WebPage","@id":"https:\/\/www.3tech-dental.com\/pt-pt\/mapa-do-site\/","url":"https:\/\/www.3tech-dental.com\/pt-pt\/mapa-do-site\/","name":"Mapa do site - 3TECH","isPartOf":{"@id":"https:\/\/www.3tech-dental.com\/#website"},"datePublished":"2019-12-09T19:58:09+00:00","dateModified":"2019-12-09T19:58:10+00:00","breadcrumb":{"@id":"https:\/\/www.3tech-dental.com\/pt-pt\/mapa-do-site\/#breadcrumb"},"inLanguage":"pt-PT","potentialAction":[{"@type":"ReadAction","target":["https:\/\/www.3tech-dental.com\/pt-pt\/mapa-do-site\/"]}]},{"@type":"BreadcrumbList","@id":"https:\/\/www.3tech-dental.com\/pt-pt\/mapa-do-site\/#breadcrumb","itemListElement":[{"@type":"ListItem","position":1,"name":"Accueil","item":"https:\/\/www.3tech-dental.com\/pt-pt\/"},{"@type":"ListItem","position":2,"name":"Mapa do site"}]},{"@type":"WebSite","@id":"https:\/\/www.3tech-dental.com\/#website","url":"https:\/\/www.3tech-dental.com\/","name":"3TECH","description":"Equipez-vous malin !","publisher":{"@id":"https:\/\/www.3tech-dental.com\/#organization"},"potentialAction":[{"@type":"SearchAction","target":{"@type":"EntryPoint","urlTemplate":"https:\/\/www.3tech-dental.com\/?s={search_term_string}"},"query-input":{"@type":"PropertyValueSpecification","valueRequired":true,"valueName":"search_term_string"}}],"inLanguage":"pt-PT"},{"@type":"Organization","@id":"https:\/\/www.3tech-dental.com\/#organization","name":"3TECH","url":"https:\/\/www.3tech-dental.com\/","logo":{"@type":"ImageObject","inLanguage":"pt-PT","@id":"https:\/\/www.3tech-dental.com\/#\/schema\/logo\/image\/","url":"https:\/\/www.3tech-dental.com\/wp-content\/uploads\/2017\/11\/logo@2x.png","contentUrl":"https:\/\/www.3tech-dental.com\/wp-content\/uploads\/2017\/11\/logo@2x.png","width":736,"height":193,"caption":"3TECH"},"image":{"@id":"https:\/\/www.3tech-dental.com\/#\/schema\/logo\/image\/"}}]}},"_links":{"self":[{"href":"https:\/\/www.3tech-dental.com\/pt-pt\/wp-json\/wp\/v2\/pages\/1395"}],"collection":[{"href":"https:\/\/www.3tech-dental.com\/pt-pt\/wp-json\/wp\/v2\/pages"}],"about":[{"href":"https:\/\/www.3tech-dental.com\/pt-pt\/wp-json\/wp\/v2\/types\/page"}],"author":[{"embeddable":true,"href":"https:\/\/www.3tech-dental.com\/pt-pt\/wp-json\/wp\/v2\/users\/1"}],"replies":[{"embeddable":true,"href":"https:\/\/www.3tech-dental.com\/pt-pt\/wp-json\/wp\/v2\/comments?post=1395"}],"version-history":[{"count":1,"href":"https:\/\/www.3tech-dental.com\/pt-pt\/wp-json\/wp\/v2\/pages\/1395\/revisions"}],"predecessor-version":[{"id":1396,"href":"https:\/\/www.3tech-dental.com\/pt-pt\/wp-json\/wp\/v2\/pages\/1395\/revisions\/1396"}],"wp:attachment":[{"href":"https:\/\/www.3tech-dental.com\/pt-pt\/wp-json\/wp\/v2\/media?parent=1395"}],"curies":[{"name":"wp","href":"https:\/\/api.w.org\/{rel}","templated":true}]}}