{"id":1397,"date":"2019-12-09T20:58:33","date_gmt":"2019-12-09T19:58:33","guid":{"rendered":"http:\/\/www.3tech-dental.fr\/?page_id=1397"},"modified":"2019-12-14T15:07:41","modified_gmt":"2019-12-14T14:07:41","slug":"informacoes-legais","status":"publish","type":"page","link":"https:\/\/www.3tech-dental.com\/pt-pt\/informacoes-legais\/","title":{"rendered":"Informa\u00e7\u00f5es legais"},"content":{"rendered":"<h2 class=\"wp-block-heading\">Informa\u00e7\u00f5es legais<\/h2><p>S\u00edtio internet: <a href=\"https:\/\/www.3tech-dental.com\/pt-pt\/\">https:\/\/www.3tech-dental.com\/pt-pt\/<\/a><\/p><p>Ler as instru\u00e7\u00f5es.<br>Fotografias n\u00e3o contratuais.<br>O utilizador, ao aceder a este s\u00edtio, concorda em cumprir as presentes condi\u00e7\u00f5es de utiliza\u00e7\u00e3o.<\/p><h4 class=\"wp-block-heading\">1. Informa\u00e7\u00f5es sobre o editor<\/h4><p>Este s\u00edtio \u00e9 editado por:<\/p><p>MEDICAL TELEMARKETING<br>25 rue Bleue<br>75009 Paris<br>FRANCE<br>Siret : 47751590200013<\/p><h4 class=\"wp-block-heading\">2. Informa\u00e7\u00f5es sobre o alojamento<\/h4><p>Este s\u00edtio \u00e9 alojado pelo fornecedor de servi\u00e7os \u00abGANDI\u00bb.<\/p><h4 class=\"wp-block-heading\">3. Direitos de autor \/ Copyright<\/h4><p>As marcas e os log\u00f3tipos que figuram neste s\u00edtio s\u00e3o marcas comerciais registadas pelos seus respetivos propriet\u00e1rios.<br>A sua men\u00e7\u00e3o n\u00e3o concede, de forma alguma, qualquer licen\u00e7a ou direito de utiliza\u00e7\u00e3o das referidas marcas, que n\u00e3o podem, por conseguinte, ser utilizadas sem o consentimento pr\u00e9vio por escrito do propriet\u00e1rio da marca sob pena de contrafa\u00e7\u00e3o.<br>Todas as informa\u00e7\u00f5es presentes neste s\u00edtio podem ser descarregadas, reproduzidas e impressas, sob a condi\u00e7\u00e3o de:<br>\u2022 utilizar tais informa\u00e7\u00f5es apenas para fins pessoais e de forma alguma para fins comerciais;<br>\u2022 n\u00e3o modificar tais informa\u00e7\u00f5es.<\/p><p><strong>Copyright :<\/strong> \u00a93TECH<\/p><p>\u00daltima atualiza\u00e7\u00e3o: fevereiro 2019<\/p>","protected":false},"excerpt":{"rendered":"<p>Informa\u00e7\u00f5es legais S\u00edtio internet: https:\/\/www.3tech-dental.com\/pt-pt\/ Ler as instru\u00e7\u00f5es.Fotografias n\u00e3o contratuais.O utilizador, ao aceder a este s\u00edtio, concorda em cumprir as presentes condi\u00e7\u00f5es de utiliza\u00e7\u00e3o. 1. Informa\u00e7\u00f5es sobre o editor Este s\u00edtio \u00e9 editado por: MEDICAL TELEMARKETING25 rue Bleue75009 ParisFRANCESiret : 47751590200013 2. Informa\u00e7\u00f5es sobre o alojamento Este s\u00edtio \u00e9 alojado pelo fornecedor de servi\u00e7os \u00abGANDI\u00bb. [&hellip;]<\/p>\n","protected":false},"author":1,"featured_media":0,"parent":0,"menu_order":55,"comment_status":"closed","ping_status":"closed","template":"","meta":{"_acf_changed":false,"footnotes":""},"class_list":["post-1397","page","type-page","status-publish","hentry"],"acf":[],"yoast_head":"<!-- This site is optimized with the Yoast SEO plugin v23.7 - https:\/\/yoast.com\/wordpress\/plugins\/seo\/ -->\n<title>Informa\u00e7\u00f5es legais - 3TECH<\/title>\n<meta name=\"robots\" content=\"index, follow, max-snippet:-1, max-image-preview:large, max-video-preview:-1\" \/>\n<link rel=\"canonical\" href=\"https:\/\/www.3tech-dental.com\/pt-pt\/informacoes-legais\/\" \/>\n<meta property=\"og:locale\" content=\"pt_PT\" \/>\n<meta property=\"og:type\" content=\"article\" \/>\n<meta property=\"og:title\" content=\"Informa\u00e7\u00f5es legais - 3TECH\" \/>\n<meta property=\"og:description\" content=\"Informa\u00e7\u00f5es legais S\u00edtio internet: https:\/\/www.3tech-dental.com\/pt-pt\/ Ler as instru\u00e7\u00f5es.Fotografias n\u00e3o contratuais.O utilizador, ao aceder a este s\u00edtio, concorda em cumprir as presentes condi\u00e7\u00f5es de utiliza\u00e7\u00e3o. 1. Informa\u00e7\u00f5es sobre o editor Este s\u00edtio \u00e9 editado por: MEDICAL TELEMARKETING25 rue Bleue75009 ParisFRANCESiret : 47751590200013 2. Informa\u00e7\u00f5es sobre o alojamento Este s\u00edtio \u00e9 alojado pelo fornecedor de servi\u00e7os \u00abGANDI\u00bb. [&hellip;]\" \/>\n<meta property=\"og:url\" content=\"https:\/\/www.3tech-dental.com\/pt-pt\/informacoes-legais\/\" \/>\n<meta property=\"og:site_name\" content=\"3TECH\" \/>\n<meta property=\"article:modified_time\" content=\"2019-12-14T14:07:41+00:00\" \/>\n<meta name=\"twitter:card\" content=\"summary_large_image\" \/>\n<meta name=\"twitter:label1\" content=\"Tempo estimado de leitura\" \/>\n\t<meta name=\"twitter:data1\" content=\"1 minuto\" \/>\n<script type=\"application\/ld+json\" class=\"yoast-schema-graph\">{\"@context\":\"https:\/\/schema.org\",\"@graph\":[{\"@type\":\"WebPage\",\"@id\":\"https:\/\/www.3tech-dental.com\/pt-pt\/informacoes-legais\/\",\"url\":\"https:\/\/www.3tech-dental.com\/pt-pt\/informacoes-legais\/\",\"name\":\"Informa\u00e7\u00f5es legais - 3TECH\",\"isPartOf\":{\"@id\":\"https:\/\/www.3tech-dental.com\/#website\"},\"datePublished\":\"2019-12-09T19:58:33+00:00\",\"dateModified\":\"2019-12-14T14:07:41+00:00\",\"breadcrumb\":{\"@id\":\"https:\/\/www.3tech-dental.com\/pt-pt\/informacoes-legais\/#breadcrumb\"},\"inLanguage\":\"pt-PT\",\"potentialAction\":[{\"@type\":\"ReadAction\",\"target\":[\"https:\/\/www.3tech-dental.com\/pt-pt\/informacoes-legais\/\"]}]},{\"@type\":\"BreadcrumbList\",\"@id\":\"https:\/\/www.3tech-dental.com\/pt-pt\/informacoes-legais\/#breadcrumb\",\"itemListElement\":[{\"@type\":\"ListItem\",\"position\":1,\"name\":\"Accueil\",\"item\":\"https:\/\/www.3tech-dental.com\/pt-pt\/\"},{\"@type\":\"ListItem\",\"position\":2,\"name\":\"Informa\u00e7\u00f5es legais\"}]},{\"@type\":\"WebSite\",\"@id\":\"https:\/\/www.3tech-dental.com\/#website\",\"url\":\"https:\/\/www.3tech-dental.com\/\",\"name\":\"3TECH\",\"description\":\"Equipez-vous malin !\",\"publisher\":{\"@id\":\"https:\/\/www.3tech-dental.com\/#organization\"},\"potentialAction\":[{\"@type\":\"SearchAction\",\"target\":{\"@type\":\"EntryPoint\",\"urlTemplate\":\"https:\/\/www.3tech-dental.com\/?s={search_term_string}\"},\"query-input\":{\"@type\":\"PropertyValueSpecification\",\"valueRequired\":true,\"valueName\":\"search_term_string\"}}],\"inLanguage\":\"pt-PT\"},{\"@type\":\"Organization\",\"@id\":\"https:\/\/www.3tech-dental.com\/#organization\",\"name\":\"3TECH\",\"url\":\"https:\/\/www.3tech-dental.com\/\",\"logo\":{\"@type\":\"ImageObject\",\"inLanguage\":\"pt-PT\",\"@id\":\"https:\/\/www.3tech-dental.com\/#\/schema\/logo\/image\/\",\"url\":\"https:\/\/www.3tech-dental.com\/wp-content\/uploads\/2017\/11\/logo@2x.png\",\"contentUrl\":\"https:\/\/www.3tech-dental.com\/wp-content\/uploads\/2017\/11\/logo@2x.png\",\"width\":736,\"height\":193,\"caption\":\"3TECH\"},\"image\":{\"@id\":\"https:\/\/www.3tech-dental.com\/#\/schema\/logo\/image\/\"}}]}<\/script>\n<!-- \/ Yoast SEO plugin. -->","yoast_head_json":{"title":"Informa\u00e7\u00f5es legais - 3TECH","robots":{"index":"index","follow":"follow","max-snippet":"max-snippet:-1","max-image-preview":"max-image-preview:large","max-video-preview":"max-video-preview:-1"},"canonical":"https:\/\/www.3tech-dental.com\/pt-pt\/informacoes-legais\/","og_locale":"pt_PT","og_type":"article","og_title":"Informa\u00e7\u00f5es legais - 3TECH","og_description":"Informa\u00e7\u00f5es legais S\u00edtio internet: https:\/\/www.3tech-dental.com\/pt-pt\/ Ler as instru\u00e7\u00f5es.Fotografias n\u00e3o contratuais.O utilizador, ao aceder a este s\u00edtio, concorda em cumprir as presentes condi\u00e7\u00f5es de utiliza\u00e7\u00e3o. 1. Informa\u00e7\u00f5es sobre o editor Este s\u00edtio \u00e9 editado por: MEDICAL TELEMARKETING25 rue Bleue75009 ParisFRANCESiret : 47751590200013 2. Informa\u00e7\u00f5es sobre o alojamento Este s\u00edtio \u00e9 alojado pelo fornecedor de servi\u00e7os \u00abGANDI\u00bb. [&hellip;]","og_url":"https:\/\/www.3tech-dental.com\/pt-pt\/informacoes-legais\/","og_site_name":"3TECH","article_modified_time":"2019-12-14T14:07:41+00:00","twitter_card":"summary_large_image","twitter_misc":{"Tempo estimado de leitura":"1 minuto"},"schema":{"@context":"https:\/\/schema.org","@graph":[{"@type":"WebPage","@id":"https:\/\/www.3tech-dental.com\/pt-pt\/informacoes-legais\/","url":"https:\/\/www.3tech-dental.com\/pt-pt\/informacoes-legais\/","name":"Informa\u00e7\u00f5es legais - 3TECH","isPartOf":{"@id":"https:\/\/www.3tech-dental.com\/#website"},"datePublished":"2019-12-09T19:58:33+00:00","dateModified":"2019-12-14T14:07:41+00:00","breadcrumb":{"@id":"https:\/\/www.3tech-dental.com\/pt-pt\/informacoes-legais\/#breadcrumb"},"inLanguage":"pt-PT","potentialAction":[{"@type":"ReadAction","target":["https:\/\/www.3tech-dental.com\/pt-pt\/informacoes-legais\/"]}]},{"@type":"BreadcrumbList","@id":"https:\/\/www.3tech-dental.com\/pt-pt\/informacoes-legais\/#breadcrumb","itemListElement":[{"@type":"ListItem","position":1,"name":"Accueil","item":"https:\/\/www.3tech-dental.com\/pt-pt\/"},{"@type":"ListItem","position":2,"name":"Informa\u00e7\u00f5es legais"}]},{"@type":"WebSite","@id":"https:\/\/www.3tech-dental.com\/#website","url":"https:\/\/www.3tech-dental.com\/","name":"3TECH","description":"Equipez-vous malin !","publisher":{"@id":"https:\/\/www.3tech-dental.com\/#organization"},"potentialAction":[{"@type":"SearchAction","target":{"@type":"EntryPoint","urlTemplate":"https:\/\/www.3tech-dental.com\/?s={search_term_string}"},"query-input":{"@type":"PropertyValueSpecification","valueRequired":true,"valueName":"search_term_string"}}],"inLanguage":"pt-PT"},{"@type":"Organization","@id":"https:\/\/www.3tech-dental.com\/#organization","name":"3TECH","url":"https:\/\/www.3tech-dental.com\/","logo":{"@type":"ImageObject","inLanguage":"pt-PT","@id":"https:\/\/www.3tech-dental.com\/#\/schema\/logo\/image\/","url":"https:\/\/www.3tech-dental.com\/wp-content\/uploads\/2017\/11\/logo@2x.png","contentUrl":"https:\/\/www.3tech-dental.com\/wp-content\/uploads\/2017\/11\/logo@2x.png","width":736,"height":193,"caption":"3TECH"},"image":{"@id":"https:\/\/www.3tech-dental.com\/#\/schema\/logo\/image\/"}}]}},"_links":{"self":[{"href":"https:\/\/www.3tech-dental.com\/pt-pt\/wp-json\/wp\/v2\/pages\/1397"}],"collection":[{"href":"https:\/\/www.3tech-dental.com\/pt-pt\/wp-json\/wp\/v2\/pages"}],"about":[{"href":"https:\/\/www.3tech-dental.com\/pt-pt\/wp-json\/wp\/v2\/types\/page"}],"author":[{"embeddable":true,"href":"https:\/\/www.3tech-dental.com\/pt-pt\/wp-json\/wp\/v2\/users\/1"}],"replies":[{"embeddable":true,"href":"https:\/\/www.3tech-dental.com\/pt-pt\/wp-json\/wp\/v2\/comments?post=1397"}],"version-history":[{"count":3,"href":"https:\/\/www.3tech-dental.com\/pt-pt\/wp-json\/wp\/v2\/pages\/1397\/revisions"}],"predecessor-version":[{"id":1606,"href":"https:\/\/www.3tech-dental.com\/pt-pt\/wp-json\/wp\/v2\/pages\/1397\/revisions\/1606"}],"wp:attachment":[{"href":"https:\/\/www.3tech-dental.com\/pt-pt\/wp-json\/wp\/v2\/media?parent=1397"}],"curies":[{"name":"wp","href":"https:\/\/api.w.org\/{rel}","templated":true}]}}