{"id":2229,"date":"2020-07-24T11:35:30","date_gmt":"2020-07-24T09:35:30","guid":{"rendered":"http:\/\/www.3tech-dental.fr\/?page_id=2229"},"modified":"2020-07-30T12:03:39","modified_gmt":"2020-07-30T10:03:39","slug":"manutencao-dos-seus-instrumentos-rotatorios","status":"publish","type":"page","link":"https:\/\/www.3tech-dental.com\/pt-pt\/manutencao-dos-seus-instrumentos-rotatorios\/","title":{"rendered":"Manuten\u00e7\u00e3o instrumentos rotat\u00f3rios"},"content":{"rendered":"<h2 class=\"wp-block-heading\">Manuten\u00e7\u00e3o dos seus instrumentos rotat\u00f3rios<\/h2><div class=\"wp-block-image\"><figure class=\"aligncenter size-large\"><img loading=\"lazy\" decoding=\"async\" width=\"1024\" height=\"623\" src=\"https:\/\/www.3tech-dental.com\/wp-content\/uploads\/2020\/07\/Capture-d\u2019\u00e9cran-2020-07-24-\u00e0-11.34.22-1024x623.png\" alt=\"\" class=\"wp-image-2230\" srcset=\"https:\/\/www.3tech-dental.com\/wp-content\/uploads\/2020\/07\/Capture-d\u2019\u00e9cran-2020-07-24-\u00e0-11.34.22-1024x623.png 1024w, https:\/\/www.3tech-dental.com\/wp-content\/uploads\/2020\/07\/Capture-d\u2019\u00e9cran-2020-07-24-\u00e0-11.34.22-600x365.png 600w, https:\/\/www.3tech-dental.com\/wp-content\/uploads\/2020\/07\/Capture-d\u2019\u00e9cran-2020-07-24-\u00e0-11.34.22-300x182.png 300w, https:\/\/www.3tech-dental.com\/wp-content\/uploads\/2020\/07\/Capture-d\u2019\u00e9cran-2020-07-24-\u00e0-11.34.22-768x467.png 768w, https:\/\/www.3tech-dental.com\/wp-content\/uploads\/2020\/07\/Capture-d\u2019\u00e9cran-2020-07-24-\u00e0-11.34.22-1536x934.png 1536w, https:\/\/www.3tech-dental.com\/wp-content\/uploads\/2020\/07\/Capture-d\u2019\u00e9cran-2020-07-24-\u00e0-11.34.22.png 1664w\" sizes=\"(max-width: 1024px) 100vw, 1024px\" \/><\/figure><\/div><div class=\"wp-block-buttons is-layout-flex wp-block-buttons-is-layout-flex\"><div class=\"wp-block-button\"><a class=\"wp-block-button__link has-text-color has-background\" href=\"https:\/\/www.3tech-dental.com\/wp-content\/uploads\/2020\/07\/3T0220048_Protocole_PT_BAT.pdf\" style=\"background-color:#009cc4;color:#ffffff\">Descarregue o protocolo de manuten\u00e7\u00e3o dos seus instrumentos rotativos<\/a><\/div><\/div>","protected":false},"excerpt":{"rendered":"<p>Manuten\u00e7\u00e3o dos seus instrumentos rotat\u00f3rios<\/p>\n","protected":false},"author":1,"featured_media":0,"parent":0,"menu_order":41,"comment_status":"closed","ping_status":"closed","template":"","meta":{"_acf_changed":false,"footnotes":""},"class_list":["post-2229","page","type-page","status-publish","hentry"],"acf":[],"yoast_head":"<!-- This site is optimized with the Yoast SEO plugin v23.7 - https:\/\/yoast.com\/wordpress\/plugins\/seo\/ -->\n<title>Manuten\u00e7\u00e3o instrumentos rotat\u00f3rios - 3TECH<\/title>\n<meta name=\"robots\" content=\"index, follow, max-snippet:-1, max-image-preview:large, max-video-preview:-1\" \/>\n<link rel=\"canonical\" href=\"https:\/\/www.3tech-dental.com\/pt-pt\/manutencao-dos-seus-instrumentos-rotatorios\/\" \/>\n<meta property=\"og:locale\" content=\"pt_PT\" \/>\n<meta property=\"og:type\" content=\"article\" \/>\n<meta property=\"og:title\" content=\"Manuten\u00e7\u00e3o instrumentos rotat\u00f3rios - 3TECH\" \/>\n<meta property=\"og:description\" content=\"Manuten\u00e7\u00e3o dos seus instrumentos rotat\u00f3rios\" \/>\n<meta property=\"og:url\" content=\"https:\/\/www.3tech-dental.com\/pt-pt\/manutencao-dos-seus-instrumentos-rotatorios\/\" \/>\n<meta property=\"og:site_name\" content=\"3TECH\" \/>\n<meta property=\"article:modified_time\" content=\"2020-07-30T10:03:39+00:00\" \/>\n<meta property=\"og:image\" content=\"https:\/\/www.3tech-dental.com\/wp-content\/uploads\/2020\/07\/Capture-d\u2019\u00e9cran-2020-07-24-\u00e0-11.34.22-1024x623.png\" \/>\n<meta name=\"twitter:card\" content=\"summary_large_image\" \/>\n<script type=\"application\/ld+json\" class=\"yoast-schema-graph\">{\"@context\":\"https:\/\/schema.org\",\"@graph\":[{\"@type\":\"WebPage\",\"@id\":\"https:\/\/www.3tech-dental.com\/pt-pt\/manutencao-dos-seus-instrumentos-rotatorios\/\",\"url\":\"https:\/\/www.3tech-dental.com\/pt-pt\/manutencao-dos-seus-instrumentos-rotatorios\/\",\"name\":\"Manuten\u00e7\u00e3o instrumentos rotat\u00f3rios - 3TECH\",\"isPartOf\":{\"@id\":\"https:\/\/www.3tech-dental.com\/#website\"},\"datePublished\":\"2020-07-24T09:35:30+00:00\",\"dateModified\":\"2020-07-30T10:03:39+00:00\",\"breadcrumb\":{\"@id\":\"https:\/\/www.3tech-dental.com\/pt-pt\/manutencao-dos-seus-instrumentos-rotatorios\/#breadcrumb\"},\"inLanguage\":\"pt-PT\",\"potentialAction\":[{\"@type\":\"ReadAction\",\"target\":[\"https:\/\/www.3tech-dental.com\/pt-pt\/manutencao-dos-seus-instrumentos-rotatorios\/\"]}]},{\"@type\":\"BreadcrumbList\",\"@id\":\"https:\/\/www.3tech-dental.com\/pt-pt\/manutencao-dos-seus-instrumentos-rotatorios\/#breadcrumb\",\"itemListElement\":[{\"@type\":\"ListItem\",\"position\":1,\"name\":\"Accueil\",\"item\":\"https:\/\/www.3tech-dental.com\/pt-pt\/\"},{\"@type\":\"ListItem\",\"position\":2,\"name\":\"Manuten\u00e7\u00e3o instrumentos rotat\u00f3rios\"}]},{\"@type\":\"WebSite\",\"@id\":\"https:\/\/www.3tech-dental.com\/#website\",\"url\":\"https:\/\/www.3tech-dental.com\/\",\"name\":\"3TECH\",\"description\":\"Equipez-vous malin !\",\"publisher\":{\"@id\":\"https:\/\/www.3tech-dental.com\/#organization\"},\"potentialAction\":[{\"@type\":\"SearchAction\",\"target\":{\"@type\":\"EntryPoint\",\"urlTemplate\":\"https:\/\/www.3tech-dental.com\/?s={search_term_string}\"},\"query-input\":{\"@type\":\"PropertyValueSpecification\",\"valueRequired\":true,\"valueName\":\"search_term_string\"}}],\"inLanguage\":\"pt-PT\"},{\"@type\":\"Organization\",\"@id\":\"https:\/\/www.3tech-dental.com\/#organization\",\"name\":\"3TECH\",\"url\":\"https:\/\/www.3tech-dental.com\/\",\"logo\":{\"@type\":\"ImageObject\",\"inLanguage\":\"pt-PT\",\"@id\":\"https:\/\/www.3tech-dental.com\/#\/schema\/logo\/image\/\",\"url\":\"https:\/\/www.3tech-dental.com\/wp-content\/uploads\/2017\/11\/logo@2x.png\",\"contentUrl\":\"https:\/\/www.3tech-dental.com\/wp-content\/uploads\/2017\/11\/logo@2x.png\",\"width\":736,\"height\":193,\"caption\":\"3TECH\"},\"image\":{\"@id\":\"https:\/\/www.3tech-dental.com\/#\/schema\/logo\/image\/\"}}]}<\/script>\n<!-- \/ Yoast SEO plugin. -->","yoast_head_json":{"title":"Manuten\u00e7\u00e3o instrumentos rotat\u00f3rios - 3TECH","robots":{"index":"index","follow":"follow","max-snippet":"max-snippet:-1","max-image-preview":"max-image-preview:large","max-video-preview":"max-video-preview:-1"},"canonical":"https:\/\/www.3tech-dental.com\/pt-pt\/manutencao-dos-seus-instrumentos-rotatorios\/","og_locale":"pt_PT","og_type":"article","og_title":"Manuten\u00e7\u00e3o instrumentos rotat\u00f3rios - 3TECH","og_description":"Manuten\u00e7\u00e3o dos seus instrumentos rotat\u00f3rios","og_url":"https:\/\/www.3tech-dental.com\/pt-pt\/manutencao-dos-seus-instrumentos-rotatorios\/","og_site_name":"3TECH","article_modified_time":"2020-07-30T10:03:39+00:00","og_image":[{"url":"https:\/\/www.3tech-dental.com\/wp-content\/uploads\/2020\/07\/Capture-d\u2019\u00e9cran-2020-07-24-\u00e0-11.34.22-1024x623.png"}],"twitter_card":"summary_large_image","schema":{"@context":"https:\/\/schema.org","@graph":[{"@type":"WebPage","@id":"https:\/\/www.3tech-dental.com\/pt-pt\/manutencao-dos-seus-instrumentos-rotatorios\/","url":"https:\/\/www.3tech-dental.com\/pt-pt\/manutencao-dos-seus-instrumentos-rotatorios\/","name":"Manuten\u00e7\u00e3o instrumentos rotat\u00f3rios - 3TECH","isPartOf":{"@id":"https:\/\/www.3tech-dental.com\/#website"},"datePublished":"2020-07-24T09:35:30+00:00","dateModified":"2020-07-30T10:03:39+00:00","breadcrumb":{"@id":"https:\/\/www.3tech-dental.com\/pt-pt\/manutencao-dos-seus-instrumentos-rotatorios\/#breadcrumb"},"inLanguage":"pt-PT","potentialAction":[{"@type":"ReadAction","target":["https:\/\/www.3tech-dental.com\/pt-pt\/manutencao-dos-seus-instrumentos-rotatorios\/"]}]},{"@type":"BreadcrumbList","@id":"https:\/\/www.3tech-dental.com\/pt-pt\/manutencao-dos-seus-instrumentos-rotatorios\/#breadcrumb","itemListElement":[{"@type":"ListItem","position":1,"name":"Accueil","item":"https:\/\/www.3tech-dental.com\/pt-pt\/"},{"@type":"ListItem","position":2,"name":"Manuten\u00e7\u00e3o instrumentos rotat\u00f3rios"}]},{"@type":"WebSite","@id":"https:\/\/www.3tech-dental.com\/#website","url":"https:\/\/www.3tech-dental.com\/","name":"3TECH","description":"Equipez-vous malin !","publisher":{"@id":"https:\/\/www.3tech-dental.com\/#organization"},"potentialAction":[{"@type":"SearchAction","target":{"@type":"EntryPoint","urlTemplate":"https:\/\/www.3tech-dental.com\/?s={search_term_string}"},"query-input":{"@type":"PropertyValueSpecification","valueRequired":true,"valueName":"search_term_string"}}],"inLanguage":"pt-PT"},{"@type":"Organization","@id":"https:\/\/www.3tech-dental.com\/#organization","name":"3TECH","url":"https:\/\/www.3tech-dental.com\/","logo":{"@type":"ImageObject","inLanguage":"pt-PT","@id":"https:\/\/www.3tech-dental.com\/#\/schema\/logo\/image\/","url":"https:\/\/www.3tech-dental.com\/wp-content\/uploads\/2017\/11\/logo@2x.png","contentUrl":"https:\/\/www.3tech-dental.com\/wp-content\/uploads\/2017\/11\/logo@2x.png","width":736,"height":193,"caption":"3TECH"},"image":{"@id":"https:\/\/www.3tech-dental.com\/#\/schema\/logo\/image\/"}}]}},"_links":{"self":[{"href":"https:\/\/www.3tech-dental.com\/pt-pt\/wp-json\/wp\/v2\/pages\/2229"}],"collection":[{"href":"https:\/\/www.3tech-dental.com\/pt-pt\/wp-json\/wp\/v2\/pages"}],"about":[{"href":"https:\/\/www.3tech-dental.com\/pt-pt\/wp-json\/wp\/v2\/types\/page"}],"author":[{"embeddable":true,"href":"https:\/\/www.3tech-dental.com\/pt-pt\/wp-json\/wp\/v2\/users\/1"}],"replies":[{"embeddable":true,"href":"https:\/\/www.3tech-dental.com\/pt-pt\/wp-json\/wp\/v2\/comments?post=2229"}],"version-history":[{"count":4,"href":"https:\/\/www.3tech-dental.com\/pt-pt\/wp-json\/wp\/v2\/pages\/2229\/revisions"}],"predecessor-version":[{"id":2261,"href":"https:\/\/www.3tech-dental.com\/pt-pt\/wp-json\/wp\/v2\/pages\/2229\/revisions\/2261"}],"wp:attachment":[{"href":"https:\/\/www.3tech-dental.com\/pt-pt\/wp-json\/wp\/v2\/media?parent=2229"}],"curies":[{"name":"wp","href":"https:\/\/api.w.org\/{rel}","templated":true}]}}