{"id":2742,"date":"2020-12-23T18:56:51","date_gmt":"2020-12-23T17:56:51","guid":{"rendered":"https:\/\/www.3tech-dental.com\/?page_id=2742"},"modified":"2022-04-20T16:10:42","modified_gmt":"2022-04-20T14:10:42","slug":"imprensa-e-noticias","status":"publish","type":"page","link":"https:\/\/www.3tech-dental.com\/pt-pt\/imprensa-e-noticias\/","title":{"rendered":"Prensa e not\u00edcias"},"content":{"rendered":"<h2>Imprensa e not\u00edcias<\/h2>\n<div class=\"row\">\n<div class=\"w-12\">\n<h3 style=\"text-align: center;\"><em><strong>Le fil dentaire n\u00b0159 &#8211; Mar\u00e7o de 2020 &#8211; p\u00e1gina 8<\/strong><\/em><img loading=\"lazy\" decoding=\"async\" class=\"alignnone wp-image-2699 size-full\" src=\"https:\/\/www.3tech-dental.com\/wp-content\/uploads\/2020\/12\/lefildentaire.png\" alt=\"\" width=\"1520\" height=\"1272\" srcset=\"https:\/\/www.3tech-dental.com\/wp-content\/uploads\/2020\/12\/lefildentaire.png 1520w, https:\/\/www.3tech-dental.com\/wp-content\/uploads\/2020\/12\/lefildentaire-600x502.png 600w\" sizes=\"(max-width: 1520px) 100vw, 1520px\" \/><\/h3>\n<p><strong>3TECH, O DESEMPENHO <\/strong><strong>A PRE\u00c7OS INTELIGENTES<\/strong><\/p>\n<p><strong>Na verdade, a marca assenta em 3 pilares:<\/strong><\/p>\n<ul>\n<li>desempenho sem nada de sup\u00e9rfluo, isto \u00e9, produtos com efic\u00e1cia comprovada, sem suplementos in\u00fateis;<\/li>\n<li>fim das preocupa\u00e7\u00f5es com o servi\u00e7o p\u00f3s-venda, porque os pre\u00e7os s\u00e3o extremamente baixos, a linha 3TECH permite uma f\u00e1cil substitui\u00e7\u00e3o do material usado por material novo;<\/li>\n<li>in\u00fatil esperar pelas promo\u00e7\u00f5es, pois a 3TECH garante<\/li>\n<li>pre\u00e7os baixos e est\u00e1veis durante todo o ano.<\/li>\n<\/ul>\n<p>A marca obt\u00e9m um franco sucesso, porque corresponde \u00e0s necessidades dos profissionais generalistas e os desenvolvimentos realizados est\u00e3o centrados na qualidade de vida dos m\u00e9dicos dentistas. A gama 3TECH apresenta uma ampla escolha de produtos e continua a desenvolver-se e a lan\u00e7ar novidades:<\/p>\n<ul>\n<li><strong>a turbina de tit\u00e2nio Ti-940L<\/strong>, superleve, sendo considerada a mais leve do mercado (42 g). Extremamente silenciosa (\u2264 55 dB) e ergon\u00f3mica, todos os crit\u00e9rios est\u00e3o reunidos para melhorar a qualidade de vida dos profissionais.<\/li>\n<li><strong>o aquecedor HEATER TC-70 <\/strong>para comp\u00f3sitos e carpules de anestesia<\/li>\n<li><strong>o destartarizador de mesa EASY SCALER L-28, <\/strong>intuitivo e compacto<\/li>\n<li><strong>o contra-\u00e2ngulo de implantologia IMPLANT L-2000<\/strong> com luz, preciso e totalmente desmont\u00e1vel num clique, permite que os profissionais generalistas ou especialistas exer\u00e7am a sua atividade nas melhores condi\u00e7\u00f5es e ao melhor pre\u00e7o.<\/li>\n<\/ul>\n<p>3TECH \u00e9 uma marca do grupo DENTALEADER.<\/p>\n<hr \/>\n<h3 style=\"text-align: center;\"><em><strong>Solutions Cabinet Dentaire n\u00b0 25 &#8211; Abril de 2020<\/strong><\/em><\/h3>\n<div><img loading=\"lazy\" decoding=\"async\" class=\"alignnone wp-image-2720 size-full\" src=\"https:\/\/www.3tech-dental.com\/wp-content\/uploads\/2020\/12\/Capture-decran-2020-12-23-a-17.20.39-e1609926702992.png\" alt=\"\" width=\"1828\" height=\"1142\" srcset=\"https:\/\/www.3tech-dental.com\/wp-content\/uploads\/2020\/12\/Capture-decran-2020-12-23-a-17.20.39-e1609926702992.png 1828w, https:\/\/www.3tech-dental.com\/wp-content\/uploads\/2020\/12\/Capture-decran-2020-12-23-a-17.20.39-e1609926702992-600x375.png 600w, https:\/\/www.3tech-dental.com\/wp-content\/uploads\/2020\/12\/Capture-decran-2020-12-23-a-17.20.39-e1609926702992-300x187.png 300w, https:\/\/www.3tech-dental.com\/wp-content\/uploads\/2020\/12\/Capture-decran-2020-12-23-a-17.20.39-e1609926702992-1024x640.png 1024w, https:\/\/www.3tech-dental.com\/wp-content\/uploads\/2020\/12\/Capture-decran-2020-12-23-a-17.20.39-e1609926702992-768x480.png 768w, https:\/\/www.3tech-dental.com\/wp-content\/uploads\/2020\/12\/Capture-decran-2020-12-23-a-17.20.39-e1609926702992-1536x960.png 1536w\" sizes=\"(max-width: 1828px) 100vw, 1828px\" \/><\/div>\n<p><strong>3TECH, <\/strong><strong>UMA NOVA LINHA DE PEQUENOS EQUIPAMENTOS <\/strong><\/p>\n<p>3TECH \u00e9 uma marca de pequenos equipamentos que tem como miss\u00e3o apresentar produtos com a melhor rela\u00e7\u00e3o qualidade-pre\u00e7o.<\/p>\n<p>A marca assenta em 3 pilares:<\/p>\n<ul>\n<li>desempenho sem nada de sup\u00e9rfluo, isto \u00e9, produtos com efic\u00e1cia comprovada, sem suplementos in\u00fateis<\/li>\n<li>fim das preocupa\u00e7\u00f5es com o servi\u00e7o p\u00f3s-venda, porque sendo os pre\u00e7os muito baixos, a linha 3TECH permite uma f\u00e1cil substitui\u00e7\u00e3o do material usado por material novo<\/li>\n<li>in\u00fatil esperar pelas promo\u00e7\u00f5es, pois a 3TECH garante pre\u00e7os baixos e est\u00e1veis durante todo o ano<\/li>\n<\/ul>\n<p>A gama 3TECH apresenta uma ampla escolha de produtos e continua a desenvolver-se e a lan\u00e7ar novidades:<\/p>\n<ul>\n<li>a turbina de tit\u00e2nio Ti-940L, superleve, sendo considerada a mais leve do mercado (42 g), extremamente silenciosa (\u2264 55 dB) e ergon\u00f3mica<\/li>\n<li>o aquecedor HEATER TC-70 para comp\u00f3sitos e carpules de anestesia<\/li>\n<li>o destartarizador de mesa EASY SCALER L-28, intuitivo\u00a0 e compacto<\/li>\n<li>o contra-\u00e2ngulo de implantologia IMPLANT L-2000 com luz, preciso e totalmente desmont\u00e1vel num clique, permite que os profissionais generalistas ou especialistas exer\u00e7am a sua atividade nas melhores condi\u00e7\u00f5es e ao melhor pre\u00e7o<\/li>\n<\/ul>\n<p><strong>Mais informa\u00e7\u00f5es:\u00a0<a href=\"https:\/\/www.dentaleader.com\/\">https:\/\/www.dentaleader.com\/<\/a><\/strong><\/p>\n<\/div>\n<\/div><h3 class=\"has-text-align-center wp-block-heading\"><strong><em>ADF &#8211; Novembro 2021<\/em><\/strong><\/h3><p><\/p><p class=\"has-text-align-center\">Fic\u00e1mos muito satisfeitos por o ver na exposi\u00e7\u00e3o da ADF em Novembro passado.<\/p><figure class=\"wp-block-gallery has-nested-images columns-default is-cropped wp-block-gallery-1 is-layout-flex wp-block-gallery-is-layout-flex\"><figure class=\"wp-block-image size-large\"><img decoding=\"async\" data-id=\"4585\" src=\"https:\/\/www.3tech-dental.com\/wp-content\/uploads\/2022\/04\/MicrosoftTeams-image-6-1-scaled.jpg\" alt=\"\" class=\"wp-image-4585\"\/><\/figure>\n\n<figure class=\"wp-block-image size-large\"><img decoding=\"async\" data-id=\"4579\" src=\"https:\/\/www.3tech-dental.com\/wp-content\/uploads\/2022\/04\/MicrosoftTeams-image-3-1-1-scaled.jpg\" alt=\"\" class=\"wp-image-4579\"\/><\/figure>\n\n<figure class=\"wp-block-image size-large\"><img loading=\"lazy\" decoding=\"async\" width=\"1705\" height=\"2560\" data-id=\"4568\" src=\"https:\/\/www.3tech-dental.com\/wp-content\/uploads\/2022\/04\/MicrosoftTeams-image-15-2-scaled.jpg\" alt=\"\" class=\"wp-image-4568\" srcset=\"https:\/\/www.3tech-dental.com\/wp-content\/uploads\/2022\/04\/MicrosoftTeams-image-15-2-scaled.jpg 1705w, https:\/\/www.3tech-dental.com\/wp-content\/uploads\/2022\/04\/MicrosoftTeams-image-15-2-200x300.jpg 200w, https:\/\/www.3tech-dental.com\/wp-content\/uploads\/2022\/04\/MicrosoftTeams-image-15-2-682x1024.jpg 682w, https:\/\/www.3tech-dental.com\/wp-content\/uploads\/2022\/04\/MicrosoftTeams-image-15-2-768x1153.jpg 768w, https:\/\/www.3tech-dental.com\/wp-content\/uploads\/2022\/04\/MicrosoftTeams-image-15-2-1023x1536.jpg 1023w, https:\/\/www.3tech-dental.com\/wp-content\/uploads\/2022\/04\/MicrosoftTeams-image-15-2-1364x2048.jpg 1364w, https:\/\/www.3tech-dental.com\/wp-content\/uploads\/2022\/04\/MicrosoftTeams-image-15-2-600x901.jpg 600w\" sizes=\"(max-width: 1705px) 100vw, 1705px\" \/><\/figure><\/figure>","protected":false},"excerpt":{"rendered":"<p>Imprensa e not\u00edcias Le fil dentaire n\u00b0159 &#8211; Mar\u00e7o de 2020 &#8211; p\u00e1gina 8 3TECH, O DESEMPENHO A PRE\u00c7OS INTELIGENTES Na verdade, a marca assenta em 3 pilares: desempenho sem nada de sup\u00e9rfluo, isto \u00e9, produtos com efic\u00e1cia comprovada, sem suplementos in\u00fateis; fim das preocupa\u00e7\u00f5es com o servi\u00e7o p\u00f3s-venda, porque os pre\u00e7os s\u00e3o extremamente baixos, [&hellip;]<\/p>\n","protected":false},"author":1,"featured_media":0,"parent":0,"menu_order":43,"comment_status":"closed","ping_status":"closed","template":"","meta":{"_acf_changed":false,"footnotes":""},"class_list":["post-2742","page","type-page","status-publish","hentry"],"acf":[],"yoast_head":"<!-- This site is optimized with the Yoast SEO plugin v23.7 - https:\/\/yoast.com\/wordpress\/plugins\/seo\/ -->\n<title>Prensa e not\u00edcias - 3TECH<\/title>\n<meta name=\"robots\" content=\"index, follow, max-snippet:-1, max-image-preview:large, max-video-preview:-1\" \/>\n<link rel=\"canonical\" href=\"https:\/\/www.3tech-dental.com\/pt-pt\/imprensa-e-noticias\/\" \/>\n<meta property=\"og:locale\" content=\"pt_PT\" \/>\n<meta property=\"og:type\" content=\"article\" \/>\n<meta property=\"og:title\" content=\"Prensa e not\u00edcias - 3TECH\" \/>\n<meta property=\"og:description\" content=\"Imprensa e not\u00edcias Le fil dentaire n\u00b0159 &#8211; Mar\u00e7o de 2020 &#8211; p\u00e1gina 8 3TECH, O DESEMPENHO A PRE\u00c7OS INTELIGENTES Na verdade, a marca assenta em 3 pilares: desempenho sem nada de sup\u00e9rfluo, isto \u00e9, produtos com efic\u00e1cia comprovada, sem suplementos in\u00fateis; fim das preocupa\u00e7\u00f5es com o servi\u00e7o p\u00f3s-venda, porque os pre\u00e7os s\u00e3o extremamente baixos, [&hellip;]\" \/>\n<meta property=\"og:url\" content=\"https:\/\/www.3tech-dental.com\/pt-pt\/imprensa-e-noticias\/\" \/>\n<meta property=\"og:site_name\" content=\"3TECH\" \/>\n<meta property=\"article:modified_time\" content=\"2022-04-20T14:10:42+00:00\" \/>\n<meta property=\"og:image\" content=\"https:\/\/www.3tech-dental.com\/wp-content\/uploads\/2020\/12\/lefildentaire.png\" \/>\n<meta name=\"twitter:card\" content=\"summary_large_image\" \/>\n<meta name=\"twitter:label1\" content=\"Tempo estimado de leitura\" \/>\n\t<meta name=\"twitter:data1\" content=\"4 minutos\" \/>\n<script type=\"application\/ld+json\" class=\"yoast-schema-graph\">{\"@context\":\"https:\/\/schema.org\",\"@graph\":[{\"@type\":\"WebPage\",\"@id\":\"https:\/\/www.3tech-dental.com\/pt-pt\/imprensa-e-noticias\/\",\"url\":\"https:\/\/www.3tech-dental.com\/pt-pt\/imprensa-e-noticias\/\",\"name\":\"Prensa e not\u00edcias - 3TECH\",\"isPartOf\":{\"@id\":\"https:\/\/www.3tech-dental.com\/#website\"},\"primaryImageOfPage\":{\"@id\":\"https:\/\/www.3tech-dental.com\/pt-pt\/imprensa-e-noticias\/#primaryimage\"},\"image\":{\"@id\":\"https:\/\/www.3tech-dental.com\/pt-pt\/imprensa-e-noticias\/#primaryimage\"},\"thumbnailUrl\":\"https:\/\/www.3tech-dental.com\/wp-content\/uploads\/2020\/12\/lefildentaire.png\",\"datePublished\":\"2020-12-23T17:56:51+00:00\",\"dateModified\":\"2022-04-20T14:10:42+00:00\",\"breadcrumb\":{\"@id\":\"https:\/\/www.3tech-dental.com\/pt-pt\/imprensa-e-noticias\/#breadcrumb\"},\"inLanguage\":\"pt-PT\",\"potentialAction\":[{\"@type\":\"ReadAction\",\"target\":[\"https:\/\/www.3tech-dental.com\/pt-pt\/imprensa-e-noticias\/\"]}]},{\"@type\":\"ImageObject\",\"inLanguage\":\"pt-PT\",\"@id\":\"https:\/\/www.3tech-dental.com\/pt-pt\/imprensa-e-noticias\/#primaryimage\",\"url\":\"https:\/\/www.3tech-dental.com\/wp-content\/uploads\/2020\/12\/lefildentaire.png\",\"contentUrl\":\"https:\/\/www.3tech-dental.com\/wp-content\/uploads\/2020\/12\/lefildentaire.png\"},{\"@type\":\"BreadcrumbList\",\"@id\":\"https:\/\/www.3tech-dental.com\/pt-pt\/imprensa-e-noticias\/#breadcrumb\",\"itemListElement\":[{\"@type\":\"ListItem\",\"position\":1,\"name\":\"Accueil\",\"item\":\"https:\/\/www.3tech-dental.com\/pt-pt\/\"},{\"@type\":\"ListItem\",\"position\":2,\"name\":\"Prensa e not\u00edcias\"}]},{\"@type\":\"WebSite\",\"@id\":\"https:\/\/www.3tech-dental.com\/#website\",\"url\":\"https:\/\/www.3tech-dental.com\/\",\"name\":\"3TECH\",\"description\":\"Equipez-vous malin !\",\"publisher\":{\"@id\":\"https:\/\/www.3tech-dental.com\/#organization\"},\"potentialAction\":[{\"@type\":\"SearchAction\",\"target\":{\"@type\":\"EntryPoint\",\"urlTemplate\":\"https:\/\/www.3tech-dental.com\/?s={search_term_string}\"},\"query-input\":{\"@type\":\"PropertyValueSpecification\",\"valueRequired\":true,\"valueName\":\"search_term_string\"}}],\"inLanguage\":\"pt-PT\"},{\"@type\":\"Organization\",\"@id\":\"https:\/\/www.3tech-dental.com\/#organization\",\"name\":\"3TECH\",\"url\":\"https:\/\/www.3tech-dental.com\/\",\"logo\":{\"@type\":\"ImageObject\",\"inLanguage\":\"pt-PT\",\"@id\":\"https:\/\/www.3tech-dental.com\/#\/schema\/logo\/image\/\",\"url\":\"https:\/\/www.3tech-dental.com\/wp-content\/uploads\/2017\/11\/logo@2x.png\",\"contentUrl\":\"https:\/\/www.3tech-dental.com\/wp-content\/uploads\/2017\/11\/logo@2x.png\",\"width\":736,\"height\":193,\"caption\":\"3TECH\"},\"image\":{\"@id\":\"https:\/\/www.3tech-dental.com\/#\/schema\/logo\/image\/\"}}]}<\/script>\n<!-- \/ Yoast SEO plugin. -->","yoast_head_json":{"title":"Prensa e not\u00edcias - 3TECH","robots":{"index":"index","follow":"follow","max-snippet":"max-snippet:-1","max-image-preview":"max-image-preview:large","max-video-preview":"max-video-preview:-1"},"canonical":"https:\/\/www.3tech-dental.com\/pt-pt\/imprensa-e-noticias\/","og_locale":"pt_PT","og_type":"article","og_title":"Prensa e not\u00edcias - 3TECH","og_description":"Imprensa e not\u00edcias Le fil dentaire n\u00b0159 &#8211; Mar\u00e7o de 2020 &#8211; p\u00e1gina 8 3TECH, O DESEMPENHO A PRE\u00c7OS INTELIGENTES Na verdade, a marca assenta em 3 pilares: desempenho sem nada de sup\u00e9rfluo, isto \u00e9, produtos com efic\u00e1cia comprovada, sem suplementos in\u00fateis; fim das preocupa\u00e7\u00f5es com o servi\u00e7o p\u00f3s-venda, porque os pre\u00e7os s\u00e3o extremamente baixos, [&hellip;]","og_url":"https:\/\/www.3tech-dental.com\/pt-pt\/imprensa-e-noticias\/","og_site_name":"3TECH","article_modified_time":"2022-04-20T14:10:42+00:00","og_image":[{"url":"https:\/\/www.3tech-dental.com\/wp-content\/uploads\/2020\/12\/lefildentaire.png"}],"twitter_card":"summary_large_image","twitter_misc":{"Tempo estimado de leitura":"4 minutos"},"schema":{"@context":"https:\/\/schema.org","@graph":[{"@type":"WebPage","@id":"https:\/\/www.3tech-dental.com\/pt-pt\/imprensa-e-noticias\/","url":"https:\/\/www.3tech-dental.com\/pt-pt\/imprensa-e-noticias\/","name":"Prensa e not\u00edcias - 3TECH","isPartOf":{"@id":"https:\/\/www.3tech-dental.com\/#website"},"primaryImageOfPage":{"@id":"https:\/\/www.3tech-dental.com\/pt-pt\/imprensa-e-noticias\/#primaryimage"},"image":{"@id":"https:\/\/www.3tech-dental.com\/pt-pt\/imprensa-e-noticias\/#primaryimage"},"thumbnailUrl":"https:\/\/www.3tech-dental.com\/wp-content\/uploads\/2020\/12\/lefildentaire.png","datePublished":"2020-12-23T17:56:51+00:00","dateModified":"2022-04-20T14:10:42+00:00","breadcrumb":{"@id":"https:\/\/www.3tech-dental.com\/pt-pt\/imprensa-e-noticias\/#breadcrumb"},"inLanguage":"pt-PT","potentialAction":[{"@type":"ReadAction","target":["https:\/\/www.3tech-dental.com\/pt-pt\/imprensa-e-noticias\/"]}]},{"@type":"ImageObject","inLanguage":"pt-PT","@id":"https:\/\/www.3tech-dental.com\/pt-pt\/imprensa-e-noticias\/#primaryimage","url":"https:\/\/www.3tech-dental.com\/wp-content\/uploads\/2020\/12\/lefildentaire.png","contentUrl":"https:\/\/www.3tech-dental.com\/wp-content\/uploads\/2020\/12\/lefildentaire.png"},{"@type":"BreadcrumbList","@id":"https:\/\/www.3tech-dental.com\/pt-pt\/imprensa-e-noticias\/#breadcrumb","itemListElement":[{"@type":"ListItem","position":1,"name":"Accueil","item":"https:\/\/www.3tech-dental.com\/pt-pt\/"},{"@type":"ListItem","position":2,"name":"Prensa e not\u00edcias"}]},{"@type":"WebSite","@id":"https:\/\/www.3tech-dental.com\/#website","url":"https:\/\/www.3tech-dental.com\/","name":"3TECH","description":"Equipez-vous malin !","publisher":{"@id":"https:\/\/www.3tech-dental.com\/#organization"},"potentialAction":[{"@type":"SearchAction","target":{"@type":"EntryPoint","urlTemplate":"https:\/\/www.3tech-dental.com\/?s={search_term_string}"},"query-input":{"@type":"PropertyValueSpecification","valueRequired":true,"valueName":"search_term_string"}}],"inLanguage":"pt-PT"},{"@type":"Organization","@id":"https:\/\/www.3tech-dental.com\/#organization","name":"3TECH","url":"https:\/\/www.3tech-dental.com\/","logo":{"@type":"ImageObject","inLanguage":"pt-PT","@id":"https:\/\/www.3tech-dental.com\/#\/schema\/logo\/image\/","url":"https:\/\/www.3tech-dental.com\/wp-content\/uploads\/2017\/11\/logo@2x.png","contentUrl":"https:\/\/www.3tech-dental.com\/wp-content\/uploads\/2017\/11\/logo@2x.png","width":736,"height":193,"caption":"3TECH"},"image":{"@id":"https:\/\/www.3tech-dental.com\/#\/schema\/logo\/image\/"}}]}},"_links":{"self":[{"href":"https:\/\/www.3tech-dental.com\/pt-pt\/wp-json\/wp\/v2\/pages\/2742"}],"collection":[{"href":"https:\/\/www.3tech-dental.com\/pt-pt\/wp-json\/wp\/v2\/pages"}],"about":[{"href":"https:\/\/www.3tech-dental.com\/pt-pt\/wp-json\/wp\/v2\/types\/page"}],"author":[{"embeddable":true,"href":"https:\/\/www.3tech-dental.com\/pt-pt\/wp-json\/wp\/v2\/users\/1"}],"replies":[{"embeddable":true,"href":"https:\/\/www.3tech-dental.com\/pt-pt\/wp-json\/wp\/v2\/comments?post=2742"}],"version-history":[{"count":9,"href":"https:\/\/www.3tech-dental.com\/pt-pt\/wp-json\/wp\/v2\/pages\/2742\/revisions"}],"predecessor-version":[{"id":4614,"href":"https:\/\/www.3tech-dental.com\/pt-pt\/wp-json\/wp\/v2\/pages\/2742\/revisions\/4614"}],"wp:attachment":[{"href":"https:\/\/www.3tech-dental.com\/pt-pt\/wp-json\/wp\/v2\/media?parent=2742"}],"curies":[{"name":"wp","href":"https:\/\/api.w.org\/{rel}","templated":true}]}}