{"id":3612,"date":"2021-02-13T13:57:07","date_gmt":"2021-02-20T15:21:25","guid":{"rendered":"https:\/\/www.3tech-dental.com\/?post_type=product&#038;p=3612"},"modified":"2026-05-07T14:54:42","modified_gmt":"2026-05-07T12:54:42","slug":"contra-angulo-implant","status":"publish","type":"product","link":"https:\/\/www.3tech-dental.com\/pt-pt\/produtos\/contra-angulo-implant\/","title":{"rendered":"Contra-\u00e2ngulo implant L-2000"},"content":{"rendered":"<p><strong>Velocidade m\u00e1xima:<\/strong> 2\u00a0000 rpm<br \/>\n<strong>Rela\u00e7\u00e3o de velocidade:<\/strong> 20:1<br \/>\n<strong>Broca:<\/strong> \u00d8 2,35 mm<br \/>\nDesmonta-se facilmente para uma manuten\u00e7\u00e3o impec\u00e1vel<br \/>\n<strong>Intensidade luminosa:<\/strong> 25\u00a0000 LUX<br \/>\n<strong>Sistema de irriga\u00e7\u00e3o duplo:<\/strong> interno\/externo<br \/>\n<strong>Spray:<\/strong> 1<br \/>\nAdapta-se a todos os motores de cirurgia de tipo E<br \/>\nBot\u00e3o de press\u00e3o<br \/>\n<strong>Peso:<\/strong> 86 g<br \/>\n<strong>Garantia:<\/strong> 1 ano<\/p>\n","protected":false},"excerpt":{"rendered":"<p>Velocidade m\u00e1xima: 2\u00a0000 rpm Rela\u00e7\u00e3o de velocidade: 20:1 Broca: \u00d8 2,35 mm Desmonta-se facilmente para uma manuten\u00e7\u00e3o impec\u00e1vel Intensidade luminosa: 25\u00a0000 LUX Sistema de irriga\u00e7\u00e3o duplo: interno\/externo Spray: 1 Adapta-se a todos os motores de cirurgia de tipo E Bot\u00e3o de press\u00e3o Peso: 86 g Garantia: 1 ano<\/p>\n","protected":false},"featured_media":1788,"template":"","meta":{"_acf_changed":false},"product_cat":[],"product_tag":[],"class_list":{"0":"post-3612","1":"product","2":"type-product","3":"status-publish","4":"has-post-thumbnail","7":"first","8":"instock","9":"shipping-taxable","10":"product-type-simple"},"acf":[],"yoast_head":"<!-- This site is optimized with the Yoast SEO plugin v23.7 - https:\/\/yoast.com\/wordpress\/plugins\/seo\/ -->\n<title>Contra-\u00e2ngulo implant L-2000 - 3TECH<\/title>\n<meta name=\"robots\" content=\"index, follow, max-snippet:-1, max-image-preview:large, max-video-preview:-1\" \/>\n<link rel=\"canonical\" href=\"https:\/\/www.3tech-dental.com\/pt-pt\/produtos\/contra-angulo-implant\/\" \/>\n<meta property=\"og:locale\" content=\"pt_PT\" \/>\n<meta property=\"og:type\" content=\"article\" \/>\n<meta property=\"og:title\" content=\"Contra-\u00e2ngulo implant L-2000 - 3TECH\" \/>\n<meta property=\"og:description\" content=\"Velocidade m\u00e1xima: 2\u00a0000 rpm Rela\u00e7\u00e3o de velocidade: 20:1 Broca: \u00d8 2,35 mm Desmonta-se facilmente para uma manuten\u00e7\u00e3o impec\u00e1vel Intensidade luminosa: 25\u00a0000 LUX Sistema de irriga\u00e7\u00e3o duplo: interno\/externo Spray: 1 Adapta-se a todos os motores de cirurgia de tipo E Bot\u00e3o de press\u00e3o Peso: 86 g Garantia: 1 ano\" \/>\n<meta property=\"og:url\" content=\"https:\/\/www.3tech-dental.com\/pt-pt\/produtos\/contra-angulo-implant\/\" \/>\n<meta property=\"og:site_name\" content=\"3TECH\" \/>\n<meta property=\"article:modified_time\" content=\"2026-05-07T12:54:42+00:00\" \/>\n<meta property=\"og:image\" content=\"https:\/\/www.3tech-dental.com\/wp-content\/uploads\/2019\/11\/Contre-angle_New_1_RVB.jpg\" \/>\n\t<meta property=\"og:image:width\" content=\"2000\" \/>\n\t<meta property=\"og:image:height\" content=\"2000\" \/>\n\t<meta property=\"og:image:type\" content=\"image\/jpeg\" \/>\n<meta name=\"twitter:card\" content=\"summary_large_image\" \/>\n<meta name=\"twitter:label1\" content=\"Tempo estimado de leitura\" \/>\n\t<meta name=\"twitter:data1\" content=\"1 minuto\" \/>\n<script type=\"application\/ld+json\" class=\"yoast-schema-graph\">{\"@context\":\"https:\/\/schema.org\",\"@graph\":[{\"@type\":\"WebPage\",\"@id\":\"https:\/\/www.3tech-dental.com\/pt-pt\/produtos\/contra-angulo-implant\/\",\"url\":\"https:\/\/www.3tech-dental.com\/pt-pt\/produtos\/contra-angulo-implant\/\",\"name\":\"Contra-\u00e2ngulo implant L-2000 - 3TECH\",\"isPartOf\":{\"@id\":\"https:\/\/www.3tech-dental.com\/#website\"},\"primaryImageOfPage\":{\"@id\":\"https:\/\/www.3tech-dental.com\/pt-pt\/produtos\/contra-angulo-implant\/#primaryimage\"},\"image\":{\"@id\":\"https:\/\/www.3tech-dental.com\/pt-pt\/produtos\/contra-angulo-implant\/#primaryimage\"},\"thumbnailUrl\":\"https:\/\/www.3tech-dental.com\/wp-content\/uploads\/2019\/11\/Contre-angle_New_1_RVB.jpg\",\"datePublished\":\"2021-02-20T15:21:25+00:00\",\"dateModified\":\"2026-05-07T12:54:42+00:00\",\"breadcrumb\":{\"@id\":\"https:\/\/www.3tech-dental.com\/pt-pt\/produtos\/contra-angulo-implant\/#breadcrumb\"},\"inLanguage\":\"pt-PT\",\"potentialAction\":[{\"@type\":\"ReadAction\",\"target\":[\"https:\/\/www.3tech-dental.com\/pt-pt\/produtos\/contra-angulo-implant\/\"]}]},{\"@type\":\"ImageObject\",\"inLanguage\":\"pt-PT\",\"@id\":\"https:\/\/www.3tech-dental.com\/pt-pt\/produtos\/contra-angulo-implant\/#primaryimage\",\"url\":\"https:\/\/www.3tech-dental.com\/wp-content\/uploads\/2019\/11\/Contre-angle_New_1_RVB.jpg\",\"contentUrl\":\"https:\/\/www.3tech-dental.com\/wp-content\/uploads\/2019\/11\/Contre-angle_New_1_RVB.jpg\",\"width\":2000,\"height\":2000},{\"@type\":\"BreadcrumbList\",\"@id\":\"https:\/\/www.3tech-dental.com\/pt-pt\/produtos\/contra-angulo-implant\/#breadcrumb\",\"itemListElement\":[{\"@type\":\"ListItem\",\"position\":1,\"name\":\"Accueil\",\"item\":\"https:\/\/www.3tech-dental.com\/pt-pt\/\"},{\"@type\":\"ListItem\",\"position\":2,\"name\":\"A nossa gamma\",\"item\":\"https:\/\/www.3tech-dental.com\/pt-pt\/a-nossa-gamma\/\"},{\"@type\":\"ListItem\",\"position\":3,\"name\":\"Contra-\u00e2ngulo implant L-2000\"}]},{\"@type\":\"WebSite\",\"@id\":\"https:\/\/www.3tech-dental.com\/#website\",\"url\":\"https:\/\/www.3tech-dental.com\/\",\"name\":\"3TECH\",\"description\":\"Equipez-vous malin !\",\"publisher\":{\"@id\":\"https:\/\/www.3tech-dental.com\/#organization\"},\"potentialAction\":[{\"@type\":\"SearchAction\",\"target\":{\"@type\":\"EntryPoint\",\"urlTemplate\":\"https:\/\/www.3tech-dental.com\/?s={search_term_string}\"},\"query-input\":{\"@type\":\"PropertyValueSpecification\",\"valueRequired\":true,\"valueName\":\"search_term_string\"}}],\"inLanguage\":\"pt-PT\"},{\"@type\":\"Organization\",\"@id\":\"https:\/\/www.3tech-dental.com\/#organization\",\"name\":\"3TECH\",\"url\":\"https:\/\/www.3tech-dental.com\/\",\"logo\":{\"@type\":\"ImageObject\",\"inLanguage\":\"pt-PT\",\"@id\":\"https:\/\/www.3tech-dental.com\/#\/schema\/logo\/image\/\",\"url\":\"https:\/\/www.3tech-dental.com\/wp-content\/uploads\/2017\/11\/logo@2x.png\",\"contentUrl\":\"https:\/\/www.3tech-dental.com\/wp-content\/uploads\/2017\/11\/logo@2x.png\",\"width\":736,\"height\":193,\"caption\":\"3TECH\"},\"image\":{\"@id\":\"https:\/\/www.3tech-dental.com\/#\/schema\/logo\/image\/\"}}]}<\/script>\n<!-- \/ Yoast SEO plugin. -->","yoast_head_json":{"title":"Contra-\u00e2ngulo implant L-2000 - 3TECH","robots":{"index":"index","follow":"follow","max-snippet":"max-snippet:-1","max-image-preview":"max-image-preview:large","max-video-preview":"max-video-preview:-1"},"canonical":"https:\/\/www.3tech-dental.com\/pt-pt\/produtos\/contra-angulo-implant\/","og_locale":"pt_PT","og_type":"article","og_title":"Contra-\u00e2ngulo implant L-2000 - 3TECH","og_description":"Velocidade m\u00e1xima: 2\u00a0000 rpm Rela\u00e7\u00e3o de velocidade: 20:1 Broca: \u00d8 2,35 mm Desmonta-se facilmente para uma manuten\u00e7\u00e3o impec\u00e1vel Intensidade luminosa: 25\u00a0000 LUX Sistema de irriga\u00e7\u00e3o duplo: interno\/externo Spray: 1 Adapta-se a todos os motores de cirurgia de tipo E Bot\u00e3o de press\u00e3o Peso: 86 g Garantia: 1 ano","og_url":"https:\/\/www.3tech-dental.com\/pt-pt\/produtos\/contra-angulo-implant\/","og_site_name":"3TECH","article_modified_time":"2026-05-07T12:54:42+00:00","og_image":[{"width":2000,"height":2000,"url":"https:\/\/www.3tech-dental.com\/wp-content\/uploads\/2019\/11\/Contre-angle_New_1_RVB.jpg","type":"image\/jpeg"}],"twitter_card":"summary_large_image","twitter_misc":{"Tempo estimado de leitura":"1 minuto"},"schema":{"@context":"https:\/\/schema.org","@graph":[{"@type":"WebPage","@id":"https:\/\/www.3tech-dental.com\/pt-pt\/produtos\/contra-angulo-implant\/","url":"https:\/\/www.3tech-dental.com\/pt-pt\/produtos\/contra-angulo-implant\/","name":"Contra-\u00e2ngulo implant L-2000 - 3TECH","isPartOf":{"@id":"https:\/\/www.3tech-dental.com\/#website"},"primaryImageOfPage":{"@id":"https:\/\/www.3tech-dental.com\/pt-pt\/produtos\/contra-angulo-implant\/#primaryimage"},"image":{"@id":"https:\/\/www.3tech-dental.com\/pt-pt\/produtos\/contra-angulo-implant\/#primaryimage"},"thumbnailUrl":"https:\/\/www.3tech-dental.com\/wp-content\/uploads\/2019\/11\/Contre-angle_New_1_RVB.jpg","datePublished":"2021-02-20T15:21:25+00:00","dateModified":"2026-05-07T12:54:42+00:00","breadcrumb":{"@id":"https:\/\/www.3tech-dental.com\/pt-pt\/produtos\/contra-angulo-implant\/#breadcrumb"},"inLanguage":"pt-PT","potentialAction":[{"@type":"ReadAction","target":["https:\/\/www.3tech-dental.com\/pt-pt\/produtos\/contra-angulo-implant\/"]}]},{"@type":"ImageObject","inLanguage":"pt-PT","@id":"https:\/\/www.3tech-dental.com\/pt-pt\/produtos\/contra-angulo-implant\/#primaryimage","url":"https:\/\/www.3tech-dental.com\/wp-content\/uploads\/2019\/11\/Contre-angle_New_1_RVB.jpg","contentUrl":"https:\/\/www.3tech-dental.com\/wp-content\/uploads\/2019\/11\/Contre-angle_New_1_RVB.jpg","width":2000,"height":2000},{"@type":"BreadcrumbList","@id":"https:\/\/www.3tech-dental.com\/pt-pt\/produtos\/contra-angulo-implant\/#breadcrumb","itemListElement":[{"@type":"ListItem","position":1,"name":"Accueil","item":"https:\/\/www.3tech-dental.com\/pt-pt\/"},{"@type":"ListItem","position":2,"name":"A nossa gamma","item":"https:\/\/www.3tech-dental.com\/pt-pt\/a-nossa-gamma\/"},{"@type":"ListItem","position":3,"name":"Contra-\u00e2ngulo implant L-2000"}]},{"@type":"WebSite","@id":"https:\/\/www.3tech-dental.com\/#website","url":"https:\/\/www.3tech-dental.com\/","name":"3TECH","description":"Equipez-vous malin !","publisher":{"@id":"https:\/\/www.3tech-dental.com\/#organization"},"potentialAction":[{"@type":"SearchAction","target":{"@type":"EntryPoint","urlTemplate":"https:\/\/www.3tech-dental.com\/?s={search_term_string}"},"query-input":{"@type":"PropertyValueSpecification","valueRequired":true,"valueName":"search_term_string"}}],"inLanguage":"pt-PT"},{"@type":"Organization","@id":"https:\/\/www.3tech-dental.com\/#organization","name":"3TECH","url":"https:\/\/www.3tech-dental.com\/","logo":{"@type":"ImageObject","inLanguage":"pt-PT","@id":"https:\/\/www.3tech-dental.com\/#\/schema\/logo\/image\/","url":"https:\/\/www.3tech-dental.com\/wp-content\/uploads\/2017\/11\/logo@2x.png","contentUrl":"https:\/\/www.3tech-dental.com\/wp-content\/uploads\/2017\/11\/logo@2x.png","width":736,"height":193,"caption":"3TECH"},"image":{"@id":"https:\/\/www.3tech-dental.com\/#\/schema\/logo\/image\/"}}]}},"_links":{"self":[{"href":"https:\/\/www.3tech-dental.com\/pt-pt\/wp-json\/wp\/v2\/product\/3612"}],"collection":[{"href":"https:\/\/www.3tech-dental.com\/pt-pt\/wp-json\/wp\/v2\/product"}],"about":[{"href":"https:\/\/www.3tech-dental.com\/pt-pt\/wp-json\/wp\/v2\/types\/product"}],"wp:featuredmedia":[{"embeddable":true,"href":"https:\/\/www.3tech-dental.com\/pt-pt\/wp-json\/wp\/v2\/media\/1788"}],"wp:attachment":[{"href":"https:\/\/www.3tech-dental.com\/pt-pt\/wp-json\/wp\/v2\/media?parent=3612"}],"wp:term":[{"taxonomy":"product_cat","embeddable":true,"href":"https:\/\/www.3tech-dental.com\/pt-pt\/wp-json\/wp\/v2\/product_cat?post=3612"},{"taxonomy":"product_tag","embeddable":true,"href":"https:\/\/www.3tech-dental.com\/pt-pt\/wp-json\/wp\/v2\/product_tag?post=3612"}],"curies":[{"name":"wp","href":"https:\/\/api.w.org\/{rel}","templated":true}]}}