{"id":3616,"date":"2021-02-10T12:28:52","date_gmt":"2021-02-20T15:28:16","guid":{"rendered":"https:\/\/www.3tech-dental.com\/?post_type=product&#038;p=3616"},"modified":"2024-02-20T16:04:33","modified_gmt":"2024-02-20T15:04:33","slug":"cuba-de-ultrasons","status":"publish","type":"product","link":"https:\/\/www.3tech-dental.com\/pt-pt\/produtos\/cuba-de-ultrasons\/","title":{"rendered":"ULTRASONIC CLEANER USC-2.5L"},"content":{"rendered":"<p><strong>Pot\u00eancia:<\/strong> 160 W<br \/>\n<strong>Frequ\u00eancia:<\/strong> 42 kHz<br \/>\n<strong>Temperatura de aquecimento:<\/strong> 65\u00b0C<br \/>\nSele\u00e7\u00e3o digital de programas entre 5 ciclos<br \/>\n<strong>Dura\u00e7\u00e3o ajust\u00e1vel:<\/strong> 45 minutos<br \/>\n<strong>Capacidade:<\/strong> de 0,6 a 2,5 L<br \/>\n<strong>Peso:<\/strong> 2,5 kg<br \/>\n<strong>Dimens\u00f5es externas (h x w x p):<\/strong> 17,5 x 28 x 22 cm<br \/>\n<strong>Dimensiones da la cuba (h x w x p):<\/strong> 8 x 25 x 15 cm<br \/>\nTampa remov\u00edvel<\/p>\n<p><span style=\"color: #000000;\">A cesta pode evitar atrito entre os instrumentos a serem limpos e o tanque de a\u00e7o inoxid\u00e1vel; ele tamb\u00e9m pode reduzir o atrito entre dois objetos.<\/span><br \/>\n<span style=\"color: #000000;\">Ao colocar os instrumentos e a cesta pl\u00e1stica no tanque, a unidade tamb\u00e9m limpa a cesta, absorvendo 15% da energia ultrass\u00f3nica.<\/span><br \/>\n<span style=\"color: #000000;\">Capacidade: 2,5 ml.<\/span><br \/>\n<span style=\"color: #000000;\"><strong>Conte\u00fado:<\/strong>\u00a0<\/span>uma cesta de pl\u00e1stico.<\/p>\n<p><strong>Garantia:<\/strong> 1 ano<\/p>\n","protected":false},"excerpt":{"rendered":"<p>Pot\u00eancia: 160 W Frequ\u00eancia: 42 kHz Temperatura de aquecimento: 65\u00b0C Sele\u00e7\u00e3o digital de programas entre 5 ciclos Dura\u00e7\u00e3o ajust\u00e1vel: 45 minutos Capacidade: de 0,6 a 2,5 L Peso: 2,5 kg Dimens\u00f5es externas (h x w x p): 17,5 x 28 x 22 cm Dimensiones da la cuba (h x w x p): 8 x 25 [&hellip;]<\/p>\n","protected":false},"featured_media":3473,"template":"","meta":{"_acf_changed":false},"product_cat":[105],"product_tag":[],"class_list":{"0":"post-3616","1":"product","2":"type-product","3":"status-publish","4":"has-post-thumbnail","6":"product_cat-banhos-de-ultrasons","8":"first","9":"instock","10":"shipping-taxable","11":"product-type-simple"},"acf":[],"yoast_head":"<!-- This site is optimized with the Yoast SEO plugin v23.7 - https:\/\/yoast.com\/wordpress\/plugins\/seo\/ -->\n<title>ULTRASONIC CLEANER USC-2.5L - 3TECH<\/title>\n<meta name=\"robots\" content=\"index, follow, max-snippet:-1, max-image-preview:large, max-video-preview:-1\" \/>\n<link rel=\"canonical\" href=\"https:\/\/www.3tech-dental.com\/pt-pt\/produtos\/cuba-de-ultrasons\/\" \/>\n<meta property=\"og:locale\" content=\"pt_PT\" \/>\n<meta property=\"og:type\" content=\"article\" \/>\n<meta property=\"og:title\" content=\"ULTRASONIC CLEANER USC-2.5L - 3TECH\" \/>\n<meta property=\"og:description\" content=\"Pot\u00eancia: 160 W Frequ\u00eancia: 42 kHz Temperatura de aquecimento: 65\u00b0C Sele\u00e7\u00e3o digital de programas entre 5 ciclos Dura\u00e7\u00e3o ajust\u00e1vel: 45 minutos Capacidade: de 0,6 a 2,5 L Peso: 2,5 kg Dimens\u00f5es externas (h x w x p): 17,5 x 28 x 22 cm Dimensiones da la cuba (h x w x p): 8 x 25 [&hellip;]\" \/>\n<meta property=\"og:url\" content=\"https:\/\/www.3tech-dental.com\/pt-pt\/produtos\/cuba-de-ultrasons\/\" \/>\n<meta property=\"og:site_name\" content=\"3TECH\" \/>\n<meta property=\"article:modified_time\" content=\"2024-02-20T15:04:33+00:00\" \/>\n<meta property=\"og:image\" content=\"https:\/\/www.3tech-dental.com\/wp-content\/uploads\/2021\/02\/final_6029817c75b1b30036dd1f13_569013.png\" \/>\n\t<meta property=\"og:image:width\" content=\"1280\" \/>\n\t<meta property=\"og:image:height\" content=\"1280\" \/>\n\t<meta property=\"og:image:type\" content=\"image\/png\" \/>\n<meta name=\"twitter:card\" content=\"summary_large_image\" \/>\n<meta name=\"twitter:label1\" content=\"Tempo estimado de leitura\" \/>\n\t<meta name=\"twitter:data1\" content=\"1 minuto\" \/>\n<script type=\"application\/ld+json\" class=\"yoast-schema-graph\">{\"@context\":\"https:\/\/schema.org\",\"@graph\":[{\"@type\":\"WebPage\",\"@id\":\"https:\/\/www.3tech-dental.com\/pt-pt\/produtos\/cuba-de-ultrasons\/\",\"url\":\"https:\/\/www.3tech-dental.com\/pt-pt\/produtos\/cuba-de-ultrasons\/\",\"name\":\"ULTRASONIC CLEANER USC-2.5L - 3TECH\",\"isPartOf\":{\"@id\":\"https:\/\/www.3tech-dental.com\/#website\"},\"primaryImageOfPage\":{\"@id\":\"https:\/\/www.3tech-dental.com\/pt-pt\/produtos\/cuba-de-ultrasons\/#primaryimage\"},\"image\":{\"@id\":\"https:\/\/www.3tech-dental.com\/pt-pt\/produtos\/cuba-de-ultrasons\/#primaryimage\"},\"thumbnailUrl\":\"https:\/\/www.3tech-dental.com\/wp-content\/uploads\/2021\/02\/final_6029817c75b1b30036dd1f13_569013.png\",\"datePublished\":\"2021-02-20T15:28:16+00:00\",\"dateModified\":\"2024-02-20T15:04:33+00:00\",\"breadcrumb\":{\"@id\":\"https:\/\/www.3tech-dental.com\/pt-pt\/produtos\/cuba-de-ultrasons\/#breadcrumb\"},\"inLanguage\":\"pt-PT\",\"potentialAction\":[{\"@type\":\"ReadAction\",\"target\":[\"https:\/\/www.3tech-dental.com\/pt-pt\/produtos\/cuba-de-ultrasons\/\"]}]},{\"@type\":\"ImageObject\",\"inLanguage\":\"pt-PT\",\"@id\":\"https:\/\/www.3tech-dental.com\/pt-pt\/produtos\/cuba-de-ultrasons\/#primaryimage\",\"url\":\"https:\/\/www.3tech-dental.com\/wp-content\/uploads\/2021\/02\/final_6029817c75b1b30036dd1f13_569013.png\",\"contentUrl\":\"https:\/\/www.3tech-dental.com\/wp-content\/uploads\/2021\/02\/final_6029817c75b1b30036dd1f13_569013.png\",\"width\":\"1280\",\"height\":\"1280\"},{\"@type\":\"BreadcrumbList\",\"@id\":\"https:\/\/www.3tech-dental.com\/pt-pt\/produtos\/cuba-de-ultrasons\/#breadcrumb\",\"itemListElement\":[{\"@type\":\"ListItem\",\"position\":1,\"name\":\"Accueil\",\"item\":\"https:\/\/www.3tech-dental.com\/pt-pt\/\"},{\"@type\":\"ListItem\",\"position\":2,\"name\":\"A nossa gamma\",\"item\":\"https:\/\/www.3tech-dental.com\/pt-pt\/a-nossa-gamma\/\"},{\"@type\":\"ListItem\",\"position\":3,\"name\":\"ULTRASONIC CLEANER USC-2.5L\"}]},{\"@type\":\"WebSite\",\"@id\":\"https:\/\/www.3tech-dental.com\/#website\",\"url\":\"https:\/\/www.3tech-dental.com\/\",\"name\":\"3TECH\",\"description\":\"Equipez-vous malin !\",\"publisher\":{\"@id\":\"https:\/\/www.3tech-dental.com\/#organization\"},\"potentialAction\":[{\"@type\":\"SearchAction\",\"target\":{\"@type\":\"EntryPoint\",\"urlTemplate\":\"https:\/\/www.3tech-dental.com\/?s={search_term_string}\"},\"query-input\":{\"@type\":\"PropertyValueSpecification\",\"valueRequired\":true,\"valueName\":\"search_term_string\"}}],\"inLanguage\":\"pt-PT\"},{\"@type\":\"Organization\",\"@id\":\"https:\/\/www.3tech-dental.com\/#organization\",\"name\":\"3TECH\",\"url\":\"https:\/\/www.3tech-dental.com\/\",\"logo\":{\"@type\":\"ImageObject\",\"inLanguage\":\"pt-PT\",\"@id\":\"https:\/\/www.3tech-dental.com\/#\/schema\/logo\/image\/\",\"url\":\"https:\/\/www.3tech-dental.com\/wp-content\/uploads\/2017\/11\/logo@2x.png\",\"contentUrl\":\"https:\/\/www.3tech-dental.com\/wp-content\/uploads\/2017\/11\/logo@2x.png\",\"width\":736,\"height\":193,\"caption\":\"3TECH\"},\"image\":{\"@id\":\"https:\/\/www.3tech-dental.com\/#\/schema\/logo\/image\/\"}}]}<\/script>\n<!-- \/ Yoast SEO plugin. -->","yoast_head_json":{"title":"ULTRASONIC CLEANER USC-2.5L - 3TECH","robots":{"index":"index","follow":"follow","max-snippet":"max-snippet:-1","max-image-preview":"max-image-preview:large","max-video-preview":"max-video-preview:-1"},"canonical":"https:\/\/www.3tech-dental.com\/pt-pt\/produtos\/cuba-de-ultrasons\/","og_locale":"pt_PT","og_type":"article","og_title":"ULTRASONIC CLEANER USC-2.5L - 3TECH","og_description":"Pot\u00eancia: 160 W Frequ\u00eancia: 42 kHz Temperatura de aquecimento: 65\u00b0C Sele\u00e7\u00e3o digital de programas entre 5 ciclos Dura\u00e7\u00e3o ajust\u00e1vel: 45 minutos Capacidade: de 0,6 a 2,5 L Peso: 2,5 kg Dimens\u00f5es externas (h x w x p): 17,5 x 28 x 22 cm Dimensiones da la cuba (h x w x p): 8 x 25 [&hellip;]","og_url":"https:\/\/www.3tech-dental.com\/pt-pt\/produtos\/cuba-de-ultrasons\/","og_site_name":"3TECH","article_modified_time":"2024-02-20T15:04:33+00:00","og_image":[{"width":1280,"height":1280,"url":"https:\/\/www.3tech-dental.com\/wp-content\/uploads\/2021\/02\/final_6029817c75b1b30036dd1f13_569013.png","type":"image\/png"}],"twitter_card":"summary_large_image","twitter_misc":{"Tempo estimado de leitura":"1 minuto"},"schema":{"@context":"https:\/\/schema.org","@graph":[{"@type":"WebPage","@id":"https:\/\/www.3tech-dental.com\/pt-pt\/produtos\/cuba-de-ultrasons\/","url":"https:\/\/www.3tech-dental.com\/pt-pt\/produtos\/cuba-de-ultrasons\/","name":"ULTRASONIC CLEANER USC-2.5L - 3TECH","isPartOf":{"@id":"https:\/\/www.3tech-dental.com\/#website"},"primaryImageOfPage":{"@id":"https:\/\/www.3tech-dental.com\/pt-pt\/produtos\/cuba-de-ultrasons\/#primaryimage"},"image":{"@id":"https:\/\/www.3tech-dental.com\/pt-pt\/produtos\/cuba-de-ultrasons\/#primaryimage"},"thumbnailUrl":"https:\/\/www.3tech-dental.com\/wp-content\/uploads\/2021\/02\/final_6029817c75b1b30036dd1f13_569013.png","datePublished":"2021-02-20T15:28:16+00:00","dateModified":"2024-02-20T15:04:33+00:00","breadcrumb":{"@id":"https:\/\/www.3tech-dental.com\/pt-pt\/produtos\/cuba-de-ultrasons\/#breadcrumb"},"inLanguage":"pt-PT","potentialAction":[{"@type":"ReadAction","target":["https:\/\/www.3tech-dental.com\/pt-pt\/produtos\/cuba-de-ultrasons\/"]}]},{"@type":"ImageObject","inLanguage":"pt-PT","@id":"https:\/\/www.3tech-dental.com\/pt-pt\/produtos\/cuba-de-ultrasons\/#primaryimage","url":"https:\/\/www.3tech-dental.com\/wp-content\/uploads\/2021\/02\/final_6029817c75b1b30036dd1f13_569013.png","contentUrl":"https:\/\/www.3tech-dental.com\/wp-content\/uploads\/2021\/02\/final_6029817c75b1b30036dd1f13_569013.png","width":"1280","height":"1280"},{"@type":"BreadcrumbList","@id":"https:\/\/www.3tech-dental.com\/pt-pt\/produtos\/cuba-de-ultrasons\/#breadcrumb","itemListElement":[{"@type":"ListItem","position":1,"name":"Accueil","item":"https:\/\/www.3tech-dental.com\/pt-pt\/"},{"@type":"ListItem","position":2,"name":"A nossa gamma","item":"https:\/\/www.3tech-dental.com\/pt-pt\/a-nossa-gamma\/"},{"@type":"ListItem","position":3,"name":"ULTRASONIC CLEANER USC-2.5L"}]},{"@type":"WebSite","@id":"https:\/\/www.3tech-dental.com\/#website","url":"https:\/\/www.3tech-dental.com\/","name":"3TECH","description":"Equipez-vous malin !","publisher":{"@id":"https:\/\/www.3tech-dental.com\/#organization"},"potentialAction":[{"@type":"SearchAction","target":{"@type":"EntryPoint","urlTemplate":"https:\/\/www.3tech-dental.com\/?s={search_term_string}"},"query-input":{"@type":"PropertyValueSpecification","valueRequired":true,"valueName":"search_term_string"}}],"inLanguage":"pt-PT"},{"@type":"Organization","@id":"https:\/\/www.3tech-dental.com\/#organization","name":"3TECH","url":"https:\/\/www.3tech-dental.com\/","logo":{"@type":"ImageObject","inLanguage":"pt-PT","@id":"https:\/\/www.3tech-dental.com\/#\/schema\/logo\/image\/","url":"https:\/\/www.3tech-dental.com\/wp-content\/uploads\/2017\/11\/logo@2x.png","contentUrl":"https:\/\/www.3tech-dental.com\/wp-content\/uploads\/2017\/11\/logo@2x.png","width":736,"height":193,"caption":"3TECH"},"image":{"@id":"https:\/\/www.3tech-dental.com\/#\/schema\/logo\/image\/"}}]}},"_links":{"self":[{"href":"https:\/\/www.3tech-dental.com\/pt-pt\/wp-json\/wp\/v2\/product\/3616"}],"collection":[{"href":"https:\/\/www.3tech-dental.com\/pt-pt\/wp-json\/wp\/v2\/product"}],"about":[{"href":"https:\/\/www.3tech-dental.com\/pt-pt\/wp-json\/wp\/v2\/types\/product"}],"wp:featuredmedia":[{"embeddable":true,"href":"https:\/\/www.3tech-dental.com\/pt-pt\/wp-json\/wp\/v2\/media\/3473"}],"wp:attachment":[{"href":"https:\/\/www.3tech-dental.com\/pt-pt\/wp-json\/wp\/v2\/media?parent=3616"}],"wp:term":[{"taxonomy":"product_cat","embeddable":true,"href":"https:\/\/www.3tech-dental.com\/pt-pt\/wp-json\/wp\/v2\/product_cat?post=3616"},{"taxonomy":"product_tag","embeddable":true,"href":"https:\/\/www.3tech-dental.com\/pt-pt\/wp-json\/wp\/v2\/product_tag?post=3616"}],"curies":[{"name":"wp","href":"https:\/\/api.w.org\/{rel}","templated":true}]}}