{"id":3625,"date":"2021-02-13T19:10:42","date_gmt":"2021-02-20T17:38:53","guid":{"rendered":"https:\/\/www.3tech-dental.com\/?post_type=product&#038;p=3625"},"modified":"2024-02-20T10:29:33","modified_gmt":"2024-02-20T09:29:33","slug":"motor-implantes","status":"publish","type":"product","link":"https:\/\/www.3tech-dental.com\/pt-pt\/produtos\/motor-implantes\/","title":{"rendered":"MOTOR DE IMPLANTE"},"content":{"rendered":"<p style=\"text-align: left;\"><strong>MOTOR DE IMPLANTE<\/strong><\/p>\n<p><span class=\"product-stitle\">Motor de implante para cirurgia de precis\u00e3o<\/span><\/p>\n<p>Sistema de alto rendimento e precis\u00e3o<br \/>\nEconomia de tempo com uma interface intuitiva<br \/>\nAjuste da mem\u00f3ria dos par\u00e2metros<br \/>\nSele\u00e7\u00e3o de rota\u00e7\u00e3o para a frente\/para tr\u00e1s<br \/>\n<strong>Intervalo de velocidade\u00a0:<\/strong> 300 &#8211; 40 000 tr\/min<br \/>\n<strong>Seis n\u00edveis de fluxo de \u00e1gua :<\/strong> 0 %, 20 %, 40 %, 60 %, 80 % e 100 %<br \/>\n<strong>Intervalo de momento de tors\u00e3o\u00a0:<\/strong> 5-80 Ncm<br \/>\n<strong>Dimens\u00f5es (l x p x h) :<\/strong> 276 x 267 x 110 mm<br \/>\n<strong>Tamanho do ecr\u00e3\u00a0:<\/strong> 152 x 84 mm<br \/>\n<strong>Volume m\u00e1ximo de \u00e1gua\u00a0:<\/strong> 110 ml\/min<br \/>\n<strong>Comprimento do cabo do motor :<\/strong> 2 m<br \/>\n<strong>Comprimento do cabo do pedal :<\/strong> 2,8 m<br \/>\n<strong>Peso da unidade principal\u00a0:<\/strong> 3,54 kg<br \/>\n<strong>Conte\u00fado :<\/strong> 1 unidade principal, 10 bra\u00e7adeira de tubo, 1 cabo de alimenta\u00e7\u00e3o,<br \/>\n4 juntas t\u00f3rica (motor), 1 suporte da pe\u00e7a de m\u00e3o, 1 pedal, 4 tubos de \u00e1gua descart\u00e1vel, 1 pe\u00e7a de m\u00e3o motorizada, 1 suporte para garrafa de perfus\u00e3o,<br \/>\n2 fus\u00edveis de reposi\u00e7\u00e3o, 2 tampas de desinfe\u00e7\u00e3o, 1 manual de instru\u00e7\u00f5es.<\/p>\n<p><strong>Garantia:<\/strong> 2 anos<\/p>\n<p>O motor \u00e9 compat\u00edvel com o sistema de irriga\u00e7\u00e3o HYGITECH UNIVERSAL<\/p>\n<p style=\"text-align: left;\"><strong>ACESS\u00d3RIOS<\/strong><\/p>\n<p><span class=\"product-stitle\">Cabo de liga\u00e7\u00e3o e micromotor para a unidade de implantes IMPLANT UNIT POWER PRO<\/span><\/p>\n<p>2 cores de ponta de liga\u00e7\u00e3o dispon\u00edveis (preto e cinzento, cores diferentes dependendo das posi\u00e7\u00f5es dos pinos): <strong>a escolher de acordo com a cor do IMPLANTE MOTOR PRO UNIT POWER.<\/strong><\/p>\n<p><strong>Comprimento do cabo do motor \u2248<\/strong> 2 m<br \/>\n<strong>Dispon\u00edvel em 2 cores :<\/strong> cinzento e preto (de acordo com a ponta,<br \/>\npedir a cor correspondente)<br \/>\n<strong>Peso \u2248<\/strong> 0,185 kg<\/p>\n<p><strong>Garantia :<\/strong> 1 ano<\/p>\n<p><span class=\"product-stitle\">Pedal de substitui\u00e7\u00e3o para a unidade de substitui\u00e7\u00e3o POWER PRO MOTOR<\/span><\/p>\n<p>Permite escolher o programa, a sa\u00edda de \u00e1gua e o movimento para a frente e para tr\u00e1s<br \/>\nFora da classe de diretiva<br \/>\n<strong>Comprimento do cabo:<\/strong> 2,8 m<\/p>\n<p><strong>Garantia:<\/strong> 1 ano<\/p>\n","protected":false},"excerpt":{"rendered":"<p>MOTOR DE IMPLANTE Motor de implante para cirurgia de precis\u00e3o Sistema de alto rendimento e precis\u00e3o Economia de tempo com uma interface intuitiva Ajuste da mem\u00f3ria dos par\u00e2metros Sele\u00e7\u00e3o de rota\u00e7\u00e3o para a frente\/para tr\u00e1s Intervalo de velocidade\u00a0: 300 &#8211; 40 000 tr\/min Seis n\u00edveis de fluxo de \u00e1gua : 0 %, 20 %, 40 [&hellip;]<\/p>\n","protected":false},"featured_media":3483,"template":"","meta":{"_acf_changed":false},"product_cat":[86],"product_tag":[],"class_list":{"0":"post-3625","1":"product","2":"type-product","3":"status-publish","4":"has-post-thumbnail","6":"product_cat-produtos","8":"first","9":"instock","10":"shipping-taxable","11":"product-type-simple"},"acf":[],"yoast_head":"<!-- This site is optimized with the Yoast SEO plugin v23.7 - https:\/\/yoast.com\/wordpress\/plugins\/seo\/ -->\n<title>MOTOR DE IMPLANTE - 3TECH<\/title>\n<meta name=\"robots\" content=\"index, follow, max-snippet:-1, max-image-preview:large, max-video-preview:-1\" \/>\n<link rel=\"canonical\" href=\"https:\/\/www.3tech-dental.com\/pt-pt\/produtos\/motor-implantes\/\" \/>\n<meta property=\"og:locale\" content=\"pt_PT\" \/>\n<meta property=\"og:type\" content=\"article\" \/>\n<meta property=\"og:title\" content=\"MOTOR DE IMPLANTE - 3TECH\" \/>\n<meta property=\"og:description\" content=\"MOTOR DE IMPLANTE Motor de implante para cirurgia de precis\u00e3o Sistema de alto rendimento e precis\u00e3o Economia de tempo com uma interface intuitiva Ajuste da mem\u00f3ria dos par\u00e2metros Sele\u00e7\u00e3o de rota\u00e7\u00e3o para a frente\/para tr\u00e1s Intervalo de velocidade\u00a0: 300 &#8211; 40 000 tr\/min Seis n\u00edveis de fluxo de \u00e1gua : 0 %, 20 %, 40 [&hellip;]\" \/>\n<meta property=\"og:url\" content=\"https:\/\/www.3tech-dental.com\/pt-pt\/produtos\/motor-implantes\/\" \/>\n<meta property=\"og:site_name\" content=\"3TECH\" \/>\n<meta property=\"article:modified_time\" content=\"2024-02-20T09:29:33+00:00\" \/>\n<meta property=\"og:image\" content=\"https:\/\/www.3tech-dental.com\/wp-content\/uploads\/2021\/02\/final_602986c6048a43008c327ee4_584514.png\" \/>\n\t<meta property=\"og:image:width\" content=\"1280\" \/>\n\t<meta property=\"og:image:height\" content=\"1280\" \/>\n\t<meta property=\"og:image:type\" content=\"image\/png\" \/>\n<meta name=\"twitter:card\" content=\"summary_large_image\" \/>\n<meta name=\"twitter:label1\" content=\"Tempo estimado de leitura\" \/>\n\t<meta name=\"twitter:data1\" content=\"2 minutos\" \/>\n<script type=\"application\/ld+json\" class=\"yoast-schema-graph\">{\"@context\":\"https:\/\/schema.org\",\"@graph\":[{\"@type\":\"WebPage\",\"@id\":\"https:\/\/www.3tech-dental.com\/pt-pt\/produtos\/motor-implantes\/\",\"url\":\"https:\/\/www.3tech-dental.com\/pt-pt\/produtos\/motor-implantes\/\",\"name\":\"MOTOR DE IMPLANTE - 3TECH\",\"isPartOf\":{\"@id\":\"https:\/\/www.3tech-dental.com\/#website\"},\"primaryImageOfPage\":{\"@id\":\"https:\/\/www.3tech-dental.com\/pt-pt\/produtos\/motor-implantes\/#primaryimage\"},\"image\":{\"@id\":\"https:\/\/www.3tech-dental.com\/pt-pt\/produtos\/motor-implantes\/#primaryimage\"},\"thumbnailUrl\":\"https:\/\/www.3tech-dental.com\/wp-content\/uploads\/2021\/02\/final_602986c6048a43008c327ee4_584514.png\",\"datePublished\":\"2021-02-20T17:38:53+00:00\",\"dateModified\":\"2024-02-20T09:29:33+00:00\",\"breadcrumb\":{\"@id\":\"https:\/\/www.3tech-dental.com\/pt-pt\/produtos\/motor-implantes\/#breadcrumb\"},\"inLanguage\":\"pt-PT\",\"potentialAction\":[{\"@type\":\"ReadAction\",\"target\":[\"https:\/\/www.3tech-dental.com\/pt-pt\/produtos\/motor-implantes\/\"]}]},{\"@type\":\"ImageObject\",\"inLanguage\":\"pt-PT\",\"@id\":\"https:\/\/www.3tech-dental.com\/pt-pt\/produtos\/motor-implantes\/#primaryimage\",\"url\":\"https:\/\/www.3tech-dental.com\/wp-content\/uploads\/2021\/02\/final_602986c6048a43008c327ee4_584514.png\",\"contentUrl\":\"https:\/\/www.3tech-dental.com\/wp-content\/uploads\/2021\/02\/final_602986c6048a43008c327ee4_584514.png\",\"width\":\"1280\",\"height\":\"1280\"},{\"@type\":\"BreadcrumbList\",\"@id\":\"https:\/\/www.3tech-dental.com\/pt-pt\/produtos\/motor-implantes\/#breadcrumb\",\"itemListElement\":[{\"@type\":\"ListItem\",\"position\":1,\"name\":\"Accueil\",\"item\":\"https:\/\/www.3tech-dental.com\/pt-pt\/\"},{\"@type\":\"ListItem\",\"position\":2,\"name\":\"A nossa gamma\",\"item\":\"https:\/\/www.3tech-dental.com\/pt-pt\/a-nossa-gamma\/\"},{\"@type\":\"ListItem\",\"position\":3,\"name\":\"MOTOR DE IMPLANTE\"}]},{\"@type\":\"WebSite\",\"@id\":\"https:\/\/www.3tech-dental.com\/#website\",\"url\":\"https:\/\/www.3tech-dental.com\/\",\"name\":\"3TECH\",\"description\":\"Equipez-vous malin !\",\"publisher\":{\"@id\":\"https:\/\/www.3tech-dental.com\/#organization\"},\"potentialAction\":[{\"@type\":\"SearchAction\",\"target\":{\"@type\":\"EntryPoint\",\"urlTemplate\":\"https:\/\/www.3tech-dental.com\/?s={search_term_string}\"},\"query-input\":{\"@type\":\"PropertyValueSpecification\",\"valueRequired\":true,\"valueName\":\"search_term_string\"}}],\"inLanguage\":\"pt-PT\"},{\"@type\":\"Organization\",\"@id\":\"https:\/\/www.3tech-dental.com\/#organization\",\"name\":\"3TECH\",\"url\":\"https:\/\/www.3tech-dental.com\/\",\"logo\":{\"@type\":\"ImageObject\",\"inLanguage\":\"pt-PT\",\"@id\":\"https:\/\/www.3tech-dental.com\/#\/schema\/logo\/image\/\",\"url\":\"https:\/\/www.3tech-dental.com\/wp-content\/uploads\/2017\/11\/logo@2x.png\",\"contentUrl\":\"https:\/\/www.3tech-dental.com\/wp-content\/uploads\/2017\/11\/logo@2x.png\",\"width\":736,\"height\":193,\"caption\":\"3TECH\"},\"image\":{\"@id\":\"https:\/\/www.3tech-dental.com\/#\/schema\/logo\/image\/\"}}]}<\/script>\n<!-- \/ Yoast SEO plugin. -->","yoast_head_json":{"title":"MOTOR DE IMPLANTE - 3TECH","robots":{"index":"index","follow":"follow","max-snippet":"max-snippet:-1","max-image-preview":"max-image-preview:large","max-video-preview":"max-video-preview:-1"},"canonical":"https:\/\/www.3tech-dental.com\/pt-pt\/produtos\/motor-implantes\/","og_locale":"pt_PT","og_type":"article","og_title":"MOTOR DE IMPLANTE - 3TECH","og_description":"MOTOR DE IMPLANTE Motor de implante para cirurgia de precis\u00e3o Sistema de alto rendimento e precis\u00e3o Economia de tempo com uma interface intuitiva Ajuste da mem\u00f3ria dos par\u00e2metros Sele\u00e7\u00e3o de rota\u00e7\u00e3o para a frente\/para tr\u00e1s Intervalo de velocidade\u00a0: 300 &#8211; 40 000 tr\/min Seis n\u00edveis de fluxo de \u00e1gua : 0 %, 20 %, 40 [&hellip;]","og_url":"https:\/\/www.3tech-dental.com\/pt-pt\/produtos\/motor-implantes\/","og_site_name":"3TECH","article_modified_time":"2024-02-20T09:29:33+00:00","og_image":[{"width":1280,"height":1280,"url":"https:\/\/www.3tech-dental.com\/wp-content\/uploads\/2021\/02\/final_602986c6048a43008c327ee4_584514.png","type":"image\/png"}],"twitter_card":"summary_large_image","twitter_misc":{"Tempo estimado de leitura":"2 minutos"},"schema":{"@context":"https:\/\/schema.org","@graph":[{"@type":"WebPage","@id":"https:\/\/www.3tech-dental.com\/pt-pt\/produtos\/motor-implantes\/","url":"https:\/\/www.3tech-dental.com\/pt-pt\/produtos\/motor-implantes\/","name":"MOTOR DE IMPLANTE - 3TECH","isPartOf":{"@id":"https:\/\/www.3tech-dental.com\/#website"},"primaryImageOfPage":{"@id":"https:\/\/www.3tech-dental.com\/pt-pt\/produtos\/motor-implantes\/#primaryimage"},"image":{"@id":"https:\/\/www.3tech-dental.com\/pt-pt\/produtos\/motor-implantes\/#primaryimage"},"thumbnailUrl":"https:\/\/www.3tech-dental.com\/wp-content\/uploads\/2021\/02\/final_602986c6048a43008c327ee4_584514.png","datePublished":"2021-02-20T17:38:53+00:00","dateModified":"2024-02-20T09:29:33+00:00","breadcrumb":{"@id":"https:\/\/www.3tech-dental.com\/pt-pt\/produtos\/motor-implantes\/#breadcrumb"},"inLanguage":"pt-PT","potentialAction":[{"@type":"ReadAction","target":["https:\/\/www.3tech-dental.com\/pt-pt\/produtos\/motor-implantes\/"]}]},{"@type":"ImageObject","inLanguage":"pt-PT","@id":"https:\/\/www.3tech-dental.com\/pt-pt\/produtos\/motor-implantes\/#primaryimage","url":"https:\/\/www.3tech-dental.com\/wp-content\/uploads\/2021\/02\/final_602986c6048a43008c327ee4_584514.png","contentUrl":"https:\/\/www.3tech-dental.com\/wp-content\/uploads\/2021\/02\/final_602986c6048a43008c327ee4_584514.png","width":"1280","height":"1280"},{"@type":"BreadcrumbList","@id":"https:\/\/www.3tech-dental.com\/pt-pt\/produtos\/motor-implantes\/#breadcrumb","itemListElement":[{"@type":"ListItem","position":1,"name":"Accueil","item":"https:\/\/www.3tech-dental.com\/pt-pt\/"},{"@type":"ListItem","position":2,"name":"A nossa gamma","item":"https:\/\/www.3tech-dental.com\/pt-pt\/a-nossa-gamma\/"},{"@type":"ListItem","position":3,"name":"MOTOR DE IMPLANTE"}]},{"@type":"WebSite","@id":"https:\/\/www.3tech-dental.com\/#website","url":"https:\/\/www.3tech-dental.com\/","name":"3TECH","description":"Equipez-vous malin !","publisher":{"@id":"https:\/\/www.3tech-dental.com\/#organization"},"potentialAction":[{"@type":"SearchAction","target":{"@type":"EntryPoint","urlTemplate":"https:\/\/www.3tech-dental.com\/?s={search_term_string}"},"query-input":{"@type":"PropertyValueSpecification","valueRequired":true,"valueName":"search_term_string"}}],"inLanguage":"pt-PT"},{"@type":"Organization","@id":"https:\/\/www.3tech-dental.com\/#organization","name":"3TECH","url":"https:\/\/www.3tech-dental.com\/","logo":{"@type":"ImageObject","inLanguage":"pt-PT","@id":"https:\/\/www.3tech-dental.com\/#\/schema\/logo\/image\/","url":"https:\/\/www.3tech-dental.com\/wp-content\/uploads\/2017\/11\/logo@2x.png","contentUrl":"https:\/\/www.3tech-dental.com\/wp-content\/uploads\/2017\/11\/logo@2x.png","width":736,"height":193,"caption":"3TECH"},"image":{"@id":"https:\/\/www.3tech-dental.com\/#\/schema\/logo\/image\/"}}]}},"_links":{"self":[{"href":"https:\/\/www.3tech-dental.com\/pt-pt\/wp-json\/wp\/v2\/product\/3625"}],"collection":[{"href":"https:\/\/www.3tech-dental.com\/pt-pt\/wp-json\/wp\/v2\/product"}],"about":[{"href":"https:\/\/www.3tech-dental.com\/pt-pt\/wp-json\/wp\/v2\/types\/product"}],"wp:featuredmedia":[{"embeddable":true,"href":"https:\/\/www.3tech-dental.com\/pt-pt\/wp-json\/wp\/v2\/media\/3483"}],"wp:attachment":[{"href":"https:\/\/www.3tech-dental.com\/pt-pt\/wp-json\/wp\/v2\/media?parent=3625"}],"wp:term":[{"taxonomy":"product_cat","embeddable":true,"href":"https:\/\/www.3tech-dental.com\/pt-pt\/wp-json\/wp\/v2\/product_cat?post=3625"},{"taxonomy":"product_tag","embeddable":true,"href":"https:\/\/www.3tech-dental.com\/pt-pt\/wp-json\/wp\/v2\/product_tag?post=3625"}],"curies":[{"name":"wp","href":"https:\/\/api.w.org\/{rel}","templated":true}]}}