{"id":3629,"date":"2021-02-13T20:05:27","date_gmt":"2021-02-20T17:43:30","guid":{"rendered":"https:\/\/www.3tech-dental.com\/?post_type=product&#038;p=3629"},"modified":"2024-02-20T11:54:46","modified_gmt":"2024-02-20T10:54:46","slug":"spray-lubrificante","status":"publish","type":"product","link":"https:\/\/www.3tech-dental.com\/pt-pt\/produtos\/spray-lubrificante\/","title":{"rendered":"Spray lubrificante"},"content":{"rendered":"<div align=\"left\"><strong>SPRAY LUBRIFICANTE<\/strong><\/div>\n<p><span class=\"product-stitle\">Lubrificante universal utiliz\u00e1vel em todos os instrumentos rotat\u00f3rios<\/span><\/p>\n<div class=\"specs\">Sistema de alto desempenho e preciso<br \/>\n<span style=\"font-size: inherit;\">Facilidade de lubrifica\u00e7\u00e3o<br \/>\n<\/span><span style=\"font-size: inherit;\">\u00d3leo de elevado desempenho<br \/>\n<\/span><span style=\"font-size: inherit;\">Lubrifica com efic\u00e1cia<\/span><\/div>\n<div class=\"specs\"><span style=\"font-size: inherit;\">N\u00e3o t\u00f3xico<br \/>\n<\/span><span style=\"font-size: inherit;\">Assegura uma longa vida \u00fatil\u00a0<\/span><span style=\"font-size: inherit;\">dos seus instrumentos rotat\u00f3rios<br \/>\n<\/span><span style=\"font-size: inherit;\">Conte\u00fado rent\u00e1vel e econ\u00f3mico de\u00a0<\/span><span style=\"font-size: inherit;\">500 ml<\/span><\/div>\n<div align=\"left\"><\/div>\n<div align=\"left\"><strong>ADAPTADORES <\/strong><\/div>\n<p><span class=\"product-stitle\">Adaptadores intercambi\u00e1veis para pulveriza\u00e7\u00e3o do spray lubrificante\u00a0<\/span><\/p>\n<p>Adaptadores reutiliz\u00e1veis<br \/>\nUtiliza\u00e7\u00e3o eficaz e precisa<br \/>\n<strong>ADAPT TRASEIRO LUBRIF ACOPL DE TUR KAVO<br \/>\n<\/strong><strong>ADAPTADOR TRASEIRO LUBRIF CA\/PE\u00c7A DE M\u00c3O<br \/>\n<\/strong><strong>ADAPTADOR PARA LUBRIF &#8211; ROTOR CA\/TURBINA<\/strong><\/p>\n<div><\/div>\n<div><strong>Garantia:<\/strong> 1 ano<\/div>\n","protected":false},"excerpt":{"rendered":"<p>SPRAY LUBRIFICANTE Lubrificante universal utiliz\u00e1vel em todos os instrumentos rotat\u00f3rios Sistema de alto desempenho e preciso Facilidade de lubrifica\u00e7\u00e3o \u00d3leo de elevado desempenho Lubrifica com efic\u00e1cia N\u00e3o t\u00f3xico Assegura uma longa vida \u00fatil\u00a0dos seus instrumentos rotat\u00f3rios Conte\u00fado rent\u00e1vel e econ\u00f3mico de\u00a0500 ml ADAPTADORES Adaptadores intercambi\u00e1veis para pulveriza\u00e7\u00e3o do spray lubrificante\u00a0 Adaptadores reutiliz\u00e1veis Utiliza\u00e7\u00e3o eficaz e [&hellip;]<\/p>\n","protected":false},"featured_media":2325,"template":"","meta":{"_acf_changed":false},"product_cat":[86],"product_tag":[],"class_list":{"0":"post-3629","1":"product","2":"type-product","3":"status-publish","4":"has-post-thumbnail","6":"product_cat-produtos","8":"first","9":"instock","10":"shipping-taxable","11":"product-type-simple"},"acf":[],"yoast_head":"<!-- This site is optimized with the Yoast SEO plugin v23.7 - https:\/\/yoast.com\/wordpress\/plugins\/seo\/ -->\n<title>Spray lubrificante - 3TECH<\/title>\n<meta name=\"robots\" content=\"index, follow, max-snippet:-1, max-image-preview:large, max-video-preview:-1\" \/>\n<link rel=\"canonical\" href=\"https:\/\/www.3tech-dental.com\/pt-pt\/produtos\/spray-lubrificante\/\" \/>\n<meta property=\"og:locale\" content=\"pt_PT\" \/>\n<meta property=\"og:type\" content=\"article\" \/>\n<meta property=\"og:title\" content=\"Spray lubrificante - 3TECH\" \/>\n<meta property=\"og:description\" content=\"SPRAY LUBRIFICANTE Lubrificante universal utiliz\u00e1vel em todos os instrumentos rotat\u00f3rios Sistema de alto desempenho e preciso Facilidade de lubrifica\u00e7\u00e3o \u00d3leo de elevado desempenho Lubrifica com efic\u00e1cia N\u00e3o t\u00f3xico Assegura uma longa vida \u00fatil\u00a0dos seus instrumentos rotat\u00f3rios Conte\u00fado rent\u00e1vel e econ\u00f3mico de\u00a0500 ml ADAPTADORES Adaptadores intercambi\u00e1veis para pulveriza\u00e7\u00e3o do spray lubrificante\u00a0 Adaptadores reutiliz\u00e1veis Utiliza\u00e7\u00e3o eficaz e [&hellip;]\" \/>\n<meta property=\"og:url\" content=\"https:\/\/www.3tech-dental.com\/pt-pt\/produtos\/spray-lubrificante\/\" \/>\n<meta property=\"og:site_name\" content=\"3TECH\" \/>\n<meta property=\"article:modified_time\" content=\"2024-02-20T10:54:46+00:00\" \/>\n<meta property=\"og:image\" content=\"https:\/\/www.3tech-dental.com\/wp-content\/uploads\/2020\/09\/3TECH_Spray.png\" \/>\n\t<meta property=\"og:image:width\" content=\"1890\" \/>\n\t<meta property=\"og:image:height\" content=\"1925\" \/>\n\t<meta property=\"og:image:type\" content=\"image\/png\" \/>\n<meta name=\"twitter:card\" content=\"summary_large_image\" \/>\n<meta name=\"twitter:label1\" content=\"Tempo estimado de leitura\" \/>\n\t<meta name=\"twitter:data1\" content=\"1 minuto\" \/>\n<script type=\"application\/ld+json\" class=\"yoast-schema-graph\">{\"@context\":\"https:\/\/schema.org\",\"@graph\":[{\"@type\":\"WebPage\",\"@id\":\"https:\/\/www.3tech-dental.com\/pt-pt\/produtos\/spray-lubrificante\/\",\"url\":\"https:\/\/www.3tech-dental.com\/pt-pt\/produtos\/spray-lubrificante\/\",\"name\":\"Spray lubrificante - 3TECH\",\"isPartOf\":{\"@id\":\"https:\/\/www.3tech-dental.com\/#website\"},\"primaryImageOfPage\":{\"@id\":\"https:\/\/www.3tech-dental.com\/pt-pt\/produtos\/spray-lubrificante\/#primaryimage\"},\"image\":{\"@id\":\"https:\/\/www.3tech-dental.com\/pt-pt\/produtos\/spray-lubrificante\/#primaryimage\"},\"thumbnailUrl\":\"https:\/\/www.3tech-dental.com\/wp-content\/uploads\/2020\/09\/3TECH_Spray.png\",\"datePublished\":\"2021-02-20T17:43:30+00:00\",\"dateModified\":\"2024-02-20T10:54:46+00:00\",\"breadcrumb\":{\"@id\":\"https:\/\/www.3tech-dental.com\/pt-pt\/produtos\/spray-lubrificante\/#breadcrumb\"},\"inLanguage\":\"pt-PT\",\"potentialAction\":[{\"@type\":\"ReadAction\",\"target\":[\"https:\/\/www.3tech-dental.com\/pt-pt\/produtos\/spray-lubrificante\/\"]}]},{\"@type\":\"ImageObject\",\"inLanguage\":\"pt-PT\",\"@id\":\"https:\/\/www.3tech-dental.com\/pt-pt\/produtos\/spray-lubrificante\/#primaryimage\",\"url\":\"https:\/\/www.3tech-dental.com\/wp-content\/uploads\/2020\/09\/3TECH_Spray.png\",\"contentUrl\":\"https:\/\/www.3tech-dental.com\/wp-content\/uploads\/2020\/09\/3TECH_Spray.png\",\"width\":1890,\"height\":1925},{\"@type\":\"BreadcrumbList\",\"@id\":\"https:\/\/www.3tech-dental.com\/pt-pt\/produtos\/spray-lubrificante\/#breadcrumb\",\"itemListElement\":[{\"@type\":\"ListItem\",\"position\":1,\"name\":\"Accueil\",\"item\":\"https:\/\/www.3tech-dental.com\/pt-pt\/\"},{\"@type\":\"ListItem\",\"position\":2,\"name\":\"A nossa gamma\",\"item\":\"https:\/\/www.3tech-dental.com\/pt-pt\/a-nossa-gamma\/\"},{\"@type\":\"ListItem\",\"position\":3,\"name\":\"Spray lubrificante\"}]},{\"@type\":\"WebSite\",\"@id\":\"https:\/\/www.3tech-dental.com\/#website\",\"url\":\"https:\/\/www.3tech-dental.com\/\",\"name\":\"3TECH\",\"description\":\"Equipez-vous malin !\",\"publisher\":{\"@id\":\"https:\/\/www.3tech-dental.com\/#organization\"},\"potentialAction\":[{\"@type\":\"SearchAction\",\"target\":{\"@type\":\"EntryPoint\",\"urlTemplate\":\"https:\/\/www.3tech-dental.com\/?s={search_term_string}\"},\"query-input\":{\"@type\":\"PropertyValueSpecification\",\"valueRequired\":true,\"valueName\":\"search_term_string\"}}],\"inLanguage\":\"pt-PT\"},{\"@type\":\"Organization\",\"@id\":\"https:\/\/www.3tech-dental.com\/#organization\",\"name\":\"3TECH\",\"url\":\"https:\/\/www.3tech-dental.com\/\",\"logo\":{\"@type\":\"ImageObject\",\"inLanguage\":\"pt-PT\",\"@id\":\"https:\/\/www.3tech-dental.com\/#\/schema\/logo\/image\/\",\"url\":\"https:\/\/www.3tech-dental.com\/wp-content\/uploads\/2017\/11\/logo@2x.png\",\"contentUrl\":\"https:\/\/www.3tech-dental.com\/wp-content\/uploads\/2017\/11\/logo@2x.png\",\"width\":736,\"height\":193,\"caption\":\"3TECH\"},\"image\":{\"@id\":\"https:\/\/www.3tech-dental.com\/#\/schema\/logo\/image\/\"}}]}<\/script>\n<!-- \/ Yoast SEO plugin. -->","yoast_head_json":{"title":"Spray lubrificante - 3TECH","robots":{"index":"index","follow":"follow","max-snippet":"max-snippet:-1","max-image-preview":"max-image-preview:large","max-video-preview":"max-video-preview:-1"},"canonical":"https:\/\/www.3tech-dental.com\/pt-pt\/produtos\/spray-lubrificante\/","og_locale":"pt_PT","og_type":"article","og_title":"Spray lubrificante - 3TECH","og_description":"SPRAY LUBRIFICANTE Lubrificante universal utiliz\u00e1vel em todos os instrumentos rotat\u00f3rios Sistema de alto desempenho e preciso Facilidade de lubrifica\u00e7\u00e3o \u00d3leo de elevado desempenho Lubrifica com efic\u00e1cia N\u00e3o t\u00f3xico Assegura uma longa vida \u00fatil\u00a0dos seus instrumentos rotat\u00f3rios Conte\u00fado rent\u00e1vel e econ\u00f3mico de\u00a0500 ml ADAPTADORES Adaptadores intercambi\u00e1veis para pulveriza\u00e7\u00e3o do spray lubrificante\u00a0 Adaptadores reutiliz\u00e1veis Utiliza\u00e7\u00e3o eficaz e [&hellip;]","og_url":"https:\/\/www.3tech-dental.com\/pt-pt\/produtos\/spray-lubrificante\/","og_site_name":"3TECH","article_modified_time":"2024-02-20T10:54:46+00:00","og_image":[{"width":1890,"height":1925,"url":"https:\/\/www.3tech-dental.com\/wp-content\/uploads\/2020\/09\/3TECH_Spray.png","type":"image\/png"}],"twitter_card":"summary_large_image","twitter_misc":{"Tempo estimado de leitura":"1 minuto"},"schema":{"@context":"https:\/\/schema.org","@graph":[{"@type":"WebPage","@id":"https:\/\/www.3tech-dental.com\/pt-pt\/produtos\/spray-lubrificante\/","url":"https:\/\/www.3tech-dental.com\/pt-pt\/produtos\/spray-lubrificante\/","name":"Spray lubrificante - 3TECH","isPartOf":{"@id":"https:\/\/www.3tech-dental.com\/#website"},"primaryImageOfPage":{"@id":"https:\/\/www.3tech-dental.com\/pt-pt\/produtos\/spray-lubrificante\/#primaryimage"},"image":{"@id":"https:\/\/www.3tech-dental.com\/pt-pt\/produtos\/spray-lubrificante\/#primaryimage"},"thumbnailUrl":"https:\/\/www.3tech-dental.com\/wp-content\/uploads\/2020\/09\/3TECH_Spray.png","datePublished":"2021-02-20T17:43:30+00:00","dateModified":"2024-02-20T10:54:46+00:00","breadcrumb":{"@id":"https:\/\/www.3tech-dental.com\/pt-pt\/produtos\/spray-lubrificante\/#breadcrumb"},"inLanguage":"pt-PT","potentialAction":[{"@type":"ReadAction","target":["https:\/\/www.3tech-dental.com\/pt-pt\/produtos\/spray-lubrificante\/"]}]},{"@type":"ImageObject","inLanguage":"pt-PT","@id":"https:\/\/www.3tech-dental.com\/pt-pt\/produtos\/spray-lubrificante\/#primaryimage","url":"https:\/\/www.3tech-dental.com\/wp-content\/uploads\/2020\/09\/3TECH_Spray.png","contentUrl":"https:\/\/www.3tech-dental.com\/wp-content\/uploads\/2020\/09\/3TECH_Spray.png","width":1890,"height":1925},{"@type":"BreadcrumbList","@id":"https:\/\/www.3tech-dental.com\/pt-pt\/produtos\/spray-lubrificante\/#breadcrumb","itemListElement":[{"@type":"ListItem","position":1,"name":"Accueil","item":"https:\/\/www.3tech-dental.com\/pt-pt\/"},{"@type":"ListItem","position":2,"name":"A nossa gamma","item":"https:\/\/www.3tech-dental.com\/pt-pt\/a-nossa-gamma\/"},{"@type":"ListItem","position":3,"name":"Spray lubrificante"}]},{"@type":"WebSite","@id":"https:\/\/www.3tech-dental.com\/#website","url":"https:\/\/www.3tech-dental.com\/","name":"3TECH","description":"Equipez-vous malin !","publisher":{"@id":"https:\/\/www.3tech-dental.com\/#organization"},"potentialAction":[{"@type":"SearchAction","target":{"@type":"EntryPoint","urlTemplate":"https:\/\/www.3tech-dental.com\/?s={search_term_string}"},"query-input":{"@type":"PropertyValueSpecification","valueRequired":true,"valueName":"search_term_string"}}],"inLanguage":"pt-PT"},{"@type":"Organization","@id":"https:\/\/www.3tech-dental.com\/#organization","name":"3TECH","url":"https:\/\/www.3tech-dental.com\/","logo":{"@type":"ImageObject","inLanguage":"pt-PT","@id":"https:\/\/www.3tech-dental.com\/#\/schema\/logo\/image\/","url":"https:\/\/www.3tech-dental.com\/wp-content\/uploads\/2017\/11\/logo@2x.png","contentUrl":"https:\/\/www.3tech-dental.com\/wp-content\/uploads\/2017\/11\/logo@2x.png","width":736,"height":193,"caption":"3TECH"},"image":{"@id":"https:\/\/www.3tech-dental.com\/#\/schema\/logo\/image\/"}}]}},"_links":{"self":[{"href":"https:\/\/www.3tech-dental.com\/pt-pt\/wp-json\/wp\/v2\/product\/3629"}],"collection":[{"href":"https:\/\/www.3tech-dental.com\/pt-pt\/wp-json\/wp\/v2\/product"}],"about":[{"href":"https:\/\/www.3tech-dental.com\/pt-pt\/wp-json\/wp\/v2\/types\/product"}],"wp:featuredmedia":[{"embeddable":true,"href":"https:\/\/www.3tech-dental.com\/pt-pt\/wp-json\/wp\/v2\/media\/2325"}],"wp:attachment":[{"href":"https:\/\/www.3tech-dental.com\/pt-pt\/wp-json\/wp\/v2\/media?parent=3629"}],"wp:term":[{"taxonomy":"product_cat","embeddable":true,"href":"https:\/\/www.3tech-dental.com\/pt-pt\/wp-json\/wp\/v2\/product_cat?post=3629"},{"taxonomy":"product_tag","embeddable":true,"href":"https:\/\/www.3tech-dental.com\/pt-pt\/wp-json\/wp\/v2\/product_tag?post=3629"}],"curies":[{"name":"wp","href":"https:\/\/api.w.org\/{rel}","templated":true}]}}