{"id":3633,"date":"2021-02-14T18:12:05","date_gmt":"2021-02-20T17:48:28","guid":{"rendered":"https:\/\/www.3tech-dental.com\/?post_type=product&#038;p=3633"},"modified":"2024-02-20T15:39:01","modified_gmt":"2024-02-20T14:39:01","slug":"turbina-titanio","status":"publish","type":"product","link":"https:\/\/www.3tech-dental.com\/pt-pt\/produtos\/turbina-titanio\/","title":{"rendered":"Turbina Tit\u00e2nio"},"content":{"rendered":"<div class=\"specs\"><strong>Velocidade:<\/strong>\u00a0 280 000 \u00e0 320 000 tr\/min<\/div>\n<div class=\"specs\"><strong>Cabe\u00e7a da turbina:<\/strong> padr\u00e3o<\/div>\n<div class=\"specs\"><strong>Intensidade de luz:<\/strong> 25 000 LUX<\/div>\n<div class=\"specs\"><strong>N\u00famero de sprays:<\/strong>\u00a0 4<br \/>\nBot\u00e3o de press\u00e3o<\/div>\n<div class=\"specs\"><strong>Press\u00e3o: <\/strong>\u00a02,5 \u00e0 3 bars<\/div>\n<div class=\"specs\"><strong>Compat\u00edvel com conex\u00f5es :<\/strong>\u00a0Multiflex\u00ae Kavo\u00ae, NSK<b>\u00ae, <\/b>SIRONA\u00ae<\/div>\n<div class=\"specs\"><strong>Superleve: <\/strong>\u00a0 47g<\/div>\n<div class=\"specs\"><strong>Funcionamento silencioso: <\/strong>\u00a0\u2264 55 dB<\/div>\n<div class=\"specs\"><strong>Rolamentos cer\u00e2micos:<\/strong>\u00a0mais est\u00e1veis e com maior torque<\/div>\n<div class=\"specs\"><strong>Sistema de autolimpeza da cabe\u00e7a:<\/strong>\u00a0 maior vida \u00fatil<\/div>\n<div class=\"specs\"><strong>Garantia:<\/strong>\u00a0 1 ano<\/div>\n","protected":false},"excerpt":{"rendered":"<p>Velocidade:\u00a0 280 000 \u00e0 320 000 tr\/min Cabe\u00e7a da turbina: padr\u00e3o Intensidade de luz: 25 000 LUX N\u00famero de sprays:\u00a0 4 Bot\u00e3o de press\u00e3o Press\u00e3o: \u00a02,5 \u00e0 3 bars Compat\u00edvel com conex\u00f5es :\u00a0Multiflex\u00ae Kavo\u00ae, NSK\u00ae, SIRONA\u00ae Superleve: \u00a0 47g Funcionamento silencioso: \u00a0\u2264 55 dB Rolamentos cer\u00e2micos:\u00a0mais est\u00e1veis e com maior torque Sistema de autolimpeza da [&hellip;]<\/p>\n","protected":false},"featured_media":4318,"template":"","meta":{"_acf_changed":false},"product_cat":[83],"product_tag":[],"class_list":{"0":"post-3633","1":"product","2":"type-product","3":"status-publish","4":"has-post-thumbnail","6":"product_cat-turbina-pt-pt","8":"first","9":"instock","10":"shipping-taxable","11":"product-type-simple"},"acf":[],"yoast_head":"<!-- This site is optimized with the Yoast SEO plugin v23.7 - https:\/\/yoast.com\/wordpress\/plugins\/seo\/ -->\n<title>Turbina Tit\u00e2nio - 3TECH<\/title>\n<meta name=\"robots\" content=\"index, follow, max-snippet:-1, max-image-preview:large, max-video-preview:-1\" \/>\n<link rel=\"canonical\" href=\"https:\/\/www.3tech-dental.com\/pt-pt\/produtos\/turbina-titanio\/\" \/>\n<meta property=\"og:locale\" content=\"pt_PT\" \/>\n<meta property=\"og:type\" content=\"article\" \/>\n<meta property=\"og:title\" content=\"Turbina Tit\u00e2nio - 3TECH\" \/>\n<meta property=\"og:description\" content=\"Velocidade:\u00a0 280 000 \u00e0 320 000 tr\/min Cabe\u00e7a da turbina: padr\u00e3o Intensidade de luz: 25 000 LUX N\u00famero de sprays:\u00a0 4 Bot\u00e3o de press\u00e3o Press\u00e3o: \u00a02,5 \u00e0 3 bars Compat\u00edvel com conex\u00f5es :\u00a0Multiflex\u00ae Kavo\u00ae, NSK\u00ae, SIRONA\u00ae Superleve: \u00a0 47g Funcionamento silencioso: \u00a0\u2264 55 dB Rolamentos cer\u00e2micos:\u00a0mais est\u00e1veis e com maior torque Sistema de autolimpeza da [&hellip;]\" \/>\n<meta property=\"og:url\" content=\"https:\/\/www.3tech-dental.com\/pt-pt\/produtos\/turbina-titanio\/\" \/>\n<meta property=\"og:site_name\" content=\"3TECH\" \/>\n<meta property=\"article:modified_time\" content=\"2024-02-20T14:39:01+00:00\" \/>\n<meta property=\"og:image\" content=\"https:\/\/www.3tech-dental.com\/wp-content\/uploads\/2021\/02\/Visuel_turbine_rose\u2560ue3_web.jpg\" \/>\n\t<meta property=\"og:image:width\" content=\"624\" \/>\n\t<meta property=\"og:image:height\" content=\"871\" \/>\n\t<meta property=\"og:image:type\" content=\"image\/jpeg\" \/>\n<meta name=\"twitter:card\" content=\"summary_large_image\" \/>\n<meta name=\"twitter:label1\" content=\"Tempo estimado de leitura\" \/>\n\t<meta name=\"twitter:data1\" content=\"1 minuto\" \/>\n<script type=\"application\/ld+json\" class=\"yoast-schema-graph\">{\"@context\":\"https:\/\/schema.org\",\"@graph\":[{\"@type\":\"WebPage\",\"@id\":\"https:\/\/www.3tech-dental.com\/pt-pt\/produtos\/turbina-titanio\/\",\"url\":\"https:\/\/www.3tech-dental.com\/pt-pt\/produtos\/turbina-titanio\/\",\"name\":\"Turbina Tit\u00e2nio - 3TECH\",\"isPartOf\":{\"@id\":\"https:\/\/www.3tech-dental.com\/#website\"},\"primaryImageOfPage\":{\"@id\":\"https:\/\/www.3tech-dental.com\/pt-pt\/produtos\/turbina-titanio\/#primaryimage\"},\"image\":{\"@id\":\"https:\/\/www.3tech-dental.com\/pt-pt\/produtos\/turbina-titanio\/#primaryimage\"},\"thumbnailUrl\":\"https:\/\/www.3tech-dental.com\/wp-content\/uploads\/2021\/02\/Visuel_turbine_rose\u2560ue3_web.jpg\",\"datePublished\":\"2021-02-20T17:48:28+00:00\",\"dateModified\":\"2024-02-20T14:39:01+00:00\",\"breadcrumb\":{\"@id\":\"https:\/\/www.3tech-dental.com\/pt-pt\/produtos\/turbina-titanio\/#breadcrumb\"},\"inLanguage\":\"pt-PT\",\"potentialAction\":[{\"@type\":\"ReadAction\",\"target\":[\"https:\/\/www.3tech-dental.com\/pt-pt\/produtos\/turbina-titanio\/\"]}]},{\"@type\":\"ImageObject\",\"inLanguage\":\"pt-PT\",\"@id\":\"https:\/\/www.3tech-dental.com\/pt-pt\/produtos\/turbina-titanio\/#primaryimage\",\"url\":\"https:\/\/www.3tech-dental.com\/wp-content\/uploads\/2021\/02\/Visuel_turbine_rose\u2560ue3_web.jpg\",\"contentUrl\":\"https:\/\/www.3tech-dental.com\/wp-content\/uploads\/2021\/02\/Visuel_turbine_rose\u2560ue3_web.jpg\",\"width\":624,\"height\":871},{\"@type\":\"BreadcrumbList\",\"@id\":\"https:\/\/www.3tech-dental.com\/pt-pt\/produtos\/turbina-titanio\/#breadcrumb\",\"itemListElement\":[{\"@type\":\"ListItem\",\"position\":1,\"name\":\"Accueil\",\"item\":\"https:\/\/www.3tech-dental.com\/pt-pt\/\"},{\"@type\":\"ListItem\",\"position\":2,\"name\":\"A nossa gamma\",\"item\":\"https:\/\/www.3tech-dental.com\/pt-pt\/a-nossa-gamma\/\"},{\"@type\":\"ListItem\",\"position\":3,\"name\":\"Turbina Tit\u00e2nio\"}]},{\"@type\":\"WebSite\",\"@id\":\"https:\/\/www.3tech-dental.com\/#website\",\"url\":\"https:\/\/www.3tech-dental.com\/\",\"name\":\"3TECH\",\"description\":\"Equipez-vous malin !\",\"publisher\":{\"@id\":\"https:\/\/www.3tech-dental.com\/#organization\"},\"potentialAction\":[{\"@type\":\"SearchAction\",\"target\":{\"@type\":\"EntryPoint\",\"urlTemplate\":\"https:\/\/www.3tech-dental.com\/?s={search_term_string}\"},\"query-input\":{\"@type\":\"PropertyValueSpecification\",\"valueRequired\":true,\"valueName\":\"search_term_string\"}}],\"inLanguage\":\"pt-PT\"},{\"@type\":\"Organization\",\"@id\":\"https:\/\/www.3tech-dental.com\/#organization\",\"name\":\"3TECH\",\"url\":\"https:\/\/www.3tech-dental.com\/\",\"logo\":{\"@type\":\"ImageObject\",\"inLanguage\":\"pt-PT\",\"@id\":\"https:\/\/www.3tech-dental.com\/#\/schema\/logo\/image\/\",\"url\":\"https:\/\/www.3tech-dental.com\/wp-content\/uploads\/2017\/11\/logo@2x.png\",\"contentUrl\":\"https:\/\/www.3tech-dental.com\/wp-content\/uploads\/2017\/11\/logo@2x.png\",\"width\":736,\"height\":193,\"caption\":\"3TECH\"},\"image\":{\"@id\":\"https:\/\/www.3tech-dental.com\/#\/schema\/logo\/image\/\"}}]}<\/script>\n<!-- \/ Yoast SEO plugin. -->","yoast_head_json":{"title":"Turbina Tit\u00e2nio - 3TECH","robots":{"index":"index","follow":"follow","max-snippet":"max-snippet:-1","max-image-preview":"max-image-preview:large","max-video-preview":"max-video-preview:-1"},"canonical":"https:\/\/www.3tech-dental.com\/pt-pt\/produtos\/turbina-titanio\/","og_locale":"pt_PT","og_type":"article","og_title":"Turbina Tit\u00e2nio - 3TECH","og_description":"Velocidade:\u00a0 280 000 \u00e0 320 000 tr\/min Cabe\u00e7a da turbina: padr\u00e3o Intensidade de luz: 25 000 LUX N\u00famero de sprays:\u00a0 4 Bot\u00e3o de press\u00e3o Press\u00e3o: \u00a02,5 \u00e0 3 bars Compat\u00edvel com conex\u00f5es :\u00a0Multiflex\u00ae Kavo\u00ae, NSK\u00ae, SIRONA\u00ae Superleve: \u00a0 47g Funcionamento silencioso: \u00a0\u2264 55 dB Rolamentos cer\u00e2micos:\u00a0mais est\u00e1veis e com maior torque Sistema de autolimpeza da [&hellip;]","og_url":"https:\/\/www.3tech-dental.com\/pt-pt\/produtos\/turbina-titanio\/","og_site_name":"3TECH","article_modified_time":"2024-02-20T14:39:01+00:00","og_image":[{"width":624,"height":871,"url":"https:\/\/www.3tech-dental.com\/wp-content\/uploads\/2021\/02\/Visuel_turbine_rose\u2560ue3_web.jpg","type":"image\/jpeg"}],"twitter_card":"summary_large_image","twitter_misc":{"Tempo estimado de leitura":"1 minuto"},"schema":{"@context":"https:\/\/schema.org","@graph":[{"@type":"WebPage","@id":"https:\/\/www.3tech-dental.com\/pt-pt\/produtos\/turbina-titanio\/","url":"https:\/\/www.3tech-dental.com\/pt-pt\/produtos\/turbina-titanio\/","name":"Turbina Tit\u00e2nio - 3TECH","isPartOf":{"@id":"https:\/\/www.3tech-dental.com\/#website"},"primaryImageOfPage":{"@id":"https:\/\/www.3tech-dental.com\/pt-pt\/produtos\/turbina-titanio\/#primaryimage"},"image":{"@id":"https:\/\/www.3tech-dental.com\/pt-pt\/produtos\/turbina-titanio\/#primaryimage"},"thumbnailUrl":"https:\/\/www.3tech-dental.com\/wp-content\/uploads\/2021\/02\/Visuel_turbine_rose\u2560ue3_web.jpg","datePublished":"2021-02-20T17:48:28+00:00","dateModified":"2024-02-20T14:39:01+00:00","breadcrumb":{"@id":"https:\/\/www.3tech-dental.com\/pt-pt\/produtos\/turbina-titanio\/#breadcrumb"},"inLanguage":"pt-PT","potentialAction":[{"@type":"ReadAction","target":["https:\/\/www.3tech-dental.com\/pt-pt\/produtos\/turbina-titanio\/"]}]},{"@type":"ImageObject","inLanguage":"pt-PT","@id":"https:\/\/www.3tech-dental.com\/pt-pt\/produtos\/turbina-titanio\/#primaryimage","url":"https:\/\/www.3tech-dental.com\/wp-content\/uploads\/2021\/02\/Visuel_turbine_rose\u2560ue3_web.jpg","contentUrl":"https:\/\/www.3tech-dental.com\/wp-content\/uploads\/2021\/02\/Visuel_turbine_rose\u2560ue3_web.jpg","width":624,"height":871},{"@type":"BreadcrumbList","@id":"https:\/\/www.3tech-dental.com\/pt-pt\/produtos\/turbina-titanio\/#breadcrumb","itemListElement":[{"@type":"ListItem","position":1,"name":"Accueil","item":"https:\/\/www.3tech-dental.com\/pt-pt\/"},{"@type":"ListItem","position":2,"name":"A nossa gamma","item":"https:\/\/www.3tech-dental.com\/pt-pt\/a-nossa-gamma\/"},{"@type":"ListItem","position":3,"name":"Turbina Tit\u00e2nio"}]},{"@type":"WebSite","@id":"https:\/\/www.3tech-dental.com\/#website","url":"https:\/\/www.3tech-dental.com\/","name":"3TECH","description":"Equipez-vous malin !","publisher":{"@id":"https:\/\/www.3tech-dental.com\/#organization"},"potentialAction":[{"@type":"SearchAction","target":{"@type":"EntryPoint","urlTemplate":"https:\/\/www.3tech-dental.com\/?s={search_term_string}"},"query-input":{"@type":"PropertyValueSpecification","valueRequired":true,"valueName":"search_term_string"}}],"inLanguage":"pt-PT"},{"@type":"Organization","@id":"https:\/\/www.3tech-dental.com\/#organization","name":"3TECH","url":"https:\/\/www.3tech-dental.com\/","logo":{"@type":"ImageObject","inLanguage":"pt-PT","@id":"https:\/\/www.3tech-dental.com\/#\/schema\/logo\/image\/","url":"https:\/\/www.3tech-dental.com\/wp-content\/uploads\/2017\/11\/logo@2x.png","contentUrl":"https:\/\/www.3tech-dental.com\/wp-content\/uploads\/2017\/11\/logo@2x.png","width":736,"height":193,"caption":"3TECH"},"image":{"@id":"https:\/\/www.3tech-dental.com\/#\/schema\/logo\/image\/"}}]}},"_links":{"self":[{"href":"https:\/\/www.3tech-dental.com\/pt-pt\/wp-json\/wp\/v2\/product\/3633"}],"collection":[{"href":"https:\/\/www.3tech-dental.com\/pt-pt\/wp-json\/wp\/v2\/product"}],"about":[{"href":"https:\/\/www.3tech-dental.com\/pt-pt\/wp-json\/wp\/v2\/types\/product"}],"wp:featuredmedia":[{"embeddable":true,"href":"https:\/\/www.3tech-dental.com\/pt-pt\/wp-json\/wp\/v2\/media\/4318"}],"wp:attachment":[{"href":"https:\/\/www.3tech-dental.com\/pt-pt\/wp-json\/wp\/v2\/media?parent=3633"}],"wp:term":[{"taxonomy":"product_cat","embeddable":true,"href":"https:\/\/www.3tech-dental.com\/pt-pt\/wp-json\/wp\/v2\/product_cat?post=3633"},{"taxonomy":"product_tag","embeddable":true,"href":"https:\/\/www.3tech-dental.com\/pt-pt\/wp-json\/wp\/v2\/product_tag?post=3633"}],"curies":[{"name":"wp","href":"https:\/\/api.w.org\/{rel}","templated":true}]}}