{"id":3684,"date":"2021-02-13T16:52:31","date_gmt":"2021-02-22T16:29:21","guid":{"rendered":"https:\/\/www.3tech-dental.com\/?post_type=product&#038;p=3684"},"modified":"2026-05-07T14:53:43","modified_gmt":"2026-05-07T12:53:43","slug":"peca-de-mao-easy-scaler-l-28","status":"publish","type":"product","link":"https:\/\/www.3tech-dental.com\/pt-pt\/produtos\/peca-de-mao-easy-scaler-l-28\/","title":{"rendered":"Pe\u00e7a de m\u00e3o Easy Scaler L-28"},"content":{"rendered":"<div class=\"specs\"><strong>Frecuencia de <b>vibraci\u00f3n del inserto<\/b>:<\/strong> 28 kHz +- 3kHz<br \/>\n<strong> <b>Desviaci\u00f3n primaria de la vibraci\u00f3n del inserto<\/b>:<\/strong> &lt; 90<b>\u00a0<\/b>\u03bcm<br \/>\n<strong><b>Potencia de salida del inserto<\/b>:<\/strong> 3W ~ 20W<br \/>\n<strong><b>Presi\u00f3n de entrada de agua<\/b>:<\/strong> 0.01 MPa ~ 0.5 MPa<\/div>\n<div class=\"specs\"><strong><b>Salida de <\/b><b>semi-deflexi\u00f3n<\/b>:<\/strong> 0.5 N ~ 2 N<br \/>\n<strong><b>Disponible en 2 modelos<\/b>:<\/strong><br \/>\n&#8211; compatible con insertos Satelec\u00ae y NSK\u00ae<br \/>\n&#8211; compatible con los insertos EMS\u00ae<br \/>\n<strong><b>Peso de la pieza de mano<\/b>:<\/strong> 53g (compatible Satelec\u00ae y NSK\u00ae )\/ 56g (compatible EMS\u00ae)<br \/>\n<strong><b>Intensidad luminosa de la pieza de mano<\/b>:<\/strong> 5 000 LUX<br \/>\n<strong>Control\u00a0<b>t\u00e1ctil<\/b><\/strong><br \/>\n<strong>Garantia<\/strong>: 1 ano<\/div>\n","protected":false},"excerpt":{"rendered":"<p>Frecuencia de vibraci\u00f3n del inserto: 28 kHz +- 3kHz Desviaci\u00f3n primaria de la vibraci\u00f3n del inserto: &lt; 90\u00a0\u03bcm Potencia de salida del inserto: 3W ~ 20W Presi\u00f3n de entrada de agua: 0.01 MPa ~ 0.5 MPa Salida de semi-deflexi\u00f3n: 0.5 N ~ 2 N Disponible en 2 modelos: &#8211; compatible con insertos Satelec\u00ae y NSK\u00ae [&hellip;]<\/p>\n","protected":false},"featured_media":4630,"template":"","meta":{"_acf_changed":false},"product_cat":[84,114],"product_tag":[],"class_list":{"0":"post-3684","1":"product","2":"type-product","3":"status-publish","4":"has-post-thumbnail","6":"product_cat-destartarizador","7":"product_cat-peca-de-mao","9":"first","10":"instock","11":"shipping-taxable","12":"product-type-simple"},"acf":[],"yoast_head":"<!-- This site is optimized with the Yoast SEO plugin v23.7 - https:\/\/yoast.com\/wordpress\/plugins\/seo\/ -->\n<title>Pe\u00e7a de m\u00e3o Easy Scaler L-28 - 3TECH<\/title>\n<meta name=\"robots\" content=\"index, follow, max-snippet:-1, max-image-preview:large, max-video-preview:-1\" \/>\n<link rel=\"canonical\" href=\"https:\/\/www.3tech-dental.com\/pt-pt\/produtos\/peca-de-mao-easy-scaler-l-28\/\" \/>\n<meta property=\"og:locale\" content=\"pt_PT\" \/>\n<meta property=\"og:type\" content=\"article\" \/>\n<meta property=\"og:title\" content=\"Pe\u00e7a de m\u00e3o Easy Scaler L-28 - 3TECH\" \/>\n<meta property=\"og:description\" content=\"Frecuencia de vibraci\u00f3n del inserto: 28 kHz +- 3kHz Desviaci\u00f3n primaria de la vibraci\u00f3n del inserto: &lt; 90\u00a0\u03bcm Potencia de salida del inserto: 3W ~ 20W Presi\u00f3n de entrada de agua: 0.01 MPa ~ 0.5 MPa Salida de semi-deflexi\u00f3n: 0.5 N ~ 2 N Disponible en 2 modelos: &#8211; compatible con insertos Satelec\u00ae y NSK\u00ae [&hellip;]\" \/>\n<meta property=\"og:url\" content=\"https:\/\/www.3tech-dental.com\/pt-pt\/produtos\/peca-de-mao-easy-scaler-l-28\/\" \/>\n<meta property=\"og:site_name\" content=\"3TECH\" \/>\n<meta property=\"article:modified_time\" content=\"2026-05-07T12:53:43+00:00\" \/>\n<meta property=\"og:image\" content=\"https:\/\/www.3tech-dental.com\/wp-content\/uploads\/2021\/02\/NEW-SCALER-HANDPIECE-L-28-type-S-1.png\" \/>\n\t<meta property=\"og:image:width\" content=\"3000\" \/>\n\t<meta property=\"og:image:height\" content=\"2106\" \/>\n\t<meta property=\"og:image:type\" content=\"image\/png\" \/>\n<meta name=\"twitter:card\" content=\"summary_large_image\" \/>\n<meta name=\"twitter:label1\" content=\"Tempo estimado de leitura\" \/>\n\t<meta name=\"twitter:data1\" content=\"1 minuto\" \/>\n<script type=\"application\/ld+json\" class=\"yoast-schema-graph\">{\"@context\":\"https:\/\/schema.org\",\"@graph\":[{\"@type\":\"WebPage\",\"@id\":\"https:\/\/www.3tech-dental.com\/pt-pt\/produtos\/peca-de-mao-easy-scaler-l-28\/\",\"url\":\"https:\/\/www.3tech-dental.com\/pt-pt\/produtos\/peca-de-mao-easy-scaler-l-28\/\",\"name\":\"Pe\u00e7a de m\u00e3o Easy Scaler L-28 - 3TECH\",\"isPartOf\":{\"@id\":\"https:\/\/www.3tech-dental.com\/#website\"},\"primaryImageOfPage\":{\"@id\":\"https:\/\/www.3tech-dental.com\/pt-pt\/produtos\/peca-de-mao-easy-scaler-l-28\/#primaryimage\"},\"image\":{\"@id\":\"https:\/\/www.3tech-dental.com\/pt-pt\/produtos\/peca-de-mao-easy-scaler-l-28\/#primaryimage\"},\"thumbnailUrl\":\"https:\/\/www.3tech-dental.com\/wp-content\/uploads\/2021\/02\/NEW-SCALER-HANDPIECE-L-28-type-S-1.png\",\"datePublished\":\"2021-02-22T16:29:21+00:00\",\"dateModified\":\"2026-05-07T12:53:43+00:00\",\"breadcrumb\":{\"@id\":\"https:\/\/www.3tech-dental.com\/pt-pt\/produtos\/peca-de-mao-easy-scaler-l-28\/#breadcrumb\"},\"inLanguage\":\"pt-PT\",\"potentialAction\":[{\"@type\":\"ReadAction\",\"target\":[\"https:\/\/www.3tech-dental.com\/pt-pt\/produtos\/peca-de-mao-easy-scaler-l-28\/\"]}]},{\"@type\":\"ImageObject\",\"inLanguage\":\"pt-PT\",\"@id\":\"https:\/\/www.3tech-dental.com\/pt-pt\/produtos\/peca-de-mao-easy-scaler-l-28\/#primaryimage\",\"url\":\"https:\/\/www.3tech-dental.com\/wp-content\/uploads\/2021\/02\/NEW-SCALER-HANDPIECE-L-28-type-S-1.png\",\"contentUrl\":\"https:\/\/www.3tech-dental.com\/wp-content\/uploads\/2021\/02\/NEW-SCALER-HANDPIECE-L-28-type-S-1.png\",\"width\":3000,\"height\":2106},{\"@type\":\"BreadcrumbList\",\"@id\":\"https:\/\/www.3tech-dental.com\/pt-pt\/produtos\/peca-de-mao-easy-scaler-l-28\/#breadcrumb\",\"itemListElement\":[{\"@type\":\"ListItem\",\"position\":1,\"name\":\"Accueil\",\"item\":\"https:\/\/www.3tech-dental.com\/pt-pt\/\"},{\"@type\":\"ListItem\",\"position\":2,\"name\":\"A nossa gamma\",\"item\":\"https:\/\/www.3tech-dental.com\/pt-pt\/a-nossa-gamma\/\"},{\"@type\":\"ListItem\",\"position\":3,\"name\":\"Pe\u00e7a de m\u00e3o Easy Scaler L-28\"}]},{\"@type\":\"WebSite\",\"@id\":\"https:\/\/www.3tech-dental.com\/#website\",\"url\":\"https:\/\/www.3tech-dental.com\/\",\"name\":\"3TECH\",\"description\":\"Equipez-vous malin !\",\"publisher\":{\"@id\":\"https:\/\/www.3tech-dental.com\/#organization\"},\"potentialAction\":[{\"@type\":\"SearchAction\",\"target\":{\"@type\":\"EntryPoint\",\"urlTemplate\":\"https:\/\/www.3tech-dental.com\/?s={search_term_string}\"},\"query-input\":{\"@type\":\"PropertyValueSpecification\",\"valueRequired\":true,\"valueName\":\"search_term_string\"}}],\"inLanguage\":\"pt-PT\"},{\"@type\":\"Organization\",\"@id\":\"https:\/\/www.3tech-dental.com\/#organization\",\"name\":\"3TECH\",\"url\":\"https:\/\/www.3tech-dental.com\/\",\"logo\":{\"@type\":\"ImageObject\",\"inLanguage\":\"pt-PT\",\"@id\":\"https:\/\/www.3tech-dental.com\/#\/schema\/logo\/image\/\",\"url\":\"https:\/\/www.3tech-dental.com\/wp-content\/uploads\/2017\/11\/logo@2x.png\",\"contentUrl\":\"https:\/\/www.3tech-dental.com\/wp-content\/uploads\/2017\/11\/logo@2x.png\",\"width\":736,\"height\":193,\"caption\":\"3TECH\"},\"image\":{\"@id\":\"https:\/\/www.3tech-dental.com\/#\/schema\/logo\/image\/\"}}]}<\/script>\n<!-- \/ Yoast SEO plugin. -->","yoast_head_json":{"title":"Pe\u00e7a de m\u00e3o Easy Scaler L-28 - 3TECH","robots":{"index":"index","follow":"follow","max-snippet":"max-snippet:-1","max-image-preview":"max-image-preview:large","max-video-preview":"max-video-preview:-1"},"canonical":"https:\/\/www.3tech-dental.com\/pt-pt\/produtos\/peca-de-mao-easy-scaler-l-28\/","og_locale":"pt_PT","og_type":"article","og_title":"Pe\u00e7a de m\u00e3o Easy Scaler L-28 - 3TECH","og_description":"Frecuencia de vibraci\u00f3n del inserto: 28 kHz +- 3kHz Desviaci\u00f3n primaria de la vibraci\u00f3n del inserto: &lt; 90\u00a0\u03bcm Potencia de salida del inserto: 3W ~ 20W Presi\u00f3n de entrada de agua: 0.01 MPa ~ 0.5 MPa Salida de semi-deflexi\u00f3n: 0.5 N ~ 2 N Disponible en 2 modelos: &#8211; compatible con insertos Satelec\u00ae y NSK\u00ae [&hellip;]","og_url":"https:\/\/www.3tech-dental.com\/pt-pt\/produtos\/peca-de-mao-easy-scaler-l-28\/","og_site_name":"3TECH","article_modified_time":"2026-05-07T12:53:43+00:00","og_image":[{"width":3000,"height":2106,"url":"https:\/\/www.3tech-dental.com\/wp-content\/uploads\/2021\/02\/NEW-SCALER-HANDPIECE-L-28-type-S-1.png","type":"image\/png"}],"twitter_card":"summary_large_image","twitter_misc":{"Tempo estimado de leitura":"1 minuto"},"schema":{"@context":"https:\/\/schema.org","@graph":[{"@type":"WebPage","@id":"https:\/\/www.3tech-dental.com\/pt-pt\/produtos\/peca-de-mao-easy-scaler-l-28\/","url":"https:\/\/www.3tech-dental.com\/pt-pt\/produtos\/peca-de-mao-easy-scaler-l-28\/","name":"Pe\u00e7a de m\u00e3o Easy Scaler L-28 - 3TECH","isPartOf":{"@id":"https:\/\/www.3tech-dental.com\/#website"},"primaryImageOfPage":{"@id":"https:\/\/www.3tech-dental.com\/pt-pt\/produtos\/peca-de-mao-easy-scaler-l-28\/#primaryimage"},"image":{"@id":"https:\/\/www.3tech-dental.com\/pt-pt\/produtos\/peca-de-mao-easy-scaler-l-28\/#primaryimage"},"thumbnailUrl":"https:\/\/www.3tech-dental.com\/wp-content\/uploads\/2021\/02\/NEW-SCALER-HANDPIECE-L-28-type-S-1.png","datePublished":"2021-02-22T16:29:21+00:00","dateModified":"2026-05-07T12:53:43+00:00","breadcrumb":{"@id":"https:\/\/www.3tech-dental.com\/pt-pt\/produtos\/peca-de-mao-easy-scaler-l-28\/#breadcrumb"},"inLanguage":"pt-PT","potentialAction":[{"@type":"ReadAction","target":["https:\/\/www.3tech-dental.com\/pt-pt\/produtos\/peca-de-mao-easy-scaler-l-28\/"]}]},{"@type":"ImageObject","inLanguage":"pt-PT","@id":"https:\/\/www.3tech-dental.com\/pt-pt\/produtos\/peca-de-mao-easy-scaler-l-28\/#primaryimage","url":"https:\/\/www.3tech-dental.com\/wp-content\/uploads\/2021\/02\/NEW-SCALER-HANDPIECE-L-28-type-S-1.png","contentUrl":"https:\/\/www.3tech-dental.com\/wp-content\/uploads\/2021\/02\/NEW-SCALER-HANDPIECE-L-28-type-S-1.png","width":3000,"height":2106},{"@type":"BreadcrumbList","@id":"https:\/\/www.3tech-dental.com\/pt-pt\/produtos\/peca-de-mao-easy-scaler-l-28\/#breadcrumb","itemListElement":[{"@type":"ListItem","position":1,"name":"Accueil","item":"https:\/\/www.3tech-dental.com\/pt-pt\/"},{"@type":"ListItem","position":2,"name":"A nossa gamma","item":"https:\/\/www.3tech-dental.com\/pt-pt\/a-nossa-gamma\/"},{"@type":"ListItem","position":3,"name":"Pe\u00e7a de m\u00e3o Easy Scaler L-28"}]},{"@type":"WebSite","@id":"https:\/\/www.3tech-dental.com\/#website","url":"https:\/\/www.3tech-dental.com\/","name":"3TECH","description":"Equipez-vous malin !","publisher":{"@id":"https:\/\/www.3tech-dental.com\/#organization"},"potentialAction":[{"@type":"SearchAction","target":{"@type":"EntryPoint","urlTemplate":"https:\/\/www.3tech-dental.com\/?s={search_term_string}"},"query-input":{"@type":"PropertyValueSpecification","valueRequired":true,"valueName":"search_term_string"}}],"inLanguage":"pt-PT"},{"@type":"Organization","@id":"https:\/\/www.3tech-dental.com\/#organization","name":"3TECH","url":"https:\/\/www.3tech-dental.com\/","logo":{"@type":"ImageObject","inLanguage":"pt-PT","@id":"https:\/\/www.3tech-dental.com\/#\/schema\/logo\/image\/","url":"https:\/\/www.3tech-dental.com\/wp-content\/uploads\/2017\/11\/logo@2x.png","contentUrl":"https:\/\/www.3tech-dental.com\/wp-content\/uploads\/2017\/11\/logo@2x.png","width":736,"height":193,"caption":"3TECH"},"image":{"@id":"https:\/\/www.3tech-dental.com\/#\/schema\/logo\/image\/"}}]}},"_links":{"self":[{"href":"https:\/\/www.3tech-dental.com\/pt-pt\/wp-json\/wp\/v2\/product\/3684"}],"collection":[{"href":"https:\/\/www.3tech-dental.com\/pt-pt\/wp-json\/wp\/v2\/product"}],"about":[{"href":"https:\/\/www.3tech-dental.com\/pt-pt\/wp-json\/wp\/v2\/types\/product"}],"wp:featuredmedia":[{"embeddable":true,"href":"https:\/\/www.3tech-dental.com\/pt-pt\/wp-json\/wp\/v2\/media\/4630"}],"wp:attachment":[{"href":"https:\/\/www.3tech-dental.com\/pt-pt\/wp-json\/wp\/v2\/media?parent=3684"}],"wp:term":[{"taxonomy":"product_cat","embeddable":true,"href":"https:\/\/www.3tech-dental.com\/pt-pt\/wp-json\/wp\/v2\/product_cat?post=3684"},{"taxonomy":"product_tag","embeddable":true,"href":"https:\/\/www.3tech-dental.com\/pt-pt\/wp-json\/wp\/v2\/product_tag?post=3684"}],"curies":[{"name":"wp","href":"https:\/\/api.w.org\/{rel}","templated":true}]}}