{"id":4234,"date":"2021-11-03T15:29:25","date_gmt":"2021-12-16T09:24:20","guid":{"rendered":"https:\/\/www.3tech-dental.com\/?post_type=product&#038;p=4234"},"modified":"2024-02-19T15:38:40","modified_gmt":"2024-02-19T14:38:40","slug":"led-curing-light-l-3200","status":"publish","type":"product","link":"https:\/\/www.3tech-dental.com\/pt-pt\/produtos\/led-curing-light-l-3200\/","title":{"rendered":"LED CURING LIGHT L-3200"},"content":{"rendered":"<p><strong>Intensidade:<\/strong> 800 a 3200 mW \/ cm\u00b2.<br \/>\n<strong>4 modos de utiliza\u00e7\u00e3o:<\/strong> normal, impulso, forte, super.<br \/>\n<strong>Tempos:<\/strong> 1, 2, 3, 5, 6, 9, 10, 15 e 20 segundos.<br \/>\nSinal sonoro.<br \/>\n<strong>Desligamento autom\u00e1tico:<\/strong> ap\u00f3s 7 minutos de inatividade.<br \/>\nLuz ajust\u00e1vel de 360 \u00b0.<br \/>\n<strong>Comprimento de onda:<\/strong> 385 &#8211; 515\u00a0nm.<br \/>\n<strong>Tamanho do fotopolimerizador (\u00d8 x altura):<\/strong> 24 x 240 mm.<br \/>\n<strong>Largura da lente:<\/strong> 10 mm.<br \/>\n<strong>Peso da pe\u00e7a de m\u00e3o:<\/strong> 136\u00a0g.<br \/>\n<strong>Cores :<\/strong> Prateado, Vermelho, Dourado, Antracite, Azul, Roxo<\/p>\n<p><strong>Garantia: <\/strong>1 ano<\/p>\n","protected":false},"excerpt":{"rendered":"<p>Intensidade: 800 a 3200 mW \/ cm\u00b2. 4 modos de utiliza\u00e7\u00e3o: normal, impulso, forte, super. Tempos: 1, 2, 3, 5, 6, 9, 10, 15 e 20 segundos. Sinal sonoro. Desligamento autom\u00e1tico: ap\u00f3s 7 minutos de inatividade. Luz ajust\u00e1vel de 360 \u00b0. Comprimento de onda: 385 &#8211; 515\u00a0nm. Tamanho do fotopolimerizador (\u00d8 x altura): 24 x [&hellip;]<\/p>\n","protected":false},"featured_media":4180,"template":"","meta":{"_acf_changed":false},"product_cat":[107],"product_tag":[],"class_list":{"0":"post-4234","1":"product","2":"type-product","3":"status-publish","4":"has-post-thumbnail","6":"product_cat-lamparas","8":"first","9":"instock","10":"shipping-taxable","11":"product-type-simple"},"acf":[],"yoast_head":"<!-- This site is optimized with the Yoast SEO plugin v23.7 - https:\/\/yoast.com\/wordpress\/plugins\/seo\/ -->\n<title>LED CURING LIGHT L-3200 - 3TECH<\/title>\n<meta name=\"robots\" content=\"index, follow, max-snippet:-1, max-image-preview:large, max-video-preview:-1\" \/>\n<link rel=\"canonical\" href=\"https:\/\/www.3tech-dental.com\/pt-pt\/produtos\/led-curing-light-l-3200\/\" \/>\n<meta property=\"og:locale\" content=\"pt_PT\" \/>\n<meta property=\"og:type\" content=\"article\" \/>\n<meta property=\"og:title\" content=\"LED CURING LIGHT L-3200 - 3TECH\" \/>\n<meta property=\"og:description\" content=\"Intensidade: 800 a 3200 mW \/ cm\u00b2. 4 modos de utiliza\u00e7\u00e3o: normal, impulso, forte, super. Tempos: 1, 2, 3, 5, 6, 9, 10, 15 e 20 segundos. Sinal sonoro. Desligamento autom\u00e1tico: ap\u00f3s 7 minutos de inatividade. Luz ajust\u00e1vel de 360 \u00b0. Comprimento de onda: 385 &#8211; 515\u00a0nm. Tamanho do fotopolimerizador (\u00d8 x altura): 24 x [&hellip;]\" \/>\n<meta property=\"og:url\" content=\"https:\/\/www.3tech-dental.com\/pt-pt\/produtos\/led-curing-light-l-3200\/\" \/>\n<meta property=\"og:site_name\" content=\"3TECH\" \/>\n<meta property=\"article:modified_time\" content=\"2024-02-19T14:38:40+00:00\" \/>\n<meta property=\"og:image\" content=\"https:\/\/www.3tech-dental.com\/wp-content\/uploads\/2021\/11\/LED-3200-Front-looking-back.png\" \/>\n\t<meta property=\"og:image:width\" content=\"3000\" \/>\n\t<meta property=\"og:image:height\" content=\"3000\" \/>\n\t<meta property=\"og:image:type\" content=\"image\/png\" \/>\n<meta name=\"twitter:card\" content=\"summary_large_image\" \/>\n<meta name=\"twitter:label1\" content=\"Tempo estimado de leitura\" \/>\n\t<meta name=\"twitter:data1\" content=\"1 minuto\" \/>\n<script type=\"application\/ld+json\" class=\"yoast-schema-graph\">{\"@context\":\"https:\/\/schema.org\",\"@graph\":[{\"@type\":\"WebPage\",\"@id\":\"https:\/\/www.3tech-dental.com\/pt-pt\/produtos\/led-curing-light-l-3200\/\",\"url\":\"https:\/\/www.3tech-dental.com\/pt-pt\/produtos\/led-curing-light-l-3200\/\",\"name\":\"LED CURING LIGHT L-3200 - 3TECH\",\"isPartOf\":{\"@id\":\"https:\/\/www.3tech-dental.com\/#website\"},\"primaryImageOfPage\":{\"@id\":\"https:\/\/www.3tech-dental.com\/pt-pt\/produtos\/led-curing-light-l-3200\/#primaryimage\"},\"image\":{\"@id\":\"https:\/\/www.3tech-dental.com\/pt-pt\/produtos\/led-curing-light-l-3200\/#primaryimage\"},\"thumbnailUrl\":\"https:\/\/www.3tech-dental.com\/wp-content\/uploads\/2021\/11\/LED-3200-Front-looking-back.png\",\"datePublished\":\"2021-12-16T09:24:20+00:00\",\"dateModified\":\"2024-02-19T14:38:40+00:00\",\"breadcrumb\":{\"@id\":\"https:\/\/www.3tech-dental.com\/pt-pt\/produtos\/led-curing-light-l-3200\/#breadcrumb\"},\"inLanguage\":\"pt-PT\",\"potentialAction\":[{\"@type\":\"ReadAction\",\"target\":[\"https:\/\/www.3tech-dental.com\/pt-pt\/produtos\/led-curing-light-l-3200\/\"]}]},{\"@type\":\"ImageObject\",\"inLanguage\":\"pt-PT\",\"@id\":\"https:\/\/www.3tech-dental.com\/pt-pt\/produtos\/led-curing-light-l-3200\/#primaryimage\",\"url\":\"https:\/\/www.3tech-dental.com\/wp-content\/uploads\/2021\/11\/LED-3200-Front-looking-back.png\",\"contentUrl\":\"https:\/\/www.3tech-dental.com\/wp-content\/uploads\/2021\/11\/LED-3200-Front-looking-back.png\",\"width\":3000,\"height\":3000},{\"@type\":\"BreadcrumbList\",\"@id\":\"https:\/\/www.3tech-dental.com\/pt-pt\/produtos\/led-curing-light-l-3200\/#breadcrumb\",\"itemListElement\":[{\"@type\":\"ListItem\",\"position\":1,\"name\":\"Accueil\",\"item\":\"https:\/\/www.3tech-dental.com\/pt-pt\/\"},{\"@type\":\"ListItem\",\"position\":2,\"name\":\"A nossa gamma\",\"item\":\"https:\/\/www.3tech-dental.com\/pt-pt\/a-nossa-gamma\/\"},{\"@type\":\"ListItem\",\"position\":3,\"name\":\"LED CURING LIGHT L-3200\"}]},{\"@type\":\"WebSite\",\"@id\":\"https:\/\/www.3tech-dental.com\/#website\",\"url\":\"https:\/\/www.3tech-dental.com\/\",\"name\":\"3TECH\",\"description\":\"Equipez-vous malin !\",\"publisher\":{\"@id\":\"https:\/\/www.3tech-dental.com\/#organization\"},\"potentialAction\":[{\"@type\":\"SearchAction\",\"target\":{\"@type\":\"EntryPoint\",\"urlTemplate\":\"https:\/\/www.3tech-dental.com\/?s={search_term_string}\"},\"query-input\":{\"@type\":\"PropertyValueSpecification\",\"valueRequired\":true,\"valueName\":\"search_term_string\"}}],\"inLanguage\":\"pt-PT\"},{\"@type\":\"Organization\",\"@id\":\"https:\/\/www.3tech-dental.com\/#organization\",\"name\":\"3TECH\",\"url\":\"https:\/\/www.3tech-dental.com\/\",\"logo\":{\"@type\":\"ImageObject\",\"inLanguage\":\"pt-PT\",\"@id\":\"https:\/\/www.3tech-dental.com\/#\/schema\/logo\/image\/\",\"url\":\"https:\/\/www.3tech-dental.com\/wp-content\/uploads\/2017\/11\/logo@2x.png\",\"contentUrl\":\"https:\/\/www.3tech-dental.com\/wp-content\/uploads\/2017\/11\/logo@2x.png\",\"width\":736,\"height\":193,\"caption\":\"3TECH\"},\"image\":{\"@id\":\"https:\/\/www.3tech-dental.com\/#\/schema\/logo\/image\/\"}}]}<\/script>\n<!-- \/ Yoast SEO plugin. -->","yoast_head_json":{"title":"LED CURING LIGHT L-3200 - 3TECH","robots":{"index":"index","follow":"follow","max-snippet":"max-snippet:-1","max-image-preview":"max-image-preview:large","max-video-preview":"max-video-preview:-1"},"canonical":"https:\/\/www.3tech-dental.com\/pt-pt\/produtos\/led-curing-light-l-3200\/","og_locale":"pt_PT","og_type":"article","og_title":"LED CURING LIGHT L-3200 - 3TECH","og_description":"Intensidade: 800 a 3200 mW \/ cm\u00b2. 4 modos de utiliza\u00e7\u00e3o: normal, impulso, forte, super. Tempos: 1, 2, 3, 5, 6, 9, 10, 15 e 20 segundos. Sinal sonoro. Desligamento autom\u00e1tico: ap\u00f3s 7 minutos de inatividade. Luz ajust\u00e1vel de 360 \u00b0. Comprimento de onda: 385 &#8211; 515\u00a0nm. Tamanho do fotopolimerizador (\u00d8 x altura): 24 x [&hellip;]","og_url":"https:\/\/www.3tech-dental.com\/pt-pt\/produtos\/led-curing-light-l-3200\/","og_site_name":"3TECH","article_modified_time":"2024-02-19T14:38:40+00:00","og_image":[{"width":3000,"height":3000,"url":"https:\/\/www.3tech-dental.com\/wp-content\/uploads\/2021\/11\/LED-3200-Front-looking-back.png","type":"image\/png"}],"twitter_card":"summary_large_image","twitter_misc":{"Tempo estimado de leitura":"1 minuto"},"schema":{"@context":"https:\/\/schema.org","@graph":[{"@type":"WebPage","@id":"https:\/\/www.3tech-dental.com\/pt-pt\/produtos\/led-curing-light-l-3200\/","url":"https:\/\/www.3tech-dental.com\/pt-pt\/produtos\/led-curing-light-l-3200\/","name":"LED CURING LIGHT L-3200 - 3TECH","isPartOf":{"@id":"https:\/\/www.3tech-dental.com\/#website"},"primaryImageOfPage":{"@id":"https:\/\/www.3tech-dental.com\/pt-pt\/produtos\/led-curing-light-l-3200\/#primaryimage"},"image":{"@id":"https:\/\/www.3tech-dental.com\/pt-pt\/produtos\/led-curing-light-l-3200\/#primaryimage"},"thumbnailUrl":"https:\/\/www.3tech-dental.com\/wp-content\/uploads\/2021\/11\/LED-3200-Front-looking-back.png","datePublished":"2021-12-16T09:24:20+00:00","dateModified":"2024-02-19T14:38:40+00:00","breadcrumb":{"@id":"https:\/\/www.3tech-dental.com\/pt-pt\/produtos\/led-curing-light-l-3200\/#breadcrumb"},"inLanguage":"pt-PT","potentialAction":[{"@type":"ReadAction","target":["https:\/\/www.3tech-dental.com\/pt-pt\/produtos\/led-curing-light-l-3200\/"]}]},{"@type":"ImageObject","inLanguage":"pt-PT","@id":"https:\/\/www.3tech-dental.com\/pt-pt\/produtos\/led-curing-light-l-3200\/#primaryimage","url":"https:\/\/www.3tech-dental.com\/wp-content\/uploads\/2021\/11\/LED-3200-Front-looking-back.png","contentUrl":"https:\/\/www.3tech-dental.com\/wp-content\/uploads\/2021\/11\/LED-3200-Front-looking-back.png","width":3000,"height":3000},{"@type":"BreadcrumbList","@id":"https:\/\/www.3tech-dental.com\/pt-pt\/produtos\/led-curing-light-l-3200\/#breadcrumb","itemListElement":[{"@type":"ListItem","position":1,"name":"Accueil","item":"https:\/\/www.3tech-dental.com\/pt-pt\/"},{"@type":"ListItem","position":2,"name":"A nossa gamma","item":"https:\/\/www.3tech-dental.com\/pt-pt\/a-nossa-gamma\/"},{"@type":"ListItem","position":3,"name":"LED CURING LIGHT L-3200"}]},{"@type":"WebSite","@id":"https:\/\/www.3tech-dental.com\/#website","url":"https:\/\/www.3tech-dental.com\/","name":"3TECH","description":"Equipez-vous malin !","publisher":{"@id":"https:\/\/www.3tech-dental.com\/#organization"},"potentialAction":[{"@type":"SearchAction","target":{"@type":"EntryPoint","urlTemplate":"https:\/\/www.3tech-dental.com\/?s={search_term_string}"},"query-input":{"@type":"PropertyValueSpecification","valueRequired":true,"valueName":"search_term_string"}}],"inLanguage":"pt-PT"},{"@type":"Organization","@id":"https:\/\/www.3tech-dental.com\/#organization","name":"3TECH","url":"https:\/\/www.3tech-dental.com\/","logo":{"@type":"ImageObject","inLanguage":"pt-PT","@id":"https:\/\/www.3tech-dental.com\/#\/schema\/logo\/image\/","url":"https:\/\/www.3tech-dental.com\/wp-content\/uploads\/2017\/11\/logo@2x.png","contentUrl":"https:\/\/www.3tech-dental.com\/wp-content\/uploads\/2017\/11\/logo@2x.png","width":736,"height":193,"caption":"3TECH"},"image":{"@id":"https:\/\/www.3tech-dental.com\/#\/schema\/logo\/image\/"}}]}},"_links":{"self":[{"href":"https:\/\/www.3tech-dental.com\/pt-pt\/wp-json\/wp\/v2\/product\/4234"}],"collection":[{"href":"https:\/\/www.3tech-dental.com\/pt-pt\/wp-json\/wp\/v2\/product"}],"about":[{"href":"https:\/\/www.3tech-dental.com\/pt-pt\/wp-json\/wp\/v2\/types\/product"}],"wp:featuredmedia":[{"embeddable":true,"href":"https:\/\/www.3tech-dental.com\/pt-pt\/wp-json\/wp\/v2\/media\/4180"}],"wp:attachment":[{"href":"https:\/\/www.3tech-dental.com\/pt-pt\/wp-json\/wp\/v2\/media?parent=4234"}],"wp:term":[{"taxonomy":"product_cat","embeddable":true,"href":"https:\/\/www.3tech-dental.com\/pt-pt\/wp-json\/wp\/v2\/product_cat?post=4234"},{"taxonomy":"product_tag","embeddable":true,"href":"https:\/\/www.3tech-dental.com\/pt-pt\/wp-json\/wp\/v2\/product_tag?post=4234"}],"curies":[{"name":"wp","href":"https:\/\/api.w.org\/{rel}","templated":true}]}}