{"id":5055,"date":"2022-11-22T12:25:11","date_gmt":"2022-12-21T11:20:37","guid":{"rendered":"https:\/\/www.3tech-dental.com\/?post_type=product&#038;p=5055"},"modified":"2026-05-07T14:38:56","modified_gmt":"2026-05-07T12:38:56","slug":"peca-de-mao-cirurgica","status":"publish","type":"product","link":"https:\/\/www.3tech-dental.com\/pt-pt\/produtos\/peca-de-mao-cirurgica\/","title":{"rendered":"PE\u00c7A DE M\u00c3O CIR\u00daRGICA"},"content":{"rendered":"<p><strong>Velocidade : <\/strong>40 000 rpm<br \/>\n<strong>Transmiss\u00e3o : <\/strong>1:1<br \/>\n<strong>Brocas cir\u00fargicas : <\/strong>\u00d8 2,35 mm<br \/>\n<strong>Intensidade luminosa :<\/strong>&lt;25 000 LUX<br \/>\n<strong>Press\u00e3o : <\/strong>2,5 hasta 3 bares<br \/>\n<strong>Pulveriza\u00e7\u00e3o de ar e \u00e1gua<\/strong><br \/>\n<strong>Peso : <\/strong>93,8 g<br \/>\n<strong>N\u00edvel de ru\u00eddo : <\/strong>\u2264 70 dB<\/p>\n<p><strong>Conte\u00fado : <\/strong>1 unidade<\/p>\n","protected":false},"excerpt":{"rendered":"<p>Velocidade : 40 000 rpm Transmiss\u00e3o : 1:1 Brocas cir\u00fargicas : \u00d8 2,35 mm Intensidade luminosa :&lt;25 000 LUX Press\u00e3o : 2,5 hasta 3 bares Pulveriza\u00e7\u00e3o de ar e \u00e1gua Peso : 93,8 g N\u00edvel de ru\u00eddo : \u2264 70 dB Conte\u00fado : 1 unidade<\/p>\n","protected":false},"featured_media":5704,"template":"","meta":{"_acf_changed":false},"product_cat":[114],"product_tag":[],"class_list":{"0":"post-5055","1":"product","2":"type-product","3":"status-publish","4":"has-post-thumbnail","6":"product_cat-peca-de-mao","8":"first","9":"instock","10":"shipping-taxable","11":"product-type-simple"},"acf":[],"yoast_head":"<!-- This site is optimized with the Yoast SEO plugin v23.7 - https:\/\/yoast.com\/wordpress\/plugins\/seo\/ -->\n<title>PE\u00c7A DE M\u00c3O CIR\u00daRGICA - 3TECH<\/title>\n<meta name=\"robots\" content=\"index, follow, max-snippet:-1, max-image-preview:large, max-video-preview:-1\" \/>\n<link rel=\"canonical\" href=\"https:\/\/www.3tech-dental.com\/pt-pt\/produtos\/peca-de-mao-cirurgica\/\" \/>\n<meta property=\"og:locale\" content=\"pt_PT\" \/>\n<meta property=\"og:type\" content=\"article\" \/>\n<meta property=\"og:title\" content=\"PE\u00c7A DE M\u00c3O CIR\u00daRGICA - 3TECH\" \/>\n<meta property=\"og:description\" content=\"Velocidade : 40 000 rpm Transmiss\u00e3o : 1:1 Brocas cir\u00fargicas : \u00d8 2,35 mm Intensidade luminosa :&lt;25 000 LUX Press\u00e3o : 2,5 hasta 3 bares Pulveriza\u00e7\u00e3o de ar e \u00e1gua Peso : 93,8 g N\u00edvel de ru\u00eddo : \u2264 70 dB Conte\u00fado : 1 unidade\" \/>\n<meta property=\"og:url\" content=\"https:\/\/www.3tech-dental.com\/pt-pt\/produtos\/peca-de-mao-cirurgica\/\" \/>\n<meta property=\"og:site_name\" content=\"3TECH\" \/>\n<meta property=\"article:modified_time\" content=\"2026-05-07T12:38:56+00:00\" \/>\n<meta property=\"og:image\" content=\"https:\/\/www.3tech-dental.com\/wp-content\/uploads\/2022\/11\/Design-sans-titre-9.png\" \/>\n\t<meta property=\"og:image:width\" content=\"1925\" \/>\n\t<meta property=\"og:image:height\" content=\"1925\" \/>\n\t<meta property=\"og:image:type\" content=\"image\/png\" \/>\n<meta name=\"twitter:card\" content=\"summary_large_image\" \/>\n<meta name=\"twitter:label1\" content=\"Tempo estimado de leitura\" \/>\n\t<meta name=\"twitter:data1\" content=\"1 minuto\" \/>\n<script type=\"application\/ld+json\" class=\"yoast-schema-graph\">{\"@context\":\"https:\/\/schema.org\",\"@graph\":[{\"@type\":\"WebPage\",\"@id\":\"https:\/\/www.3tech-dental.com\/pt-pt\/produtos\/peca-de-mao-cirurgica\/\",\"url\":\"https:\/\/www.3tech-dental.com\/pt-pt\/produtos\/peca-de-mao-cirurgica\/\",\"name\":\"PE\u00c7A DE M\u00c3O CIR\u00daRGICA - 3TECH\",\"isPartOf\":{\"@id\":\"https:\/\/www.3tech-dental.com\/#website\"},\"primaryImageOfPage\":{\"@id\":\"https:\/\/www.3tech-dental.com\/pt-pt\/produtos\/peca-de-mao-cirurgica\/#primaryimage\"},\"image\":{\"@id\":\"https:\/\/www.3tech-dental.com\/pt-pt\/produtos\/peca-de-mao-cirurgica\/#primaryimage\"},\"thumbnailUrl\":\"https:\/\/www.3tech-dental.com\/wp-content\/uploads\/2022\/11\/Design-sans-titre-9.png\",\"datePublished\":\"2022-12-21T11:20:37+00:00\",\"dateModified\":\"2026-05-07T12:38:56+00:00\",\"breadcrumb\":{\"@id\":\"https:\/\/www.3tech-dental.com\/pt-pt\/produtos\/peca-de-mao-cirurgica\/#breadcrumb\"},\"inLanguage\":\"pt-PT\",\"potentialAction\":[{\"@type\":\"ReadAction\",\"target\":[\"https:\/\/www.3tech-dental.com\/pt-pt\/produtos\/peca-de-mao-cirurgica\/\"]}]},{\"@type\":\"ImageObject\",\"inLanguage\":\"pt-PT\",\"@id\":\"https:\/\/www.3tech-dental.com\/pt-pt\/produtos\/peca-de-mao-cirurgica\/#primaryimage\",\"url\":\"https:\/\/www.3tech-dental.com\/wp-content\/uploads\/2022\/11\/Design-sans-titre-9.png\",\"contentUrl\":\"https:\/\/www.3tech-dental.com\/wp-content\/uploads\/2022\/11\/Design-sans-titre-9.png\",\"width\":1925,\"height\":1925},{\"@type\":\"BreadcrumbList\",\"@id\":\"https:\/\/www.3tech-dental.com\/pt-pt\/produtos\/peca-de-mao-cirurgica\/#breadcrumb\",\"itemListElement\":[{\"@type\":\"ListItem\",\"position\":1,\"name\":\"Accueil\",\"item\":\"https:\/\/www.3tech-dental.com\/pt-pt\/\"},{\"@type\":\"ListItem\",\"position\":2,\"name\":\"A nossa gamma\",\"item\":\"https:\/\/www.3tech-dental.com\/pt-pt\/a-nossa-gamma\/\"},{\"@type\":\"ListItem\",\"position\":3,\"name\":\"PE\u00c7A DE M\u00c3O CIR\u00daRGICA\"}]},{\"@type\":\"WebSite\",\"@id\":\"https:\/\/www.3tech-dental.com\/#website\",\"url\":\"https:\/\/www.3tech-dental.com\/\",\"name\":\"3TECH\",\"description\":\"Equipez-vous malin !\",\"publisher\":{\"@id\":\"https:\/\/www.3tech-dental.com\/#organization\"},\"potentialAction\":[{\"@type\":\"SearchAction\",\"target\":{\"@type\":\"EntryPoint\",\"urlTemplate\":\"https:\/\/www.3tech-dental.com\/?s={search_term_string}\"},\"query-input\":{\"@type\":\"PropertyValueSpecification\",\"valueRequired\":true,\"valueName\":\"search_term_string\"}}],\"inLanguage\":\"pt-PT\"},{\"@type\":\"Organization\",\"@id\":\"https:\/\/www.3tech-dental.com\/#organization\",\"name\":\"3TECH\",\"url\":\"https:\/\/www.3tech-dental.com\/\",\"logo\":{\"@type\":\"ImageObject\",\"inLanguage\":\"pt-PT\",\"@id\":\"https:\/\/www.3tech-dental.com\/#\/schema\/logo\/image\/\",\"url\":\"https:\/\/www.3tech-dental.com\/wp-content\/uploads\/2017\/11\/logo@2x.png\",\"contentUrl\":\"https:\/\/www.3tech-dental.com\/wp-content\/uploads\/2017\/11\/logo@2x.png\",\"width\":736,\"height\":193,\"caption\":\"3TECH\"},\"image\":{\"@id\":\"https:\/\/www.3tech-dental.com\/#\/schema\/logo\/image\/\"}}]}<\/script>\n<!-- \/ Yoast SEO plugin. -->","yoast_head_json":{"title":"PE\u00c7A DE M\u00c3O CIR\u00daRGICA - 3TECH","robots":{"index":"index","follow":"follow","max-snippet":"max-snippet:-1","max-image-preview":"max-image-preview:large","max-video-preview":"max-video-preview:-1"},"canonical":"https:\/\/www.3tech-dental.com\/pt-pt\/produtos\/peca-de-mao-cirurgica\/","og_locale":"pt_PT","og_type":"article","og_title":"PE\u00c7A DE M\u00c3O CIR\u00daRGICA - 3TECH","og_description":"Velocidade : 40 000 rpm Transmiss\u00e3o : 1:1 Brocas cir\u00fargicas : \u00d8 2,35 mm Intensidade luminosa :&lt;25 000 LUX Press\u00e3o : 2,5 hasta 3 bares Pulveriza\u00e7\u00e3o de ar e \u00e1gua Peso : 93,8 g N\u00edvel de ru\u00eddo : \u2264 70 dB Conte\u00fado : 1 unidade","og_url":"https:\/\/www.3tech-dental.com\/pt-pt\/produtos\/peca-de-mao-cirurgica\/","og_site_name":"3TECH","article_modified_time":"2026-05-07T12:38:56+00:00","og_image":[{"width":1925,"height":1925,"url":"https:\/\/www.3tech-dental.com\/wp-content\/uploads\/2022\/11\/Design-sans-titre-9.png","type":"image\/png"}],"twitter_card":"summary_large_image","twitter_misc":{"Tempo estimado de leitura":"1 minuto"},"schema":{"@context":"https:\/\/schema.org","@graph":[{"@type":"WebPage","@id":"https:\/\/www.3tech-dental.com\/pt-pt\/produtos\/peca-de-mao-cirurgica\/","url":"https:\/\/www.3tech-dental.com\/pt-pt\/produtos\/peca-de-mao-cirurgica\/","name":"PE\u00c7A DE M\u00c3O CIR\u00daRGICA - 3TECH","isPartOf":{"@id":"https:\/\/www.3tech-dental.com\/#website"},"primaryImageOfPage":{"@id":"https:\/\/www.3tech-dental.com\/pt-pt\/produtos\/peca-de-mao-cirurgica\/#primaryimage"},"image":{"@id":"https:\/\/www.3tech-dental.com\/pt-pt\/produtos\/peca-de-mao-cirurgica\/#primaryimage"},"thumbnailUrl":"https:\/\/www.3tech-dental.com\/wp-content\/uploads\/2022\/11\/Design-sans-titre-9.png","datePublished":"2022-12-21T11:20:37+00:00","dateModified":"2026-05-07T12:38:56+00:00","breadcrumb":{"@id":"https:\/\/www.3tech-dental.com\/pt-pt\/produtos\/peca-de-mao-cirurgica\/#breadcrumb"},"inLanguage":"pt-PT","potentialAction":[{"@type":"ReadAction","target":["https:\/\/www.3tech-dental.com\/pt-pt\/produtos\/peca-de-mao-cirurgica\/"]}]},{"@type":"ImageObject","inLanguage":"pt-PT","@id":"https:\/\/www.3tech-dental.com\/pt-pt\/produtos\/peca-de-mao-cirurgica\/#primaryimage","url":"https:\/\/www.3tech-dental.com\/wp-content\/uploads\/2022\/11\/Design-sans-titre-9.png","contentUrl":"https:\/\/www.3tech-dental.com\/wp-content\/uploads\/2022\/11\/Design-sans-titre-9.png","width":1925,"height":1925},{"@type":"BreadcrumbList","@id":"https:\/\/www.3tech-dental.com\/pt-pt\/produtos\/peca-de-mao-cirurgica\/#breadcrumb","itemListElement":[{"@type":"ListItem","position":1,"name":"Accueil","item":"https:\/\/www.3tech-dental.com\/pt-pt\/"},{"@type":"ListItem","position":2,"name":"A nossa gamma","item":"https:\/\/www.3tech-dental.com\/pt-pt\/a-nossa-gamma\/"},{"@type":"ListItem","position":3,"name":"PE\u00c7A DE M\u00c3O CIR\u00daRGICA"}]},{"@type":"WebSite","@id":"https:\/\/www.3tech-dental.com\/#website","url":"https:\/\/www.3tech-dental.com\/","name":"3TECH","description":"Equipez-vous malin !","publisher":{"@id":"https:\/\/www.3tech-dental.com\/#organization"},"potentialAction":[{"@type":"SearchAction","target":{"@type":"EntryPoint","urlTemplate":"https:\/\/www.3tech-dental.com\/?s={search_term_string}"},"query-input":{"@type":"PropertyValueSpecification","valueRequired":true,"valueName":"search_term_string"}}],"inLanguage":"pt-PT"},{"@type":"Organization","@id":"https:\/\/www.3tech-dental.com\/#organization","name":"3TECH","url":"https:\/\/www.3tech-dental.com\/","logo":{"@type":"ImageObject","inLanguage":"pt-PT","@id":"https:\/\/www.3tech-dental.com\/#\/schema\/logo\/image\/","url":"https:\/\/www.3tech-dental.com\/wp-content\/uploads\/2017\/11\/logo@2x.png","contentUrl":"https:\/\/www.3tech-dental.com\/wp-content\/uploads\/2017\/11\/logo@2x.png","width":736,"height":193,"caption":"3TECH"},"image":{"@id":"https:\/\/www.3tech-dental.com\/#\/schema\/logo\/image\/"}}]}},"_links":{"self":[{"href":"https:\/\/www.3tech-dental.com\/pt-pt\/wp-json\/wp\/v2\/product\/5055"}],"collection":[{"href":"https:\/\/www.3tech-dental.com\/pt-pt\/wp-json\/wp\/v2\/product"}],"about":[{"href":"https:\/\/www.3tech-dental.com\/pt-pt\/wp-json\/wp\/v2\/types\/product"}],"wp:featuredmedia":[{"embeddable":true,"href":"https:\/\/www.3tech-dental.com\/pt-pt\/wp-json\/wp\/v2\/media\/5704"}],"wp:attachment":[{"href":"https:\/\/www.3tech-dental.com\/pt-pt\/wp-json\/wp\/v2\/media?parent=5055"}],"wp:term":[{"taxonomy":"product_cat","embeddable":true,"href":"https:\/\/www.3tech-dental.com\/pt-pt\/wp-json\/wp\/v2\/product_cat?post=5055"},{"taxonomy":"product_tag","embeddable":true,"href":"https:\/\/www.3tech-dental.com\/pt-pt\/wp-json\/wp\/v2\/product_tag?post=5055"}],"curies":[{"name":"wp","href":"https:\/\/api.w.org\/{rel}","templated":true}]}}