{"id":5225,"date":"2023-01-30T17:22:28","date_gmt":"2023-01-31T09:19:42","guid":{"rendered":"https:\/\/www.3tech-dental.com\/?post_type=product&#038;p=5225"},"modified":"2024-02-21T12:45:43","modified_gmt":"2024-02-21T11:45:43","slug":"capas-protectoras-para-led","status":"publish","type":"product","link":"https:\/\/www.3tech-dental.com\/pt-pt\/produtos\/capas-protectoras-para-led\/","title":{"rendered":"Mangas de protec\u00e7\u00e3o LED"},"content":{"rendered":"<p><strong>Composi\u00e7\u00e3o :<\/strong> pl\u00e1stico transparente<br \/>\n<strong>Apenas para uso \u00fanico<\/strong><br \/>\n<strong>Dimens\u00f5es :<\/strong><\/p>\n<p style=\"padding-left: 40px;\">Para LED sem fibras \u00f3pticas, tipo LED-3200 : 24,5 x 5,5 cm<br \/>\nPara LED com fibras \u00f3pticas, tipo LED-1007 : 34 x 5,3 cm<\/p>\n<p><strong>Conte\u00fado :<\/strong> caixa com 200 mangas<br \/>\n<strong>Concebido para evitar a contamina\u00e7\u00e3o cruzada<\/strong><\/p>\n<p><strong>Ambos os tipos de mangas de protec\u00e7\u00e3o s\u00e3o compat\u00edveis com as l\u00e2mpadas 3TECH, bem como com as l\u00e2mpadas LED existentes no mercado.<\/strong><\/p>\n","protected":false},"excerpt":{"rendered":"<p>Composi\u00e7\u00e3o : pl\u00e1stico transparente Apenas para uso \u00fanico Dimens\u00f5es : Para LED sem fibras \u00f3pticas, tipo LED-3200 : 24,5 x 5,5 cm Para LED com fibras \u00f3pticas, tipo LED-1007 : 34 x 5,3 cm Conte\u00fado : caixa com 200 mangas Concebido para evitar a contamina\u00e7\u00e3o cruzada Ambos os tipos de mangas de protec\u00e7\u00e3o s\u00e3o compat\u00edveis [&hellip;]<\/p>\n","protected":false},"featured_media":5238,"template":"","meta":{"_acf_changed":false},"product_cat":[107],"product_tag":[],"class_list":{"0":"post-5225","1":"product","2":"type-product","3":"status-publish","4":"has-post-thumbnail","6":"product_cat-lamparas","8":"first","9":"instock","10":"shipping-taxable","11":"product-type-simple"},"acf":[],"yoast_head":"<!-- This site is optimized with the Yoast SEO plugin v23.7 - https:\/\/yoast.com\/wordpress\/plugins\/seo\/ -->\n<title>Mangas de protec\u00e7\u00e3o LED - 3TECH<\/title>\n<meta name=\"robots\" content=\"index, follow, max-snippet:-1, max-image-preview:large, max-video-preview:-1\" \/>\n<link rel=\"canonical\" href=\"https:\/\/www.3tech-dental.com\/pt-pt\/produtos\/capas-protectoras-para-led\/\" \/>\n<meta property=\"og:locale\" content=\"pt_PT\" \/>\n<meta property=\"og:type\" content=\"article\" \/>\n<meta property=\"og:title\" content=\"Mangas de protec\u00e7\u00e3o LED - 3TECH\" \/>\n<meta property=\"og:description\" content=\"Composi\u00e7\u00e3o : pl\u00e1stico transparente Apenas para uso \u00fanico Dimens\u00f5es : Para LED sem fibras \u00f3pticas, tipo LED-3200 : 24,5 x 5,5 cm Para LED com fibras \u00f3pticas, tipo LED-1007 : 34 x 5,3 cm Conte\u00fado : caixa com 200 mangas Concebido para evitar a contamina\u00e7\u00e3o cruzada Ambos os tipos de mangas de protec\u00e7\u00e3o s\u00e3o compat\u00edveis [&hellip;]\" \/>\n<meta property=\"og:url\" content=\"https:\/\/www.3tech-dental.com\/pt-pt\/produtos\/capas-protectoras-para-led\/\" \/>\n<meta property=\"og:site_name\" content=\"3TECH\" \/>\n<meta property=\"article:modified_time\" content=\"2024-02-21T11:45:43+00:00\" \/>\n<meta property=\"og:image\" content=\"https:\/\/www.3tech-dental.com\/wp-content\/uploads\/2023\/01\/Visuel-Protective-Sleeves-LED-3200-Main-RVB-scaled.jpg\" \/>\n\t<meta property=\"og:image:width\" content=\"2560\" \/>\n\t<meta property=\"og:image:height\" content=\"2560\" \/>\n\t<meta property=\"og:image:type\" content=\"image\/jpeg\" \/>\n<meta name=\"twitter:card\" content=\"summary_large_image\" \/>\n<meta name=\"twitter:label1\" content=\"Tempo estimado de leitura\" \/>\n\t<meta name=\"twitter:data1\" content=\"1 minuto\" \/>\n<script type=\"application\/ld+json\" class=\"yoast-schema-graph\">{\"@context\":\"https:\/\/schema.org\",\"@graph\":[{\"@type\":\"WebPage\",\"@id\":\"https:\/\/www.3tech-dental.com\/pt-pt\/produtos\/capas-protectoras-para-led\/\",\"url\":\"https:\/\/www.3tech-dental.com\/pt-pt\/produtos\/capas-protectoras-para-led\/\",\"name\":\"Mangas de protec\u00e7\u00e3o LED - 3TECH\",\"isPartOf\":{\"@id\":\"https:\/\/www.3tech-dental.com\/#website\"},\"primaryImageOfPage\":{\"@id\":\"https:\/\/www.3tech-dental.com\/pt-pt\/produtos\/capas-protectoras-para-led\/#primaryimage\"},\"image\":{\"@id\":\"https:\/\/www.3tech-dental.com\/pt-pt\/produtos\/capas-protectoras-para-led\/#primaryimage\"},\"thumbnailUrl\":\"https:\/\/www.3tech-dental.com\/wp-content\/uploads\/2023\/01\/Visuel-Protective-Sleeves-LED-3200-Main-RVB-scaled.jpg\",\"datePublished\":\"2023-01-31T09:19:42+00:00\",\"dateModified\":\"2024-02-21T11:45:43+00:00\",\"breadcrumb\":{\"@id\":\"https:\/\/www.3tech-dental.com\/pt-pt\/produtos\/capas-protectoras-para-led\/#breadcrumb\"},\"inLanguage\":\"pt-PT\",\"potentialAction\":[{\"@type\":\"ReadAction\",\"target\":[\"https:\/\/www.3tech-dental.com\/pt-pt\/produtos\/capas-protectoras-para-led\/\"]}]},{\"@type\":\"ImageObject\",\"inLanguage\":\"pt-PT\",\"@id\":\"https:\/\/www.3tech-dental.com\/pt-pt\/produtos\/capas-protectoras-para-led\/#primaryimage\",\"url\":\"https:\/\/www.3tech-dental.com\/wp-content\/uploads\/2023\/01\/Visuel-Protective-Sleeves-LED-3200-Main-RVB-scaled.jpg\",\"contentUrl\":\"https:\/\/www.3tech-dental.com\/wp-content\/uploads\/2023\/01\/Visuel-Protective-Sleeves-LED-3200-Main-RVB-scaled.jpg\",\"width\":2560,\"height\":2560},{\"@type\":\"BreadcrumbList\",\"@id\":\"https:\/\/www.3tech-dental.com\/pt-pt\/produtos\/capas-protectoras-para-led\/#breadcrumb\",\"itemListElement\":[{\"@type\":\"ListItem\",\"position\":1,\"name\":\"Accueil\",\"item\":\"https:\/\/www.3tech-dental.com\/pt-pt\/\"},{\"@type\":\"ListItem\",\"position\":2,\"name\":\"A nossa gamma\",\"item\":\"https:\/\/www.3tech-dental.com\/pt-pt\/a-nossa-gamma\/\"},{\"@type\":\"ListItem\",\"position\":3,\"name\":\"Mangas de protec\u00e7\u00e3o LED\"}]},{\"@type\":\"WebSite\",\"@id\":\"https:\/\/www.3tech-dental.com\/#website\",\"url\":\"https:\/\/www.3tech-dental.com\/\",\"name\":\"3TECH\",\"description\":\"Equipez-vous malin !\",\"publisher\":{\"@id\":\"https:\/\/www.3tech-dental.com\/#organization\"},\"potentialAction\":[{\"@type\":\"SearchAction\",\"target\":{\"@type\":\"EntryPoint\",\"urlTemplate\":\"https:\/\/www.3tech-dental.com\/?s={search_term_string}\"},\"query-input\":{\"@type\":\"PropertyValueSpecification\",\"valueRequired\":true,\"valueName\":\"search_term_string\"}}],\"inLanguage\":\"pt-PT\"},{\"@type\":\"Organization\",\"@id\":\"https:\/\/www.3tech-dental.com\/#organization\",\"name\":\"3TECH\",\"url\":\"https:\/\/www.3tech-dental.com\/\",\"logo\":{\"@type\":\"ImageObject\",\"inLanguage\":\"pt-PT\",\"@id\":\"https:\/\/www.3tech-dental.com\/#\/schema\/logo\/image\/\",\"url\":\"https:\/\/www.3tech-dental.com\/wp-content\/uploads\/2017\/11\/logo@2x.png\",\"contentUrl\":\"https:\/\/www.3tech-dental.com\/wp-content\/uploads\/2017\/11\/logo@2x.png\",\"width\":736,\"height\":193,\"caption\":\"3TECH\"},\"image\":{\"@id\":\"https:\/\/www.3tech-dental.com\/#\/schema\/logo\/image\/\"}}]}<\/script>\n<!-- \/ Yoast SEO plugin. -->","yoast_head_json":{"title":"Mangas de protec\u00e7\u00e3o LED - 3TECH","robots":{"index":"index","follow":"follow","max-snippet":"max-snippet:-1","max-image-preview":"max-image-preview:large","max-video-preview":"max-video-preview:-1"},"canonical":"https:\/\/www.3tech-dental.com\/pt-pt\/produtos\/capas-protectoras-para-led\/","og_locale":"pt_PT","og_type":"article","og_title":"Mangas de protec\u00e7\u00e3o LED - 3TECH","og_description":"Composi\u00e7\u00e3o : pl\u00e1stico transparente Apenas para uso \u00fanico Dimens\u00f5es : Para LED sem fibras \u00f3pticas, tipo LED-3200 : 24,5 x 5,5 cm Para LED com fibras \u00f3pticas, tipo LED-1007 : 34 x 5,3 cm Conte\u00fado : caixa com 200 mangas Concebido para evitar a contamina\u00e7\u00e3o cruzada Ambos os tipos de mangas de protec\u00e7\u00e3o s\u00e3o compat\u00edveis [&hellip;]","og_url":"https:\/\/www.3tech-dental.com\/pt-pt\/produtos\/capas-protectoras-para-led\/","og_site_name":"3TECH","article_modified_time":"2024-02-21T11:45:43+00:00","og_image":[{"width":2560,"height":2560,"url":"https:\/\/www.3tech-dental.com\/wp-content\/uploads\/2023\/01\/Visuel-Protective-Sleeves-LED-3200-Main-RVB-scaled.jpg","type":"image\/jpeg"}],"twitter_card":"summary_large_image","twitter_misc":{"Tempo estimado de leitura":"1 minuto"},"schema":{"@context":"https:\/\/schema.org","@graph":[{"@type":"WebPage","@id":"https:\/\/www.3tech-dental.com\/pt-pt\/produtos\/capas-protectoras-para-led\/","url":"https:\/\/www.3tech-dental.com\/pt-pt\/produtos\/capas-protectoras-para-led\/","name":"Mangas de protec\u00e7\u00e3o LED - 3TECH","isPartOf":{"@id":"https:\/\/www.3tech-dental.com\/#website"},"primaryImageOfPage":{"@id":"https:\/\/www.3tech-dental.com\/pt-pt\/produtos\/capas-protectoras-para-led\/#primaryimage"},"image":{"@id":"https:\/\/www.3tech-dental.com\/pt-pt\/produtos\/capas-protectoras-para-led\/#primaryimage"},"thumbnailUrl":"https:\/\/www.3tech-dental.com\/wp-content\/uploads\/2023\/01\/Visuel-Protective-Sleeves-LED-3200-Main-RVB-scaled.jpg","datePublished":"2023-01-31T09:19:42+00:00","dateModified":"2024-02-21T11:45:43+00:00","breadcrumb":{"@id":"https:\/\/www.3tech-dental.com\/pt-pt\/produtos\/capas-protectoras-para-led\/#breadcrumb"},"inLanguage":"pt-PT","potentialAction":[{"@type":"ReadAction","target":["https:\/\/www.3tech-dental.com\/pt-pt\/produtos\/capas-protectoras-para-led\/"]}]},{"@type":"ImageObject","inLanguage":"pt-PT","@id":"https:\/\/www.3tech-dental.com\/pt-pt\/produtos\/capas-protectoras-para-led\/#primaryimage","url":"https:\/\/www.3tech-dental.com\/wp-content\/uploads\/2023\/01\/Visuel-Protective-Sleeves-LED-3200-Main-RVB-scaled.jpg","contentUrl":"https:\/\/www.3tech-dental.com\/wp-content\/uploads\/2023\/01\/Visuel-Protective-Sleeves-LED-3200-Main-RVB-scaled.jpg","width":2560,"height":2560},{"@type":"BreadcrumbList","@id":"https:\/\/www.3tech-dental.com\/pt-pt\/produtos\/capas-protectoras-para-led\/#breadcrumb","itemListElement":[{"@type":"ListItem","position":1,"name":"Accueil","item":"https:\/\/www.3tech-dental.com\/pt-pt\/"},{"@type":"ListItem","position":2,"name":"A nossa gamma","item":"https:\/\/www.3tech-dental.com\/pt-pt\/a-nossa-gamma\/"},{"@type":"ListItem","position":3,"name":"Mangas de protec\u00e7\u00e3o LED"}]},{"@type":"WebSite","@id":"https:\/\/www.3tech-dental.com\/#website","url":"https:\/\/www.3tech-dental.com\/","name":"3TECH","description":"Equipez-vous malin !","publisher":{"@id":"https:\/\/www.3tech-dental.com\/#organization"},"potentialAction":[{"@type":"SearchAction","target":{"@type":"EntryPoint","urlTemplate":"https:\/\/www.3tech-dental.com\/?s={search_term_string}"},"query-input":{"@type":"PropertyValueSpecification","valueRequired":true,"valueName":"search_term_string"}}],"inLanguage":"pt-PT"},{"@type":"Organization","@id":"https:\/\/www.3tech-dental.com\/#organization","name":"3TECH","url":"https:\/\/www.3tech-dental.com\/","logo":{"@type":"ImageObject","inLanguage":"pt-PT","@id":"https:\/\/www.3tech-dental.com\/#\/schema\/logo\/image\/","url":"https:\/\/www.3tech-dental.com\/wp-content\/uploads\/2017\/11\/logo@2x.png","contentUrl":"https:\/\/www.3tech-dental.com\/wp-content\/uploads\/2017\/11\/logo@2x.png","width":736,"height":193,"caption":"3TECH"},"image":{"@id":"https:\/\/www.3tech-dental.com\/#\/schema\/logo\/image\/"}}]}},"_links":{"self":[{"href":"https:\/\/www.3tech-dental.com\/pt-pt\/wp-json\/wp\/v2\/product\/5225"}],"collection":[{"href":"https:\/\/www.3tech-dental.com\/pt-pt\/wp-json\/wp\/v2\/product"}],"about":[{"href":"https:\/\/www.3tech-dental.com\/pt-pt\/wp-json\/wp\/v2\/types\/product"}],"wp:featuredmedia":[{"embeddable":true,"href":"https:\/\/www.3tech-dental.com\/pt-pt\/wp-json\/wp\/v2\/media\/5238"}],"wp:attachment":[{"href":"https:\/\/www.3tech-dental.com\/pt-pt\/wp-json\/wp\/v2\/media?parent=5225"}],"wp:term":[{"taxonomy":"product_cat","embeddable":true,"href":"https:\/\/www.3tech-dental.com\/pt-pt\/wp-json\/wp\/v2\/product_cat?post=5225"},{"taxonomy":"product_tag","embeddable":true,"href":"https:\/\/www.3tech-dental.com\/pt-pt\/wp-json\/wp\/v2\/product_tag?post=5225"}],"curies":[{"name":"wp","href":"https:\/\/api.w.org\/{rel}","templated":true}]}}