{"id":5495,"date":"2023-10-31T11:13:55","date_gmt":"2023-11-04T02:15:50","guid":{"rendered":"https:\/\/www.3tech-dental.com\/?post_type=product&#038;p=5495"},"modified":"2026-03-09T17:36:47","modified_gmt":"2026-03-09T16:36:47","slug":"contra-angulo-verde","status":"publish","type":"product","link":"https:\/\/www.3tech-dental.com\/pt-pt\/produtos\/contra-angulo-verde\/","title":{"rendered":"Contra-\u00e2ngulo verde L-2500"},"content":{"rendered":"<p><strong>Velocidade<\/strong>: 2.500 rpm<br \/>\n<strong>R\u00e1cio de velocidade<\/strong>: 16:1<br \/>\n<strong>Cabe\u00e7a amov\u00edvel<\/strong>: optimiza a esteriliza\u00e7\u00e3o e poupa dinheiro<br \/>\nPulveriza\u00e7\u00e3o \u00fanica<br \/>\n<strong>Cabe\u00e7a desmont\u00e1vel<\/strong> : facilitar a limpeza e a desinfe\u00e7\u00e3o<br \/>\n<strong>Tamanho da cabe\u00e7a<\/strong>: \u00d89,5 x 14,1 mm<br \/>\nRolamento de esferas em cer\u00e2mica<br \/>\nFibra \u00f3tica.<br \/>\n<strong>Intensidade da luz<\/strong>: \u226424.000 LUX<br \/>\n<strong>Broca<\/strong>: CA \u00d8 2,35 mm<br \/>\n<strong>Peso<\/strong>: 78,4 g<br \/>\nBot\u00e3o de press\u00e3o<br \/>\n<strong>N\u00edvel de ru\u00eddo:<\/strong> \u2264 70 dB<\/p>\n<p><strong>Garantia: 1 ano.<\/strong><\/p>\n","protected":false},"excerpt":{"rendered":"<p>Velocidade: 2.500 rpm R\u00e1cio de velocidade: 16:1 Cabe\u00e7a amov\u00edvel: optimiza a esteriliza\u00e7\u00e3o e poupa dinheiro Pulveriza\u00e7\u00e3o \u00fanica Cabe\u00e7a desmont\u00e1vel : facilitar a limpeza e a desinfe\u00e7\u00e3o Tamanho da cabe\u00e7a: \u00d89,5 x 14,1 mm Rolamento de esferas em cer\u00e2mica Fibra \u00f3tica. Intensidade da luz: \u226424.000 LUX Broca: CA \u00d8 2,35 mm Peso: 78,4 g Bot\u00e3o de [&hellip;]<\/p>\n","protected":false},"featured_media":5674,"template":"","meta":{"_acf_changed":false},"product_cat":[85],"product_tag":[],"class_list":{"0":"post-5495","1":"product","2":"type-product","3":"status-publish","4":"has-post-thumbnail","6":"product_cat-contra-angulo","8":"first","9":"instock","10":"shipping-taxable","11":"product-type-simple"},"acf":[],"yoast_head":"<!-- This site is optimized with the Yoast SEO plugin v23.7 - https:\/\/yoast.com\/wordpress\/plugins\/seo\/ -->\n<title>Contra-\u00e2ngulo verde L-2500 - 3TECH<\/title>\n<meta name=\"robots\" content=\"index, follow, max-snippet:-1, max-image-preview:large, max-video-preview:-1\" \/>\n<link rel=\"canonical\" href=\"https:\/\/www.3tech-dental.com\/pt-pt\/produtos\/contra-angulo-verde\/\" \/>\n<meta property=\"og:locale\" content=\"pt_PT\" \/>\n<meta property=\"og:type\" content=\"article\" \/>\n<meta property=\"og:title\" content=\"Contra-\u00e2ngulo verde L-2500 - 3TECH\" \/>\n<meta property=\"og:description\" content=\"Velocidade: 2.500 rpm R\u00e1cio de velocidade: 16:1 Cabe\u00e7a amov\u00edvel: optimiza a esteriliza\u00e7\u00e3o e poupa dinheiro Pulveriza\u00e7\u00e3o \u00fanica Cabe\u00e7a desmont\u00e1vel : facilitar a limpeza e a desinfe\u00e7\u00e3o Tamanho da cabe\u00e7a: \u00d89,5 x 14,1 mm Rolamento de esferas em cer\u00e2mica Fibra \u00f3tica. Intensidade da luz: \u226424.000 LUX Broca: CA \u00d8 2,35 mm Peso: 78,4 g Bot\u00e3o de [&hellip;]\" \/>\n<meta property=\"og:url\" content=\"https:\/\/www.3tech-dental.com\/pt-pt\/produtos\/contra-angulo-verde\/\" \/>\n<meta property=\"og:site_name\" content=\"3TECH\" \/>\n<meta property=\"article:modified_time\" content=\"2026-03-09T16:36:47+00:00\" \/>\n<meta property=\"og:image\" content=\"https:\/\/www.3tech-dental.com\/wp-content\/uploads\/2023\/10\/Design-sans-titre-3.png\" \/>\n\t<meta property=\"og:image:width\" content=\"1001\" \/>\n\t<meta property=\"og:image:height\" content=\"1001\" \/>\n\t<meta property=\"og:image:type\" content=\"image\/png\" \/>\n<meta name=\"twitter:card\" content=\"summary_large_image\" \/>\n<meta name=\"twitter:label1\" content=\"Tempo estimado de leitura\" \/>\n\t<meta name=\"twitter:data1\" content=\"1 minuto\" \/>\n<script type=\"application\/ld+json\" class=\"yoast-schema-graph\">{\"@context\":\"https:\/\/schema.org\",\"@graph\":[{\"@type\":\"WebPage\",\"@id\":\"https:\/\/www.3tech-dental.com\/pt-pt\/produtos\/contra-angulo-verde\/\",\"url\":\"https:\/\/www.3tech-dental.com\/pt-pt\/produtos\/contra-angulo-verde\/\",\"name\":\"Contra-\u00e2ngulo verde L-2500 - 3TECH\",\"isPartOf\":{\"@id\":\"https:\/\/www.3tech-dental.com\/#website\"},\"primaryImageOfPage\":{\"@id\":\"https:\/\/www.3tech-dental.com\/pt-pt\/produtos\/contra-angulo-verde\/#primaryimage\"},\"image\":{\"@id\":\"https:\/\/www.3tech-dental.com\/pt-pt\/produtos\/contra-angulo-verde\/#primaryimage\"},\"thumbnailUrl\":\"https:\/\/www.3tech-dental.com\/wp-content\/uploads\/2023\/10\/Design-sans-titre-3.png\",\"datePublished\":\"2023-11-04T02:15:50+00:00\",\"dateModified\":\"2026-03-09T16:36:47+00:00\",\"breadcrumb\":{\"@id\":\"https:\/\/www.3tech-dental.com\/pt-pt\/produtos\/contra-angulo-verde\/#breadcrumb\"},\"inLanguage\":\"pt-PT\",\"potentialAction\":[{\"@type\":\"ReadAction\",\"target\":[\"https:\/\/www.3tech-dental.com\/pt-pt\/produtos\/contra-angulo-verde\/\"]}]},{\"@type\":\"ImageObject\",\"inLanguage\":\"pt-PT\",\"@id\":\"https:\/\/www.3tech-dental.com\/pt-pt\/produtos\/contra-angulo-verde\/#primaryimage\",\"url\":\"https:\/\/www.3tech-dental.com\/wp-content\/uploads\/2023\/10\/Design-sans-titre-3.png\",\"contentUrl\":\"https:\/\/www.3tech-dental.com\/wp-content\/uploads\/2023\/10\/Design-sans-titre-3.png\",\"width\":1001,\"height\":1001},{\"@type\":\"BreadcrumbList\",\"@id\":\"https:\/\/www.3tech-dental.com\/pt-pt\/produtos\/contra-angulo-verde\/#breadcrumb\",\"itemListElement\":[{\"@type\":\"ListItem\",\"position\":1,\"name\":\"Accueil\",\"item\":\"https:\/\/www.3tech-dental.com\/pt-pt\/\"},{\"@type\":\"ListItem\",\"position\":2,\"name\":\"A nossa gamma\",\"item\":\"https:\/\/www.3tech-dental.com\/pt-pt\/a-nossa-gamma\/\"},{\"@type\":\"ListItem\",\"position\":3,\"name\":\"Contra-\u00e2ngulo verde L-2500\"}]},{\"@type\":\"WebSite\",\"@id\":\"https:\/\/www.3tech-dental.com\/#website\",\"url\":\"https:\/\/www.3tech-dental.com\/\",\"name\":\"3TECH\",\"description\":\"Equipez-vous malin !\",\"publisher\":{\"@id\":\"https:\/\/www.3tech-dental.com\/#organization\"},\"potentialAction\":[{\"@type\":\"SearchAction\",\"target\":{\"@type\":\"EntryPoint\",\"urlTemplate\":\"https:\/\/www.3tech-dental.com\/?s={search_term_string}\"},\"query-input\":{\"@type\":\"PropertyValueSpecification\",\"valueRequired\":true,\"valueName\":\"search_term_string\"}}],\"inLanguage\":\"pt-PT\"},{\"@type\":\"Organization\",\"@id\":\"https:\/\/www.3tech-dental.com\/#organization\",\"name\":\"3TECH\",\"url\":\"https:\/\/www.3tech-dental.com\/\",\"logo\":{\"@type\":\"ImageObject\",\"inLanguage\":\"pt-PT\",\"@id\":\"https:\/\/www.3tech-dental.com\/#\/schema\/logo\/image\/\",\"url\":\"https:\/\/www.3tech-dental.com\/wp-content\/uploads\/2017\/11\/logo@2x.png\",\"contentUrl\":\"https:\/\/www.3tech-dental.com\/wp-content\/uploads\/2017\/11\/logo@2x.png\",\"width\":736,\"height\":193,\"caption\":\"3TECH\"},\"image\":{\"@id\":\"https:\/\/www.3tech-dental.com\/#\/schema\/logo\/image\/\"}}]}<\/script>\n<!-- \/ Yoast SEO plugin. -->","yoast_head_json":{"title":"Contra-\u00e2ngulo verde L-2500 - 3TECH","robots":{"index":"index","follow":"follow","max-snippet":"max-snippet:-1","max-image-preview":"max-image-preview:large","max-video-preview":"max-video-preview:-1"},"canonical":"https:\/\/www.3tech-dental.com\/pt-pt\/produtos\/contra-angulo-verde\/","og_locale":"pt_PT","og_type":"article","og_title":"Contra-\u00e2ngulo verde L-2500 - 3TECH","og_description":"Velocidade: 2.500 rpm R\u00e1cio de velocidade: 16:1 Cabe\u00e7a amov\u00edvel: optimiza a esteriliza\u00e7\u00e3o e poupa dinheiro Pulveriza\u00e7\u00e3o \u00fanica Cabe\u00e7a desmont\u00e1vel : facilitar a limpeza e a desinfe\u00e7\u00e3o Tamanho da cabe\u00e7a: \u00d89,5 x 14,1 mm Rolamento de esferas em cer\u00e2mica Fibra \u00f3tica. Intensidade da luz: \u226424.000 LUX Broca: CA \u00d8 2,35 mm Peso: 78,4 g Bot\u00e3o de [&hellip;]","og_url":"https:\/\/www.3tech-dental.com\/pt-pt\/produtos\/contra-angulo-verde\/","og_site_name":"3TECH","article_modified_time":"2026-03-09T16:36:47+00:00","og_image":[{"width":1001,"height":1001,"url":"https:\/\/www.3tech-dental.com\/wp-content\/uploads\/2023\/10\/Design-sans-titre-3.png","type":"image\/png"}],"twitter_card":"summary_large_image","twitter_misc":{"Tempo estimado de leitura":"1 minuto"},"schema":{"@context":"https:\/\/schema.org","@graph":[{"@type":"WebPage","@id":"https:\/\/www.3tech-dental.com\/pt-pt\/produtos\/contra-angulo-verde\/","url":"https:\/\/www.3tech-dental.com\/pt-pt\/produtos\/contra-angulo-verde\/","name":"Contra-\u00e2ngulo verde L-2500 - 3TECH","isPartOf":{"@id":"https:\/\/www.3tech-dental.com\/#website"},"primaryImageOfPage":{"@id":"https:\/\/www.3tech-dental.com\/pt-pt\/produtos\/contra-angulo-verde\/#primaryimage"},"image":{"@id":"https:\/\/www.3tech-dental.com\/pt-pt\/produtos\/contra-angulo-verde\/#primaryimage"},"thumbnailUrl":"https:\/\/www.3tech-dental.com\/wp-content\/uploads\/2023\/10\/Design-sans-titre-3.png","datePublished":"2023-11-04T02:15:50+00:00","dateModified":"2026-03-09T16:36:47+00:00","breadcrumb":{"@id":"https:\/\/www.3tech-dental.com\/pt-pt\/produtos\/contra-angulo-verde\/#breadcrumb"},"inLanguage":"pt-PT","potentialAction":[{"@type":"ReadAction","target":["https:\/\/www.3tech-dental.com\/pt-pt\/produtos\/contra-angulo-verde\/"]}]},{"@type":"ImageObject","inLanguage":"pt-PT","@id":"https:\/\/www.3tech-dental.com\/pt-pt\/produtos\/contra-angulo-verde\/#primaryimage","url":"https:\/\/www.3tech-dental.com\/wp-content\/uploads\/2023\/10\/Design-sans-titre-3.png","contentUrl":"https:\/\/www.3tech-dental.com\/wp-content\/uploads\/2023\/10\/Design-sans-titre-3.png","width":1001,"height":1001},{"@type":"BreadcrumbList","@id":"https:\/\/www.3tech-dental.com\/pt-pt\/produtos\/contra-angulo-verde\/#breadcrumb","itemListElement":[{"@type":"ListItem","position":1,"name":"Accueil","item":"https:\/\/www.3tech-dental.com\/pt-pt\/"},{"@type":"ListItem","position":2,"name":"A nossa gamma","item":"https:\/\/www.3tech-dental.com\/pt-pt\/a-nossa-gamma\/"},{"@type":"ListItem","position":3,"name":"Contra-\u00e2ngulo verde L-2500"}]},{"@type":"WebSite","@id":"https:\/\/www.3tech-dental.com\/#website","url":"https:\/\/www.3tech-dental.com\/","name":"3TECH","description":"Equipez-vous malin !","publisher":{"@id":"https:\/\/www.3tech-dental.com\/#organization"},"potentialAction":[{"@type":"SearchAction","target":{"@type":"EntryPoint","urlTemplate":"https:\/\/www.3tech-dental.com\/?s={search_term_string}"},"query-input":{"@type":"PropertyValueSpecification","valueRequired":true,"valueName":"search_term_string"}}],"inLanguage":"pt-PT"},{"@type":"Organization","@id":"https:\/\/www.3tech-dental.com\/#organization","name":"3TECH","url":"https:\/\/www.3tech-dental.com\/","logo":{"@type":"ImageObject","inLanguage":"pt-PT","@id":"https:\/\/www.3tech-dental.com\/#\/schema\/logo\/image\/","url":"https:\/\/www.3tech-dental.com\/wp-content\/uploads\/2017\/11\/logo@2x.png","contentUrl":"https:\/\/www.3tech-dental.com\/wp-content\/uploads\/2017\/11\/logo@2x.png","width":736,"height":193,"caption":"3TECH"},"image":{"@id":"https:\/\/www.3tech-dental.com\/#\/schema\/logo\/image\/"}}]}},"_links":{"self":[{"href":"https:\/\/www.3tech-dental.com\/pt-pt\/wp-json\/wp\/v2\/product\/5495"}],"collection":[{"href":"https:\/\/www.3tech-dental.com\/pt-pt\/wp-json\/wp\/v2\/product"}],"about":[{"href":"https:\/\/www.3tech-dental.com\/pt-pt\/wp-json\/wp\/v2\/types\/product"}],"wp:featuredmedia":[{"embeddable":true,"href":"https:\/\/www.3tech-dental.com\/pt-pt\/wp-json\/wp\/v2\/media\/5674"}],"wp:attachment":[{"href":"https:\/\/www.3tech-dental.com\/pt-pt\/wp-json\/wp\/v2\/media?parent=5495"}],"wp:term":[{"taxonomy":"product_cat","embeddable":true,"href":"https:\/\/www.3tech-dental.com\/pt-pt\/wp-json\/wp\/v2\/product_cat?post=5495"},{"taxonomy":"product_tag","embeddable":true,"href":"https:\/\/www.3tech-dental.com\/pt-pt\/wp-json\/wp\/v2\/product_tag?post=5495"}],"curies":[{"name":"wp","href":"https:\/\/api.w.org\/{rel}","templated":true}]}}