{"id":5513,"date":"2023-11-04T05:25:44","date_gmt":"2023-11-06T14:02:43","guid":{"rendered":"https:\/\/www.3tech-dental.com\/?post_type=product&#038;p=5513"},"modified":"2026-05-07T14:34:24","modified_gmt":"2026-05-07T12:34:24","slug":"cabecote-para-contra-angulo-1-1","status":"publish","type":"product","link":"https:\/\/www.3tech-dental.com\/pt-pt\/produtos\/cabecote-para-contra-angulo-1-1\/","title":{"rendered":"Cabe\u00e7a para Contra-\u00c2ngulo"},"content":{"rendered":"<p>Compat\u00edvel com as pe\u00e7as de m\u00e3o contra-\u00e2ngulo GREEN L-2500 e BLUE L-40 3TECH.<\/p>\n<p><strong>Taxa de velocidade<\/strong>: 1:1<br \/>\n<strong>Tamanho da cabe\u00e7a:<\/strong> \u00d89,5 x 14,1 mm<br \/>\nRolamento de esferas de cer\u00e2mica<br \/>\n<strong>Broca<\/strong>: \u00d8 2,35 mm<br \/>\n<strong>Peso<\/strong>: 11 g<br \/>\nBot\u00e3o de press\u00e3o<br \/>\n<strong>N\u00edvel de ru\u00eddo<\/strong>: \u2264 70 dB<\/p>\n<p><strong>Garantia: 1 ano.<\/strong><\/p>\n","protected":false},"excerpt":{"rendered":"<p>Compat\u00edvel com as pe\u00e7as de m\u00e3o contra-\u00e2ngulo GREEN L-2500 e BLUE L-40 3TECH. Taxa de velocidade: 1:1 Tamanho da cabe\u00e7a: \u00d89,5 x 14,1 mm Rolamento de esferas de cer\u00e2mica Broca: \u00d8 2,35 mm Peso: 11 g Bot\u00e3o de press\u00e3o N\u00edvel de ru\u00eddo: \u2264 70 dB Garantia: 1 ano.<\/p>\n","protected":false},"featured_media":5517,"template":"","meta":{"_acf_changed":false},"product_cat":[85],"product_tag":[],"class_list":{"0":"post-5513","1":"product","2":"type-product","3":"status-publish","4":"has-post-thumbnail","6":"product_cat-contra-angulo","8":"first","9":"instock","10":"shipping-taxable","11":"product-type-simple"},"acf":[],"yoast_head":"<!-- This site is optimized with the Yoast SEO plugin v23.7 - https:\/\/yoast.com\/wordpress\/plugins\/seo\/ -->\n<title>Cabe\u00e7a para Contra-\u00c2ngulo - 3TECH<\/title>\n<meta name=\"robots\" content=\"index, follow, max-snippet:-1, max-image-preview:large, max-video-preview:-1\" \/>\n<link rel=\"canonical\" href=\"https:\/\/www.3tech-dental.com\/pt-pt\/produtos\/cabecote-para-contra-angulo-1-1\/\" \/>\n<meta property=\"og:locale\" content=\"pt_PT\" \/>\n<meta property=\"og:type\" content=\"article\" \/>\n<meta property=\"og:title\" content=\"Cabe\u00e7a para Contra-\u00c2ngulo - 3TECH\" \/>\n<meta property=\"og:description\" content=\"Compat\u00edvel com as pe\u00e7as de m\u00e3o contra-\u00e2ngulo GREEN L-2500 e BLUE L-40 3TECH. Taxa de velocidade: 1:1 Tamanho da cabe\u00e7a: \u00d89,5 x 14,1 mm Rolamento de esferas de cer\u00e2mica Broca: \u00d8 2,35 mm Peso: 11 g Bot\u00e3o de press\u00e3o N\u00edvel de ru\u00eddo: \u2264 70 dB Garantia: 1 ano.\" \/>\n<meta property=\"og:url\" content=\"https:\/\/www.3tech-dental.com\/pt-pt\/produtos\/cabecote-para-contra-angulo-1-1\/\" \/>\n<meta property=\"og:site_name\" content=\"3TECH\" \/>\n<meta property=\"article:modified_time\" content=\"2026-05-07T12:34:24+00:00\" \/>\n<meta property=\"og:image\" content=\"https:\/\/www.3tech-dental.com\/wp-content\/uploads\/2023\/11\/Visuel_Head_Blue_L-40.jpg\" \/>\n\t<meta property=\"og:image:width\" content=\"2000\" \/>\n\t<meta property=\"og:image:height\" content=\"2000\" \/>\n\t<meta property=\"og:image:type\" content=\"image\/jpeg\" \/>\n<meta name=\"twitter:card\" content=\"summary_large_image\" \/>\n<meta name=\"twitter:label1\" content=\"Tempo estimado de leitura\" \/>\n\t<meta name=\"twitter:data1\" content=\"1 minuto\" \/>\n<script type=\"application\/ld+json\" class=\"yoast-schema-graph\">{\"@context\":\"https:\/\/schema.org\",\"@graph\":[{\"@type\":\"WebPage\",\"@id\":\"https:\/\/www.3tech-dental.com\/pt-pt\/produtos\/cabecote-para-contra-angulo-1-1\/\",\"url\":\"https:\/\/www.3tech-dental.com\/pt-pt\/produtos\/cabecote-para-contra-angulo-1-1\/\",\"name\":\"Cabe\u00e7a para Contra-\u00c2ngulo - 3TECH\",\"isPartOf\":{\"@id\":\"https:\/\/www.3tech-dental.com\/#website\"},\"primaryImageOfPage\":{\"@id\":\"https:\/\/www.3tech-dental.com\/pt-pt\/produtos\/cabecote-para-contra-angulo-1-1\/#primaryimage\"},\"image\":{\"@id\":\"https:\/\/www.3tech-dental.com\/pt-pt\/produtos\/cabecote-para-contra-angulo-1-1\/#primaryimage\"},\"thumbnailUrl\":\"https:\/\/www.3tech-dental.com\/wp-content\/uploads\/2023\/11\/Visuel_Head_Blue_L-40.jpg\",\"datePublished\":\"2023-11-06T14:02:43+00:00\",\"dateModified\":\"2026-05-07T12:34:24+00:00\",\"breadcrumb\":{\"@id\":\"https:\/\/www.3tech-dental.com\/pt-pt\/produtos\/cabecote-para-contra-angulo-1-1\/#breadcrumb\"},\"inLanguage\":\"pt-PT\",\"potentialAction\":[{\"@type\":\"ReadAction\",\"target\":[\"https:\/\/www.3tech-dental.com\/pt-pt\/produtos\/cabecote-para-contra-angulo-1-1\/\"]}]},{\"@type\":\"ImageObject\",\"inLanguage\":\"pt-PT\",\"@id\":\"https:\/\/www.3tech-dental.com\/pt-pt\/produtos\/cabecote-para-contra-angulo-1-1\/#primaryimage\",\"url\":\"https:\/\/www.3tech-dental.com\/wp-content\/uploads\/2023\/11\/Visuel_Head_Blue_L-40.jpg\",\"contentUrl\":\"https:\/\/www.3tech-dental.com\/wp-content\/uploads\/2023\/11\/Visuel_Head_Blue_L-40.jpg\",\"width\":2000,\"height\":2000},{\"@type\":\"BreadcrumbList\",\"@id\":\"https:\/\/www.3tech-dental.com\/pt-pt\/produtos\/cabecote-para-contra-angulo-1-1\/#breadcrumb\",\"itemListElement\":[{\"@type\":\"ListItem\",\"position\":1,\"name\":\"Accueil\",\"item\":\"https:\/\/www.3tech-dental.com\/pt-pt\/\"},{\"@type\":\"ListItem\",\"position\":2,\"name\":\"A nossa gamma\",\"item\":\"https:\/\/www.3tech-dental.com\/pt-pt\/a-nossa-gamma\/\"},{\"@type\":\"ListItem\",\"position\":3,\"name\":\"Cabe\u00e7a para Contra-\u00c2ngulo\"}]},{\"@type\":\"WebSite\",\"@id\":\"https:\/\/www.3tech-dental.com\/#website\",\"url\":\"https:\/\/www.3tech-dental.com\/\",\"name\":\"3TECH\",\"description\":\"Equipez-vous malin !\",\"publisher\":{\"@id\":\"https:\/\/www.3tech-dental.com\/#organization\"},\"potentialAction\":[{\"@type\":\"SearchAction\",\"target\":{\"@type\":\"EntryPoint\",\"urlTemplate\":\"https:\/\/www.3tech-dental.com\/?s={search_term_string}\"},\"query-input\":{\"@type\":\"PropertyValueSpecification\",\"valueRequired\":true,\"valueName\":\"search_term_string\"}}],\"inLanguage\":\"pt-PT\"},{\"@type\":\"Organization\",\"@id\":\"https:\/\/www.3tech-dental.com\/#organization\",\"name\":\"3TECH\",\"url\":\"https:\/\/www.3tech-dental.com\/\",\"logo\":{\"@type\":\"ImageObject\",\"inLanguage\":\"pt-PT\",\"@id\":\"https:\/\/www.3tech-dental.com\/#\/schema\/logo\/image\/\",\"url\":\"https:\/\/www.3tech-dental.com\/wp-content\/uploads\/2017\/11\/logo@2x.png\",\"contentUrl\":\"https:\/\/www.3tech-dental.com\/wp-content\/uploads\/2017\/11\/logo@2x.png\",\"width\":736,\"height\":193,\"caption\":\"3TECH\"},\"image\":{\"@id\":\"https:\/\/www.3tech-dental.com\/#\/schema\/logo\/image\/\"}}]}<\/script>\n<!-- \/ Yoast SEO plugin. -->","yoast_head_json":{"title":"Cabe\u00e7a para Contra-\u00c2ngulo - 3TECH","robots":{"index":"index","follow":"follow","max-snippet":"max-snippet:-1","max-image-preview":"max-image-preview:large","max-video-preview":"max-video-preview:-1"},"canonical":"https:\/\/www.3tech-dental.com\/pt-pt\/produtos\/cabecote-para-contra-angulo-1-1\/","og_locale":"pt_PT","og_type":"article","og_title":"Cabe\u00e7a para Contra-\u00c2ngulo - 3TECH","og_description":"Compat\u00edvel com as pe\u00e7as de m\u00e3o contra-\u00e2ngulo GREEN L-2500 e BLUE L-40 3TECH. Taxa de velocidade: 1:1 Tamanho da cabe\u00e7a: \u00d89,5 x 14,1 mm Rolamento de esferas de cer\u00e2mica Broca: \u00d8 2,35 mm Peso: 11 g Bot\u00e3o de press\u00e3o N\u00edvel de ru\u00eddo: \u2264 70 dB Garantia: 1 ano.","og_url":"https:\/\/www.3tech-dental.com\/pt-pt\/produtos\/cabecote-para-contra-angulo-1-1\/","og_site_name":"3TECH","article_modified_time":"2026-05-07T12:34:24+00:00","og_image":[{"width":2000,"height":2000,"url":"https:\/\/www.3tech-dental.com\/wp-content\/uploads\/2023\/11\/Visuel_Head_Blue_L-40.jpg","type":"image\/jpeg"}],"twitter_card":"summary_large_image","twitter_misc":{"Tempo estimado de leitura":"1 minuto"},"schema":{"@context":"https:\/\/schema.org","@graph":[{"@type":"WebPage","@id":"https:\/\/www.3tech-dental.com\/pt-pt\/produtos\/cabecote-para-contra-angulo-1-1\/","url":"https:\/\/www.3tech-dental.com\/pt-pt\/produtos\/cabecote-para-contra-angulo-1-1\/","name":"Cabe\u00e7a para Contra-\u00c2ngulo - 3TECH","isPartOf":{"@id":"https:\/\/www.3tech-dental.com\/#website"},"primaryImageOfPage":{"@id":"https:\/\/www.3tech-dental.com\/pt-pt\/produtos\/cabecote-para-contra-angulo-1-1\/#primaryimage"},"image":{"@id":"https:\/\/www.3tech-dental.com\/pt-pt\/produtos\/cabecote-para-contra-angulo-1-1\/#primaryimage"},"thumbnailUrl":"https:\/\/www.3tech-dental.com\/wp-content\/uploads\/2023\/11\/Visuel_Head_Blue_L-40.jpg","datePublished":"2023-11-06T14:02:43+00:00","dateModified":"2026-05-07T12:34:24+00:00","breadcrumb":{"@id":"https:\/\/www.3tech-dental.com\/pt-pt\/produtos\/cabecote-para-contra-angulo-1-1\/#breadcrumb"},"inLanguage":"pt-PT","potentialAction":[{"@type":"ReadAction","target":["https:\/\/www.3tech-dental.com\/pt-pt\/produtos\/cabecote-para-contra-angulo-1-1\/"]}]},{"@type":"ImageObject","inLanguage":"pt-PT","@id":"https:\/\/www.3tech-dental.com\/pt-pt\/produtos\/cabecote-para-contra-angulo-1-1\/#primaryimage","url":"https:\/\/www.3tech-dental.com\/wp-content\/uploads\/2023\/11\/Visuel_Head_Blue_L-40.jpg","contentUrl":"https:\/\/www.3tech-dental.com\/wp-content\/uploads\/2023\/11\/Visuel_Head_Blue_L-40.jpg","width":2000,"height":2000},{"@type":"BreadcrumbList","@id":"https:\/\/www.3tech-dental.com\/pt-pt\/produtos\/cabecote-para-contra-angulo-1-1\/#breadcrumb","itemListElement":[{"@type":"ListItem","position":1,"name":"Accueil","item":"https:\/\/www.3tech-dental.com\/pt-pt\/"},{"@type":"ListItem","position":2,"name":"A nossa gamma","item":"https:\/\/www.3tech-dental.com\/pt-pt\/a-nossa-gamma\/"},{"@type":"ListItem","position":3,"name":"Cabe\u00e7a para Contra-\u00c2ngulo"}]},{"@type":"WebSite","@id":"https:\/\/www.3tech-dental.com\/#website","url":"https:\/\/www.3tech-dental.com\/","name":"3TECH","description":"Equipez-vous malin !","publisher":{"@id":"https:\/\/www.3tech-dental.com\/#organization"},"potentialAction":[{"@type":"SearchAction","target":{"@type":"EntryPoint","urlTemplate":"https:\/\/www.3tech-dental.com\/?s={search_term_string}"},"query-input":{"@type":"PropertyValueSpecification","valueRequired":true,"valueName":"search_term_string"}}],"inLanguage":"pt-PT"},{"@type":"Organization","@id":"https:\/\/www.3tech-dental.com\/#organization","name":"3TECH","url":"https:\/\/www.3tech-dental.com\/","logo":{"@type":"ImageObject","inLanguage":"pt-PT","@id":"https:\/\/www.3tech-dental.com\/#\/schema\/logo\/image\/","url":"https:\/\/www.3tech-dental.com\/wp-content\/uploads\/2017\/11\/logo@2x.png","contentUrl":"https:\/\/www.3tech-dental.com\/wp-content\/uploads\/2017\/11\/logo@2x.png","width":736,"height":193,"caption":"3TECH"},"image":{"@id":"https:\/\/www.3tech-dental.com\/#\/schema\/logo\/image\/"}}]}},"_links":{"self":[{"href":"https:\/\/www.3tech-dental.com\/pt-pt\/wp-json\/wp\/v2\/product\/5513"}],"collection":[{"href":"https:\/\/www.3tech-dental.com\/pt-pt\/wp-json\/wp\/v2\/product"}],"about":[{"href":"https:\/\/www.3tech-dental.com\/pt-pt\/wp-json\/wp\/v2\/types\/product"}],"wp:featuredmedia":[{"embeddable":true,"href":"https:\/\/www.3tech-dental.com\/pt-pt\/wp-json\/wp\/v2\/media\/5517"}],"wp:attachment":[{"href":"https:\/\/www.3tech-dental.com\/pt-pt\/wp-json\/wp\/v2\/media?parent=5513"}],"wp:term":[{"taxonomy":"product_cat","embeddable":true,"href":"https:\/\/www.3tech-dental.com\/pt-pt\/wp-json\/wp\/v2\/product_cat?post=5513"},{"taxonomy":"product_tag","embeddable":true,"href":"https:\/\/www.3tech-dental.com\/pt-pt\/wp-json\/wp\/v2\/product_tag?post=5513"}],"curies":[{"name":"wp","href":"https:\/\/api.w.org\/{rel}","templated":true}]}}