{"id":5527,"date":"2023-10-27T17:26:50","date_gmt":"2023-11-06T15:00:14","guid":{"rendered":"https:\/\/www.3tech-dental.com\/?post_type=product&#038;p=5527"},"modified":"2026-05-07T14:36:14","modified_gmt":"2026-05-07T12:36:14","slug":"rvg-max-n1","status":"publish","type":"product","link":"https:\/\/www.3tech-dental.com\/pt-pt\/produtos\/rvg-max-n1\/","title":{"rendered":"SENSO-MAX N\u00b01"},"content":{"rendered":"<p><strong>Sensor fino<\/strong>: 4,4 mm<br \/>\n<strong>Defini\u00e7\u00e3o<\/strong>: 2,2 milh\u00f5es de pixels<br \/>\n<strong>Dimens\u00f5es<\/strong>: 25 x 38 mm<br \/>\n<strong>Confort\u00e1vel<\/strong>: bordas curvas.<br \/>\n<strong>Prote\u00e7\u00e3o<\/strong>: IP68<br \/>\n\u00c0 prova de poeira e \u00e1gua.<br \/>\nProcesso completo de gera\u00e7\u00e3o de imagens em menos de 3 segundos.<br \/>\n<strong>Imagem de alta resolu\u00e7\u00e3o te\u00f3rica<\/strong>: 25 lp\/mm<br \/>\n<strong>Confi\u00e1vel e dur\u00e1vel:<\/strong> mais de 80.000 testes de flex\u00e3o.<br \/>\n<strong>Driver<\/strong>: Twain<br \/>\n<strong>Peso<\/strong>: 118g<br \/>\n<strong>Comprimento do cabo<\/strong>: 2,8 m<\/p>\n<p>&nbsp;<\/p>\n<p><strong>A compra do RVG-MAX N\u00b01 inclui:<\/strong><\/p>\n<p>Instala\u00e7\u00e3o remota<br \/>\nGarantia de 2 anos.<\/p>\n","protected":false},"excerpt":{"rendered":"<p>Sensor fino: 4,4 mm Defini\u00e7\u00e3o: 2,2 milh\u00f5es de pixels Dimens\u00f5es: 25 x 38 mm Confort\u00e1vel: bordas curvas. Prote\u00e7\u00e3o: IP68 \u00c0 prova de poeira e \u00e1gua. Processo completo de gera\u00e7\u00e3o de imagens em menos de 3 segundos. Imagem de alta resolu\u00e7\u00e3o te\u00f3rica: 25 lp\/mm Confi\u00e1vel e dur\u00e1vel: mais de 80.000 testes de flex\u00e3o. Driver: Twain Peso: [&hellip;]<\/p>\n","protected":false},"featured_media":5714,"template":"","meta":{"_acf_changed":false},"product_cat":[86,131],"product_tag":[],"class_list":{"0":"post-5527","1":"product","2":"type-product","3":"status-publish","4":"has-post-thumbnail","6":"product_cat-produtos","7":"product_cat-sensor-pt-pt","9":"first","10":"instock","11":"shipping-taxable","12":"product-type-simple"},"acf":[],"yoast_head":"<!-- This site is optimized with the Yoast SEO plugin v23.7 - https:\/\/yoast.com\/wordpress\/plugins\/seo\/ -->\n<title>SENSO-MAX N\u00b01 - 3TECH<\/title>\n<meta name=\"robots\" content=\"index, follow, max-snippet:-1, max-image-preview:large, max-video-preview:-1\" \/>\n<link rel=\"canonical\" href=\"https:\/\/www.3tech-dental.com\/pt-pt\/produtos\/rvg-max-n1\/\" \/>\n<meta property=\"og:locale\" content=\"pt_PT\" \/>\n<meta property=\"og:type\" content=\"article\" \/>\n<meta property=\"og:title\" content=\"SENSO-MAX N\u00b01 - 3TECH\" \/>\n<meta property=\"og:description\" content=\"Sensor fino: 4,4 mm Defini\u00e7\u00e3o: 2,2 milh\u00f5es de pixels Dimens\u00f5es: 25 x 38 mm Confort\u00e1vel: bordas curvas. Prote\u00e7\u00e3o: IP68 \u00c0 prova de poeira e \u00e1gua. Processo completo de gera\u00e7\u00e3o de imagens em menos de 3 segundos. Imagem de alta resolu\u00e7\u00e3o te\u00f3rica: 25 lp\/mm Confi\u00e1vel e dur\u00e1vel: mais de 80.000 testes de flex\u00e3o. Driver: Twain Peso: [&hellip;]\" \/>\n<meta property=\"og:url\" content=\"https:\/\/www.3tech-dental.com\/pt-pt\/produtos\/rvg-max-n1\/\" \/>\n<meta property=\"og:site_name\" content=\"3TECH\" \/>\n<meta property=\"article:modified_time\" content=\"2026-05-07T12:36:14+00:00\" \/>\n<meta property=\"og:image\" content=\"https:\/\/www.3tech-dental.com\/wp-content\/uploads\/2023\/10\/Design-sans-titre-11.png\" \/>\n\t<meta property=\"og:image:width\" content=\"1280\" \/>\n\t<meta property=\"og:image:height\" content=\"1280\" \/>\n\t<meta property=\"og:image:type\" content=\"image\/png\" \/>\n<meta name=\"twitter:card\" content=\"summary_large_image\" \/>\n<meta name=\"twitter:label1\" content=\"Tempo estimado de leitura\" \/>\n\t<meta name=\"twitter:data1\" content=\"1 minuto\" \/>\n<script type=\"application\/ld+json\" class=\"yoast-schema-graph\">{\"@context\":\"https:\/\/schema.org\",\"@graph\":[{\"@type\":\"WebPage\",\"@id\":\"https:\/\/www.3tech-dental.com\/pt-pt\/produtos\/rvg-max-n1\/\",\"url\":\"https:\/\/www.3tech-dental.com\/pt-pt\/produtos\/rvg-max-n1\/\",\"name\":\"SENSO-MAX N\u00b01 - 3TECH\",\"isPartOf\":{\"@id\":\"https:\/\/www.3tech-dental.com\/#website\"},\"primaryImageOfPage\":{\"@id\":\"https:\/\/www.3tech-dental.com\/pt-pt\/produtos\/rvg-max-n1\/#primaryimage\"},\"image\":{\"@id\":\"https:\/\/www.3tech-dental.com\/pt-pt\/produtos\/rvg-max-n1\/#primaryimage\"},\"thumbnailUrl\":\"https:\/\/www.3tech-dental.com\/wp-content\/uploads\/2023\/10\/Design-sans-titre-11.png\",\"datePublished\":\"2023-11-06T15:00:14+00:00\",\"dateModified\":\"2026-05-07T12:36:14+00:00\",\"breadcrumb\":{\"@id\":\"https:\/\/www.3tech-dental.com\/pt-pt\/produtos\/rvg-max-n1\/#breadcrumb\"},\"inLanguage\":\"pt-PT\",\"potentialAction\":[{\"@type\":\"ReadAction\",\"target\":[\"https:\/\/www.3tech-dental.com\/pt-pt\/produtos\/rvg-max-n1\/\"]}]},{\"@type\":\"ImageObject\",\"inLanguage\":\"pt-PT\",\"@id\":\"https:\/\/www.3tech-dental.com\/pt-pt\/produtos\/rvg-max-n1\/#primaryimage\",\"url\":\"https:\/\/www.3tech-dental.com\/wp-content\/uploads\/2023\/10\/Design-sans-titre-11.png\",\"contentUrl\":\"https:\/\/www.3tech-dental.com\/wp-content\/uploads\/2023\/10\/Design-sans-titre-11.png\",\"width\":1280,\"height\":1280},{\"@type\":\"BreadcrumbList\",\"@id\":\"https:\/\/www.3tech-dental.com\/pt-pt\/produtos\/rvg-max-n1\/#breadcrumb\",\"itemListElement\":[{\"@type\":\"ListItem\",\"position\":1,\"name\":\"Accueil\",\"item\":\"https:\/\/www.3tech-dental.com\/pt-pt\/\"},{\"@type\":\"ListItem\",\"position\":2,\"name\":\"A nossa gamma\",\"item\":\"https:\/\/www.3tech-dental.com\/pt-pt\/a-nossa-gamma\/\"},{\"@type\":\"ListItem\",\"position\":3,\"name\":\"SENSO-MAX N\u00b01\"}]},{\"@type\":\"WebSite\",\"@id\":\"https:\/\/www.3tech-dental.com\/#website\",\"url\":\"https:\/\/www.3tech-dental.com\/\",\"name\":\"3TECH\",\"description\":\"Equipez-vous malin !\",\"publisher\":{\"@id\":\"https:\/\/www.3tech-dental.com\/#organization\"},\"potentialAction\":[{\"@type\":\"SearchAction\",\"target\":{\"@type\":\"EntryPoint\",\"urlTemplate\":\"https:\/\/www.3tech-dental.com\/?s={search_term_string}\"},\"query-input\":{\"@type\":\"PropertyValueSpecification\",\"valueRequired\":true,\"valueName\":\"search_term_string\"}}],\"inLanguage\":\"pt-PT\"},{\"@type\":\"Organization\",\"@id\":\"https:\/\/www.3tech-dental.com\/#organization\",\"name\":\"3TECH\",\"url\":\"https:\/\/www.3tech-dental.com\/\",\"logo\":{\"@type\":\"ImageObject\",\"inLanguage\":\"pt-PT\",\"@id\":\"https:\/\/www.3tech-dental.com\/#\/schema\/logo\/image\/\",\"url\":\"https:\/\/www.3tech-dental.com\/wp-content\/uploads\/2017\/11\/logo@2x.png\",\"contentUrl\":\"https:\/\/www.3tech-dental.com\/wp-content\/uploads\/2017\/11\/logo@2x.png\",\"width\":736,\"height\":193,\"caption\":\"3TECH\"},\"image\":{\"@id\":\"https:\/\/www.3tech-dental.com\/#\/schema\/logo\/image\/\"}}]}<\/script>\n<!-- \/ Yoast SEO plugin. -->","yoast_head_json":{"title":"SENSO-MAX N\u00b01 - 3TECH","robots":{"index":"index","follow":"follow","max-snippet":"max-snippet:-1","max-image-preview":"max-image-preview:large","max-video-preview":"max-video-preview:-1"},"canonical":"https:\/\/www.3tech-dental.com\/pt-pt\/produtos\/rvg-max-n1\/","og_locale":"pt_PT","og_type":"article","og_title":"SENSO-MAX N\u00b01 - 3TECH","og_description":"Sensor fino: 4,4 mm Defini\u00e7\u00e3o: 2,2 milh\u00f5es de pixels Dimens\u00f5es: 25 x 38 mm Confort\u00e1vel: bordas curvas. Prote\u00e7\u00e3o: IP68 \u00c0 prova de poeira e \u00e1gua. Processo completo de gera\u00e7\u00e3o de imagens em menos de 3 segundos. Imagem de alta resolu\u00e7\u00e3o te\u00f3rica: 25 lp\/mm Confi\u00e1vel e dur\u00e1vel: mais de 80.000 testes de flex\u00e3o. Driver: Twain Peso: [&hellip;]","og_url":"https:\/\/www.3tech-dental.com\/pt-pt\/produtos\/rvg-max-n1\/","og_site_name":"3TECH","article_modified_time":"2026-05-07T12:36:14+00:00","og_image":[{"width":1280,"height":1280,"url":"https:\/\/www.3tech-dental.com\/wp-content\/uploads\/2023\/10\/Design-sans-titre-11.png","type":"image\/png"}],"twitter_card":"summary_large_image","twitter_misc":{"Tempo estimado de leitura":"1 minuto"},"schema":{"@context":"https:\/\/schema.org","@graph":[{"@type":"WebPage","@id":"https:\/\/www.3tech-dental.com\/pt-pt\/produtos\/rvg-max-n1\/","url":"https:\/\/www.3tech-dental.com\/pt-pt\/produtos\/rvg-max-n1\/","name":"SENSO-MAX N\u00b01 - 3TECH","isPartOf":{"@id":"https:\/\/www.3tech-dental.com\/#website"},"primaryImageOfPage":{"@id":"https:\/\/www.3tech-dental.com\/pt-pt\/produtos\/rvg-max-n1\/#primaryimage"},"image":{"@id":"https:\/\/www.3tech-dental.com\/pt-pt\/produtos\/rvg-max-n1\/#primaryimage"},"thumbnailUrl":"https:\/\/www.3tech-dental.com\/wp-content\/uploads\/2023\/10\/Design-sans-titre-11.png","datePublished":"2023-11-06T15:00:14+00:00","dateModified":"2026-05-07T12:36:14+00:00","breadcrumb":{"@id":"https:\/\/www.3tech-dental.com\/pt-pt\/produtos\/rvg-max-n1\/#breadcrumb"},"inLanguage":"pt-PT","potentialAction":[{"@type":"ReadAction","target":["https:\/\/www.3tech-dental.com\/pt-pt\/produtos\/rvg-max-n1\/"]}]},{"@type":"ImageObject","inLanguage":"pt-PT","@id":"https:\/\/www.3tech-dental.com\/pt-pt\/produtos\/rvg-max-n1\/#primaryimage","url":"https:\/\/www.3tech-dental.com\/wp-content\/uploads\/2023\/10\/Design-sans-titre-11.png","contentUrl":"https:\/\/www.3tech-dental.com\/wp-content\/uploads\/2023\/10\/Design-sans-titre-11.png","width":1280,"height":1280},{"@type":"BreadcrumbList","@id":"https:\/\/www.3tech-dental.com\/pt-pt\/produtos\/rvg-max-n1\/#breadcrumb","itemListElement":[{"@type":"ListItem","position":1,"name":"Accueil","item":"https:\/\/www.3tech-dental.com\/pt-pt\/"},{"@type":"ListItem","position":2,"name":"A nossa gamma","item":"https:\/\/www.3tech-dental.com\/pt-pt\/a-nossa-gamma\/"},{"@type":"ListItem","position":3,"name":"SENSO-MAX N\u00b01"}]},{"@type":"WebSite","@id":"https:\/\/www.3tech-dental.com\/#website","url":"https:\/\/www.3tech-dental.com\/","name":"3TECH","description":"Equipez-vous malin !","publisher":{"@id":"https:\/\/www.3tech-dental.com\/#organization"},"potentialAction":[{"@type":"SearchAction","target":{"@type":"EntryPoint","urlTemplate":"https:\/\/www.3tech-dental.com\/?s={search_term_string}"},"query-input":{"@type":"PropertyValueSpecification","valueRequired":true,"valueName":"search_term_string"}}],"inLanguage":"pt-PT"},{"@type":"Organization","@id":"https:\/\/www.3tech-dental.com\/#organization","name":"3TECH","url":"https:\/\/www.3tech-dental.com\/","logo":{"@type":"ImageObject","inLanguage":"pt-PT","@id":"https:\/\/www.3tech-dental.com\/#\/schema\/logo\/image\/","url":"https:\/\/www.3tech-dental.com\/wp-content\/uploads\/2017\/11\/logo@2x.png","contentUrl":"https:\/\/www.3tech-dental.com\/wp-content\/uploads\/2017\/11\/logo@2x.png","width":736,"height":193,"caption":"3TECH"},"image":{"@id":"https:\/\/www.3tech-dental.com\/#\/schema\/logo\/image\/"}}]}},"_links":{"self":[{"href":"https:\/\/www.3tech-dental.com\/pt-pt\/wp-json\/wp\/v2\/product\/5527"}],"collection":[{"href":"https:\/\/www.3tech-dental.com\/pt-pt\/wp-json\/wp\/v2\/product"}],"about":[{"href":"https:\/\/www.3tech-dental.com\/pt-pt\/wp-json\/wp\/v2\/types\/product"}],"wp:featuredmedia":[{"embeddable":true,"href":"https:\/\/www.3tech-dental.com\/pt-pt\/wp-json\/wp\/v2\/media\/5714"}],"wp:attachment":[{"href":"https:\/\/www.3tech-dental.com\/pt-pt\/wp-json\/wp\/v2\/media?parent=5527"}],"wp:term":[{"taxonomy":"product_cat","embeddable":true,"href":"https:\/\/www.3tech-dental.com\/pt-pt\/wp-json\/wp\/v2\/product_cat?post=5527"},{"taxonomy":"product_tag","embeddable":true,"href":"https:\/\/www.3tech-dental.com\/pt-pt\/wp-json\/wp\/v2\/product_tag?post=5527"}],"curies":[{"name":"wp","href":"https:\/\/api.w.org\/{rel}","templated":true}]}}