{"id":7636,"date":"2024-10-24T15:43:46","date_gmt":"2024-10-24T13:43:46","guid":{"rendered":"https:\/\/www.3tech-dental.com\/produit\/poudre-dalumine\/"},"modified":"2025-01-31T11:30:11","modified_gmt":"2025-01-31T10:30:11","slug":"poudre-dalumine","status":"publish","type":"product","link":"https:\/\/www.3tech-dental.com\/pt-pt\/produtos\/poudre-dalumine\/","title":{"rendered":"POUDRE D&#8217;ALUMINE"},"content":{"rendered":"<p><strong>Composi\u00e7\u00e3o<\/strong>: \u00f3xido de alum\u00ednio<br \/>\n<strong>Particulas<\/strong>: 50 microns<br \/>\n<strong>Compat\u00edvel com todas as microssandras<\/strong><br \/>\nPode ser utilizado em superf\u00edcies met\u00e1licas e n\u00e3o met\u00e1licas, bem como em comp\u00f3sitos ou porcelanas, sem risco de descolora\u00e7\u00e3o.<br \/>\n<strong>Embalagem<\/strong>: 1 frasco de 500g<br \/>\n<strong>Prazo de validade<\/strong>: 36 meses<\/p>\n","protected":false},"excerpt":{"rendered":"<p>Composi\u00e7\u00e3o: \u00f3xido de alum\u00ednio Particulas: 50 microns Compat\u00edvel com todas as microssandras Pode ser utilizado em superf\u00edcies met\u00e1licas e n\u00e3o met\u00e1licas, bem como em comp\u00f3sitos ou porcelanas, sem risco de descolora\u00e7\u00e3o. Embalagem: 1 frasco de 500g Prazo de validade: 36 meses<\/p>\n","protected":false},"featured_media":7627,"template":"","meta":{"_acf_changed":false},"product_cat":[86],"product_tag":[],"class_list":{"0":"post-7636","1":"product","2":"type-product","3":"status-publish","4":"has-post-thumbnail","6":"product_cat-produtos","8":"first","9":"instock","10":"shipping-taxable","11":"product-type-simple"},"acf":[],"yoast_head":"<!-- This site is optimized with the Yoast SEO plugin v23.7 - https:\/\/yoast.com\/wordpress\/plugins\/seo\/ -->\n<title>POUDRE D&#039;ALUMINE - 3TECH<\/title>\n<meta name=\"robots\" content=\"index, follow, max-snippet:-1, max-image-preview:large, max-video-preview:-1\" \/>\n<link rel=\"canonical\" href=\"https:\/\/www.3tech-dental.com\/pt-pt\/produtos\/poudre-dalumine\/\" \/>\n<meta property=\"og:locale\" content=\"pt_PT\" \/>\n<meta property=\"og:type\" content=\"article\" \/>\n<meta property=\"og:title\" content=\"POUDRE D&#039;ALUMINE - 3TECH\" \/>\n<meta property=\"og:description\" content=\"Composi\u00e7\u00e3o: \u00f3xido de alum\u00ednio Particulas: 50 microns Compat\u00edvel com todas as microssandras Pode ser utilizado em superf\u00edcies met\u00e1licas e n\u00e3o met\u00e1licas, bem como em comp\u00f3sitos ou porcelanas, sem risco de descolora\u00e7\u00e3o. Embalagem: 1 frasco de 500g Prazo de validade: 36 meses\" \/>\n<meta property=\"og:url\" content=\"https:\/\/www.3tech-dental.com\/pt-pt\/produtos\/poudre-dalumine\/\" \/>\n<meta property=\"og:site_name\" content=\"3TECH\" \/>\n<meta property=\"article:modified_time\" content=\"2025-01-31T10:30:11+00:00\" \/>\n<meta property=\"og:image\" content=\"https:\/\/www.3tech-dental.com\/wp-content\/uploads\/2024\/10\/3TECH_Poudre-dalumine-50u-scaled.jpg\" \/>\n\t<meta property=\"og:image:width\" content=\"2560\" \/>\n\t<meta property=\"og:image:height\" content=\"1736\" \/>\n\t<meta property=\"og:image:type\" content=\"image\/jpeg\" \/>\n<meta name=\"twitter:card\" content=\"summary_large_image\" \/>\n<meta name=\"twitter:label1\" content=\"Tempo estimado de leitura\" \/>\n\t<meta name=\"twitter:data1\" content=\"1 minuto\" \/>\n<script type=\"application\/ld+json\" class=\"yoast-schema-graph\">{\"@context\":\"https:\/\/schema.org\",\"@graph\":[{\"@type\":\"WebPage\",\"@id\":\"https:\/\/www.3tech-dental.com\/pt-pt\/produtos\/poudre-dalumine\/\",\"url\":\"https:\/\/www.3tech-dental.com\/pt-pt\/produtos\/poudre-dalumine\/\",\"name\":\"POUDRE D'ALUMINE - 3TECH\",\"isPartOf\":{\"@id\":\"https:\/\/www.3tech-dental.com\/#website\"},\"primaryImageOfPage\":{\"@id\":\"https:\/\/www.3tech-dental.com\/pt-pt\/produtos\/poudre-dalumine\/#primaryimage\"},\"image\":{\"@id\":\"https:\/\/www.3tech-dental.com\/pt-pt\/produtos\/poudre-dalumine\/#primaryimage\"},\"thumbnailUrl\":\"https:\/\/www.3tech-dental.com\/wp-content\/uploads\/2024\/10\/3TECH_Poudre-dalumine-50u-scaled.jpg\",\"datePublished\":\"2024-10-24T13:43:46+00:00\",\"dateModified\":\"2025-01-31T10:30:11+00:00\",\"breadcrumb\":{\"@id\":\"https:\/\/www.3tech-dental.com\/pt-pt\/produtos\/poudre-dalumine\/#breadcrumb\"},\"inLanguage\":\"pt-PT\",\"potentialAction\":[{\"@type\":\"ReadAction\",\"target\":[\"https:\/\/www.3tech-dental.com\/pt-pt\/produtos\/poudre-dalumine\/\"]}]},{\"@type\":\"ImageObject\",\"inLanguage\":\"pt-PT\",\"@id\":\"https:\/\/www.3tech-dental.com\/pt-pt\/produtos\/poudre-dalumine\/#primaryimage\",\"url\":\"https:\/\/www.3tech-dental.com\/wp-content\/uploads\/2024\/10\/3TECH_Poudre-dalumine-50u-scaled.jpg\",\"contentUrl\":\"https:\/\/www.3tech-dental.com\/wp-content\/uploads\/2024\/10\/3TECH_Poudre-dalumine-50u-scaled.jpg\",\"width\":2560,\"height\":1736},{\"@type\":\"BreadcrumbList\",\"@id\":\"https:\/\/www.3tech-dental.com\/pt-pt\/produtos\/poudre-dalumine\/#breadcrumb\",\"itemListElement\":[{\"@type\":\"ListItem\",\"position\":1,\"name\":\"Accueil\",\"item\":\"https:\/\/www.3tech-dental.com\/pt-pt\/\"},{\"@type\":\"ListItem\",\"position\":2,\"name\":\"A nossa gamma\",\"item\":\"https:\/\/www.3tech-dental.com\/pt-pt\/a-nossa-gamma\/\"},{\"@type\":\"ListItem\",\"position\":3,\"name\":\"POUDRE D&rsquo;ALUMINE\"}]},{\"@type\":\"WebSite\",\"@id\":\"https:\/\/www.3tech-dental.com\/#website\",\"url\":\"https:\/\/www.3tech-dental.com\/\",\"name\":\"3TECH\",\"description\":\"Equipez-vous malin !\",\"publisher\":{\"@id\":\"https:\/\/www.3tech-dental.com\/#organization\"},\"potentialAction\":[{\"@type\":\"SearchAction\",\"target\":{\"@type\":\"EntryPoint\",\"urlTemplate\":\"https:\/\/www.3tech-dental.com\/?s={search_term_string}\"},\"query-input\":{\"@type\":\"PropertyValueSpecification\",\"valueRequired\":true,\"valueName\":\"search_term_string\"}}],\"inLanguage\":\"pt-PT\"},{\"@type\":\"Organization\",\"@id\":\"https:\/\/www.3tech-dental.com\/#organization\",\"name\":\"3TECH\",\"url\":\"https:\/\/www.3tech-dental.com\/\",\"logo\":{\"@type\":\"ImageObject\",\"inLanguage\":\"pt-PT\",\"@id\":\"https:\/\/www.3tech-dental.com\/#\/schema\/logo\/image\/\",\"url\":\"https:\/\/www.3tech-dental.com\/wp-content\/uploads\/2017\/11\/logo@2x.png\",\"contentUrl\":\"https:\/\/www.3tech-dental.com\/wp-content\/uploads\/2017\/11\/logo@2x.png\",\"width\":736,\"height\":193,\"caption\":\"3TECH\"},\"image\":{\"@id\":\"https:\/\/www.3tech-dental.com\/#\/schema\/logo\/image\/\"}}]}<\/script>\n<!-- \/ Yoast SEO plugin. -->","yoast_head_json":{"title":"POUDRE D'ALUMINE - 3TECH","robots":{"index":"index","follow":"follow","max-snippet":"max-snippet:-1","max-image-preview":"max-image-preview:large","max-video-preview":"max-video-preview:-1"},"canonical":"https:\/\/www.3tech-dental.com\/pt-pt\/produtos\/poudre-dalumine\/","og_locale":"pt_PT","og_type":"article","og_title":"POUDRE D'ALUMINE - 3TECH","og_description":"Composi\u00e7\u00e3o: \u00f3xido de alum\u00ednio Particulas: 50 microns Compat\u00edvel com todas as microssandras Pode ser utilizado em superf\u00edcies met\u00e1licas e n\u00e3o met\u00e1licas, bem como em comp\u00f3sitos ou porcelanas, sem risco de descolora\u00e7\u00e3o. Embalagem: 1 frasco de 500g Prazo de validade: 36 meses","og_url":"https:\/\/www.3tech-dental.com\/pt-pt\/produtos\/poudre-dalumine\/","og_site_name":"3TECH","article_modified_time":"2025-01-31T10:30:11+00:00","og_image":[{"width":2560,"height":1736,"url":"https:\/\/www.3tech-dental.com\/wp-content\/uploads\/2024\/10\/3TECH_Poudre-dalumine-50u-scaled.jpg","type":"image\/jpeg"}],"twitter_card":"summary_large_image","twitter_misc":{"Tempo estimado de leitura":"1 minuto"},"schema":{"@context":"https:\/\/schema.org","@graph":[{"@type":"WebPage","@id":"https:\/\/www.3tech-dental.com\/pt-pt\/produtos\/poudre-dalumine\/","url":"https:\/\/www.3tech-dental.com\/pt-pt\/produtos\/poudre-dalumine\/","name":"POUDRE D'ALUMINE - 3TECH","isPartOf":{"@id":"https:\/\/www.3tech-dental.com\/#website"},"primaryImageOfPage":{"@id":"https:\/\/www.3tech-dental.com\/pt-pt\/produtos\/poudre-dalumine\/#primaryimage"},"image":{"@id":"https:\/\/www.3tech-dental.com\/pt-pt\/produtos\/poudre-dalumine\/#primaryimage"},"thumbnailUrl":"https:\/\/www.3tech-dental.com\/wp-content\/uploads\/2024\/10\/3TECH_Poudre-dalumine-50u-scaled.jpg","datePublished":"2024-10-24T13:43:46+00:00","dateModified":"2025-01-31T10:30:11+00:00","breadcrumb":{"@id":"https:\/\/www.3tech-dental.com\/pt-pt\/produtos\/poudre-dalumine\/#breadcrumb"},"inLanguage":"pt-PT","potentialAction":[{"@type":"ReadAction","target":["https:\/\/www.3tech-dental.com\/pt-pt\/produtos\/poudre-dalumine\/"]}]},{"@type":"ImageObject","inLanguage":"pt-PT","@id":"https:\/\/www.3tech-dental.com\/pt-pt\/produtos\/poudre-dalumine\/#primaryimage","url":"https:\/\/www.3tech-dental.com\/wp-content\/uploads\/2024\/10\/3TECH_Poudre-dalumine-50u-scaled.jpg","contentUrl":"https:\/\/www.3tech-dental.com\/wp-content\/uploads\/2024\/10\/3TECH_Poudre-dalumine-50u-scaled.jpg","width":2560,"height":1736},{"@type":"BreadcrumbList","@id":"https:\/\/www.3tech-dental.com\/pt-pt\/produtos\/poudre-dalumine\/#breadcrumb","itemListElement":[{"@type":"ListItem","position":1,"name":"Accueil","item":"https:\/\/www.3tech-dental.com\/pt-pt\/"},{"@type":"ListItem","position":2,"name":"A nossa gamma","item":"https:\/\/www.3tech-dental.com\/pt-pt\/a-nossa-gamma\/"},{"@type":"ListItem","position":3,"name":"POUDRE D&rsquo;ALUMINE"}]},{"@type":"WebSite","@id":"https:\/\/www.3tech-dental.com\/#website","url":"https:\/\/www.3tech-dental.com\/","name":"3TECH","description":"Equipez-vous malin !","publisher":{"@id":"https:\/\/www.3tech-dental.com\/#organization"},"potentialAction":[{"@type":"SearchAction","target":{"@type":"EntryPoint","urlTemplate":"https:\/\/www.3tech-dental.com\/?s={search_term_string}"},"query-input":{"@type":"PropertyValueSpecification","valueRequired":true,"valueName":"search_term_string"}}],"inLanguage":"pt-PT"},{"@type":"Organization","@id":"https:\/\/www.3tech-dental.com\/#organization","name":"3TECH","url":"https:\/\/www.3tech-dental.com\/","logo":{"@type":"ImageObject","inLanguage":"pt-PT","@id":"https:\/\/www.3tech-dental.com\/#\/schema\/logo\/image\/","url":"https:\/\/www.3tech-dental.com\/wp-content\/uploads\/2017\/11\/logo@2x.png","contentUrl":"https:\/\/www.3tech-dental.com\/wp-content\/uploads\/2017\/11\/logo@2x.png","width":736,"height":193,"caption":"3TECH"},"image":{"@id":"https:\/\/www.3tech-dental.com\/#\/schema\/logo\/image\/"}}]}},"_links":{"self":[{"href":"https:\/\/www.3tech-dental.com\/pt-pt\/wp-json\/wp\/v2\/product\/7636"}],"collection":[{"href":"https:\/\/www.3tech-dental.com\/pt-pt\/wp-json\/wp\/v2\/product"}],"about":[{"href":"https:\/\/www.3tech-dental.com\/pt-pt\/wp-json\/wp\/v2\/types\/product"}],"wp:featuredmedia":[{"embeddable":true,"href":"https:\/\/www.3tech-dental.com\/pt-pt\/wp-json\/wp\/v2\/media\/7627"}],"wp:attachment":[{"href":"https:\/\/www.3tech-dental.com\/pt-pt\/wp-json\/wp\/v2\/media?parent=7636"}],"wp:term":[{"taxonomy":"product_cat","embeddable":true,"href":"https:\/\/www.3tech-dental.com\/pt-pt\/wp-json\/wp\/v2\/product_cat?post=7636"},{"taxonomy":"product_tag","embeddable":true,"href":"https:\/\/www.3tech-dental.com\/pt-pt\/wp-json\/wp\/v2\/product_tag?post=7636"}],"curies":[{"name":"wp","href":"https:\/\/api.w.org\/{rel}","templated":true}]}}